{"id":69,"date":"2013-08-01T21:19:19","date_gmt":"2013-08-01T18:19:19","guid":{"rendered":"http:\/\/www.sastamalankylat.fi\/vahahaara\/?page_id=69"},"modified":"2025-01-10T20:47:19","modified_gmt":"2025-01-10T18:47:19","slug":"yhdistystoiminta","status":"publish","type":"page","link":"https:\/\/www.sastamalankylat.fi\/vahahaara\/kyla\/yhdistystoiminta\/","title":{"rendered":"Yhdistystoimintaa"},"content":{"rendered":"<p><a href=\"http:\/\/www.sastamalankylat.fi\/vahahaara\/vahahaara-seura\/\">V\u00e4h\u00e4haara-Seura r.y.<\/a> www.sastamalankylat.fi\/vahahaara\/vahahaara-seura\/<\/p>\n<p><a href=\"http:\/\/sastamala.4h.fi\/kerhot\/vahahaaran-kotiseututalo\/\">Sastamalan 4H<\/a> http:\/\/sastamala.4h.fi\/kerhot\/vahahaaran-kotiseututalo\/<\/p>\n<p><a href=\"http:\/\/www.kiikanmetsastysseura.fi\">Kiikan Mets\u00e4stysseura<\/a> http:\/\/www.kiikanmetsastysseura.fi<\/p>\n<p><a href=\"http:\/\/www.reservilaisliitto.fi\/liitto\/piirit\/sivustot\/aetsan_reservilaiset\/\">\u00c4ets\u00e4n reservil\u00e4iset<\/a> http:\/\/www.reservilaisliitto.fi\/liitto\/piirit\/sivustot\/aetsan_reservilaiset\/<\/p>\n<!-- AddThis Advanced Settings generic via filter on the_content --><!-- AddThis Share Buttons generic via filter on the_content -->","protected":false},"excerpt":{"rendered":"<p>V\u00e4h\u00e4haara-Seura r.y. www.sastamalankylat.fi\/vahahaara\/vahahaara-seura\/ Sastamalan 4H http:\/\/sastamala.4h.fi\/kerhot\/vahahaaran-kotiseututalo\/ Kiikan Mets\u00e4stysseura http:\/\/www.kiikanmetsastysseura.fi \u00c4ets\u00e4n reservil\u00e4iset http:\/\/www.reservilaisliitto.fi\/liitto\/piirit\/sivustot\/aetsan_reservilaiset\/<!-- AddThis Advanced Settings generic via filter on wp_trim_excerpt --><!-- AddThis Share Buttons generic via filter on wp_trim_excerpt --><\/p>\n","protected":false},"author":12,"featured_media":0,"parent":2,"menu_order":0,"comment_status":"closed","ping_status":"closed","template":"","meta":{"jetpack_post_was_ever_published":false,"footnotes":""},"class_list":["post-69","page","type-page","status-publish","hentry"],"aioseo_notices":[],"jetpack_shortlink":"https:\/\/wp.me\/P9LdRW-17","jetpack_sharing_enabled":true,"_links":{"self":[{"href":"https:\/\/www.sastamalankylat.fi\/vahahaara\/wp-json\/wp\/v2\/pages\/69","targetHints":{"allow":["GET"]}}],"collection":[{"href":"https:\/\/www.sastamalankylat.fi\/vahahaara\/wp-json\/wp\/v2\/pages"}],"about":[{"href":"https:\/\/www.sastamalankylat.fi\/vahahaara\/wp-json\/wp\/v2\/types\/page"}],"author":[{"embeddable":true,"href":"https:\/\/www.sastamalankylat.fi\/vahahaara\/wp-json\/wp\/v2\/users\/12"}],"replies":[{"embeddable":true,"href":"https:\/\/www.sastamalankylat.fi\/vahahaara\/wp-json\/wp\/v2\/comments?post=69"}],"version-history":[{"count":5,"href":"https:\/\/www.sastamalankylat.fi\/vahahaara\/wp-json\/wp\/v2\/pages\/69\/revisions"}],"predecessor-version":[{"id":1675,"href":"https:\/\/www.sastamalankylat.fi\/vahahaara\/wp-json\/wp\/v2\/pages\/69\/revisions\/1675"}],"up":[{"embeddable":true,"href":"https:\/\/www.sastamalankylat.fi\/vahahaara\/wp-json\/wp\/v2\/pages\/2"}],"wp:attachment":[{"href":"https:\/\/www.sastamalankylat.fi\/vahahaara\/wp-json\/wp\/v2\/media?parent=69"}],"curies":[{"name":"wp","href":"https:\/\/api.w.org\/{rel}","templated":true}]}}