{"id":66,"date":"2013-08-01T21:15:38","date_gmt":"2013-08-01T18:15:38","guid":{"rendered":"http:\/\/www.sastamalankylat.fi\/vahahaara\/?page_id=66"},"modified":"2025-01-10T20:44:47","modified_gmt":"2025-01-10T18:44:47","slug":"luonnonolot","status":"publish","type":"page","link":"https:\/\/www.sastamalankylat.fi\/vahahaara\/kyla\/luonnonolot\/","title":{"rendered":"Kyl\u00e4maisema"},"content":{"rendered":"<p>Pellot<br \/>\nAlavilta puronvarsilta ja paikoitellen ylemp\u00e4\u00e4kin l\u00f6ytyy pehmeit\u00e4 multa- ja turvemaita. Suurin osa pelloista on hiesusavea. L\u00e4hes kaikki pelloksi soveltuvat alueet on aikanaan raivattu viljelyk\u00e4ytt\u00f6\u00f6n. Mets\u00e4pelloista suurin osa on istutettu takaisin mets\u00e4lle.<\/p>\n<p>Mets\u00e4t<br \/>\nMets\u00e4t ovat p\u00e4\u00e4asiassa hyv\u00e4pohjaisia, mutta kivisi\u00e4 ja osittain louhikkoisiakin. Suot on l\u00e4hes kaikki ojittamalla kuivattu. Kuusi ja m\u00e4nty ovat valtapuulajit, lehtimetsi\u00e4 on v\u00e4h\u00e4n.<\/p>\n<p><img loading=\"lazy\" decoding=\"async\" class=\"aligncenter size-full wp-image-115\" src=\"http:\/\/www.sastamalankylat.fi\/vahahaara\/wp-content\/uploads\/sites\/10\/2013\/08\/kuva5-Large_luonto.jpg\" alt=\"V\u00e4h\u00e4haaran luontoa\" width=\"600\" height=\"400\" srcset=\"https:\/\/www.sastamalankylat.fi\/vahahaara\/wp-content\/uploads\/sites\/10\/2013\/08\/kuva5-Large_luonto.jpg 600w, https:\/\/www.sastamalankylat.fi\/vahahaara\/wp-content\/uploads\/sites\/10\/2013\/08\/kuva5-Large_luonto-150x100.jpg 150w, https:\/\/www.sastamalankylat.fi\/vahahaara\/wp-content\/uploads\/sites\/10\/2013\/08\/kuva5-Large_luonto-300x200.jpg 300w\" sizes=\"auto, (max-width: 600px) 100vw, 600px\" \/><\/p>\n<p>Vesist\u00f6t<br \/>\nAlue on \u00c4ets\u00e4n j\u00e4rvirikkainta. V\u00e4h\u00e4haaralaisten k\u00e4yt\u00f6ss\u00e4 ovat Kivij\u00e4rvi, Tyrisev\u00e4, Lammij\u00e4rvi (osa), Syv\u00e4j\u00e4rvi ja osittain my\u00f6s Auraj\u00e4rvi.<\/p>\n<p>Tyrisev\u00e4n korkeus merenpinnasta on noin 80 metri\u00e4 ja Kivij\u00e4rven noin 86 metri\u00e4.<\/p>\n<p>Vesist\u00f6ihin kuuluu my\u00f6s Kivij\u00e4rvest\u00e4 ja Tyrisev\u00e4st\u00e4 Vehkakorven, Nevon ja Raukon kylien halki Kokem\u00e4enjokeen laskeva oja, joka tunnetaan Pahaojan, Iso-ojan ja Luojoen nimill\u00e4.<\/p>\n<p>J\u00e4rviss\u00e4 on kalaa virkistyskalastajille ja metsist\u00e4 l\u00f6ytyy riistaa mets\u00e4miehille. Kyl\u00e4ll\u00e4 on my\u00f6s hyvi\u00e4 marja- ja sienimetsi\u00e4.<\/p>\n<!-- AddThis Advanced Settings generic via filter on the_content --><!-- AddThis Share Buttons generic via filter on the_content -->","protected":false},"excerpt":{"rendered":"<p>Pellot Alavilta puronvarsilta ja paikoitellen ylemp\u00e4\u00e4kin l\u00f6ytyy pehmeit\u00e4 multa- ja turvemaita. Suurin osa pelloista on hiesusavea. L\u00e4hes kaikki pelloksi soveltuvat alueet on aikanaan raivattu viljelyk\u00e4ytt\u00f6\u00f6n. Mets\u00e4pelloista suurin osa on istutettu takaisin mets\u00e4lle. Mets\u00e4t Mets\u00e4t ovat p\u00e4\u00e4asiassa hyv\u00e4pohjaisia, mutta kivisi\u00e4 ja osittain louhikkoisiakin. Suot on l\u00e4hes kaikki ojittamalla kuivattu. Kuusi ja m\u00e4nty ovat valtapuulajit, lehtimetsi\u00e4 on [&hellip;]<!-- AddThis Advanced Settings generic via filter on wp_trim_excerpt --><!-- AddThis Share Buttons generic via filter on wp_trim_excerpt --><\/p>\n","protected":false},"author":12,"featured_media":0,"parent":2,"menu_order":0,"comment_status":"closed","ping_status":"closed","template":"","meta":{"jetpack_post_was_ever_published":false,"footnotes":""},"class_list":["post-66","page","type-page","status-publish","hentry"],"aioseo_notices":[],"jetpack_shortlink":"https:\/\/wp.me\/P9LdRW-14","jetpack_sharing_enabled":true,"_links":{"self":[{"href":"https:\/\/www.sastamalankylat.fi\/vahahaara\/wp-json\/wp\/v2\/pages\/66","targetHints":{"allow":["GET"]}}],"collection":[{"href":"https:\/\/www.sastamalankylat.fi\/vahahaara\/wp-json\/wp\/v2\/pages"}],"about":[{"href":"https:\/\/www.sastamalankylat.fi\/vahahaara\/wp-json\/wp\/v2\/types\/page"}],"author":[{"embeddable":true,"href":"https:\/\/www.sastamalankylat.fi\/vahahaara\/wp-json\/wp\/v2\/users\/12"}],"replies":[{"embeddable":true,"href":"https:\/\/www.sastamalankylat.fi\/vahahaara\/wp-json\/wp\/v2\/comments?post=66"}],"version-history":[{"count":5,"href":"https:\/\/www.sastamalankylat.fi\/vahahaara\/wp-json\/wp\/v2\/pages\/66\/revisions"}],"predecessor-version":[{"id":1674,"href":"https:\/\/www.sastamalankylat.fi\/vahahaara\/wp-json\/wp\/v2\/pages\/66\/revisions\/1674"}],"up":[{"embeddable":true,"href":"https:\/\/www.sastamalankylat.fi\/vahahaara\/wp-json\/wp\/v2\/pages\/2"}],"wp:attachment":[{"href":"https:\/\/www.sastamalankylat.fi\/vahahaara\/wp-json\/wp\/v2\/media?parent=66"}],"curies":[{"name":"wp","href":"https:\/\/api.w.org\/{rel}","templated":true}]}}