{"id":52,"date":"2013-08-01T21:00:41","date_gmt":"2013-08-01T18:00:41","guid":{"rendered":"http:\/\/www.sastamalankylat.fi\/vahahaara\/?page_id=52"},"modified":"2024-02-03T15:32:37","modified_gmt":"2024-02-03T13:32:37","slug":"taidegrafiikkaa","status":"publish","type":"page","link":"https:\/\/www.sastamalankylat.fi\/vahahaara\/palvelut\/taidegrafiikkaa\/","title":{"rendered":"Taidegrafiikkaa myyt\u00e4v\u00e4n\u00e4"},"content":{"rendered":"<p>V\u00e4h\u00e4haara-Seuralla on myyt\u00e4v\u00e4n\u00e4 taidegrafiikan vedoksia. Vedokset myyd\u00e4\u00e4n kehyst\u00e4m\u00e4tt\u00f6min\u00e4. Myyntituotto k\u00e4ytet\u00e4\u00e4n V\u00e4h\u00e4haara-Seuran toimintaan.<\/p>\n<p>Tiedustelut s\u00e4hk\u00f6postitse osoitteella vahahaara@gmail.com<\/p>\n<div>\n<div id=\"attachment_53\" style=\"width: 238px\" class=\"wp-caption aligncenter\"><a href=\"http:\/\/www.sastamalankylat.fi\/vahahaara\/wp-content\/uploads\/sites\/10\/2013\/08\/kotiseudulla_grafiikka.jpg\"><img loading=\"lazy\" decoding=\"async\" aria-describedby=\"caption-attachment-53\" class=\"size-medium wp-image-53\" src=\"http:\/\/www.sastamalankylat.fi\/vahahaara\/wp-content\/uploads\/sites\/10\/2013\/08\/kotiseudulla_grafiikka-228x300.jpg\" alt=\"Kotiseudulla\" width=\"228\" height=\"300\" srcset=\"https:\/\/www.sastamalankylat.fi\/vahahaara\/wp-content\/uploads\/sites\/10\/2013\/08\/kotiseudulla_grafiikka-228x300.jpg 228w, https:\/\/www.sastamalankylat.fi\/vahahaara\/wp-content\/uploads\/sites\/10\/2013\/08\/kotiseudulla_grafiikka.jpg 437w\" sizes=\"auto, (max-width: 228px) 100vw, 228px\" \/><\/a><p id=\"caption-attachment-53\" class=\"wp-caption-text\">V\u00e4h\u00e4haaran 30-vuotisjuhlavuoden 2011 taideteos.<\/p><\/div>\n<\/div>\n<p>&#8221;KOTISEUDULLA&#8221;<br \/>\nTekij\u00e4: <a href=\"http:\/\/www.sanna.ristolainen.tarinoi.fi\/\">Kuvataiteilija Sanna Ristolainen<\/a><br \/>\nPuugrafiikka, 2011<br \/>\nKuva-ala: 22,5 x 34,5 cm<br \/>\nHinta 90 \u20ac<\/p>\n<!-- AddThis Advanced Settings generic via filter on the_content --><!-- AddThis Share Buttons generic via filter on the_content -->","protected":false},"excerpt":{"rendered":"<p>V\u00e4h\u00e4haara-Seuralla on myyt\u00e4v\u00e4n\u00e4 taidegrafiikan vedoksia. Vedokset myyd\u00e4\u00e4n kehyst\u00e4m\u00e4tt\u00f6min\u00e4. Myyntituotto k\u00e4ytet\u00e4\u00e4n V\u00e4h\u00e4haara-Seuran toimintaan. Tiedustelut s\u00e4hk\u00f6postitse osoitteella vahahaara@gmail.com &#8221;KOTISEUDULLA&#8221; Tekij\u00e4: Kuvataiteilija Sanna Ristolainen Puugrafiikka, 2011 Kuva-ala: 22,5 x 34,5 cm Hinta 90 \u20ac<!-- AddThis Advanced Settings generic via filter on wp_trim_excerpt --><!-- AddThis Share Buttons generic via filter on wp_trim_excerpt --><\/p>\n","protected":false},"author":12,"featured_media":0,"parent":40,"menu_order":4,"comment_status":"closed","ping_status":"closed","template":"","meta":{"jetpack_post_was_ever_published":false,"footnotes":""},"class_list":["post-52","page","type-page","status-publish","hentry"],"aioseo_notices":[],"jetpack_shortlink":"https:\/\/wp.me\/P9LdRW-Q","jetpack_sharing_enabled":true,"_links":{"self":[{"href":"https:\/\/www.sastamalankylat.fi\/vahahaara\/wp-json\/wp\/v2\/pages\/52","targetHints":{"allow":["GET"]}}],"collection":[{"href":"https:\/\/www.sastamalankylat.fi\/vahahaara\/wp-json\/wp\/v2\/pages"}],"about":[{"href":"https:\/\/www.sastamalankylat.fi\/vahahaara\/wp-json\/wp\/v2\/types\/page"}],"author":[{"embeddable":true,"href":"https:\/\/www.sastamalankylat.fi\/vahahaara\/wp-json\/wp\/v2\/users\/12"}],"replies":[{"embeddable":true,"href":"https:\/\/www.sastamalankylat.fi\/vahahaara\/wp-json\/wp\/v2\/comments?post=52"}],"version-history":[{"count":4,"href":"https:\/\/www.sastamalankylat.fi\/vahahaara\/wp-json\/wp\/v2\/pages\/52\/revisions"}],"predecessor-version":[{"id":1561,"href":"https:\/\/www.sastamalankylat.fi\/vahahaara\/wp-json\/wp\/v2\/pages\/52\/revisions\/1561"}],"up":[{"embeddable":true,"href":"https:\/\/www.sastamalankylat.fi\/vahahaara\/wp-json\/wp\/v2\/pages\/40"}],"wp:attachment":[{"href":"https:\/\/www.sastamalankylat.fi\/vahahaara\/wp-json\/wp\/v2\/media?parent=52"}],"curies":[{"name":"wp","href":"https:\/\/api.w.org\/{rel}","templated":true}]}}