{"id":514,"date":"2017-02-23T11:54:43","date_gmt":"2017-02-23T09:54:43","guid":{"rendered":"http:\/\/www.sastamalankylat.fi\/vahahaara\/?page_id=514"},"modified":"2025-01-10T21:06:00","modified_gmt":"2025-01-10T19:06:00","slug":"jasenlomake","status":"publish","type":"page","link":"https:\/\/www.sastamalankylat.fi\/vahahaara\/vahahaara-seura\/jasenlomake\/","title":{"rendered":"V\u00e4h\u00e4haara-Seuran j\u00e4senyys"},"content":{"rendered":"<p><strong>J\u00e4senmaksut 2025<\/strong><\/p>\n<p>Aikuinen 20\u20ac, lapsi 10\u20ac<\/p>\n<p>Perhemaksu 40\u20ac (perheenj\u00e4senten pit\u00e4\u00e4 asua samassa taloudessa)<\/p>\n<p>&nbsp;<\/p>\n<p><strong>J\u00e4seneksi V\u00e4h\u00e4haara-Seuraan<\/strong><\/p>\n<p>Toivotamme l\u00e4mpim\u00e4sti uudet j\u00e4senet tervetulleeksi kyl\u00e4seuran toimintaan.<\/p>\n<p>Voit liitty\u00e4 j\u00e4seneksi ilmoittamalla yhteystietosi seuran s\u00e4hk\u00f6postiin vahahaara@gmail.com<\/p>\n<p>tai t\u00e4ytt\u00e4m\u00e4ll\u00e4 yhteystietosi alla olevaan lomakkeeseen.<\/p>\n<p>Voit k\u00e4ytt\u00e4\u00e4 lomaketta my\u00f6s <strong>j\u00e4sentietojesi p\u00e4ivitt\u00e4miseen<\/strong>.<\/p>\n<p>&nbsp;<\/p>\n\n<div class=\"wpcf7 no-js\" id=\"wpcf7-f517-o1\" lang=\"fi\" dir=\"ltr\" data-wpcf7-id=\"517\">\n<div class=\"screen-reader-response\"><p role=\"status\" aria-live=\"polite\" aria-atomic=\"true\"><\/p> <ul><\/ul><\/div>\n<form action=\"\/vahahaara\/wp-json\/wp\/v2\/pages\/514#wpcf7-f517-o1\" method=\"post\" class=\"wpcf7-form init\" aria-label=\"Yhteydenottolomake\" novalidate=\"novalidate\" data-status=\"init\">\n<fieldset class=\"hidden-fields-container\"><input type=\"hidden\" name=\"_wpcf7\" value=\"517\" \/><input type=\"hidden\" name=\"_wpcf7_version\" value=\"6.1.5\" \/><input type=\"hidden\" name=\"_wpcf7_locale\" value=\"fi\" \/><input type=\"hidden\" name=\"_wpcf7_unit_tag\" value=\"wpcf7-f517-o1\" \/><input type=\"hidden\" name=\"_wpcf7_container_post\" value=\"0\" \/><input type=\"hidden\" name=\"_wpcf7_posted_data_hash\" value=\"\" \/><input type=\"hidden\" name=\"_wpcf7_recaptcha_response\" value=\"\" \/>\n<\/fieldset>\n<p><label> Nimi (pakollinen)<br \/>\n<span class=\"wpcf7-form-control-wrap\" data-name=\"your-name\"><input size=\"40\" maxlength=\"400\" class=\"wpcf7-form-control wpcf7-text wpcf7-validates-as-required\" aria-required=\"true\" aria-invalid=\"false\" value=\"\" type=\"text\" name=\"your-name\" \/><\/span> <\/label>\n<\/p>\n<p><label> Syntym\u00e4vuosi (pakollinen)<br \/>\n<span class=\"wpcf7-form-control-wrap\" data-name=\"your-birthyear\"><input size=\"4\" maxlength=\"4\" class=\"wpcf7-form-control wpcf7-text wpcf7-validates-as-required\" aria-required=\"true\" aria-invalid=\"false\" value=\"\" type=\"text\" name=\"your-birthyear\" \/><\/span> <\/label>\n<\/p>\n<p><label> Postiosoite<br \/>\n<span class=\"wpcf7-form-control-wrap\" data-name=\"your-address\"><input size=\"40\" maxlength=\"400\" class=\"wpcf7-form-control wpcf7-text\" aria-invalid=\"false\" value=\"\" type=\"text\" name=\"your-address\" \/><\/span> <\/label>\n<\/p>\n<p><label> Postinumero<br \/>\n<span class=\"wpcf7-form-control-wrap\" data-name=\"your-postalcode\"><input size=\"5\" maxlength=\"5\" class=\"wpcf7-form-control wpcf7-text\" aria-invalid=\"false\" value=\"\" type=\"text\" name=\"your-postalcode\" \/><\/span> <\/label>\n<\/p>\n<p><label> Postitoimipaikka (pakollinen)<br \/>\n<span class=\"wpcf7-form-control-wrap\" data-name=\"your-city\"><input size=\"40\" maxlength=\"400\" class=\"wpcf7-form-control wpcf7-text wpcf7-validates-as-required\" aria-required=\"true\" aria-invalid=\"false\" value=\"\" type=\"text\" name=\"your-city\" \/><\/span> <\/label>\n<\/p>\n<p><span class=\"wpcf7-form-control-wrap\" data-name=\"your-consent\"><span class=\"wpcf7-form-control wpcf7-acceptance\"><span class=\"wpcf7-list-item\"><label><input type=\"checkbox\" name=\"your-consent\" value=\"1\" aria-invalid=\"false\" \/><span class=\"wpcf7-list-item-label\">Annan EU:n tietosuoja-asetuksen mukaisen suostumuksen henkil\u00f6tietojen k\u00e4sittelylle. (pakollinen)<\/span><\/label><\/span><\/span><\/span><br \/>\n<label> Suostumuksen antaja (pakollinen)<br \/>\n<span class=\"wpcf7-form-control-wrap\" data-name=\"acceptance-name\"><input size=\"40\" maxlength=\"400\" class=\"wpcf7-form-control wpcf7-text wpcf7-validates-as-required\" aria-required=\"true\" aria-invalid=\"false\" value=\"\" type=\"text\" name=\"acceptance-name\" \/><\/span> <\/label>\n<\/p>\n<p><label> S\u00e4hk\u00f6posti (pakollinen)<br \/>\n<span class=\"wpcf7-form-control-wrap\" data-name=\"your-email\"><input size=\"40\" maxlength=\"400\" class=\"wpcf7-form-control wpcf7-email wpcf7-validates-as-required wpcf7-text wpcf7-validates-as-email\" aria-required=\"true\" aria-invalid=\"false\" value=\"\" type=\"email\" name=\"your-email\" \/><\/span> <\/label>\n<\/p>\n<p><label> Puhelin<br \/>\n<span class=\"wpcf7-form-control-wrap\" data-name=\"your-phone\"><input size=\"40\" maxlength=\"400\" class=\"wpcf7-form-control wpcf7-text\" aria-invalid=\"false\" value=\"\" type=\"text\" name=\"your-phone\" \/><\/span> <\/label>\n<\/p>\n<p><label> Lis\u00e4tietoja<br \/>\n<span class=\"wpcf7-form-control-wrap\" data-name=\"your-info\"><textarea cols=\"40\" rows=\"10\" maxlength=\"2000\" class=\"wpcf7-form-control wpcf7-textarea\" aria-invalid=\"false\" name=\"your-info\"><\/textarea><\/span> <\/label>\n<\/p>\n<p><input class=\"wpcf7-form-control wpcf7-submit has-spinner\" type=\"submit\" value=\"L\u00e4het\u00e4\" \/>\n<\/p><div class=\"wpcf7-response-output\" aria-hidden=\"true\"><\/div>\n<\/form>\n<\/div>\n\n<!-- AddThis Advanced Settings generic via filter on the_content --><!-- AddThis Share Buttons generic via filter on the_content -->","protected":false},"excerpt":{"rendered":"<p>J\u00e4senmaksut 2025 Aikuinen 20\u20ac, lapsi 10\u20ac Perhemaksu 40\u20ac (perheenj\u00e4senten pit\u00e4\u00e4 asua samassa taloudessa) &nbsp; J\u00e4seneksi V\u00e4h\u00e4haara-Seuraan Toivotamme l\u00e4mpim\u00e4sti uudet j\u00e4senet tervetulleeksi kyl\u00e4seuran toimintaan. Voit liitty\u00e4 j\u00e4seneksi ilmoittamalla yhteystietosi seuran s\u00e4hk\u00f6postiin vahahaara@gmail.com tai t\u00e4ytt\u00e4m\u00e4ll\u00e4 yhteystietosi alla olevaan lomakkeeseen. Voit k\u00e4ytt\u00e4\u00e4 lomaketta my\u00f6s j\u00e4sentietojesi p\u00e4ivitt\u00e4miseen. &nbsp;<!-- AddThis Advanced Settings generic via filter on wp_trim_excerpt --><!-- AddThis Share Buttons generic via filter on wp_trim_excerpt --><\/p>\n","protected":false},"author":12,"featured_media":0,"parent":25,"menu_order":3,"comment_status":"closed","ping_status":"closed","template":"","meta":{"jetpack_post_was_ever_published":false,"footnotes":""},"class_list":["post-514","page","type-page","status-publish","hentry"],"aioseo_notices":[],"jetpack_shortlink":"https:\/\/wp.me\/P9LdRW-8i","jetpack_sharing_enabled":true,"_links":{"self":[{"href":"https:\/\/www.sastamalankylat.fi\/vahahaara\/wp-json\/wp\/v2\/pages\/514","targetHints":{"allow":["GET"]}}],"collection":[{"href":"https:\/\/www.sastamalankylat.fi\/vahahaara\/wp-json\/wp\/v2\/pages"}],"about":[{"href":"https:\/\/www.sastamalankylat.fi\/vahahaara\/wp-json\/wp\/v2\/types\/page"}],"author":[{"embeddable":true,"href":"https:\/\/www.sastamalankylat.fi\/vahahaara\/wp-json\/wp\/v2\/users\/12"}],"replies":[{"embeddable":true,"href":"https:\/\/www.sastamalankylat.fi\/vahahaara\/wp-json\/wp\/v2\/comments?post=514"}],"version-history":[{"count":20,"href":"https:\/\/www.sastamalankylat.fi\/vahahaara\/wp-json\/wp\/v2\/pages\/514\/revisions"}],"predecessor-version":[{"id":1677,"href":"https:\/\/www.sastamalankylat.fi\/vahahaara\/wp-json\/wp\/v2\/pages\/514\/revisions\/1677"}],"up":[{"embeddable":true,"href":"https:\/\/www.sastamalankylat.fi\/vahahaara\/wp-json\/wp\/v2\/pages\/25"}],"wp:attachment":[{"href":"https:\/\/www.sastamalankylat.fi\/vahahaara\/wp-json\/wp\/v2\/media?parent=514"}],"curies":[{"name":"wp","href":"https:\/\/api.w.org\/{rel}","templated":true}]}}