{"id":40,"date":"2013-08-01T20:32:28","date_gmt":"2013-08-01T17:32:28","guid":{"rendered":"http:\/\/www.sastamalankylat.fi\/vahahaara\/?page_id=40"},"modified":"2013-08-13T12:09:54","modified_gmt":"2013-08-13T09:09:54","slug":"palvelut","status":"publish","type":"page","link":"https:\/\/www.sastamalankylat.fi\/vahahaara\/palvelut\/","title":{"rendered":"PALVELUT"},"content":{"rendered":"<p>V\u00e4h\u00e4haaran asukkaita ja vierailijoita palvelee Kotiseututalo ja lukuisa joukko muita palveluita, joita l\u00f6yd\u00e4t palveluhakemistosta.<\/p>\n<p><a href=\"http:\/\/www.sastamalanopisto.fi\/\">Sastamalan Opisto<\/a> j\u00e4rjest\u00e4\u00e4 toimintaa V\u00e4h\u00e4haaran Kotiseututalolla.<\/p>\n<p><img loading=\"lazy\" decoding=\"async\" class=\"aligncenter size-full wp-image-119\" alt=\"kuva3 (Large)_lehmat\" src=\"http:\/\/www.sastamalankylat.fi\/vahahaara\/wp-content\/uploads\/sites\/10\/2013\/08\/kuva3-Large_lehmat.jpg\" width=\"600\" height=\"400\" srcset=\"https:\/\/www.sastamalankylat.fi\/vahahaara\/wp-content\/uploads\/sites\/10\/2013\/08\/kuva3-Large_lehmat.jpg 600w, https:\/\/www.sastamalankylat.fi\/vahahaara\/wp-content\/uploads\/sites\/10\/2013\/08\/kuva3-Large_lehmat-150x100.jpg 150w, https:\/\/www.sastamalankylat.fi\/vahahaara\/wp-content\/uploads\/sites\/10\/2013\/08\/kuva3-Large_lehmat-300x200.jpg 300w\" sizes=\"auto, (max-width: 600px) 100vw, 600px\" \/><\/p>\n<!-- AddThis Advanced Settings generic via filter on the_content --><!-- AddThis Share Buttons generic via filter on the_content -->","protected":false},"excerpt":{"rendered":"<p>V\u00e4h\u00e4haaran asukkaita ja vierailijoita palvelee Kotiseututalo ja lukuisa joukko muita palveluita, joita l\u00f6yd\u00e4t palveluhakemistosta. Sastamalan Opisto j\u00e4rjest\u00e4\u00e4 toimintaa V\u00e4h\u00e4haaran Kotiseututalolla.<!-- AddThis Advanced Settings generic via filter on wp_trim_excerpt --><!-- AddThis Share Buttons generic via filter on wp_trim_excerpt --><\/p>\n","protected":false},"author":12,"featured_media":0,"parent":0,"menu_order":5,"comment_status":"closed","ping_status":"closed","template":"","meta":{"jetpack_post_was_ever_published":false,"footnotes":""},"class_list":["post-40","page","type-page","status-publish","hentry"],"aioseo_notices":[],"jetpack_shortlink":"https:\/\/wp.me\/P9LdRW-E","jetpack_sharing_enabled":true,"_links":{"self":[{"href":"https:\/\/www.sastamalankylat.fi\/vahahaara\/wp-json\/wp\/v2\/pages\/40","targetHints":{"allow":["GET"]}}],"collection":[{"href":"https:\/\/www.sastamalankylat.fi\/vahahaara\/wp-json\/wp\/v2\/pages"}],"about":[{"href":"https:\/\/www.sastamalankylat.fi\/vahahaara\/wp-json\/wp\/v2\/types\/page"}],"author":[{"embeddable":true,"href":"https:\/\/www.sastamalankylat.fi\/vahahaara\/wp-json\/wp\/v2\/users\/12"}],"replies":[{"embeddable":true,"href":"https:\/\/www.sastamalankylat.fi\/vahahaara\/wp-json\/wp\/v2\/comments?post=40"}],"version-history":[{"count":2,"href":"https:\/\/www.sastamalankylat.fi\/vahahaara\/wp-json\/wp\/v2\/pages\/40\/revisions"}],"predecessor-version":[{"id":120,"href":"https:\/\/www.sastamalankylat.fi\/vahahaara\/wp-json\/wp\/v2\/pages\/40\/revisions\/120"}],"wp:attachment":[{"href":"https:\/\/www.sastamalankylat.fi\/vahahaara\/wp-json\/wp\/v2\/media?parent=40"}],"curies":[{"name":"wp","href":"https:\/\/api.w.org\/{rel}","templated":true}]}}