{"id":25,"date":"2013-08-01T20:06:00","date_gmt":"2013-08-01T17:06:00","guid":{"rendered":"http:\/\/www.sastamalankylat.fi\/vahahaara\/?page_id=25"},"modified":"2024-01-24T21:20:26","modified_gmt":"2024-01-24T19:20:26","slug":"vahahaara-seura","status":"publish","type":"page","link":"https:\/\/www.sastamalankylat.fi\/vahahaara\/vahahaara-seura\/","title":{"rendered":"V\u00c4H\u00c4HAARA-SEURA"},"content":{"rendered":"<p>V\u00e4h\u00e4haara-Seura on toiminut kyl\u00e4ll\u00e4 vuodesta 1981 l\u00e4htien. Ensimm\u00e4iset nelj\u00e4 vuotta kyl\u00e4l\u00e4iset kokoontuivat entisell\u00e4 koululla.\u00a0Virallisesti V\u00e4h\u00e4haara-Seura perustettiin 1.2.1982.<\/p>\n<p>Seuran vuokra-ajan p\u00e4\u00e4tytty\u00e4 koululla p\u00e4\u00e4tettiin hankkia oma toimitalo. Vahvalla talkooty\u00f6ll\u00e4 ja omalta kyl\u00e4lt\u00e4 l\u00f6ytyneell\u00e4 osaamisella siirrettiin Sopan vanha pytinki Kiikan Teukkulasta V\u00e4h\u00e4haaraan. Rakennuksessa on 1920-30-luvuilla toiminut muun muassa Siunaukselan lastenkoti ja kulkutautiparantola. V\u00e4h\u00e4haaralaiset lis\u00e4siv\u00e4t hirsikerroksia, ett\u00e4 yl\u00e4kertaan saatiin lis\u00e4tilaa. My\u00f6s alakertaan saatiin tilaa.<\/p>\n<p>Kotiseututalolla on j\u00e4rjestetty yli 40 vuoden aikana lukuisia kyl\u00e4l\u00e4isten ja seuralaisten kokoontumisia, juhlia ja pitoja, kuten my\u00f6s taloa vuokranneiden perhejuhlia, tilaisuuksia ja kokouksia.<\/p>\n<div id=\"attachment_30\" style=\"width: 210px\" class=\"wp-caption aligncenter\"><a href=\"http:\/\/www.sastamalankylat.fi\/vahahaara\/vahahaara-seura\/seuran-toiminnasta\/vuodenkyla\/\" rel=\"attachment wp-att-30\"><img loading=\"lazy\" decoding=\"async\" aria-describedby=\"caption-attachment-30\" class=\"size-full wp-image-30\" src=\"http:\/\/www.sastamalankylat.fi\/vahahaara\/wp-content\/uploads\/sites\/10\/2013\/08\/vuodenkyla.jpg\" alt=\"V\u00e4h\u00e4haara on Vuoden Kyl\u00e4 1989.\" width=\"200\" height=\"300\" \/><\/a><p id=\"caption-attachment-30\" class=\"wp-caption-text\">V\u00e4h\u00e4haara on Vuoden Kyl\u00e4 1989.<\/p><\/div>\n<p>Turun ja Porin l\u00e4\u00e4nin maaherra Pirkko Ty\u00f6l\u00e4j\u00e4rvi vihki V\u00e4h\u00e4haaran Kotiseututalon k\u00e4ytt\u00f6\u00f6n vuonna 1987.<\/p>\n<p>Alkuvuosien toiminta oli hyvin aktiivista ja valtakunnallisestikin arvostettua.\u00a0V\u00e4h\u00e4haara valittiin vuonna 1989 <a href=\"http:\/\/fi.wikipedia.org\/wiki\/Vuoden_kyl%C3%A4\">Vuoden Kyl\u00e4ksi<\/a>.<\/p>\n<p>V\u00e4h\u00e4haara-Seura julkaisi ensimm\u00e4isin\u00e4 vuosikymmenin\u00e4 vuosittain Vuosikirjan V\u00e4h\u00e4haaran tapahtumista, ihmisist\u00e4 ja historiasta. Viime vuosina kirjaan on niputettu useampikin vuosi kerrallaan. Vuosikirjaa on jaettu j\u00e4senille ja yhteisty\u00f6kumppaneille.<\/p>\n<p>Nyky\u00e4\u00e4n V\u00e4h\u00e4haara-Seuran toiminnasta ja tapahtumista tiedotetaan p\u00e4\u00e4asiallisesti seuran internet-sivuilla, paikallisien lehtien seurapalstoilla ja Vuosikirjassa.<\/p>\n<p>Kyl\u00e4seura toimii V\u00e4h\u00e4haarassa, joka on Sastamalan Kiikan j\u00e4rviseutua ja kuuluu Kokem\u00e4enjoen arvokkaaseen kulttuurimaisema-alueeseen. V\u00e4h\u00e4haarassa on Kiikan vanhimpia kyli\u00e4, joissa on asuttu ainakin 1200-luvulta asti. Luontoa rikastuttavat kuusi j\u00e4rve\u00e4 ja pikkulammet.<\/p>\n<p>V\u00e4h\u00e4haara-Seura on <a href=\"http:\/\/www.kotiseutuliitto.fi\/\">Suomen Kotiseutuliiton<\/a>, <a href=\"http:\/\/www.pirkankylat.fi\/\">Pirkan Kylien<\/a>, <a href=\"http:\/\/joutsentenreitti.fi\/\">Joutsenten Reitin<\/a> ja <a href=\"http:\/\/www.sastamalankylat.fi\/\">Sastamalan Kylien<\/a> j\u00e4sen.<\/p>\n<p><a title=\"V\u00e4h\u00e4haaran kyl\u00e4suunnitelma 2011\" href=\"http:\/\/www.sastamalankylat.fi\/vahahaara\/wp-content\/uploads\/sites\/10\/2013\/08\/V\u00e4h\u00e4haara_kyl\u00e4suunnitelma_2011_v1_10072011.pdf\" target=\"_blank\" rel=\"noopener\">V\u00e4h\u00e4haaran_kyl\u00e4suunnitelma_2011<\/a><\/p>\n<p><a href=\"http:\/\/www.sastamalankylat.fi\/vahahaara\/tikka-ja-logo-jpg\/\"><img loading=\"lazy\" decoding=\"async\" class=\"aligncenter size-full wp-image-7\" src=\"http:\/\/www.sastamalankylat.fi\/vahahaara\/wp-content\/uploads\/sites\/10\/2013\/08\/tikka-ja-logo.jpg\" alt=\"\" width=\"424\" height=\"600\" srcset=\"https:\/\/www.sastamalankylat.fi\/vahahaara\/wp-content\/uploads\/sites\/10\/2013\/08\/tikka-ja-logo.jpg 424w, https:\/\/www.sastamalankylat.fi\/vahahaara\/wp-content\/uploads\/sites\/10\/2013\/08\/tikka-ja-logo-212x300.jpg 212w\" sizes=\"auto, (max-width: 424px) 100vw, 424px\" \/><\/a><\/p>\n<!-- AddThis Advanced Settings generic via filter on the_content --><!-- AddThis Share Buttons generic via filter on the_content -->","protected":false},"excerpt":{"rendered":"<p>V\u00e4h\u00e4haara-Seura on toiminut kyl\u00e4ll\u00e4 vuodesta 1981 l\u00e4htien. Ensimm\u00e4iset nelj\u00e4 vuotta kyl\u00e4l\u00e4iset kokoontuivat entisell\u00e4 koululla.\u00a0Virallisesti V\u00e4h\u00e4haara-Seura perustettiin 1.2.1982. Seuran vuokra-ajan p\u00e4\u00e4tytty\u00e4 koululla p\u00e4\u00e4tettiin hankkia oma toimitalo. Vahvalla talkooty\u00f6ll\u00e4 ja omalta kyl\u00e4lt\u00e4 l\u00f6ytyneell\u00e4 osaamisella siirrettiin Sopan vanha pytinki Kiikan Teukkulasta V\u00e4h\u00e4haaraan. Rakennuksessa on 1920-30-luvuilla toiminut muun muassa Siunaukselan lastenkoti ja kulkutautiparantola. V\u00e4h\u00e4haaralaiset lis\u00e4siv\u00e4t hirsikerroksia, ett\u00e4 yl\u00e4kertaan saatiin [&hellip;]<!-- AddThis Advanced Settings generic via filter on wp_trim_excerpt --><!-- AddThis Share Buttons generic via filter on wp_trim_excerpt --><\/p>\n","protected":false},"author":12,"featured_media":0,"parent":0,"menu_order":0,"comment_status":"closed","ping_status":"closed","template":"","meta":{"jetpack_post_was_ever_published":false,"footnotes":""},"class_list":["post-25","page","type-page","status-publish","hentry"],"aioseo_notices":[],"jetpack_shortlink":"https:\/\/wp.me\/P9LdRW-p","jetpack_sharing_enabled":true,"_links":{"self":[{"href":"https:\/\/www.sastamalankylat.fi\/vahahaara\/wp-json\/wp\/v2\/pages\/25","targetHints":{"allow":["GET"]}}],"collection":[{"href":"https:\/\/www.sastamalankylat.fi\/vahahaara\/wp-json\/wp\/v2\/pages"}],"about":[{"href":"https:\/\/www.sastamalankylat.fi\/vahahaara\/wp-json\/wp\/v2\/types\/page"}],"author":[{"embeddable":true,"href":"https:\/\/www.sastamalankylat.fi\/vahahaara\/wp-json\/wp\/v2\/users\/12"}],"replies":[{"embeddable":true,"href":"https:\/\/www.sastamalankylat.fi\/vahahaara\/wp-json\/wp\/v2\/comments?post=25"}],"version-history":[{"count":5,"href":"https:\/\/www.sastamalankylat.fi\/vahahaara\/wp-json\/wp\/v2\/pages\/25\/revisions"}],"predecessor-version":[{"id":1447,"href":"https:\/\/www.sastamalankylat.fi\/vahahaara\/wp-json\/wp\/v2\/pages\/25\/revisions\/1447"}],"wp:attachment":[{"href":"https:\/\/www.sastamalankylat.fi\/vahahaara\/wp-json\/wp\/v2\/media?parent=25"}],"curies":[{"name":"wp","href":"https:\/\/api.w.org\/{rel}","templated":true}]}}