{"id":1371,"date":"2024-01-19T18:50:56","date_gmt":"2024-01-19T16:50:56","guid":{"rendered":"http:\/\/www.sastamalankylat.fi\/vahahaara\/?page_id=1371"},"modified":"2024-10-12T13:47:11","modified_gmt":"2024-10-12T10:47:11","slug":"markkinointiyhteistyo","status":"publish","type":"page","link":"https:\/\/www.sastamalankylat.fi\/vahahaara\/palvelut\/markkinointiyhteistyo\/","title":{"rendered":"Markkinointiyhteisty\u00f6"},"content":{"rendered":"<p>Otamme mielell\u00e4mme yhteystietoja lyhyell\u00e4 esittelyll\u00e4 ja kuvalla pitopalvelu- ja catering-yrityksilt\u00e4, joiden toiminta-alueeseen V\u00e4h\u00e4haaran Kotiseututalo kuuluu.<\/p>\n<p>L\u00e4het\u00e4 s\u00e4hk\u00f6postia osoitteeseen <strong><a href=\"mailto:vahahaara@gmail.com\">vahahaara@gmail.com<\/a><\/strong><\/p>\n<hr \/>\n<p><a href=\"http:\/\/www.sastamalankylat.fi\/vahahaara\/2024\/01\/14\/seniorien-kerhossa-jumppaa-ja-muuta-hauskaa-katso-kaikille-sopivat-jumppaohjeet\/pepper-12\/\" rel=\"attachment wp-att-1247\"><img loading=\"lazy\" decoding=\"async\" class=\"l-33 alignleft wp-image-1247\" src=\"http:\/\/www.sastamalankylat.fi\/vahahaara\/wp-content\/uploads\/sites\/10\/2024\/01\/pepper-12-scaled.jpg\" alt=\"\" width=\"285\" height=\"427\" srcset=\"https:\/\/www.sastamalankylat.fi\/vahahaara\/wp-content\/uploads\/sites\/10\/2024\/01\/pepper-12-scaled.jpg 1707w, https:\/\/www.sastamalankylat.fi\/vahahaara\/wp-content\/uploads\/sites\/10\/2024\/01\/pepper-12-200x300.jpg 200w, https:\/\/www.sastamalankylat.fi\/vahahaara\/wp-content\/uploads\/sites\/10\/2024\/01\/pepper-12-683x1024.jpg 683w, https:\/\/www.sastamalankylat.fi\/vahahaara\/wp-content\/uploads\/sites\/10\/2024\/01\/pepper-12-100x150.jpg 100w, https:\/\/www.sastamalankylat.fi\/vahahaara\/wp-content\/uploads\/sites\/10\/2024\/01\/pepper-12-768x1152.jpg 768w, https:\/\/www.sastamalankylat.fi\/vahahaara\/wp-content\/uploads\/sites\/10\/2024\/01\/pepper-12-1024x1536.jpg 1024w, https:\/\/www.sastamalankylat.fi\/vahahaara\/wp-content\/uploads\/sites\/10\/2024\/01\/pepper-12-1365x2048.jpg 1365w, https:\/\/www.sastamalankylat.fi\/vahahaara\/wp-content\/uploads\/sites\/10\/2024\/01\/pepper-12-624x936.jpg 624w\" sizes=\"auto, (max-width: 285px) 100vw, 285px\" \/><\/a><\/p>\n<p><b>Pepper Catering<\/b><\/p>\n<p><span style=\"font-weight: 400\">Nykyaikainen, monipuolinen ja ketter\u00e4 Pepper Catering tarjoaa ensiluokkaisia ruokapalveluja yrityksille ja yksityisasiakkaille koko Pirkanmaalla. Teemme vuosittain yli 800 tilausta ja jopa yli 96% asiakkaistamme suosittelee meit\u00e4. Olivatpa kyseess\u00e4 risti\u00e4iset, muistotilaisuus, h\u00e4\u00e4t tai suuret yritysjuhlat, me palvelemme ne ammattimaisesti ja raikkaalla otteella.<\/span><\/p>\n<p><span style=\"font-weight: 400\">Kun tilaisuuden j\u00e4rjest\u00e4\u00e4 V\u00e4h\u00e4haaran Kotiseututalolla, k\u00e4yt\u00f6ss\u00e4 on etukoodi \u201dV\u00c4H\u00c4HAARA-SEURA\u201d, jonka mainitsemalla asiakas saa tilauksen yhteydess\u00e4 50 euron suuruisen lahjakortin Pepper-ravintoloihin, mik\u00e4li tilauksen arvo ylitt\u00e4\u00e4 400 euroa.<\/span><\/p>\n<p><span style=\"font-weight: 400\">Yhteystiedot:\u00a0<\/span><a href=\"http:\/\/www.peppercatering.fi\"><span style=\"font-weight: 400\">www.peppercatering.fi<\/span><\/a><span style=\"font-weight: 400\"> ,\u00a0<\/span><span style=\"font-weight: 400\">(03) 4475319, 044 732 5366,\u00a0 <\/span><a href=\"mailto:myynti@peppercatering.fi\"><span style=\"font-weight: 400\">myynti@peppercatering.fi<\/span><\/a><span style=\"font-weight: 400\">\u00a0<\/span><\/p>\n<hr \/>\n<p><a href=\"http:\/\/www.sastamalankylat.fi\/vahahaara\/wp-content\/uploads\/sites\/10\/2024\/02\/pihlacatering.jpg\"><img loading=\"lazy\" decoding=\"async\" class=\"l-33 alignleft wp-image-1462\" src=\"http:\/\/www.sastamalankylat.fi\/vahahaara\/wp-content\/uploads\/sites\/10\/2024\/02\/pihlacatering.jpg\" alt=\"\" width=\"284\" height=\"372\" srcset=\"https:\/\/www.sastamalankylat.fi\/vahahaara\/wp-content\/uploads\/sites\/10\/2024\/02\/pihlacatering.jpg 417w, https:\/\/www.sastamalankylat.fi\/vahahaara\/wp-content\/uploads\/sites\/10\/2024\/02\/pihlacatering-229x300.jpg 229w, https:\/\/www.sastamalankylat.fi\/vahahaara\/wp-content\/uploads\/sites\/10\/2024\/02\/pihlacatering-115x150.jpg 115w\" sizes=\"auto, (max-width: 284px) 100vw, 284px\" \/><\/a><\/p>\n<p><strong>PihlaCatering<\/strong><\/p>\n<p>PihlaCatering on sastamalalainen catering-yritys.<br \/>\nOli kyseess\u00e4 sitten isommat tai pienemm\u00e4t<br \/>\nperhejuhlat, huolehdimme juhlastanne ammattitaidolla ja nykyaikaisella<br \/>\notteella. Tehd\u00e4\u00e4n juhlasta juuri teid\u00e4n n\u00e4k\u00f6isenne.<\/p>\n<p><strong>Yhteydenotot<\/strong><\/p>\n<p>Leila Pihlajam\u00e4ki p.040 772 9390<br \/>\nleila@pihlacatering.fi,\u00a0<a href=\"https:\/\/pihlacatering.fi\/\">www.pihlacatering.fi<\/a><\/p>\n<p>Kurkkaa juhlatunnelmaa<br \/>\nFacebookista\/Instagramista<\/p>\n<hr \/>\n<p>&nbsp;<\/p>\n<!-- AddThis Advanced Settings generic via filter on the_content --><!-- AddThis Share Buttons generic via filter on the_content -->","protected":false},"excerpt":{"rendered":"<p>Otamme mielell\u00e4mme yhteystietoja lyhyell\u00e4 esittelyll\u00e4 ja kuvalla pitopalvelu- ja catering-yrityksilt\u00e4, joiden toiminta-alueeseen V\u00e4h\u00e4haaran Kotiseututalo kuuluu. L\u00e4het\u00e4 s\u00e4hk\u00f6postia osoitteeseen vahahaara@gmail.com Pepper Catering Nykyaikainen, monipuolinen ja ketter\u00e4 Pepper Catering tarjoaa ensiluokkaisia ruokapalveluja yrityksille ja yksityisasiakkaille koko Pirkanmaalla. Teemme vuosittain yli 800 tilausta ja jopa yli 96% asiakkaistamme suosittelee meit\u00e4. Olivatpa kyseess\u00e4 risti\u00e4iset, muistotilaisuus, h\u00e4\u00e4t tai suuret yritysjuhlat, [&hellip;]<!-- AddThis Advanced Settings generic via filter on wp_trim_excerpt --><!-- AddThis Share Buttons generic via filter on wp_trim_excerpt --><\/p>\n","protected":false},"author":12,"featured_media":0,"parent":40,"menu_order":0,"comment_status":"closed","ping_status":"closed","template":"page-templates\/full-width.php","meta":{"jetpack_post_was_ever_published":false,"footnotes":""},"class_list":["post-1371","page","type-page","status-publish","hentry"],"aioseo_notices":[],"jetpack_shortlink":"https:\/\/wp.me\/P9LdRW-m7","jetpack_sharing_enabled":true,"_links":{"self":[{"href":"https:\/\/www.sastamalankylat.fi\/vahahaara\/wp-json\/wp\/v2\/pages\/1371","targetHints":{"allow":["GET"]}}],"collection":[{"href":"https:\/\/www.sastamalankylat.fi\/vahahaara\/wp-json\/wp\/v2\/pages"}],"about":[{"href":"https:\/\/www.sastamalankylat.fi\/vahahaara\/wp-json\/wp\/v2\/types\/page"}],"author":[{"embeddable":true,"href":"https:\/\/www.sastamalankylat.fi\/vahahaara\/wp-json\/wp\/v2\/users\/12"}],"replies":[{"embeddable":true,"href":"https:\/\/www.sastamalankylat.fi\/vahahaara\/wp-json\/wp\/v2\/comments?post=1371"}],"version-history":[{"count":7,"href":"https:\/\/www.sastamalankylat.fi\/vahahaara\/wp-json\/wp\/v2\/pages\/1371\/revisions"}],"predecessor-version":[{"id":1630,"href":"https:\/\/www.sastamalankylat.fi\/vahahaara\/wp-json\/wp\/v2\/pages\/1371\/revisions\/1630"}],"up":[{"embeddable":true,"href":"https:\/\/www.sastamalankylat.fi\/vahahaara\/wp-json\/wp\/v2\/pages\/40"}],"wp:attachment":[{"href":"https:\/\/www.sastamalankylat.fi\/vahahaara\/wp-json\/wp\/v2\/media?parent=1371"}],"curies":[{"name":"wp","href":"https:\/\/api.w.org\/{rel}","templated":true}]}}