{"id":12,"date":"2019-03-24T18:56:03","date_gmt":"2019-03-24T16:56:03","guid":{"rendered":"http:\/\/www.sastamalankylat.fi\/uotsola\/?page_id=12"},"modified":"2019-03-24T16:15:33","modified_gmt":"2019-03-24T14:15:33","slug":"uotsola","status":"publish","type":"page","link":"https:\/\/www.sastamalankylat.fi\/uotsola\/uotsola\/","title":{"rendered":"UOTSOLA"},"content":{"rendered":"<p>Uotsola on entisen Mouhij\u00e4rven kunnan keskustaajama. Kun kunta liittyi 2009 perustettuun Sastamalan kaupunkiin, Uotsola nimettiin Mouhij\u00e4rven kaava-alueeksi. T\u00e4ten entiset osoitekilvet s\u00e4ilyiv\u00e4t. Alueen asukasluku on noin 1300 ja se kasvaa v\u00e4hitellen, kun saamme uusia asukkaita. Suurin asuinalue on Hopun alue, joka on rakentunut 1970-luvulta alkaen. Uusi asuinalue on noussut M\u00e4tik\u00f6n rantaan ja nyt on kaavoitettu P\u00e4iv\u00e4kummun alue Siilij\u00e4rven l\u00e4heisyyteen.<\/p>\n<p>Uotsola on luonnonkaunista seutua. Se viett\u00e4\u00e4 etel\u00e4\u00e4n jyrk\u00e4sti M\u00e4tikk\u00f6j\u00e4rveen, jonka toisella puolella on Irolan kyl\u00e4 ja l\u00e4nness\u00e4 kuuluisa Selkeen niemi, jossa on Selkeen kartano. Uotsolan pohjoispuolella taas on Siilij\u00e4rvi, jonka rannalla on entinen meij\u00e4ri, nykyinen tilausravintola sek\u00e4 vanha tehdas, alkuaan Villakehruutehdas, sittemmin H\u00e4ij\u00e4\u00e4n kutomo, jossa nykyisin on automuseo.<\/p>\n<p>Uotsolassa on kaksi kauppaa, Sale ja Rabatti sek\u00e4 pankki, Mouhij\u00e4rven Osuuspankki. 2007 valmistui uusi kirjasto. Sen takana oli 1955 valmistunut koulu, mutta se purettiin ja sen paikalle kaavaillaan kerrostaloa. Vanha puukoulu 1880-luvulta on j\u00e4ljell\u00e4 ja siell\u00e4 on koulun ja opiston teknisen ty\u00f6n opetus<\/p>\n<!-- AddThis Advanced Settings generic via filter on the_content --><!-- AddThis Share Buttons generic via filter on the_content -->","protected":false},"excerpt":{"rendered":"<p>Uotsola on entisen Mouhij\u00e4rven kunnan keskustaajama. Kun kunta liittyi 2009 perustettuun Sastamalan kaupunkiin, Uotsola nimettiin Mouhij\u00e4rven kaava-alueeksi. T\u00e4ten entiset osoitekilvet s\u00e4ilyiv\u00e4t. Alueen asukasluku on noin 1300 ja se kasvaa v\u00e4hitellen, kun saamme uusia asukkaita. Suurin asuinalue on Hopun alue, joka on rakentunut 1970-luvulta alkaen. Uusi asuinalue on noussut M\u00e4tik\u00f6n rantaan ja nyt on kaavoitettu P\u00e4iv\u00e4kummun [&hellip;]<!-- AddThis Advanced Settings generic via filter on wp_trim_excerpt --><!-- AddThis Share Buttons generic via filter on wp_trim_excerpt --><\/p>\n","protected":false},"author":16,"featured_media":0,"parent":0,"menu_order":0,"comment_status":"open","ping_status":"open","template":"","meta":{"footnotes":""},"class_list":["post-12","page","type-page","status-publish","hentry"],"aioseo_notices":[],"jetpack_sharing_enabled":true,"_links":{"self":[{"href":"https:\/\/www.sastamalankylat.fi\/uotsola\/wp-json\/wp\/v2\/pages\/12","targetHints":{"allow":["GET"]}}],"collection":[{"href":"https:\/\/www.sastamalankylat.fi\/uotsola\/wp-json\/wp\/v2\/pages"}],"about":[{"href":"https:\/\/www.sastamalankylat.fi\/uotsola\/wp-json\/wp\/v2\/types\/page"}],"author":[{"embeddable":true,"href":"https:\/\/www.sastamalankylat.fi\/uotsola\/wp-json\/wp\/v2\/users\/16"}],"replies":[{"embeddable":true,"href":"https:\/\/www.sastamalankylat.fi\/uotsola\/wp-json\/wp\/v2\/comments?post=12"}],"version-history":[{"count":4,"href":"https:\/\/www.sastamalankylat.fi\/uotsola\/wp-json\/wp\/v2\/pages\/12\/revisions"}],"predecessor-version":[{"id":71,"href":"https:\/\/www.sastamalankylat.fi\/uotsola\/wp-json\/wp\/v2\/pages\/12\/revisions\/71"}],"wp:attachment":[{"href":"https:\/\/www.sastamalankylat.fi\/uotsola\/wp-json\/wp\/v2\/media?parent=12"}],"curies":[{"name":"wp","href":"https:\/\/api.w.org\/{rel}","templated":true}]}}