{"id":68,"date":"2013-06-07T01:45:21","date_gmt":"2013-06-06T22:45:21","guid":{"rendered":"http:\/\/www.sastamalankylat.fi\/tapiola\/?page_id=68"},"modified":"2022-07-19T10:11:13","modified_gmt":"2022-07-19T07:11:13","slug":"kylayhdistys-2","status":"publish","type":"page","link":"https:\/\/www.sastamalankylat.fi\/tapiola\/kylayhdistys-2\/","title":{"rendered":"Kyl\u00e4yhdistys"},"content":{"rendered":"<p><strong>T\u00e4ll\u00e4 sivulla esitell\u00e4\u00e4n Tapiolan kyl\u00e4yhdistys ry:n toimintaa:<br \/>\n<\/strong><\/p>\n<p><a href=\"http:\/\/www.sastamalankylat.fi\/tapiola\/toiminta-ajatus\/\" target=\"_blank\" rel=\"noopener\">Toiminta-ajatus<\/a><br \/>\n<a href=\"http:\/\/www.sastamalankylat.fi\/tapiola\/saannot\/\" target=\"_blank\" rel=\"noopener\">S\u00e4\u00e4nn\u00f6t<\/a><br \/>\n<a href=\"http:\/\/www.sastamalankylat.fi\/tapiola\/varautuminen-hairioolosuhteisiin\/\" target=\"_blank\" rel=\"noopener\">Varautuminen h\u00e4iri\u00f6olosuhteisiin <\/a>(yhteisty\u00f6ss\u00e4 Sastamalan kaupungin kanssa)<\/p>\n<p>&nbsp;<\/p>\n<!-- AddThis Advanced Settings generic via filter on the_content --><!-- AddThis Share Buttons generic via filter on the_content -->","protected":false},"excerpt":{"rendered":"<p>T\u00e4ll\u00e4 sivulla esitell\u00e4\u00e4n Tapiolan kyl\u00e4yhdistys ry:n toimintaa: Toiminta-ajatus S\u00e4\u00e4nn\u00f6t Varautuminen h\u00e4iri\u00f6olosuhteisiin (yhteisty\u00f6ss\u00e4 Sastamalan kaupungin kanssa) &nbsp;<!-- AddThis Advanced Settings generic via filter on wp_trim_excerpt --><!-- AddThis Share Buttons generic via filter on wp_trim_excerpt --><\/p>\n","protected":false},"author":3,"featured_media":0,"parent":0,"menu_order":0,"comment_status":"closed","ping_status":"open","template":"","meta":{"jetpack_post_was_ever_published":false,"footnotes":""},"class_list":["post-68","page","type-page","status-publish","hentry"],"aioseo_notices":[],"jetpack_likes_enabled":true,"jetpack_sharing_enabled":true,"jetpack_shortlink":"https:\/\/wp.me\/P3DPvf-16","_links":{"self":[{"href":"https:\/\/www.sastamalankylat.fi\/tapiola\/wp-json\/wp\/v2\/pages\/68","targetHints":{"allow":["GET"]}}],"collection":[{"href":"https:\/\/www.sastamalankylat.fi\/tapiola\/wp-json\/wp\/v2\/pages"}],"about":[{"href":"https:\/\/www.sastamalankylat.fi\/tapiola\/wp-json\/wp\/v2\/types\/page"}],"author":[{"embeddable":true,"href":"https:\/\/www.sastamalankylat.fi\/tapiola\/wp-json\/wp\/v2\/users\/3"}],"replies":[{"embeddable":true,"href":"https:\/\/www.sastamalankylat.fi\/tapiola\/wp-json\/wp\/v2\/comments?post=68"}],"version-history":[{"count":3,"href":"https:\/\/www.sastamalankylat.fi\/tapiola\/wp-json\/wp\/v2\/pages\/68\/revisions"}],"predecessor-version":[{"id":1268,"href":"https:\/\/www.sastamalankylat.fi\/tapiola\/wp-json\/wp\/v2\/pages\/68\/revisions\/1268"}],"wp:attachment":[{"href":"https:\/\/www.sastamalankylat.fi\/tapiola\/wp-json\/wp\/v2\/media?parent=68"}],"curies":[{"name":"wp","href":"https:\/\/api.w.org\/{rel}","templated":true}]}}