{"id":416,"date":"2013-09-22T22:51:43","date_gmt":"2013-09-22T19:51:43","guid":{"rendered":"http:\/\/www.sastamalankylat.fi\/tapiola\/?page_id=416"},"modified":"2017-02-16T14:20:42","modified_gmt":"2017-02-16T12:20:42","slug":"lehtileikkeita","status":"publish","type":"page","link":"https:\/\/www.sastamalankylat.fi\/tapiola\/lehtileikkeita\/","title":{"rendered":"Lehtileikkeit\u00e4"},"content":{"rendered":"<p>&nbsp;<\/p>\n<p><a href=\"https:\/\/i0.wp.com\/www.sastamalankylat.fi\/tapiola\/wp-content\/uploads\/sites\/5\/2013\/09\/alueviesti-05122012-levolla-oli-taysi-tupa.jpg\"><img data-recalc-dims=\"1\" loading=\"lazy\" decoding=\"async\" data-attachment-id=\"926\" data-permalink=\"https:\/\/www.sastamalankylat.fi\/tapiola\/lehtileikkeita\/alueviesti-05122012-levolla-oli-taysi-tupa-2\/\" data-orig-file=\"https:\/\/i0.wp.com\/www.sastamalankylat.fi\/tapiola\/wp-content\/uploads\/sites\/5\/2013\/09\/alueviesti-05122012-levolla-oli-taysi-tupa.jpg?fit=603%2C1000&amp;ssl=1\" data-orig-size=\"603,1000\" data-comments-opened=\"0\" data-image-meta=\"{&quot;aperture&quot;:&quot;0&quot;,&quot;credit&quot;:&quot;&quot;,&quot;camera&quot;:&quot;&quot;,&quot;caption&quot;:&quot;&quot;,&quot;created_timestamp&quot;:&quot;0&quot;,&quot;copyright&quot;:&quot;&quot;,&quot;focal_length&quot;:&quot;0&quot;,&quot;iso&quot;:&quot;0&quot;,&quot;shutter_speed&quot;:&quot;0&quot;,&quot;title&quot;:&quot;&quot;,&quot;orientation&quot;:&quot;0&quot;}\" data-image-title=\"alueviesti-05122012-levolla-oli-taysi-tupa\" data-image-description=\"\" data-image-caption=\"\" data-large-file=\"https:\/\/i0.wp.com\/www.sastamalankylat.fi\/tapiola\/wp-content\/uploads\/sites\/5\/2013\/09\/alueviesti-05122012-levolla-oli-taysi-tupa.jpg?fit=603%2C1000&amp;ssl=1\" class=\"alignright wp-image-926 size-full\" src=\"https:\/\/i0.wp.com\/www.sastamalankylat.fi\/tapiola\/wp-content\/uploads\/sites\/5\/2013\/09\/alueviesti-05122012-levolla-oli-taysi-tupa.jpg?resize=603%2C1000\" width=\"603\" height=\"1000\" srcset=\"https:\/\/i0.wp.com\/www.sastamalankylat.fi\/tapiola\/wp-content\/uploads\/sites\/5\/2013\/09\/alueviesti-05122012-levolla-oli-taysi-tupa.jpg?w=603&amp;ssl=1 603w, https:\/\/i0.wp.com\/www.sastamalankylat.fi\/tapiola\/wp-content\/uploads\/sites\/5\/2013\/09\/alueviesti-05122012-levolla-oli-taysi-tupa.jpg?resize=181%2C300&amp;ssl=1 181w\" sizes=\"auto, (max-width: 603px) 100vw, 603px\" \/><\/a><\/p>\n<p><a href=\"https:\/\/i0.wp.com\/www.sastamalankylat.fi\/tapiola\/wp-content\/uploads\/sites\/5\/2013\/09\/Alueviesti-20062012-Rompe-vaihtoi-omistajaa-Monakossa.jpg\"><img data-recalc-dims=\"1\" loading=\"lazy\" decoding=\"async\" data-attachment-id=\"410\" data-permalink=\"https:\/\/www.sastamalankylat.fi\/tapiola\/243-2\/alueviesti-20062012-rompe-vaihtoi-omistajaa-monakossa\/\" data-orig-file=\"https:\/\/i0.wp.com\/www.sastamalankylat.fi\/tapiola\/wp-content\/uploads\/sites\/5\/2013\/09\/Alueviesti-20062012-Rompe-vaihtoi-omistajaa-Monakossa.jpg?fit=704%2C1000&amp;ssl=1\" data-orig-size=\"704,1000\" data-comments-opened=\"0\" data-image-meta=\"{&quot;aperture&quot;:&quot;0&quot;,&quot;credit&quot;:&quot;&quot;,&quot;camera&quot;:&quot;&quot;,&quot;caption&quot;:&quot;&quot;,&quot;created_timestamp&quot;:&quot;0&quot;,&quot;copyright&quot;:&quot;&quot;,&quot;focal_length&quot;:&quot;0&quot;,&quot;iso&quot;:&quot;0&quot;,&quot;shutter_speed&quot;:&quot;0&quot;,&quot;title&quot;:&quot;&quot;}\" data-image-title=\"Alueviesti 20062012 &amp;#8211; Rompe vaihtoi omistajaa Monakossa\" data-image-description=\"\" data-image-caption=\"\" data-large-file=\"https:\/\/i0.wp.com\/www.sastamalankylat.fi\/tapiola\/wp-content\/uploads\/sites\/5\/2013\/09\/Alueviesti-20062012-Rompe-vaihtoi-omistajaa-Monakossa.jpg?fit=625%2C888&amp;ssl=1\" class=\"alignnone size-full wp-image-410\" src=\"https:\/\/i0.wp.com\/www.sastamalankylat.fi\/tapiola\/wp-content\/uploads\/sites\/5\/2013\/09\/Alueviesti-20062012-Rompe-vaihtoi-omistajaa-Monakossa.jpg?resize=625%2C888\" alt=\"Alueviesti 20062012 - Rompe vaihtoi omistajaa Monakossa\" width=\"625\" height=\"888\" srcset=\"https:\/\/i0.wp.com\/www.sastamalankylat.fi\/tapiola\/wp-content\/uploads\/sites\/5\/2013\/09\/Alueviesti-20062012-Rompe-vaihtoi-omistajaa-Monakossa.jpg?w=704&amp;ssl=1 704w, https:\/\/i0.wp.com\/www.sastamalankylat.fi\/tapiola\/wp-content\/uploads\/sites\/5\/2013\/09\/Alueviesti-20062012-Rompe-vaihtoi-omistajaa-Monakossa.jpg?resize=211%2C300&amp;ssl=1 211w, https:\/\/i0.wp.com\/www.sastamalankylat.fi\/tapiola\/wp-content\/uploads\/sites\/5\/2013\/09\/Alueviesti-20062012-Rompe-vaihtoi-omistajaa-Monakossa.jpg?resize=624%2C886&amp;ssl=1 624w\" sizes=\"auto, (max-width: 625px) 100vw, 625px\" \/><\/a><\/p>\n<p>&nbsp;<\/p>\n<p><a href=\"https:\/\/i0.wp.com\/www.sastamalankylat.fi\/tapiola\/wp-content\/uploads\/sites\/5\/2013\/09\/alueviesti-02062010-tapiolan-kylayhdistys-on-heratetty-henkiin-sastamalassa.jpg\"><img data-recalc-dims=\"1\" loading=\"lazy\" decoding=\"async\" data-attachment-id=\"928\" data-permalink=\"https:\/\/www.sastamalankylat.fi\/tapiola\/lehtileikkeita\/alueviesti-02062010-tapiolan-kylayhdistys-on-heratetty-henkiin-sastamalassa-2\/\" data-orig-file=\"https:\/\/i0.wp.com\/www.sastamalankylat.fi\/tapiola\/wp-content\/uploads\/sites\/5\/2013\/09\/alueviesti-02062010-tapiolan-kylayhdistys-on-heratetty-henkiin-sastamalassa.jpg?fit=792%2C1000&amp;ssl=1\" data-orig-size=\"792,1000\" data-comments-opened=\"0\" data-image-meta=\"{&quot;aperture&quot;:&quot;0&quot;,&quot;credit&quot;:&quot;&quot;,&quot;camera&quot;:&quot;&quot;,&quot;caption&quot;:&quot;&quot;,&quot;created_timestamp&quot;:&quot;0&quot;,&quot;copyright&quot;:&quot;&quot;,&quot;focal_length&quot;:&quot;0&quot;,&quot;iso&quot;:&quot;0&quot;,&quot;shutter_speed&quot;:&quot;0&quot;,&quot;title&quot;:&quot;&quot;,&quot;orientation&quot;:&quot;0&quot;}\" data-image-title=\"alueviesti-02062010-tapiolan-kylayhdistys-on-heratetty-henkiin-sastamalassa\" data-image-description=\"\" data-image-caption=\"\" data-large-file=\"https:\/\/i0.wp.com\/www.sastamalankylat.fi\/tapiola\/wp-content\/uploads\/sites\/5\/2013\/09\/alueviesti-02062010-tapiolan-kylayhdistys-on-heratetty-henkiin-sastamalassa.jpg?fit=625%2C789&amp;ssl=1\" class=\"alignright wp-image-928 size-full\" src=\"https:\/\/i0.wp.com\/www.sastamalankylat.fi\/tapiola\/wp-content\/uploads\/sites\/5\/2013\/09\/alueviesti-02062010-tapiolan-kylayhdistys-on-heratetty-henkiin-sastamalassa.jpg?resize=625%2C789\" width=\"625\" height=\"789\" srcset=\"https:\/\/i0.wp.com\/www.sastamalankylat.fi\/tapiola\/wp-content\/uploads\/sites\/5\/2013\/09\/alueviesti-02062010-tapiolan-kylayhdistys-on-heratetty-henkiin-sastamalassa.jpg?w=792&amp;ssl=1 792w, https:\/\/i0.wp.com\/www.sastamalankylat.fi\/tapiola\/wp-content\/uploads\/sites\/5\/2013\/09\/alueviesti-02062010-tapiolan-kylayhdistys-on-heratetty-henkiin-sastamalassa.jpg?resize=238%2C300&amp;ssl=1 238w, https:\/\/i0.wp.com\/www.sastamalankylat.fi\/tapiola\/wp-content\/uploads\/sites\/5\/2013\/09\/alueviesti-02062010-tapiolan-kylayhdistys-on-heratetty-henkiin-sastamalassa.jpg?resize=768%2C970&amp;ssl=1 768w, https:\/\/i0.wp.com\/www.sastamalankylat.fi\/tapiola\/wp-content\/uploads\/sites\/5\/2013\/09\/alueviesti-02062010-tapiolan-kylayhdistys-on-heratetty-henkiin-sastamalassa.jpg?resize=624%2C788&amp;ssl=1 624w\" sizes=\"auto, (max-width: 625px) 100vw, 625px\" \/><\/a><\/p>\n<p>Tyrv\u00e4\u00e4n Sanomat 19.11.2002<br \/>\n<a href=\"https:\/\/i0.wp.com\/www.sastamalankylat.fi\/tapiola\/wp-content\/uploads\/sites\/5\/2013\/09\/tyrvaan-sanomat-19112002-tapiolan-kylayhdistys-aloittaa-asukaskyselylla-i.jpg\"><img data-recalc-dims=\"1\" loading=\"lazy\" decoding=\"async\" data-attachment-id=\"930\" data-permalink=\"https:\/\/www.sastamalankylat.fi\/tapiola\/lehtileikkeita\/tyrvaan-sanomat-19112002-tapiolan-kylayhdistys-aloittaa-asukaskyselylla-i-2\/\" data-orig-file=\"https:\/\/i0.wp.com\/www.sastamalankylat.fi\/tapiola\/wp-content\/uploads\/sites\/5\/2013\/09\/tyrvaan-sanomat-19112002-tapiolan-kylayhdistys-aloittaa-asukaskyselylla-i.jpg?fit=992%2C1000&amp;ssl=1\" data-orig-size=\"992,1000\" data-comments-opened=\"0\" data-image-meta=\"{&quot;aperture&quot;:&quot;0&quot;,&quot;credit&quot;:&quot;&quot;,&quot;camera&quot;:&quot;&quot;,&quot;caption&quot;:&quot;&quot;,&quot;created_timestamp&quot;:&quot;0&quot;,&quot;copyright&quot;:&quot;&quot;,&quot;focal_length&quot;:&quot;0&quot;,&quot;iso&quot;:&quot;0&quot;,&quot;shutter_speed&quot;:&quot;0&quot;,&quot;title&quot;:&quot;&quot;,&quot;orientation&quot;:&quot;0&quot;}\" data-image-title=\"tyrvaan-sanomat-19112002-tapiolan-kylayhdistys-aloittaa-asukaskyselylla-i\" data-image-description=\"\" data-image-caption=\"\" data-large-file=\"https:\/\/i0.wp.com\/www.sastamalankylat.fi\/tapiola\/wp-content\/uploads\/sites\/5\/2013\/09\/tyrvaan-sanomat-19112002-tapiolan-kylayhdistys-aloittaa-asukaskyselylla-i.jpg?fit=625%2C630&amp;ssl=1\" class=\"alignright wp-image-930 size-full\" src=\"https:\/\/i0.wp.com\/www.sastamalankylat.fi\/tapiola\/wp-content\/uploads\/sites\/5\/2013\/09\/tyrvaan-sanomat-19112002-tapiolan-kylayhdistys-aloittaa-asukaskyselylla-i.jpg?resize=625%2C630\" width=\"625\" height=\"630\" srcset=\"https:\/\/i0.wp.com\/www.sastamalankylat.fi\/tapiola\/wp-content\/uploads\/sites\/5\/2013\/09\/tyrvaan-sanomat-19112002-tapiolan-kylayhdistys-aloittaa-asukaskyselylla-i.jpg?w=992&amp;ssl=1 992w, https:\/\/i0.wp.com\/www.sastamalankylat.fi\/tapiola\/wp-content\/uploads\/sites\/5\/2013\/09\/tyrvaan-sanomat-19112002-tapiolan-kylayhdistys-aloittaa-asukaskyselylla-i.jpg?resize=150%2C150&amp;ssl=1 150w, https:\/\/i0.wp.com\/www.sastamalankylat.fi\/tapiola\/wp-content\/uploads\/sites\/5\/2013\/09\/tyrvaan-sanomat-19112002-tapiolan-kylayhdistys-aloittaa-asukaskyselylla-i.jpg?resize=298%2C300&amp;ssl=1 298w, https:\/\/i0.wp.com\/www.sastamalankylat.fi\/tapiola\/wp-content\/uploads\/sites\/5\/2013\/09\/tyrvaan-sanomat-19112002-tapiolan-kylayhdistys-aloittaa-asukaskyselylla-i.jpg?resize=768%2C774&amp;ssl=1 768w, https:\/\/i0.wp.com\/www.sastamalankylat.fi\/tapiola\/wp-content\/uploads\/sites\/5\/2013\/09\/tyrvaan-sanomat-19112002-tapiolan-kylayhdistys-aloittaa-asukaskyselylla-i.jpg?resize=624%2C629&amp;ssl=1 624w\" sizes=\"auto, (max-width: 625px) 100vw, 625px\" \/><\/a><a href=\"https:\/\/i0.wp.com\/www.sastamalankylat.fi\/tapiola\/wp-content\/uploads\/sites\/5\/2013\/09\/tyrvaan-sanomat-19112002-tapiolan-kylayhdistys-aloittaa-asukaskyselylla-ii.jpg\"><img data-recalc-dims=\"1\" loading=\"lazy\" decoding=\"async\" data-attachment-id=\"931\" data-permalink=\"https:\/\/www.sastamalankylat.fi\/tapiola\/lehtileikkeita\/tyrvaan-sanomat-19112002-tapiolan-kylayhdistys-aloittaa-asukaskyselylla-ii-2\/\" data-orig-file=\"https:\/\/i0.wp.com\/www.sastamalankylat.fi\/tapiola\/wp-content\/uploads\/sites\/5\/2013\/09\/tyrvaan-sanomat-19112002-tapiolan-kylayhdistys-aloittaa-asukaskyselylla-ii.jpg?fit=1209%2C1000&amp;ssl=1\" data-orig-size=\"1209,1000\" data-comments-opened=\"0\" data-image-meta=\"{&quot;aperture&quot;:&quot;0&quot;,&quot;credit&quot;:&quot;&quot;,&quot;camera&quot;:&quot;&quot;,&quot;caption&quot;:&quot;&quot;,&quot;created_timestamp&quot;:&quot;0&quot;,&quot;copyright&quot;:&quot;&quot;,&quot;focal_length&quot;:&quot;0&quot;,&quot;iso&quot;:&quot;0&quot;,&quot;shutter_speed&quot;:&quot;0&quot;,&quot;title&quot;:&quot;&quot;,&quot;orientation&quot;:&quot;0&quot;}\" data-image-title=\"tyrvaan-sanomat-19112002-tapiolan-kylayhdistys-aloittaa-asukaskyselylla-ii\" data-image-description=\"\" data-image-caption=\"\" data-large-file=\"https:\/\/i0.wp.com\/www.sastamalankylat.fi\/tapiola\/wp-content\/uploads\/sites\/5\/2013\/09\/tyrvaan-sanomat-19112002-tapiolan-kylayhdistys-aloittaa-asukaskyselylla-ii.jpg?fit=625%2C517&amp;ssl=1\" class=\"alignright wp-image-931 size-full\" src=\"https:\/\/i0.wp.com\/www.sastamalankylat.fi\/tapiola\/wp-content\/uploads\/sites\/5\/2013\/09\/tyrvaan-sanomat-19112002-tapiolan-kylayhdistys-aloittaa-asukaskyselylla-ii.jpg?resize=625%2C517\" width=\"625\" height=\"517\" srcset=\"https:\/\/i0.wp.com\/www.sastamalankylat.fi\/tapiola\/wp-content\/uploads\/sites\/5\/2013\/09\/tyrvaan-sanomat-19112002-tapiolan-kylayhdistys-aloittaa-asukaskyselylla-ii.jpg?w=1209&amp;ssl=1 1209w, https:\/\/i0.wp.com\/www.sastamalankylat.fi\/tapiola\/wp-content\/uploads\/sites\/5\/2013\/09\/tyrvaan-sanomat-19112002-tapiolan-kylayhdistys-aloittaa-asukaskyselylla-ii.jpg?resize=300%2C248&amp;ssl=1 300w, https:\/\/i0.wp.com\/www.sastamalankylat.fi\/tapiola\/wp-content\/uploads\/sites\/5\/2013\/09\/tyrvaan-sanomat-19112002-tapiolan-kylayhdistys-aloittaa-asukaskyselylla-ii.jpg?resize=768%2C635&amp;ssl=1 768w, https:\/\/i0.wp.com\/www.sastamalankylat.fi\/tapiola\/wp-content\/uploads\/sites\/5\/2013\/09\/tyrvaan-sanomat-19112002-tapiolan-kylayhdistys-aloittaa-asukaskyselylla-ii.jpg?resize=1024%2C847&amp;ssl=1 1024w, https:\/\/i0.wp.com\/www.sastamalankylat.fi\/tapiola\/wp-content\/uploads\/sites\/5\/2013\/09\/tyrvaan-sanomat-19112002-tapiolan-kylayhdistys-aloittaa-asukaskyselylla-ii.jpg?resize=624%2C516&amp;ssl=1 624w\" sizes=\"auto, (max-width: 625px) 100vw, 625px\" \/><\/a><\/p>\n<p>Tyrv\u00e4\u00e4n Sanomat hein\u00e4kuussa 1955.<br \/>\n<a href=\"https:\/\/i0.wp.com\/www.sastamalankylat.fi\/tapiola\/wp-content\/uploads\/sites\/5\/2013\/09\/tyrvaan-sanomat-071955-kalle-viitanen-90-vuotta-i.jpg\"><img data-recalc-dims=\"1\" loading=\"lazy\" decoding=\"async\" data-attachment-id=\"932\" data-permalink=\"https:\/\/www.sastamalankylat.fi\/tapiola\/lehtileikkeita\/tyrvaan-sanomat-071955-kalle-viitanen-90-vuotta-i-2\/\" data-orig-file=\"https:\/\/i0.wp.com\/www.sastamalankylat.fi\/tapiola\/wp-content\/uploads\/sites\/5\/2013\/09\/tyrvaan-sanomat-071955-kalle-viitanen-90-vuotta-i.jpg?fit=660%2C1000&amp;ssl=1\" data-orig-size=\"660,1000\" data-comments-opened=\"0\" data-image-meta=\"{&quot;aperture&quot;:&quot;0&quot;,&quot;credit&quot;:&quot;&quot;,&quot;camera&quot;:&quot;&quot;,&quot;caption&quot;:&quot;&quot;,&quot;created_timestamp&quot;:&quot;0&quot;,&quot;copyright&quot;:&quot;&quot;,&quot;focal_length&quot;:&quot;0&quot;,&quot;iso&quot;:&quot;0&quot;,&quot;shutter_speed&quot;:&quot;0&quot;,&quot;title&quot;:&quot;&quot;,&quot;orientation&quot;:&quot;0&quot;}\" data-image-title=\"tyrvaan-sanomat-071955-kalle-viitanen-90-vuotta-i\" data-image-description=\"\" data-image-caption=\"\" data-large-file=\"https:\/\/i0.wp.com\/www.sastamalankylat.fi\/tapiola\/wp-content\/uploads\/sites\/5\/2013\/09\/tyrvaan-sanomat-071955-kalle-viitanen-90-vuotta-i.jpg?fit=625%2C947&amp;ssl=1\" class=\"alignright wp-image-932 size-full\" src=\"https:\/\/i0.wp.com\/www.sastamalankylat.fi\/tapiola\/wp-content\/uploads\/sites\/5\/2013\/09\/tyrvaan-sanomat-071955-kalle-viitanen-90-vuotta-i.jpg?resize=625%2C947\" width=\"625\" height=\"947\" srcset=\"https:\/\/i0.wp.com\/www.sastamalankylat.fi\/tapiola\/wp-content\/uploads\/sites\/5\/2013\/09\/tyrvaan-sanomat-071955-kalle-viitanen-90-vuotta-i.jpg?w=660&amp;ssl=1 660w, https:\/\/i0.wp.com\/www.sastamalankylat.fi\/tapiola\/wp-content\/uploads\/sites\/5\/2013\/09\/tyrvaan-sanomat-071955-kalle-viitanen-90-vuotta-i.jpg?resize=198%2C300&amp;ssl=1 198w, https:\/\/i0.wp.com\/www.sastamalankylat.fi\/tapiola\/wp-content\/uploads\/sites\/5\/2013\/09\/tyrvaan-sanomat-071955-kalle-viitanen-90-vuotta-i.jpg?resize=624%2C945&amp;ssl=1 624w\" sizes=\"auto, (max-width: 625px) 100vw, 625px\" \/><\/a><a href=\"https:\/\/i0.wp.com\/www.sastamalankylat.fi\/tapiola\/wp-content\/uploads\/sites\/5\/2013\/09\/tyrvaan-sanomat-071955-kalle-viitanen-90-vuotta-ii.jpg\"><img data-recalc-dims=\"1\" loading=\"lazy\" decoding=\"async\" data-attachment-id=\"933\" data-permalink=\"https:\/\/www.sastamalankylat.fi\/tapiola\/lehtileikkeita\/tyrvaan-sanomat-071955-kalle-viitanen-90-vuotta-ii-2\/\" data-orig-file=\"https:\/\/i0.wp.com\/www.sastamalankylat.fi\/tapiola\/wp-content\/uploads\/sites\/5\/2013\/09\/tyrvaan-sanomat-071955-kalle-viitanen-90-vuotta-ii.jpg?fit=394%2C1000&amp;ssl=1\" data-orig-size=\"394,1000\" data-comments-opened=\"0\" data-image-meta=\"{&quot;aperture&quot;:&quot;0&quot;,&quot;credit&quot;:&quot;&quot;,&quot;camera&quot;:&quot;&quot;,&quot;caption&quot;:&quot;&quot;,&quot;created_timestamp&quot;:&quot;0&quot;,&quot;copyright&quot;:&quot;&quot;,&quot;focal_length&quot;:&quot;0&quot;,&quot;iso&quot;:&quot;0&quot;,&quot;shutter_speed&quot;:&quot;0&quot;,&quot;title&quot;:&quot;&quot;,&quot;orientation&quot;:&quot;0&quot;}\" data-image-title=\"tyrvaan-sanomat-071955-kalle-viitanen-90-vuotta-ii\" data-image-description=\"\" data-image-caption=\"\" data-large-file=\"https:\/\/i0.wp.com\/www.sastamalankylat.fi\/tapiola\/wp-content\/uploads\/sites\/5\/2013\/09\/tyrvaan-sanomat-071955-kalle-viitanen-90-vuotta-ii.jpg?fit=394%2C1000&amp;ssl=1\" class=\"wp-image-933 size-full alignleft\" src=\"https:\/\/i0.wp.com\/www.sastamalankylat.fi\/tapiola\/wp-content\/uploads\/sites\/5\/2013\/09\/tyrvaan-sanomat-071955-kalle-viitanen-90-vuotta-ii.jpg?resize=394%2C1000\" width=\"394\" height=\"1000\" srcset=\"https:\/\/i0.wp.com\/www.sastamalankylat.fi\/tapiola\/wp-content\/uploads\/sites\/5\/2013\/09\/tyrvaan-sanomat-071955-kalle-viitanen-90-vuotta-ii.jpg?w=394&amp;ssl=1 394w, https:\/\/i0.wp.com\/www.sastamalankylat.fi\/tapiola\/wp-content\/uploads\/sites\/5\/2013\/09\/tyrvaan-sanomat-071955-kalle-viitanen-90-vuotta-ii.jpg?resize=118%2C300&amp;ssl=1 118w\" sizes=\"auto, (max-width: 394px) 100vw, 394px\" \/><\/a><a href=\"https:\/\/i0.wp.com\/www.sastamalankylat.fi\/tapiola\/wp-content\/uploads\/sites\/5\/2013\/09\/tyrvaan-sanomat-071955-kalle-viitanen-90-vuotta-iii.jpg\"><img data-recalc-dims=\"1\" loading=\"lazy\" decoding=\"async\" data-attachment-id=\"934\" data-permalink=\"https:\/\/www.sastamalankylat.fi\/tapiola\/lehtileikkeita\/tyrvaan-sanomat-071955-kalle-viitanen-90-vuotta-iii-2\/\" data-orig-file=\"https:\/\/i0.wp.com\/www.sastamalankylat.fi\/tapiola\/wp-content\/uploads\/sites\/5\/2013\/09\/tyrvaan-sanomat-071955-kalle-viitanen-90-vuotta-iii.jpg?fit=402%2C1000&amp;ssl=1\" data-orig-size=\"402,1000\" data-comments-opened=\"0\" data-image-meta=\"{&quot;aperture&quot;:&quot;0&quot;,&quot;credit&quot;:&quot;&quot;,&quot;camera&quot;:&quot;&quot;,&quot;caption&quot;:&quot;&quot;,&quot;created_timestamp&quot;:&quot;0&quot;,&quot;copyright&quot;:&quot;&quot;,&quot;focal_length&quot;:&quot;0&quot;,&quot;iso&quot;:&quot;0&quot;,&quot;shutter_speed&quot;:&quot;0&quot;,&quot;title&quot;:&quot;&quot;,&quot;orientation&quot;:&quot;0&quot;}\" data-image-title=\"tyrvaan-sanomat-071955-kalle-viitanen-90-vuotta-iii\" data-image-description=\"\" data-image-caption=\"\" data-large-file=\"https:\/\/i0.wp.com\/www.sastamalankylat.fi\/tapiola\/wp-content\/uploads\/sites\/5\/2013\/09\/tyrvaan-sanomat-071955-kalle-viitanen-90-vuotta-iii.jpg?fit=402%2C1000&amp;ssl=1\" class=\"wp-image-934 size-full alignleft\" src=\"https:\/\/i0.wp.com\/www.sastamalankylat.fi\/tapiola\/wp-content\/uploads\/sites\/5\/2013\/09\/tyrvaan-sanomat-071955-kalle-viitanen-90-vuotta-iii.jpg?resize=402%2C1000\" width=\"402\" height=\"1000\" srcset=\"https:\/\/i0.wp.com\/www.sastamalankylat.fi\/tapiola\/wp-content\/uploads\/sites\/5\/2013\/09\/tyrvaan-sanomat-071955-kalle-viitanen-90-vuotta-iii.jpg?w=402&amp;ssl=1 402w, https:\/\/i0.wp.com\/www.sastamalankylat.fi\/tapiola\/wp-content\/uploads\/sites\/5\/2013\/09\/tyrvaan-sanomat-071955-kalle-viitanen-90-vuotta-iii.jpg?resize=121%2C300&amp;ssl=1 121w\" sizes=\"auto, (max-width: 402px) 100vw, 402px\" \/><\/a><\/p>\n<p>&nbsp;<\/p>\n<!-- AddThis Advanced Settings generic via filter on the_content --><!-- AddThis Share Buttons generic via filter on the_content -->","protected":false},"excerpt":{"rendered":"<p>&nbsp; &nbsp; Tyrv\u00e4\u00e4n Sanomat 19.11.2002 Tyrv\u00e4\u00e4n Sanomat hein\u00e4kuussa 1955. &nbsp;<!-- AddThis Advanced Settings generic via filter on wp_trim_excerpt --><!-- AddThis Share Buttons generic via filter on wp_trim_excerpt --><\/p>\n","protected":false},"author":3,"featured_media":0,"parent":0,"menu_order":0,"comment_status":"closed","ping_status":"open","template":"","meta":{"jetpack_post_was_ever_published":false,"footnotes":""},"class_list":["post-416","page","type-page","status-publish","hentry"],"aioseo_notices":[],"jetpack_likes_enabled":true,"jetpack_sharing_enabled":true,"jetpack_shortlink":"https:\/\/wp.me\/P3DPvf-6I","_links":{"self":[{"href":"https:\/\/www.sastamalankylat.fi\/tapiola\/wp-json\/wp\/v2\/pages\/416","targetHints":{"allow":["GET"]}}],"collection":[{"href":"https:\/\/www.sastamalankylat.fi\/tapiola\/wp-json\/wp\/v2\/pages"}],"about":[{"href":"https:\/\/www.sastamalankylat.fi\/tapiola\/wp-json\/wp\/v2\/types\/page"}],"author":[{"embeddable":true,"href":"https:\/\/www.sastamalankylat.fi\/tapiola\/wp-json\/wp\/v2\/users\/3"}],"replies":[{"embeddable":true,"href":"https:\/\/www.sastamalankylat.fi\/tapiola\/wp-json\/wp\/v2\/comments?post=416"}],"version-history":[{"count":5,"href":"https:\/\/www.sastamalankylat.fi\/tapiola\/wp-json\/wp\/v2\/pages\/416\/revisions"}],"predecessor-version":[{"id":935,"href":"https:\/\/www.sastamalankylat.fi\/tapiola\/wp-json\/wp\/v2\/pages\/416\/revisions\/935"}],"wp:attachment":[{"href":"https:\/\/www.sastamalankylat.fi\/tapiola\/wp-json\/wp\/v2\/media?parent=416"}],"curies":[{"name":"wp","href":"https:\/\/api.w.org\/{rel}","templated":true}]}}