{"id":247,"date":"2013-09-17T23:26:04","date_gmt":"2013-09-17T20:26:04","guid":{"rendered":"http:\/\/www.sastamalankylat.fi\/tapiola\/?page_id=247"},"modified":"2013-09-30T23:26:20","modified_gmt":"2013-09-30T20:26:20","slug":"joulupuurot-2011","status":"publish","type":"page","link":"https:\/\/www.sastamalankylat.fi\/tapiola\/joulupuurot-2011\/","title":{"rendered":"Joulupuurot 2011"},"content":{"rendered":"<p>Tapiolan kyl\u00e4yhdistyksen tarjoilemat joulupuurot nautittiin Monakon kahvilarakennuksessa lauantai-iltana 17.12.2011. Ohjelmassa oli arpajaisten lis\u00e4ksi mm. temppuileva pukki, joka illan p\u00e4\u00e4tteeksi j\u00e4rjesti n\u00e4ytt\u00e4v\u00e4n ilotulituksen.<\/p>\n<p><a href=\"https:\/\/i0.wp.com\/www.sastamalankylat.fi\/tapiola\/wp-content\/uploads\/sites\/5\/2013\/06\/IMG_40222.jpg\"><img data-recalc-dims=\"1\" loading=\"lazy\" decoding=\"async\" data-attachment-id=\"96\" data-permalink=\"https:\/\/www.sastamalankylat.fi\/tapiola\/joulupuurot-2011\/img_40222\/\" data-orig-file=\"https:\/\/i0.wp.com\/www.sastamalankylat.fi\/tapiola\/wp-content\/uploads\/sites\/5\/2013\/06\/IMG_40222.jpg?fit=644%2C484&amp;ssl=1\" data-orig-size=\"644,484\" data-comments-opened=\"1\" data-image-meta=\"{&quot;aperture&quot;:&quot;0&quot;,&quot;credit&quot;:&quot;&quot;,&quot;camera&quot;:&quot;&quot;,&quot;caption&quot;:&quot;&quot;,&quot;created_timestamp&quot;:&quot;0&quot;,&quot;copyright&quot;:&quot;&quot;,&quot;focal_length&quot;:&quot;0&quot;,&quot;iso&quot;:&quot;0&quot;,&quot;shutter_speed&quot;:&quot;0&quot;,&quot;title&quot;:&quot;&quot;}\" data-image-title=\"IMG_4022[2]\" data-image-description=\"\" data-image-caption=\"\" data-large-file=\"https:\/\/i0.wp.com\/www.sastamalankylat.fi\/tapiola\/wp-content\/uploads\/sites\/5\/2013\/06\/IMG_40222.jpg?fit=625%2C470&amp;ssl=1\" class=\"alignnone size-full wp-image-96\" alt=\"IMG_4022[2]\" src=\"https:\/\/i0.wp.com\/www.sastamalankylat.fi\/tapiola\/wp-content\/uploads\/sites\/5\/2013\/06\/IMG_40222.jpg?resize=625%2C470\" width=\"625\" height=\"470\" srcset=\"https:\/\/i0.wp.com\/www.sastamalankylat.fi\/tapiola\/wp-content\/uploads\/sites\/5\/2013\/06\/IMG_40222.jpg?w=644&amp;ssl=1 644w, https:\/\/i0.wp.com\/www.sastamalankylat.fi\/tapiola\/wp-content\/uploads\/sites\/5\/2013\/06\/IMG_40222.jpg?resize=300%2C225&amp;ssl=1 300w, https:\/\/i0.wp.com\/www.sastamalankylat.fi\/tapiola\/wp-content\/uploads\/sites\/5\/2013\/06\/IMG_40222.jpg?resize=624%2C468&amp;ssl=1 624w\" sizes=\"auto, (max-width: 625px) 100vw, 625px\" \/><\/a><\/p>\n<p><a href=\"https:\/\/i0.wp.com\/www.sastamalankylat.fi\/tapiola\/wp-content\/uploads\/sites\/5\/2013\/06\/IMG_40182.jpg\"><img data-recalc-dims=\"1\" loading=\"lazy\" decoding=\"async\" data-attachment-id=\"94\" data-permalink=\"https:\/\/www.sastamalankylat.fi\/tapiola\/joulupuurot-2011\/img_40182\/\" data-orig-file=\"https:\/\/i0.wp.com\/www.sastamalankylat.fi\/tapiola\/wp-content\/uploads\/sites\/5\/2013\/06\/IMG_40182.jpg?fit=644%2C484&amp;ssl=1\" data-orig-size=\"644,484\" data-comments-opened=\"1\" data-image-meta=\"{&quot;aperture&quot;:&quot;0&quot;,&quot;credit&quot;:&quot;&quot;,&quot;camera&quot;:&quot;&quot;,&quot;caption&quot;:&quot;&quot;,&quot;created_timestamp&quot;:&quot;0&quot;,&quot;copyright&quot;:&quot;&quot;,&quot;focal_length&quot;:&quot;0&quot;,&quot;iso&quot;:&quot;0&quot;,&quot;shutter_speed&quot;:&quot;0&quot;,&quot;title&quot;:&quot;&quot;}\" data-image-title=\"IMG_4018[2]\" data-image-description=\"\" data-image-caption=\"\" data-large-file=\"https:\/\/i0.wp.com\/www.sastamalankylat.fi\/tapiola\/wp-content\/uploads\/sites\/5\/2013\/06\/IMG_40182.jpg?fit=625%2C470&amp;ssl=1\" class=\"alignnone size-full wp-image-94\" alt=\"IMG_4018[2]\" src=\"https:\/\/i0.wp.com\/www.sastamalankylat.fi\/tapiola\/wp-content\/uploads\/sites\/5\/2013\/06\/IMG_40182.jpg?resize=625%2C470\" width=\"625\" height=\"470\" srcset=\"https:\/\/i0.wp.com\/www.sastamalankylat.fi\/tapiola\/wp-content\/uploads\/sites\/5\/2013\/06\/IMG_40182.jpg?w=644&amp;ssl=1 644w, https:\/\/i0.wp.com\/www.sastamalankylat.fi\/tapiola\/wp-content\/uploads\/sites\/5\/2013\/06\/IMG_40182.jpg?resize=300%2C225&amp;ssl=1 300w, https:\/\/i0.wp.com\/www.sastamalankylat.fi\/tapiola\/wp-content\/uploads\/sites\/5\/2013\/06\/IMG_40182.jpg?resize=624%2C468&amp;ssl=1 624w\" sizes=\"auto, (max-width: 625px) 100vw, 625px\" \/><\/a><\/p>\n<p><a href=\"https:\/\/i0.wp.com\/www.sastamalankylat.fi\/tapiola\/wp-content\/uploads\/sites\/5\/2013\/09\/IMG_40162.jpg\"><img data-recalc-dims=\"1\" loading=\"lazy\" decoding=\"async\" data-attachment-id=\"293\" data-permalink=\"https:\/\/www.sastamalankylat.fi\/tapiola\/joulupuurot-2011\/img_40162\/\" data-orig-file=\"https:\/\/i0.wp.com\/www.sastamalankylat.fi\/tapiola\/wp-content\/uploads\/sites\/5\/2013\/09\/IMG_40162.jpg?fit=644%2C484&amp;ssl=1\" data-orig-size=\"644,484\" data-comments-opened=\"1\" data-image-meta=\"{&quot;aperture&quot;:&quot;0&quot;,&quot;credit&quot;:&quot;&quot;,&quot;camera&quot;:&quot;&quot;,&quot;caption&quot;:&quot;&quot;,&quot;created_timestamp&quot;:&quot;0&quot;,&quot;copyright&quot;:&quot;&quot;,&quot;focal_length&quot;:&quot;0&quot;,&quot;iso&quot;:&quot;0&quot;,&quot;shutter_speed&quot;:&quot;0&quot;,&quot;title&quot;:&quot;&quot;}\" data-image-title=\"IMG_4016[2]\" data-image-description=\"\" data-image-caption=\"\" data-large-file=\"https:\/\/i0.wp.com\/www.sastamalankylat.fi\/tapiola\/wp-content\/uploads\/sites\/5\/2013\/09\/IMG_40162.jpg?fit=625%2C470&amp;ssl=1\" class=\"alignnone size-full wp-image-293\" alt=\"IMG_4016[2]\" src=\"https:\/\/i0.wp.com\/www.sastamalankylat.fi\/tapiola\/wp-content\/uploads\/sites\/5\/2013\/09\/IMG_40162.jpg?resize=625%2C470\" width=\"625\" height=\"470\" srcset=\"https:\/\/i0.wp.com\/www.sastamalankylat.fi\/tapiola\/wp-content\/uploads\/sites\/5\/2013\/09\/IMG_40162.jpg?w=644&amp;ssl=1 644w, https:\/\/i0.wp.com\/www.sastamalankylat.fi\/tapiola\/wp-content\/uploads\/sites\/5\/2013\/09\/IMG_40162.jpg?resize=300%2C225&amp;ssl=1 300w, https:\/\/i0.wp.com\/www.sastamalankylat.fi\/tapiola\/wp-content\/uploads\/sites\/5\/2013\/09\/IMG_40162.jpg?resize=624%2C468&amp;ssl=1 624w\" sizes=\"auto, (max-width: 625px) 100vw, 625px\" \/><\/a><\/p>\n<p><a href=\"https:\/\/i0.wp.com\/www.sastamalankylat.fi\/tapiola\/wp-content\/uploads\/sites\/5\/2013\/09\/IMG_40182.jpg\"><img data-recalc-dims=\"1\" loading=\"lazy\" decoding=\"async\" data-attachment-id=\"294\" data-permalink=\"https:\/\/www.sastamalankylat.fi\/tapiola\/joulupuurot-2011\/img_40182-2\/\" data-orig-file=\"https:\/\/i0.wp.com\/www.sastamalankylat.fi\/tapiola\/wp-content\/uploads\/sites\/5\/2013\/09\/IMG_40182.jpg?fit=644%2C484&amp;ssl=1\" data-orig-size=\"644,484\" data-comments-opened=\"1\" data-image-meta=\"{&quot;aperture&quot;:&quot;0&quot;,&quot;credit&quot;:&quot;&quot;,&quot;camera&quot;:&quot;&quot;,&quot;caption&quot;:&quot;&quot;,&quot;created_timestamp&quot;:&quot;0&quot;,&quot;copyright&quot;:&quot;&quot;,&quot;focal_length&quot;:&quot;0&quot;,&quot;iso&quot;:&quot;0&quot;,&quot;shutter_speed&quot;:&quot;0&quot;,&quot;title&quot;:&quot;&quot;}\" data-image-title=\"IMG_4018[2]\" data-image-description=\"\" data-image-caption=\"\" data-large-file=\"https:\/\/i0.wp.com\/www.sastamalankylat.fi\/tapiola\/wp-content\/uploads\/sites\/5\/2013\/09\/IMG_40182.jpg?fit=625%2C470&amp;ssl=1\" class=\"alignnone size-full wp-image-294\" alt=\"IMG_4018[2]\" src=\"https:\/\/i0.wp.com\/www.sastamalankylat.fi\/tapiola\/wp-content\/uploads\/sites\/5\/2013\/09\/IMG_40182.jpg?resize=625%2C470\" width=\"625\" height=\"470\" srcset=\"https:\/\/i0.wp.com\/www.sastamalankylat.fi\/tapiola\/wp-content\/uploads\/sites\/5\/2013\/09\/IMG_40182.jpg?w=644&amp;ssl=1 644w, https:\/\/i0.wp.com\/www.sastamalankylat.fi\/tapiola\/wp-content\/uploads\/sites\/5\/2013\/09\/IMG_40182.jpg?resize=300%2C225&amp;ssl=1 300w, https:\/\/i0.wp.com\/www.sastamalankylat.fi\/tapiola\/wp-content\/uploads\/sites\/5\/2013\/09\/IMG_40182.jpg?resize=624%2C468&amp;ssl=1 624w\" sizes=\"auto, (max-width: 625px) 100vw, 625px\" \/><\/a><\/p>\n<p><a href=\"https:\/\/i0.wp.com\/www.sastamalankylat.fi\/tapiola\/wp-content\/uploads\/sites\/5\/2013\/06\/IMG_40212.jpg\"><img data-recalc-dims=\"1\" loading=\"lazy\" decoding=\"async\" data-attachment-id=\"95\" data-permalink=\"https:\/\/www.sastamalankylat.fi\/tapiola\/joulupuurot-2011\/img_40212\/\" data-orig-file=\"https:\/\/i0.wp.com\/www.sastamalankylat.fi\/tapiola\/wp-content\/uploads\/sites\/5\/2013\/06\/IMG_40212.jpg?fit=644%2C484&amp;ssl=1\" data-orig-size=\"644,484\" data-comments-opened=\"1\" data-image-meta=\"{&quot;aperture&quot;:&quot;0&quot;,&quot;credit&quot;:&quot;&quot;,&quot;camera&quot;:&quot;&quot;,&quot;caption&quot;:&quot;&quot;,&quot;created_timestamp&quot;:&quot;0&quot;,&quot;copyright&quot;:&quot;&quot;,&quot;focal_length&quot;:&quot;0&quot;,&quot;iso&quot;:&quot;0&quot;,&quot;shutter_speed&quot;:&quot;0&quot;,&quot;title&quot;:&quot;&quot;}\" data-image-title=\"IMG_4021[2]\" data-image-description=\"\" data-image-caption=\"\" data-large-file=\"https:\/\/i0.wp.com\/www.sastamalankylat.fi\/tapiola\/wp-content\/uploads\/sites\/5\/2013\/06\/IMG_40212.jpg?fit=625%2C470&amp;ssl=1\" class=\"alignnone size-full wp-image-95\" alt=\"IMG_4021[2]\" src=\"https:\/\/i0.wp.com\/www.sastamalankylat.fi\/tapiola\/wp-content\/uploads\/sites\/5\/2013\/06\/IMG_40212.jpg?resize=625%2C470\" width=\"625\" height=\"470\" srcset=\"https:\/\/i0.wp.com\/www.sastamalankylat.fi\/tapiola\/wp-content\/uploads\/sites\/5\/2013\/06\/IMG_40212.jpg?w=644&amp;ssl=1 644w, https:\/\/i0.wp.com\/www.sastamalankylat.fi\/tapiola\/wp-content\/uploads\/sites\/5\/2013\/06\/IMG_40212.jpg?resize=300%2C225&amp;ssl=1 300w, https:\/\/i0.wp.com\/www.sastamalankylat.fi\/tapiola\/wp-content\/uploads\/sites\/5\/2013\/06\/IMG_40212.jpg?resize=624%2C468&amp;ssl=1 624w\" sizes=\"auto, (max-width: 625px) 100vw, 625px\" \/><\/a><\/p>\n<p>Kuvat: Jani Hanhij\u00e4rvi.<\/p>\n<p>&nbsp;<\/p>\n<!-- AddThis Advanced Settings generic via filter on the_content --><!-- AddThis Share Buttons generic via filter on the_content -->","protected":false},"excerpt":{"rendered":"<p>Tapiolan kyl\u00e4yhdistyksen tarjoilemat joulupuurot nautittiin Monakon kahvilarakennuksessa lauantai-iltana 17.12.2011. Ohjelmassa oli arpajaisten lis\u00e4ksi mm. temppuileva pukki, joka illan p\u00e4\u00e4tteeksi j\u00e4rjesti n\u00e4ytt\u00e4v\u00e4n ilotulituksen. Kuvat: Jani Hanhij\u00e4rvi. &nbsp;<!-- AddThis Advanced Settings generic via filter on wp_trim_excerpt --><!-- AddThis Share Buttons generic via filter on wp_trim_excerpt --><\/p>\n","protected":false},"author":3,"featured_media":0,"parent":0,"menu_order":0,"comment_status":"closed","ping_status":"open","template":"","meta":{"jetpack_post_was_ever_published":false,"footnotes":""},"class_list":["post-247","page","type-page","status-publish","hentry"],"aioseo_notices":[],"jetpack_likes_enabled":true,"jetpack_sharing_enabled":true,"jetpack_shortlink":"https:\/\/wp.me\/P3DPvf-3Z","_links":{"self":[{"href":"https:\/\/www.sastamalankylat.fi\/tapiola\/wp-json\/wp\/v2\/pages\/247","targetHints":{"allow":["GET"]}}],"collection":[{"href":"https:\/\/www.sastamalankylat.fi\/tapiola\/wp-json\/wp\/v2\/pages"}],"about":[{"href":"https:\/\/www.sastamalankylat.fi\/tapiola\/wp-json\/wp\/v2\/types\/page"}],"author":[{"embeddable":true,"href":"https:\/\/www.sastamalankylat.fi\/tapiola\/wp-json\/wp\/v2\/users\/3"}],"replies":[{"embeddable":true,"href":"https:\/\/www.sastamalankylat.fi\/tapiola\/wp-json\/wp\/v2\/comments?post=247"}],"version-history":[{"count":2,"href":"https:\/\/www.sastamalankylat.fi\/tapiola\/wp-json\/wp\/v2\/pages\/247\/revisions"}],"predecessor-version":[{"id":508,"href":"https:\/\/www.sastamalankylat.fi\/tapiola\/wp-json\/wp\/v2\/pages\/247\/revisions\/508"}],"wp:attachment":[{"href":"https:\/\/www.sastamalankylat.fi\/tapiola\/wp-json\/wp\/v2\/media?parent=247"}],"curies":[{"name":"wp","href":"https:\/\/api.w.org\/{rel}","templated":true}]}}