{"id":237,"date":"2013-09-17T23:17:36","date_gmt":"2013-09-17T20:17:36","guid":{"rendered":"http:\/\/www.sastamalankylat.fi\/tapiola\/?page_id=237"},"modified":"2013-09-30T23:25:34","modified_gmt":"2013-09-30T20:25:34","slug":"hameenpuiston-kylanraitti-8-6-2013","status":"publish","type":"page","link":"https:\/\/www.sastamalankylat.fi\/tapiola\/hameenpuiston-kylanraitti-8-6-2013\/","title":{"rendered":"H\u00e4meenpuiston Kyl\u00e4raitti 2013"},"content":{"rendered":"<p>Tampereen H\u00e4meenpuisto oli t\u00e4ynn\u00e4 pirkanmaalaisia kyli\u00e4 lauantaina 8.6.2013 kun j\u00e4rjestettiin Kyl\u00e4raitti-tapahtuma. Auringont\u00e4ytteisen p\u00e4iv\u00e4n aikana ehti tapahtua kaikenmoista, yleisilme oli kuitenkin koko ajan positiivinen, kylien kesken vaihdettiin paljon kuulumisia ja kauppakin k\u00e4vi. Sastamalasta tapahtumaan osallistui Tapiolan kyl\u00e4yhdistys, Lantulan seudun kyl\u00e4yhdistys ja V\u00e4h\u00e4haara-Seura, jotka olivat telttoineen vieretysten H\u00e4meenpuiston ja Puutarhakadun riste\u00e4m\u00e4n kohdalla. Tapiolalaiset olivat matkassa \u201dkirjakaupungin kirjakyl\u00e4\u201d -teemalla ja myiv\u00e4t sek\u00e4 uutta ett\u00e4 vanhaa kirjallisuutta, my\u00f6s muutama vihta ja linnunp\u00f6ntt\u00f6 oli tarttunut myyt\u00e4vien mukaan. Lantulalaiset myiv\u00e4t l\u00e4hituotteitaan ja pitiv\u00e4t ongintaa lapsille (ja lapsenmielisille). V\u00e4h\u00e4haara esitteli Kiimaj\u00e4rven lintuvideoita sek\u00e4 arvuutti k\u00e4vij\u00f6ille eriskummallisen n\u00e4k\u00f6ist\u00e4 esinett\u00e4, joka lopulta paljastui puiseksi j\u00e4\u00e4tel\u00f6koneeksi.<\/p>\n<p>&nbsp;<\/p>\n<p><a href=\"https:\/\/i0.wp.com\/www.sastamalankylat.fi\/tapiola\/wp-content\/uploads\/sites\/5\/2013\/06\/IMG_0007.jpg\"><img data-recalc-dims=\"1\" loading=\"lazy\" decoding=\"async\" data-attachment-id=\"155\" data-permalink=\"https:\/\/www.sastamalankylat.fi\/tapiola\/?attachment_id=155\" data-orig-file=\"https:\/\/i0.wp.com\/www.sastamalankylat.fi\/tapiola\/wp-content\/uploads\/sites\/5\/2013\/06\/IMG_0007.jpg?fit=1500%2C1000&amp;ssl=1\" data-orig-size=\"1500,1000\" data-comments-opened=\"1\" data-image-meta=\"{&quot;aperture&quot;:&quot;0&quot;,&quot;credit&quot;:&quot;&quot;,&quot;camera&quot;:&quot;&quot;,&quot;caption&quot;:&quot;&quot;,&quot;created_timestamp&quot;:&quot;0&quot;,&quot;copyright&quot;:&quot;&quot;,&quot;focal_length&quot;:&quot;0&quot;,&quot;iso&quot;:&quot;0&quot;,&quot;shutter_speed&quot;:&quot;0&quot;,&quot;title&quot;:&quot;&quot;}\" data-image-title=\"IMG_0007\" data-image-description=\"\" data-image-caption=\"\" data-large-file=\"https:\/\/i0.wp.com\/www.sastamalankylat.fi\/tapiola\/wp-content\/uploads\/sites\/5\/2013\/06\/IMG_0007.jpg?fit=625%2C416&amp;ssl=1\" class=\"alignnone size-large wp-image-155\" alt=\"IMG_0007\" src=\"https:\/\/i0.wp.com\/www.sastamalankylat.fi\/tapiola\/wp-content\/uploads\/sites\/5\/2013\/06\/IMG_0007.jpg?resize=625%2C416\" width=\"625\" height=\"416\" srcset=\"https:\/\/i0.wp.com\/www.sastamalankylat.fi\/tapiola\/wp-content\/uploads\/sites\/5\/2013\/06\/IMG_0007.jpg?resize=1024%2C682&amp;ssl=1 1024w, https:\/\/i0.wp.com\/www.sastamalankylat.fi\/tapiola\/wp-content\/uploads\/sites\/5\/2013\/06\/IMG_0007.jpg?resize=300%2C200&amp;ssl=1 300w, https:\/\/i0.wp.com\/www.sastamalankylat.fi\/tapiola\/wp-content\/uploads\/sites\/5\/2013\/06\/IMG_0007.jpg?resize=624%2C416&amp;ssl=1 624w, https:\/\/i0.wp.com\/www.sastamalankylat.fi\/tapiola\/wp-content\/uploads\/sites\/5\/2013\/06\/IMG_0007.jpg?w=1500&amp;ssl=1 1500w, https:\/\/i0.wp.com\/www.sastamalankylat.fi\/tapiola\/wp-content\/uploads\/sites\/5\/2013\/06\/IMG_0007.jpg?w=1250 1250w\" sizes=\"auto, (max-width: 625px) 100vw, 625px\" \/><\/a><\/p>\n<p><a href=\"https:\/\/i0.wp.com\/www.sastamalankylat.fi\/tapiola\/wp-content\/uploads\/sites\/5\/2013\/06\/IMG_0015.jpg\"><img data-recalc-dims=\"1\" loading=\"lazy\" decoding=\"async\" data-attachment-id=\"156\" data-permalink=\"https:\/\/www.sastamalankylat.fi\/tapiola\/?attachment_id=156\" data-orig-file=\"https:\/\/i0.wp.com\/www.sastamalankylat.fi\/tapiola\/wp-content\/uploads\/sites\/5\/2013\/06\/IMG_0015.jpg?fit=1500%2C1000&amp;ssl=1\" data-orig-size=\"1500,1000\" data-comments-opened=\"1\" data-image-meta=\"{&quot;aperture&quot;:&quot;0&quot;,&quot;credit&quot;:&quot;&quot;,&quot;camera&quot;:&quot;&quot;,&quot;caption&quot;:&quot;&quot;,&quot;created_timestamp&quot;:&quot;0&quot;,&quot;copyright&quot;:&quot;&quot;,&quot;focal_length&quot;:&quot;0&quot;,&quot;iso&quot;:&quot;0&quot;,&quot;shutter_speed&quot;:&quot;0&quot;,&quot;title&quot;:&quot;&quot;}\" data-image-title=\"IMG_0015\" data-image-description=\"\" data-image-caption=\"\" data-large-file=\"https:\/\/i0.wp.com\/www.sastamalankylat.fi\/tapiola\/wp-content\/uploads\/sites\/5\/2013\/06\/IMG_0015.jpg?fit=625%2C416&amp;ssl=1\" class=\"alignnone size-large wp-image-156\" alt=\"IMG_0015\" src=\"https:\/\/i0.wp.com\/www.sastamalankylat.fi\/tapiola\/wp-content\/uploads\/sites\/5\/2013\/06\/IMG_0015.jpg?resize=625%2C416\" width=\"625\" height=\"416\" srcset=\"https:\/\/i0.wp.com\/www.sastamalankylat.fi\/tapiola\/wp-content\/uploads\/sites\/5\/2013\/06\/IMG_0015.jpg?resize=1024%2C682&amp;ssl=1 1024w, https:\/\/i0.wp.com\/www.sastamalankylat.fi\/tapiola\/wp-content\/uploads\/sites\/5\/2013\/06\/IMG_0015.jpg?resize=300%2C200&amp;ssl=1 300w, https:\/\/i0.wp.com\/www.sastamalankylat.fi\/tapiola\/wp-content\/uploads\/sites\/5\/2013\/06\/IMG_0015.jpg?resize=624%2C416&amp;ssl=1 624w, https:\/\/i0.wp.com\/www.sastamalankylat.fi\/tapiola\/wp-content\/uploads\/sites\/5\/2013\/06\/IMG_0015.jpg?w=1500&amp;ssl=1 1500w, https:\/\/i0.wp.com\/www.sastamalankylat.fi\/tapiola\/wp-content\/uploads\/sites\/5\/2013\/06\/IMG_0015.jpg?w=1250 1250w\" sizes=\"auto, (max-width: 625px) 100vw, 625px\" \/><\/a><\/p>\n<p><a href=\"https:\/\/i0.wp.com\/www.sastamalankylat.fi\/tapiola\/wp-content\/uploads\/sites\/5\/2013\/06\/IMG_0020.jpg\"><img data-recalc-dims=\"1\" loading=\"lazy\" decoding=\"async\" data-attachment-id=\"157\" data-permalink=\"https:\/\/www.sastamalankylat.fi\/tapiola\/?attachment_id=157\" data-orig-file=\"https:\/\/i0.wp.com\/www.sastamalankylat.fi\/tapiola\/wp-content\/uploads\/sites\/5\/2013\/06\/IMG_0020.jpg?fit=1500%2C1000&amp;ssl=1\" data-orig-size=\"1500,1000\" data-comments-opened=\"1\" data-image-meta=\"{&quot;aperture&quot;:&quot;0&quot;,&quot;credit&quot;:&quot;&quot;,&quot;camera&quot;:&quot;&quot;,&quot;caption&quot;:&quot;&quot;,&quot;created_timestamp&quot;:&quot;0&quot;,&quot;copyright&quot;:&quot;&quot;,&quot;focal_length&quot;:&quot;0&quot;,&quot;iso&quot;:&quot;0&quot;,&quot;shutter_speed&quot;:&quot;0&quot;,&quot;title&quot;:&quot;&quot;}\" data-image-title=\"IMG_0020\" data-image-description=\"\" data-image-caption=\"\" data-large-file=\"https:\/\/i0.wp.com\/www.sastamalankylat.fi\/tapiola\/wp-content\/uploads\/sites\/5\/2013\/06\/IMG_0020.jpg?fit=625%2C416&amp;ssl=1\" class=\"alignnone size-large wp-image-157\" alt=\"IMG_0020\" src=\"https:\/\/i0.wp.com\/www.sastamalankylat.fi\/tapiola\/wp-content\/uploads\/sites\/5\/2013\/06\/IMG_0020.jpg?resize=625%2C416\" width=\"625\" height=\"416\" srcset=\"https:\/\/i0.wp.com\/www.sastamalankylat.fi\/tapiola\/wp-content\/uploads\/sites\/5\/2013\/06\/IMG_0020.jpg?resize=1024%2C682&amp;ssl=1 1024w, https:\/\/i0.wp.com\/www.sastamalankylat.fi\/tapiola\/wp-content\/uploads\/sites\/5\/2013\/06\/IMG_0020.jpg?resize=300%2C200&amp;ssl=1 300w, https:\/\/i0.wp.com\/www.sastamalankylat.fi\/tapiola\/wp-content\/uploads\/sites\/5\/2013\/06\/IMG_0020.jpg?resize=624%2C416&amp;ssl=1 624w, https:\/\/i0.wp.com\/www.sastamalankylat.fi\/tapiola\/wp-content\/uploads\/sites\/5\/2013\/06\/IMG_0020.jpg?w=1500&amp;ssl=1 1500w, https:\/\/i0.wp.com\/www.sastamalankylat.fi\/tapiola\/wp-content\/uploads\/sites\/5\/2013\/06\/IMG_0020.jpg?w=1250 1250w\" sizes=\"auto, (max-width: 625px) 100vw, 625px\" \/><\/a><\/p>\n<p><a href=\"https:\/\/i0.wp.com\/www.sastamalankylat.fi\/tapiola\/wp-content\/uploads\/sites\/5\/2013\/09\/IMG_0013.jpg\"><img data-recalc-dims=\"1\" loading=\"lazy\" decoding=\"async\" data-attachment-id=\"375\" data-permalink=\"https:\/\/www.sastamalankylat.fi\/tapiola\/hameenpuiston-kylanraitti-8-6-2013\/img_0013\/\" data-orig-file=\"https:\/\/i0.wp.com\/www.sastamalankylat.fi\/tapiola\/wp-content\/uploads\/sites\/5\/2013\/09\/IMG_0013.jpg?fit=1500%2C1000&amp;ssl=1\" data-orig-size=\"1500,1000\" data-comments-opened=\"0\" data-image-meta=\"{&quot;aperture&quot;:&quot;0&quot;,&quot;credit&quot;:&quot;&quot;,&quot;camera&quot;:&quot;&quot;,&quot;caption&quot;:&quot;&quot;,&quot;created_timestamp&quot;:&quot;0&quot;,&quot;copyright&quot;:&quot;&quot;,&quot;focal_length&quot;:&quot;0&quot;,&quot;iso&quot;:&quot;0&quot;,&quot;shutter_speed&quot;:&quot;0&quot;,&quot;title&quot;:&quot;&quot;}\" data-image-title=\"IMG_0013\" data-image-description=\"\" data-image-caption=\"\" data-large-file=\"https:\/\/i0.wp.com\/www.sastamalankylat.fi\/tapiola\/wp-content\/uploads\/sites\/5\/2013\/09\/IMG_0013.jpg?fit=625%2C416&amp;ssl=1\" class=\"alignnone size-large wp-image-375\" alt=\"IMG_0013\" src=\"https:\/\/i0.wp.com\/www.sastamalankylat.fi\/tapiola\/wp-content\/uploads\/sites\/5\/2013\/09\/IMG_0013.jpg?resize=625%2C416\" width=\"625\" height=\"416\" srcset=\"https:\/\/i0.wp.com\/www.sastamalankylat.fi\/tapiola\/wp-content\/uploads\/sites\/5\/2013\/09\/IMG_0013.jpg?resize=1024%2C682&amp;ssl=1 1024w, https:\/\/i0.wp.com\/www.sastamalankylat.fi\/tapiola\/wp-content\/uploads\/sites\/5\/2013\/09\/IMG_0013.jpg?resize=300%2C200&amp;ssl=1 300w, https:\/\/i0.wp.com\/www.sastamalankylat.fi\/tapiola\/wp-content\/uploads\/sites\/5\/2013\/09\/IMG_0013.jpg?resize=624%2C416&amp;ssl=1 624w, https:\/\/i0.wp.com\/www.sastamalankylat.fi\/tapiola\/wp-content\/uploads\/sites\/5\/2013\/09\/IMG_0013.jpg?w=1500&amp;ssl=1 1500w, https:\/\/i0.wp.com\/www.sastamalankylat.fi\/tapiola\/wp-content\/uploads\/sites\/5\/2013\/09\/IMG_0013.jpg?w=1250 1250w\" sizes=\"auto, (max-width: 625px) 100vw, 625px\" \/><\/a><\/p>\n<p><a href=\"https:\/\/i0.wp.com\/www.sastamalankylat.fi\/tapiola\/wp-content\/uploads\/sites\/5\/2013\/09\/IMG_0021.jpg\"><img data-recalc-dims=\"1\" loading=\"lazy\" decoding=\"async\" data-attachment-id=\"376\" data-permalink=\"https:\/\/www.sastamalankylat.fi\/tapiola\/hameenpuiston-kylanraitti-8-6-2013\/img_0021\/\" data-orig-file=\"https:\/\/i0.wp.com\/www.sastamalankylat.fi\/tapiola\/wp-content\/uploads\/sites\/5\/2013\/09\/IMG_0021.jpg?fit=1500%2C1000&amp;ssl=1\" data-orig-size=\"1500,1000\" data-comments-opened=\"0\" data-image-meta=\"{&quot;aperture&quot;:&quot;0&quot;,&quot;credit&quot;:&quot;&quot;,&quot;camera&quot;:&quot;&quot;,&quot;caption&quot;:&quot;&quot;,&quot;created_timestamp&quot;:&quot;0&quot;,&quot;copyright&quot;:&quot;&quot;,&quot;focal_length&quot;:&quot;0&quot;,&quot;iso&quot;:&quot;0&quot;,&quot;shutter_speed&quot;:&quot;0&quot;,&quot;title&quot;:&quot;&quot;}\" data-image-title=\"IMG_0021\" data-image-description=\"\" data-image-caption=\"\" data-large-file=\"https:\/\/i0.wp.com\/www.sastamalankylat.fi\/tapiola\/wp-content\/uploads\/sites\/5\/2013\/09\/IMG_0021.jpg?fit=625%2C416&amp;ssl=1\" class=\"alignnone size-large wp-image-376\" alt=\"IMG_0021\" src=\"https:\/\/i0.wp.com\/www.sastamalankylat.fi\/tapiola\/wp-content\/uploads\/sites\/5\/2013\/09\/IMG_0021.jpg?resize=625%2C416\" width=\"625\" height=\"416\" srcset=\"https:\/\/i0.wp.com\/www.sastamalankylat.fi\/tapiola\/wp-content\/uploads\/sites\/5\/2013\/09\/IMG_0021.jpg?resize=1024%2C682&amp;ssl=1 1024w, https:\/\/i0.wp.com\/www.sastamalankylat.fi\/tapiola\/wp-content\/uploads\/sites\/5\/2013\/09\/IMG_0021.jpg?resize=300%2C200&amp;ssl=1 300w, https:\/\/i0.wp.com\/www.sastamalankylat.fi\/tapiola\/wp-content\/uploads\/sites\/5\/2013\/09\/IMG_0021.jpg?resize=624%2C416&amp;ssl=1 624w, https:\/\/i0.wp.com\/www.sastamalankylat.fi\/tapiola\/wp-content\/uploads\/sites\/5\/2013\/09\/IMG_0021.jpg?w=1500&amp;ssl=1 1500w, https:\/\/i0.wp.com\/www.sastamalankylat.fi\/tapiola\/wp-content\/uploads\/sites\/5\/2013\/09\/IMG_0021.jpg?w=1250 1250w\" sizes=\"auto, (max-width: 625px) 100vw, 625px\" \/><\/a><\/p>\n<p><a href=\"https:\/\/i0.wp.com\/www.sastamalankylat.fi\/tapiola\/wp-content\/uploads\/sites\/5\/2013\/09\/IMG_0006.jpg\"><img data-recalc-dims=\"1\" loading=\"lazy\" decoding=\"async\" data-attachment-id=\"373\" data-permalink=\"https:\/\/www.sastamalankylat.fi\/tapiola\/hameenpuiston-kylanraitti-8-6-2013\/img_0006\/\" data-orig-file=\"https:\/\/i0.wp.com\/www.sastamalankylat.fi\/tapiola\/wp-content\/uploads\/sites\/5\/2013\/09\/IMG_0006.jpg?fit=1500%2C1000&amp;ssl=1\" data-orig-size=\"1500,1000\" data-comments-opened=\"0\" data-image-meta=\"{&quot;aperture&quot;:&quot;0&quot;,&quot;credit&quot;:&quot;&quot;,&quot;camera&quot;:&quot;&quot;,&quot;caption&quot;:&quot;&quot;,&quot;created_timestamp&quot;:&quot;0&quot;,&quot;copyright&quot;:&quot;&quot;,&quot;focal_length&quot;:&quot;0&quot;,&quot;iso&quot;:&quot;0&quot;,&quot;shutter_speed&quot;:&quot;0&quot;,&quot;title&quot;:&quot;&quot;}\" data-image-title=\"IMG_0006\" data-image-description=\"\" data-image-caption=\"\" data-large-file=\"https:\/\/i0.wp.com\/www.sastamalankylat.fi\/tapiola\/wp-content\/uploads\/sites\/5\/2013\/09\/IMG_0006.jpg?fit=625%2C416&amp;ssl=1\" class=\"alignnone size-large wp-image-373\" alt=\"IMG_0006\" src=\"https:\/\/i0.wp.com\/www.sastamalankylat.fi\/tapiola\/wp-content\/uploads\/sites\/5\/2013\/09\/IMG_0006.jpg?resize=625%2C416\" width=\"625\" height=\"416\" srcset=\"https:\/\/i0.wp.com\/www.sastamalankylat.fi\/tapiola\/wp-content\/uploads\/sites\/5\/2013\/09\/IMG_0006.jpg?resize=1024%2C682&amp;ssl=1 1024w, https:\/\/i0.wp.com\/www.sastamalankylat.fi\/tapiola\/wp-content\/uploads\/sites\/5\/2013\/09\/IMG_0006.jpg?resize=300%2C200&amp;ssl=1 300w, https:\/\/i0.wp.com\/www.sastamalankylat.fi\/tapiola\/wp-content\/uploads\/sites\/5\/2013\/09\/IMG_0006.jpg?resize=624%2C416&amp;ssl=1 624w, https:\/\/i0.wp.com\/www.sastamalankylat.fi\/tapiola\/wp-content\/uploads\/sites\/5\/2013\/09\/IMG_0006.jpg?w=1500&amp;ssl=1 1500w, https:\/\/i0.wp.com\/www.sastamalankylat.fi\/tapiola\/wp-content\/uploads\/sites\/5\/2013\/09\/IMG_0006.jpg?w=1250 1250w\" sizes=\"auto, (max-width: 625px) 100vw, 625px\" \/><\/a><\/p>\n<p><a href=\"https:\/\/i0.wp.com\/www.sastamalankylat.fi\/tapiola\/wp-content\/uploads\/sites\/5\/2013\/09\/IMG_0012.jpg\"><img data-recalc-dims=\"1\" loading=\"lazy\" decoding=\"async\" data-attachment-id=\"374\" data-permalink=\"https:\/\/www.sastamalankylat.fi\/tapiola\/hameenpuiston-kylanraitti-8-6-2013\/img_0012\/\" data-orig-file=\"https:\/\/i0.wp.com\/www.sastamalankylat.fi\/tapiola\/wp-content\/uploads\/sites\/5\/2013\/09\/IMG_0012.jpg?fit=1500%2C1000&amp;ssl=1\" data-orig-size=\"1500,1000\" data-comments-opened=\"0\" data-image-meta=\"{&quot;aperture&quot;:&quot;0&quot;,&quot;credit&quot;:&quot;&quot;,&quot;camera&quot;:&quot;&quot;,&quot;caption&quot;:&quot;&quot;,&quot;created_timestamp&quot;:&quot;0&quot;,&quot;copyright&quot;:&quot;&quot;,&quot;focal_length&quot;:&quot;0&quot;,&quot;iso&quot;:&quot;0&quot;,&quot;shutter_speed&quot;:&quot;0&quot;,&quot;title&quot;:&quot;&quot;}\" data-image-title=\"IMG_0012\" data-image-description=\"\" data-image-caption=\"\" data-large-file=\"https:\/\/i0.wp.com\/www.sastamalankylat.fi\/tapiola\/wp-content\/uploads\/sites\/5\/2013\/09\/IMG_0012.jpg?fit=625%2C416&amp;ssl=1\" class=\"alignnone size-large wp-image-374\" alt=\"IMG_0012\" src=\"https:\/\/i0.wp.com\/www.sastamalankylat.fi\/tapiola\/wp-content\/uploads\/sites\/5\/2013\/09\/IMG_0012.jpg?resize=625%2C416\" width=\"625\" height=\"416\" srcset=\"https:\/\/i0.wp.com\/www.sastamalankylat.fi\/tapiola\/wp-content\/uploads\/sites\/5\/2013\/09\/IMG_0012.jpg?resize=1024%2C682&amp;ssl=1 1024w, https:\/\/i0.wp.com\/www.sastamalankylat.fi\/tapiola\/wp-content\/uploads\/sites\/5\/2013\/09\/IMG_0012.jpg?resize=300%2C200&amp;ssl=1 300w, https:\/\/i0.wp.com\/www.sastamalankylat.fi\/tapiola\/wp-content\/uploads\/sites\/5\/2013\/09\/IMG_0012.jpg?resize=624%2C416&amp;ssl=1 624w, https:\/\/i0.wp.com\/www.sastamalankylat.fi\/tapiola\/wp-content\/uploads\/sites\/5\/2013\/09\/IMG_0012.jpg?w=1500&amp;ssl=1 1500w, https:\/\/i0.wp.com\/www.sastamalankylat.fi\/tapiola\/wp-content\/uploads\/sites\/5\/2013\/09\/IMG_0012.jpg?w=1250 1250w\" sizes=\"auto, (max-width: 625px) 100vw, 625px\" \/><\/a><\/p>\n<p><a href=\"https:\/\/i0.wp.com\/www.sastamalankylat.fi\/tapiola\/wp-content\/uploads\/sites\/5\/2013\/09\/IMG_9989.jpg\"><img data-recalc-dims=\"1\" loading=\"lazy\" decoding=\"async\" data-attachment-id=\"382\" data-permalink=\"https:\/\/www.sastamalankylat.fi\/tapiola\/hameenpuiston-kylanraitti-8-6-2013\/img_9989\/\" data-orig-file=\"https:\/\/i0.wp.com\/www.sastamalankylat.fi\/tapiola\/wp-content\/uploads\/sites\/5\/2013\/09\/IMG_9989.jpg?fit=1500%2C1000&amp;ssl=1\" data-orig-size=\"1500,1000\" data-comments-opened=\"0\" data-image-meta=\"{&quot;aperture&quot;:&quot;0&quot;,&quot;credit&quot;:&quot;&quot;,&quot;camera&quot;:&quot;&quot;,&quot;caption&quot;:&quot;&quot;,&quot;created_timestamp&quot;:&quot;0&quot;,&quot;copyright&quot;:&quot;&quot;,&quot;focal_length&quot;:&quot;0&quot;,&quot;iso&quot;:&quot;0&quot;,&quot;shutter_speed&quot;:&quot;0&quot;,&quot;title&quot;:&quot;&quot;}\" data-image-title=\"IMG_9989\" data-image-description=\"\" data-image-caption=\"\" data-large-file=\"https:\/\/i0.wp.com\/www.sastamalankylat.fi\/tapiola\/wp-content\/uploads\/sites\/5\/2013\/09\/IMG_9989.jpg?fit=625%2C416&amp;ssl=1\" class=\"alignnone size-large wp-image-382\" alt=\"IMG_9989\" src=\"https:\/\/i0.wp.com\/www.sastamalankylat.fi\/tapiola\/wp-content\/uploads\/sites\/5\/2013\/09\/IMG_9989.jpg?resize=625%2C416\" width=\"625\" height=\"416\" srcset=\"https:\/\/i0.wp.com\/www.sastamalankylat.fi\/tapiola\/wp-content\/uploads\/sites\/5\/2013\/09\/IMG_9989.jpg?resize=1024%2C682&amp;ssl=1 1024w, https:\/\/i0.wp.com\/www.sastamalankylat.fi\/tapiola\/wp-content\/uploads\/sites\/5\/2013\/09\/IMG_9989.jpg?resize=300%2C200&amp;ssl=1 300w, https:\/\/i0.wp.com\/www.sastamalankylat.fi\/tapiola\/wp-content\/uploads\/sites\/5\/2013\/09\/IMG_9989.jpg?resize=624%2C416&amp;ssl=1 624w, https:\/\/i0.wp.com\/www.sastamalankylat.fi\/tapiola\/wp-content\/uploads\/sites\/5\/2013\/09\/IMG_9989.jpg?w=1500&amp;ssl=1 1500w, https:\/\/i0.wp.com\/www.sastamalankylat.fi\/tapiola\/wp-content\/uploads\/sites\/5\/2013\/09\/IMG_9989.jpg?w=1250 1250w\" sizes=\"auto, (max-width: 625px) 100vw, 625px\" \/><\/a><\/p>\n<p><a href=\"https:\/\/i0.wp.com\/www.sastamalankylat.fi\/tapiola\/wp-content\/uploads\/sites\/5\/2013\/09\/IMG_9998.jpg\"><img data-recalc-dims=\"1\" loading=\"lazy\" decoding=\"async\" data-attachment-id=\"383\" data-permalink=\"https:\/\/www.sastamalankylat.fi\/tapiola\/hameenpuiston-kylanraitti-8-6-2013\/img_9998\/\" data-orig-file=\"https:\/\/i0.wp.com\/www.sastamalankylat.fi\/tapiola\/wp-content\/uploads\/sites\/5\/2013\/09\/IMG_9998.jpg?fit=1500%2C1000&amp;ssl=1\" data-orig-size=\"1500,1000\" data-comments-opened=\"0\" data-image-meta=\"{&quot;aperture&quot;:&quot;0&quot;,&quot;credit&quot;:&quot;&quot;,&quot;camera&quot;:&quot;&quot;,&quot;caption&quot;:&quot;&quot;,&quot;created_timestamp&quot;:&quot;0&quot;,&quot;copyright&quot;:&quot;&quot;,&quot;focal_length&quot;:&quot;0&quot;,&quot;iso&quot;:&quot;0&quot;,&quot;shutter_speed&quot;:&quot;0&quot;,&quot;title&quot;:&quot;&quot;}\" data-image-title=\"IMG_9998\" data-image-description=\"\" data-image-caption=\"\" data-large-file=\"https:\/\/i0.wp.com\/www.sastamalankylat.fi\/tapiola\/wp-content\/uploads\/sites\/5\/2013\/09\/IMG_9998.jpg?fit=625%2C416&amp;ssl=1\" class=\"alignnone size-large wp-image-383\" alt=\"IMG_9998\" src=\"https:\/\/i0.wp.com\/www.sastamalankylat.fi\/tapiola\/wp-content\/uploads\/sites\/5\/2013\/09\/IMG_9998.jpg?resize=625%2C416\" width=\"625\" height=\"416\" srcset=\"https:\/\/i0.wp.com\/www.sastamalankylat.fi\/tapiola\/wp-content\/uploads\/sites\/5\/2013\/09\/IMG_9998.jpg?resize=1024%2C682&amp;ssl=1 1024w, https:\/\/i0.wp.com\/www.sastamalankylat.fi\/tapiola\/wp-content\/uploads\/sites\/5\/2013\/09\/IMG_9998.jpg?resize=300%2C200&amp;ssl=1 300w, https:\/\/i0.wp.com\/www.sastamalankylat.fi\/tapiola\/wp-content\/uploads\/sites\/5\/2013\/09\/IMG_9998.jpg?resize=624%2C416&amp;ssl=1 624w, https:\/\/i0.wp.com\/www.sastamalankylat.fi\/tapiola\/wp-content\/uploads\/sites\/5\/2013\/09\/IMG_9998.jpg?w=1500&amp;ssl=1 1500w, https:\/\/i0.wp.com\/www.sastamalankylat.fi\/tapiola\/wp-content\/uploads\/sites\/5\/2013\/09\/IMG_9998.jpg?w=1250 1250w\" sizes=\"auto, (max-width: 625px) 100vw, 625px\" \/><\/a><\/p>\n<p><a href=\"https:\/\/i0.wp.com\/www.sastamalankylat.fi\/tapiola\/wp-content\/uploads\/sites\/5\/2013\/09\/IMG_0034.jpg\"><img data-recalc-dims=\"1\" loading=\"lazy\" decoding=\"async\" data-attachment-id=\"380\" data-permalink=\"https:\/\/www.sastamalankylat.fi\/tapiola\/hameenpuiston-kylanraitti-8-6-2013\/img_0034\/\" data-orig-file=\"https:\/\/i0.wp.com\/www.sastamalankylat.fi\/tapiola\/wp-content\/uploads\/sites\/5\/2013\/09\/IMG_0034.jpg?fit=1500%2C1000&amp;ssl=1\" data-orig-size=\"1500,1000\" data-comments-opened=\"0\" data-image-meta=\"{&quot;aperture&quot;:&quot;0&quot;,&quot;credit&quot;:&quot;&quot;,&quot;camera&quot;:&quot;&quot;,&quot;caption&quot;:&quot;&quot;,&quot;created_timestamp&quot;:&quot;0&quot;,&quot;copyright&quot;:&quot;&quot;,&quot;focal_length&quot;:&quot;0&quot;,&quot;iso&quot;:&quot;0&quot;,&quot;shutter_speed&quot;:&quot;0&quot;,&quot;title&quot;:&quot;&quot;}\" data-image-title=\"IMG_0034\" data-image-description=\"\" data-image-caption=\"\" data-large-file=\"https:\/\/i0.wp.com\/www.sastamalankylat.fi\/tapiola\/wp-content\/uploads\/sites\/5\/2013\/09\/IMG_0034.jpg?fit=625%2C416&amp;ssl=1\" class=\"alignnone size-large wp-image-380\" alt=\"IMG_0034\" src=\"https:\/\/i0.wp.com\/www.sastamalankylat.fi\/tapiola\/wp-content\/uploads\/sites\/5\/2013\/09\/IMG_0034.jpg?resize=625%2C416\" width=\"625\" height=\"416\" srcset=\"https:\/\/i0.wp.com\/www.sastamalankylat.fi\/tapiola\/wp-content\/uploads\/sites\/5\/2013\/09\/IMG_0034.jpg?resize=1024%2C682&amp;ssl=1 1024w, https:\/\/i0.wp.com\/www.sastamalankylat.fi\/tapiola\/wp-content\/uploads\/sites\/5\/2013\/09\/IMG_0034.jpg?resize=300%2C200&amp;ssl=1 300w, https:\/\/i0.wp.com\/www.sastamalankylat.fi\/tapiola\/wp-content\/uploads\/sites\/5\/2013\/09\/IMG_0034.jpg?resize=624%2C416&amp;ssl=1 624w, https:\/\/i0.wp.com\/www.sastamalankylat.fi\/tapiola\/wp-content\/uploads\/sites\/5\/2013\/09\/IMG_0034.jpg?w=1500&amp;ssl=1 1500w, https:\/\/i0.wp.com\/www.sastamalankylat.fi\/tapiola\/wp-content\/uploads\/sites\/5\/2013\/09\/IMG_0034.jpg?w=1250 1250w\" sizes=\"auto, (max-width: 625px) 100vw, 625px\" \/><\/a><\/p>\n<p><a href=\"https:\/\/i0.wp.com\/www.sastamalankylat.fi\/tapiola\/wp-content\/uploads\/sites\/5\/2013\/09\/IMG_0037-copy.jpg\"><img data-recalc-dims=\"1\" loading=\"lazy\" decoding=\"async\" data-attachment-id=\"386\" data-permalink=\"https:\/\/www.sastamalankylat.fi\/tapiola\/hameenpuiston-kylanraitti-8-6-2013\/img_0037-copy\/\" data-orig-file=\"https:\/\/i0.wp.com\/www.sastamalankylat.fi\/tapiola\/wp-content\/uploads\/sites\/5\/2013\/09\/IMG_0037-copy.jpg?fit=943%2C1000&amp;ssl=1\" data-orig-size=\"943,1000\" data-comments-opened=\"0\" data-image-meta=\"{&quot;aperture&quot;:&quot;0&quot;,&quot;credit&quot;:&quot;&quot;,&quot;camera&quot;:&quot;&quot;,&quot;caption&quot;:&quot;&quot;,&quot;created_timestamp&quot;:&quot;0&quot;,&quot;copyright&quot;:&quot;&quot;,&quot;focal_length&quot;:&quot;0&quot;,&quot;iso&quot;:&quot;0&quot;,&quot;shutter_speed&quot;:&quot;0&quot;,&quot;title&quot;:&quot;&quot;}\" data-image-title=\"IMG_0037 copy\" data-image-description=\"\" data-image-caption=\"\" data-large-file=\"https:\/\/i0.wp.com\/www.sastamalankylat.fi\/tapiola\/wp-content\/uploads\/sites\/5\/2013\/09\/IMG_0037-copy.jpg?fit=625%2C663&amp;ssl=1\" class=\"alignnone size-full wp-image-386\" alt=\"IMG_0037 copy\" src=\"https:\/\/i0.wp.com\/www.sastamalankylat.fi\/tapiola\/wp-content\/uploads\/sites\/5\/2013\/09\/IMG_0037-copy.jpg?resize=625%2C663\" width=\"625\" height=\"663\" srcset=\"https:\/\/i0.wp.com\/www.sastamalankylat.fi\/tapiola\/wp-content\/uploads\/sites\/5\/2013\/09\/IMG_0037-copy.jpg?w=943&amp;ssl=1 943w, https:\/\/i0.wp.com\/www.sastamalankylat.fi\/tapiola\/wp-content\/uploads\/sites\/5\/2013\/09\/IMG_0037-copy.jpg?resize=282%2C300&amp;ssl=1 282w, https:\/\/i0.wp.com\/www.sastamalankylat.fi\/tapiola\/wp-content\/uploads\/sites\/5\/2013\/09\/IMG_0037-copy.jpg?resize=624%2C661&amp;ssl=1 624w\" sizes=\"auto, (max-width: 625px) 100vw, 625px\" \/><\/a><\/p>\n<p>Kuvat: Jani ja Anja Hanhij\u00e4rvi.<\/p>\n<p>&nbsp;<\/p>\n<!-- AddThis Advanced Settings generic via filter on the_content --><!-- AddThis Share Buttons generic via filter on the_content -->","protected":false},"excerpt":{"rendered":"<p>Tampereen H\u00e4meenpuisto oli t\u00e4ynn\u00e4 pirkanmaalaisia kyli\u00e4 lauantaina 8.6.2013 kun j\u00e4rjestettiin Kyl\u00e4raitti-tapahtuma. Auringont\u00e4ytteisen p\u00e4iv\u00e4n aikana ehti tapahtua kaikenmoista, yleisilme oli kuitenkin koko ajan positiivinen, kylien kesken vaihdettiin paljon kuulumisia ja kauppakin k\u00e4vi. Sastamalasta tapahtumaan osallistui Tapiolan kyl\u00e4yhdistys, Lantulan seudun kyl\u00e4yhdistys ja V\u00e4h\u00e4haara-Seura, jotka olivat telttoineen vieretysten H\u00e4meenpuiston ja Puutarhakadun riste\u00e4m\u00e4n kohdalla. Tapiolalaiset olivat matkassa \u201dkirjakaupungin kirjakyl\u00e4\u201d [&hellip;]<!-- AddThis Advanced Settings generic via filter on wp_trim_excerpt --><!-- AddThis Share Buttons generic via filter on wp_trim_excerpt --><\/p>\n","protected":false},"author":3,"featured_media":0,"parent":0,"menu_order":0,"comment_status":"closed","ping_status":"open","template":"","meta":{"jetpack_post_was_ever_published":false,"footnotes":""},"class_list":["post-237","page","type-page","status-publish","hentry"],"aioseo_notices":[],"jetpack_likes_enabled":true,"jetpack_sharing_enabled":true,"jetpack_shortlink":"https:\/\/wp.me\/P3DPvf-3P","_links":{"self":[{"href":"https:\/\/www.sastamalankylat.fi\/tapiola\/wp-json\/wp\/v2\/pages\/237","targetHints":{"allow":["GET"]}}],"collection":[{"href":"https:\/\/www.sastamalankylat.fi\/tapiola\/wp-json\/wp\/v2\/pages"}],"about":[{"href":"https:\/\/www.sastamalankylat.fi\/tapiola\/wp-json\/wp\/v2\/types\/page"}],"author":[{"embeddable":true,"href":"https:\/\/www.sastamalankylat.fi\/tapiola\/wp-json\/wp\/v2\/users\/3"}],"replies":[{"embeddable":true,"href":"https:\/\/www.sastamalankylat.fi\/tapiola\/wp-json\/wp\/v2\/comments?post=237"}],"version-history":[{"count":2,"href":"https:\/\/www.sastamalankylat.fi\/tapiola\/wp-json\/wp\/v2\/pages\/237\/revisions"}],"predecessor-version":[{"id":507,"href":"https:\/\/www.sastamalankylat.fi\/tapiola\/wp-json\/wp\/v2\/pages\/237\/revisions\/507"}],"wp:attachment":[{"href":"https:\/\/www.sastamalankylat.fi\/tapiola\/wp-json\/wp\/v2\/media?parent=237"}],"curies":[{"name":"wp","href":"https:\/\/api.w.org\/{rel}","templated":true}]}}