{"id":235,"date":"2013-09-17T23:16:29","date_gmt":"2013-09-17T20:16:29","guid":{"rendered":"http:\/\/www.sastamalankylat.fi\/tapiola\/?page_id=235"},"modified":"2013-09-22T23:23:42","modified_gmt":"2013-09-22T20:23:42","slug":"sekalaisia-kuvia","status":"publish","type":"page","link":"https:\/\/www.sastamalankylat.fi\/tapiola\/sekalaisia-kuvia\/","title":{"rendered":"Sekalaisia kuvia"},"content":{"rendered":"<p>Alla sekalaisia kuvia eri puolilta Tapiolankyl\u00e4\u00e4.<\/p>\n<p><a href=\"https:\/\/i0.wp.com\/www.sastamalankylat.fi\/tapiola\/wp-content\/uploads\/sites\/5\/2013\/06\/Maisema-Keskistenj%C3%A4rven-lintutornista-kohti-j%C3%A4rven-pohjoisp%C3%A4%C3%A4t%C3%A4.-Keskell%C3%A4-Kravioja.-Kuva-on-otettu-2000-luvulla..jpg\"><img data-recalc-dims=\"1\" loading=\"lazy\" decoding=\"async\" data-attachment-id=\"114\" data-permalink=\"https:\/\/www.sastamalankylat.fi\/tapiola\/kuvia\/maisema-keskistenjarven-lintutornista-kohti-jarven-pohjoispaata-keskella-kravioja-kuva-on-otettu-2000-luvulla\/\" data-orig-file=\"https:\/\/i0.wp.com\/www.sastamalankylat.fi\/tapiola\/wp-content\/uploads\/sites\/5\/2013\/06\/Maisema-Keskistenj%C3%A4rven-lintutornista-kohti-j%C3%A4rven-pohjoisp%C3%A4%C3%A4t%C3%A4.-Keskell%C3%A4-Kravioja.-Kuva-on-otettu-2000-luvulla..jpg?fit=1483%2C1000&amp;ssl=1\" data-orig-size=\"1483,1000\" data-comments-opened=\"1\" data-image-meta=\"{&quot;aperture&quot;:&quot;0&quot;,&quot;credit&quot;:&quot;&quot;,&quot;camera&quot;:&quot;&quot;,&quot;caption&quot;:&quot;&quot;,&quot;created_timestamp&quot;:&quot;0&quot;,&quot;copyright&quot;:&quot;&quot;,&quot;focal_length&quot;:&quot;0&quot;,&quot;iso&quot;:&quot;0&quot;,&quot;shutter_speed&quot;:&quot;0&quot;,&quot;title&quot;:&quot;&quot;}\" data-image-title=\"Maisema Keskistenj\u00e4rven lintutornista kohti j\u00e4rven pohjoisp\u00e4\u00e4t\u00e4. Keskell\u00e4 Kravioja. Kuva on otettu 2000-luvulla.\" data-image-description=\"\" data-image-caption=\"\" data-large-file=\"https:\/\/i0.wp.com\/www.sastamalankylat.fi\/tapiola\/wp-content\/uploads\/sites\/5\/2013\/06\/Maisema-Keskistenj%C3%A4rven-lintutornista-kohti-j%C3%A4rven-pohjoisp%C3%A4%C3%A4t%C3%A4.-Keskell%C3%A4-Kravioja.-Kuva-on-otettu-2000-luvulla..jpg?fit=625%2C421&amp;ssl=1\" class=\"alignnone size-large wp-image-114\" alt=\"Maisema Keskistenj\u00e4rven lintutornista kohti j\u00e4rven pohjoisp\u00e4\u00e4t\u00e4. Keskell\u00e4 Kravioja. Kuva on otettu 2000-luvulla.\" src=\"https:\/\/i0.wp.com\/www.sastamalankylat.fi\/tapiola\/wp-content\/uploads\/sites\/5\/2013\/06\/Maisema-Keskistenj%C3%A4rven-lintutornista-kohti-j%C3%A4rven-pohjoisp%C3%A4%C3%A4t%C3%A4.-Keskell%C3%A4-Kravioja.-Kuva-on-otettu-2000-luvulla..jpg?resize=625%2C421\" width=\"625\" height=\"421\" srcset=\"https:\/\/i0.wp.com\/www.sastamalankylat.fi\/tapiola\/wp-content\/uploads\/sites\/5\/2013\/06\/Maisema-Keskistenj%C3%A4rven-lintutornista-kohti-j%C3%A4rven-pohjoisp%C3%A4%C3%A4t%C3%A4.-Keskell%C3%A4-Kravioja.-Kuva-on-otettu-2000-luvulla..jpg?resize=1024%2C690&amp;ssl=1 1024w, https:\/\/i0.wp.com\/www.sastamalankylat.fi\/tapiola\/wp-content\/uploads\/sites\/5\/2013\/06\/Maisema-Keskistenj%C3%A4rven-lintutornista-kohti-j%C3%A4rven-pohjoisp%C3%A4%C3%A4t%C3%A4.-Keskell%C3%A4-Kravioja.-Kuva-on-otettu-2000-luvulla..jpg?resize=300%2C202&amp;ssl=1 300w, https:\/\/i0.wp.com\/www.sastamalankylat.fi\/tapiola\/wp-content\/uploads\/sites\/5\/2013\/06\/Maisema-Keskistenj%C3%A4rven-lintutornista-kohti-j%C3%A4rven-pohjoisp%C3%A4%C3%A4t%C3%A4.-Keskell%C3%A4-Kravioja.-Kuva-on-otettu-2000-luvulla..jpg?resize=624%2C420&amp;ssl=1 624w, https:\/\/i0.wp.com\/www.sastamalankylat.fi\/tapiola\/wp-content\/uploads\/sites\/5\/2013\/06\/Maisema-Keskistenj%C3%A4rven-lintutornista-kohti-j%C3%A4rven-pohjoisp%C3%A4%C3%A4t%C3%A4.-Keskell%C3%A4-Kravioja.-Kuva-on-otettu-2000-luvulla..jpg?w=1483&amp;ssl=1 1483w, https:\/\/i0.wp.com\/www.sastamalankylat.fi\/tapiola\/wp-content\/uploads\/sites\/5\/2013\/06\/Maisema-Keskistenj%C3%A4rven-lintutornista-kohti-j%C3%A4rven-pohjoisp%C3%A4%C3%A4t%C3%A4.-Keskell%C3%A4-Kravioja.-Kuva-on-otettu-2000-luvulla..jpg?w=1250 1250w\" sizes=\"auto, (max-width: 625px) 100vw, 625px\" \/><\/a><br \/>\nKeskistenj\u00e4rvi (Leena Myllyniemi).<\/p>\n<p><a href=\"https:\/\/i0.wp.com\/www.sastamalankylat.fi\/tapiola\/wp-content\/uploads\/sites\/5\/2013\/06\/P3100077.jpg\"><img data-recalc-dims=\"1\" loading=\"lazy\" decoding=\"async\" data-attachment-id=\"115\" data-permalink=\"https:\/\/www.sastamalankylat.fi\/tapiola\/sekalaisia-kuvia\/p3100077\/\" data-orig-file=\"https:\/\/i0.wp.com\/www.sastamalankylat.fi\/tapiola\/wp-content\/uploads\/sites\/5\/2013\/06\/P3100077.jpg?fit=1333%2C1000&amp;ssl=1\" data-orig-size=\"1333,1000\" data-comments-opened=\"1\" data-image-meta=\"{&quot;aperture&quot;:&quot;0&quot;,&quot;credit&quot;:&quot;&quot;,&quot;camera&quot;:&quot;&quot;,&quot;caption&quot;:&quot;&quot;,&quot;created_timestamp&quot;:&quot;0&quot;,&quot;copyright&quot;:&quot;&quot;,&quot;focal_length&quot;:&quot;0&quot;,&quot;iso&quot;:&quot;0&quot;,&quot;shutter_speed&quot;:&quot;0&quot;,&quot;title&quot;:&quot;&quot;}\" data-image-title=\"P3100077\" data-image-description=\"\" data-image-caption=\"\" data-large-file=\"https:\/\/i0.wp.com\/www.sastamalankylat.fi\/tapiola\/wp-content\/uploads\/sites\/5\/2013\/06\/P3100077.jpg?fit=625%2C469&amp;ssl=1\" class=\"alignnone size-large wp-image-115\" alt=\"P3100077\" src=\"https:\/\/i0.wp.com\/www.sastamalankylat.fi\/tapiola\/wp-content\/uploads\/sites\/5\/2013\/06\/P3100077.jpg?resize=625%2C468\" width=\"625\" height=\"468\" srcset=\"https:\/\/i0.wp.com\/www.sastamalankylat.fi\/tapiola\/wp-content\/uploads\/sites\/5\/2013\/06\/P3100077.jpg?resize=1024%2C768&amp;ssl=1 1024w, https:\/\/i0.wp.com\/www.sastamalankylat.fi\/tapiola\/wp-content\/uploads\/sites\/5\/2013\/06\/P3100077.jpg?resize=300%2C225&amp;ssl=1 300w, https:\/\/i0.wp.com\/www.sastamalankylat.fi\/tapiola\/wp-content\/uploads\/sites\/5\/2013\/06\/P3100077.jpg?resize=624%2C468&amp;ssl=1 624w, https:\/\/i0.wp.com\/www.sastamalankylat.fi\/tapiola\/wp-content\/uploads\/sites\/5\/2013\/06\/P3100077.jpg?w=1333&amp;ssl=1 1333w, https:\/\/i0.wp.com\/www.sastamalankylat.fi\/tapiola\/wp-content\/uploads\/sites\/5\/2013\/06\/P3100077.jpg?w=1250 1250w\" sizes=\"auto, (max-width: 625px) 100vw, 625px\" \/><\/a><br \/>\nJuulia Salom\u00e4ki, Pirkko Salom\u00e4ki ja Eeva Nurmi krottimollikkakurssilla Monakon kyl\u00e4talolla 10.3.2005.<\/p>\n<p><a href=\"https:\/\/i0.wp.com\/www.sastamalankylat.fi\/tapiola\/wp-content\/uploads\/sites\/5\/2013\/06\/P3100086.jpg\"><img data-recalc-dims=\"1\" loading=\"lazy\" decoding=\"async\" data-attachment-id=\"116\" data-permalink=\"https:\/\/www.sastamalankylat.fi\/tapiola\/sekalaisia-kuvia\/p3100086\/\" data-orig-file=\"https:\/\/i0.wp.com\/www.sastamalankylat.fi\/tapiola\/wp-content\/uploads\/sites\/5\/2013\/06\/P3100086.jpg?fit=1333%2C1000&amp;ssl=1\" data-orig-size=\"1333,1000\" data-comments-opened=\"1\" data-image-meta=\"{&quot;aperture&quot;:&quot;0&quot;,&quot;credit&quot;:&quot;&quot;,&quot;camera&quot;:&quot;&quot;,&quot;caption&quot;:&quot;&quot;,&quot;created_timestamp&quot;:&quot;0&quot;,&quot;copyright&quot;:&quot;&quot;,&quot;focal_length&quot;:&quot;0&quot;,&quot;iso&quot;:&quot;0&quot;,&quot;shutter_speed&quot;:&quot;0&quot;,&quot;title&quot;:&quot;&quot;}\" data-image-title=\"P3100086\" data-image-description=\"\" data-image-caption=\"\" data-large-file=\"https:\/\/i0.wp.com\/www.sastamalankylat.fi\/tapiola\/wp-content\/uploads\/sites\/5\/2013\/06\/P3100086.jpg?fit=625%2C469&amp;ssl=1\" class=\"alignnone size-large wp-image-116\" alt=\"P3100086\" src=\"https:\/\/i0.wp.com\/www.sastamalankylat.fi\/tapiola\/wp-content\/uploads\/sites\/5\/2013\/06\/P3100086.jpg?resize=625%2C468\" width=\"625\" height=\"468\" srcset=\"https:\/\/i0.wp.com\/www.sastamalankylat.fi\/tapiola\/wp-content\/uploads\/sites\/5\/2013\/06\/P3100086.jpg?resize=1024%2C768&amp;ssl=1 1024w, https:\/\/i0.wp.com\/www.sastamalankylat.fi\/tapiola\/wp-content\/uploads\/sites\/5\/2013\/06\/P3100086.jpg?resize=300%2C225&amp;ssl=1 300w, https:\/\/i0.wp.com\/www.sastamalankylat.fi\/tapiola\/wp-content\/uploads\/sites\/5\/2013\/06\/P3100086.jpg?resize=624%2C468&amp;ssl=1 624w, https:\/\/i0.wp.com\/www.sastamalankylat.fi\/tapiola\/wp-content\/uploads\/sites\/5\/2013\/06\/P3100086.jpg?w=1333&amp;ssl=1 1333w, https:\/\/i0.wp.com\/www.sastamalankylat.fi\/tapiola\/wp-content\/uploads\/sites\/5\/2013\/06\/P3100086.jpg?w=1250 1250w\" sizes=\"auto, (max-width: 625px) 100vw, 625px\" \/><\/a><br \/>\nKrottimollikat p\u00f6yd\u00e4ll\u00e4 ojennuksessa 10.3.2005.<\/p>\n<p><a href=\"https:\/\/i0.wp.com\/www.sastamalankylat.fi\/tapiola\/wp-content\/uploads\/sites\/5\/2013\/09\/11.jpg\"><img data-recalc-dims=\"1\" loading=\"lazy\" decoding=\"async\" data-attachment-id=\"287\" data-permalink=\"https:\/\/www.sastamalankylat.fi\/tapiola\/sekalaisia-kuvia\/11-3\/\" data-orig-file=\"https:\/\/i0.wp.com\/www.sastamalankylat.fi\/tapiola\/wp-content\/uploads\/sites\/5\/2013\/09\/11.jpg?fit=1600%2C984&amp;ssl=1\" data-orig-size=\"1600,984\" data-comments-opened=\"1\" data-image-meta=\"{&quot;aperture&quot;:&quot;0&quot;,&quot;credit&quot;:&quot;&quot;,&quot;camera&quot;:&quot;&quot;,&quot;caption&quot;:&quot;&quot;,&quot;created_timestamp&quot;:&quot;0&quot;,&quot;copyright&quot;:&quot;&quot;,&quot;focal_length&quot;:&quot;0&quot;,&quot;iso&quot;:&quot;0&quot;,&quot;shutter_speed&quot;:&quot;0&quot;,&quot;title&quot;:&quot;&quot;}\" data-image-title=\"11\" data-image-description=\"\" data-image-caption=\"\" data-large-file=\"https:\/\/i0.wp.com\/www.sastamalankylat.fi\/tapiola\/wp-content\/uploads\/sites\/5\/2013\/09\/11.jpg?fit=625%2C384&amp;ssl=1\" class=\"alignnone size-large wp-image-287\" alt=\"11\" src=\"https:\/\/i0.wp.com\/www.sastamalankylat.fi\/tapiola\/wp-content\/uploads\/sites\/5\/2013\/09\/11.jpg?resize=625%2C383\" width=\"625\" height=\"383\" srcset=\"https:\/\/i0.wp.com\/www.sastamalankylat.fi\/tapiola\/wp-content\/uploads\/sites\/5\/2013\/09\/11.jpg?resize=1024%2C629&amp;ssl=1 1024w, https:\/\/i0.wp.com\/www.sastamalankylat.fi\/tapiola\/wp-content\/uploads\/sites\/5\/2013\/09\/11.jpg?resize=300%2C184&amp;ssl=1 300w, https:\/\/i0.wp.com\/www.sastamalankylat.fi\/tapiola\/wp-content\/uploads\/sites\/5\/2013\/09\/11.jpg?resize=624%2C383&amp;ssl=1 624w, https:\/\/i0.wp.com\/www.sastamalankylat.fi\/tapiola\/wp-content\/uploads\/sites\/5\/2013\/09\/11.jpg?w=1600&amp;ssl=1 1600w, https:\/\/i0.wp.com\/www.sastamalankylat.fi\/tapiola\/wp-content\/uploads\/sites\/5\/2013\/09\/11.jpg?w=1250 1250w\" sizes=\"auto, (max-width: 625px) 100vw, 625px\" \/><\/a><br \/>\nHeimo Kuukka, Matti Kuukka ja Sanna Mustalahti askartelemassa Monakon kyl\u00e4talolla joulukuussa 2004.<\/p>\n<p><a href=\"https:\/\/i0.wp.com\/www.sastamalankylat.fi\/tapiola\/wp-content\/uploads\/sites\/5\/2013\/09\/IMG_00041.jpg\"><img data-recalc-dims=\"1\" loading=\"lazy\" decoding=\"async\" data-attachment-id=\"429\" data-permalink=\"https:\/\/www.sastamalankylat.fi\/tapiola\/sekalaisia-kuvia\/img_0004-2\/\" data-orig-file=\"https:\/\/i0.wp.com\/www.sastamalankylat.fi\/tapiola\/wp-content\/uploads\/sites\/5\/2013\/09\/IMG_00041.jpg?fit=1600%2C530&amp;ssl=1\" data-orig-size=\"1600,530\" data-comments-opened=\"0\" data-image-meta=\"{&quot;aperture&quot;:&quot;0&quot;,&quot;credit&quot;:&quot;&quot;,&quot;camera&quot;:&quot;&quot;,&quot;caption&quot;:&quot;&quot;,&quot;created_timestamp&quot;:&quot;0&quot;,&quot;copyright&quot;:&quot;&quot;,&quot;focal_length&quot;:&quot;0&quot;,&quot;iso&quot;:&quot;0&quot;,&quot;shutter_speed&quot;:&quot;0&quot;,&quot;title&quot;:&quot;&quot;}\" data-image-title=\"IMG_0004\" data-image-description=\"\" data-image-caption=\"\" data-large-file=\"https:\/\/i0.wp.com\/www.sastamalankylat.fi\/tapiola\/wp-content\/uploads\/sites\/5\/2013\/09\/IMG_00041.jpg?fit=625%2C207&amp;ssl=1\" class=\"alignnone size-large wp-image-429\" alt=\"IMG_0004\" src=\"https:\/\/i0.wp.com\/www.sastamalankylat.fi\/tapiola\/wp-content\/uploads\/sites\/5\/2013\/09\/IMG_00041.jpg?resize=625%2C206\" width=\"625\" height=\"206\" srcset=\"https:\/\/i0.wp.com\/www.sastamalankylat.fi\/tapiola\/wp-content\/uploads\/sites\/5\/2013\/09\/IMG_00041.jpg?resize=1024%2C339&amp;ssl=1 1024w, https:\/\/i0.wp.com\/www.sastamalankylat.fi\/tapiola\/wp-content\/uploads\/sites\/5\/2013\/09\/IMG_00041.jpg?resize=300%2C99&amp;ssl=1 300w, https:\/\/i0.wp.com\/www.sastamalankylat.fi\/tapiola\/wp-content\/uploads\/sites\/5\/2013\/09\/IMG_00041.jpg?resize=624%2C206&amp;ssl=1 624w, https:\/\/i0.wp.com\/www.sastamalankylat.fi\/tapiola\/wp-content\/uploads\/sites\/5\/2013\/09\/IMG_00041.jpg?w=1600&amp;ssl=1 1600w, https:\/\/i0.wp.com\/www.sastamalankylat.fi\/tapiola\/wp-content\/uploads\/sites\/5\/2013\/09\/IMG_00041.jpg?w=1250 1250w\" sizes=\"auto, (max-width: 625px) 100vw, 625px\" \/><\/a><br \/>\nHuutokauppa Tapiolan kent\u00e4ll\u00e4 kes\u00e4ll\u00e4 1994.<\/p>\n<p><a href=\"https:\/\/i0.wp.com\/www.sastamalankylat.fi\/tapiola\/wp-content\/uploads\/sites\/5\/2013\/06\/IMG_0003.jpg\"><img data-recalc-dims=\"1\" loading=\"lazy\" decoding=\"async\" data-attachment-id=\"84\" data-permalink=\"https:\/\/www.sastamalankylat.fi\/tapiola\/sekalaisia-kuvia\/img_0003\/\" data-orig-file=\"https:\/\/i0.wp.com\/www.sastamalankylat.fi\/tapiola\/wp-content\/uploads\/sites\/5\/2013\/06\/IMG_0003.jpg?fit=1490%2C1000&amp;ssl=1\" data-orig-size=\"1490,1000\" data-comments-opened=\"1\" data-image-meta=\"{&quot;aperture&quot;:&quot;0&quot;,&quot;credit&quot;:&quot;&quot;,&quot;camera&quot;:&quot;&quot;,&quot;caption&quot;:&quot;&quot;,&quot;created_timestamp&quot;:&quot;0&quot;,&quot;copyright&quot;:&quot;&quot;,&quot;focal_length&quot;:&quot;0&quot;,&quot;iso&quot;:&quot;0&quot;,&quot;shutter_speed&quot;:&quot;0&quot;,&quot;title&quot;:&quot;&quot;}\" data-image-title=\"IMG_0003\" data-image-description=\"\" data-image-caption=\"\" data-large-file=\"https:\/\/i0.wp.com\/www.sastamalankylat.fi\/tapiola\/wp-content\/uploads\/sites\/5\/2013\/06\/IMG_0003.jpg?fit=625%2C419&amp;ssl=1\" class=\"alignnone size-large wp-image-84\" alt=\"IMG_0003\" src=\"https:\/\/i0.wp.com\/www.sastamalankylat.fi\/tapiola\/wp-content\/uploads\/sites\/5\/2013\/06\/IMG_0003.jpg?resize=625%2C419\" width=\"625\" height=\"419\" srcset=\"https:\/\/i0.wp.com\/www.sastamalankylat.fi\/tapiola\/wp-content\/uploads\/sites\/5\/2013\/06\/IMG_0003.jpg?resize=1024%2C687&amp;ssl=1 1024w, https:\/\/i0.wp.com\/www.sastamalankylat.fi\/tapiola\/wp-content\/uploads\/sites\/5\/2013\/06\/IMG_0003.jpg?resize=300%2C201&amp;ssl=1 300w, https:\/\/i0.wp.com\/www.sastamalankylat.fi\/tapiola\/wp-content\/uploads\/sites\/5\/2013\/06\/IMG_0003.jpg?resize=624%2C418&amp;ssl=1 624w, https:\/\/i0.wp.com\/www.sastamalankylat.fi\/tapiola\/wp-content\/uploads\/sites\/5\/2013\/06\/IMG_0003.jpg?w=1490&amp;ssl=1 1490w, https:\/\/i0.wp.com\/www.sastamalankylat.fi\/tapiola\/wp-content\/uploads\/sites\/5\/2013\/06\/IMG_0003.jpg?w=1250 1250w\" sizes=\"auto, (max-width: 625px) 100vw, 625px\" \/><\/a><br \/>\nTapiolalaiset retkell\u00e4 Tervakosken Puuhamaassa kes\u00e4ll\u00e4 1988.<\/p>\n<p><a href=\"https:\/\/i0.wp.com\/www.sastamalankylat.fi\/tapiola\/wp-content\/uploads\/sites\/5\/2013\/06\/Joulukortti-III-Jani-Hanhij%C3%A4rvi.jpg\"><img data-recalc-dims=\"1\" loading=\"lazy\" decoding=\"async\" data-attachment-id=\"113\" data-permalink=\"https:\/\/www.sastamalankylat.fi\/tapiola\/sekalaisia-kuvia\/joulukortti-iii-jani-hanhijarvi\/\" data-orig-file=\"https:\/\/i0.wp.com\/www.sastamalankylat.fi\/tapiola\/wp-content\/uploads\/sites\/5\/2013\/06\/Joulukortti-III-Jani-Hanhij%C3%A4rvi.jpg?fit=1500%2C1000&amp;ssl=1\" data-orig-size=\"1500,1000\" data-comments-opened=\"1\" data-image-meta=\"{&quot;aperture&quot;:&quot;0&quot;,&quot;credit&quot;:&quot;&quot;,&quot;camera&quot;:&quot;&quot;,&quot;caption&quot;:&quot;&quot;,&quot;created_timestamp&quot;:&quot;0&quot;,&quot;copyright&quot;:&quot;&quot;,&quot;focal_length&quot;:&quot;0&quot;,&quot;iso&quot;:&quot;0&quot;,&quot;shutter_speed&quot;:&quot;0&quot;,&quot;title&quot;:&quot;&quot;}\" data-image-title=\"Joulukortti III &amp;#8211; Jani Hanhij\u00e4rvi\" data-image-description=\"\" data-image-caption=\"\" data-large-file=\"https:\/\/i0.wp.com\/www.sastamalankylat.fi\/tapiola\/wp-content\/uploads\/sites\/5\/2013\/06\/Joulukortti-III-Jani-Hanhij%C3%A4rvi.jpg?fit=625%2C416&amp;ssl=1\" class=\"alignnone size-large wp-image-113\" alt=\"Joulukortti III - Jani Hanhij\u00e4rvi\" src=\"https:\/\/i0.wp.com\/www.sastamalankylat.fi\/tapiola\/wp-content\/uploads\/sites\/5\/2013\/06\/Joulukortti-III-Jani-Hanhij%C3%A4rvi.jpg?resize=625%2C416\" width=\"625\" height=\"416\" srcset=\"https:\/\/i0.wp.com\/www.sastamalankylat.fi\/tapiola\/wp-content\/uploads\/sites\/5\/2013\/06\/Joulukortti-III-Jani-Hanhij%C3%A4rvi.jpg?resize=1024%2C682&amp;ssl=1 1024w, https:\/\/i0.wp.com\/www.sastamalankylat.fi\/tapiola\/wp-content\/uploads\/sites\/5\/2013\/06\/Joulukortti-III-Jani-Hanhij%C3%A4rvi.jpg?resize=300%2C200&amp;ssl=1 300w, https:\/\/i0.wp.com\/www.sastamalankylat.fi\/tapiola\/wp-content\/uploads\/sites\/5\/2013\/06\/Joulukortti-III-Jani-Hanhij%C3%A4rvi.jpg?resize=624%2C416&amp;ssl=1 624w, https:\/\/i0.wp.com\/www.sastamalankylat.fi\/tapiola\/wp-content\/uploads\/sites\/5\/2013\/06\/Joulukortti-III-Jani-Hanhij%C3%A4rvi.jpg?w=1500&amp;ssl=1 1500w, https:\/\/i0.wp.com\/www.sastamalankylat.fi\/tapiola\/wp-content\/uploads\/sites\/5\/2013\/06\/Joulukortti-III-Jani-Hanhij%C3%A4rvi.jpg?w=1250 1250w\" sizes=\"auto, (max-width: 625px) 100vw, 625px\" \/><\/a><br \/>\nMatalaj\u00e4rven aitta (Jani Hanhij\u00e4rvi).<\/p>\n<p><a href=\"https:\/\/i0.wp.com\/www.sastamalankylat.fi\/tapiola\/wp-content\/uploads\/sites\/5\/2013\/06\/IMG_9859.jpg\"><img data-recalc-dims=\"1\" loading=\"lazy\" decoding=\"async\" data-attachment-id=\"79\" data-permalink=\"https:\/\/www.sastamalankylat.fi\/tapiola\/sekalaisia-kuvia\/img_9859\/\" data-orig-file=\"https:\/\/i0.wp.com\/www.sastamalankylat.fi\/tapiola\/wp-content\/uploads\/sites\/5\/2013\/06\/IMG_9859.jpg?fit=1500%2C1000&amp;ssl=1\" data-orig-size=\"1500,1000\" data-comments-opened=\"1\" data-image-meta=\"{&quot;aperture&quot;:&quot;0&quot;,&quot;credit&quot;:&quot;&quot;,&quot;camera&quot;:&quot;&quot;,&quot;caption&quot;:&quot;&quot;,&quot;created_timestamp&quot;:&quot;0&quot;,&quot;copyright&quot;:&quot;&quot;,&quot;focal_length&quot;:&quot;0&quot;,&quot;iso&quot;:&quot;0&quot;,&quot;shutter_speed&quot;:&quot;0&quot;,&quot;title&quot;:&quot;&quot;}\" data-image-title=\"IMG_9859\" data-image-description=\"\" data-image-caption=\"\" data-large-file=\"https:\/\/i0.wp.com\/www.sastamalankylat.fi\/tapiola\/wp-content\/uploads\/sites\/5\/2013\/06\/IMG_9859.jpg?fit=625%2C416&amp;ssl=1\" class=\"alignnone size-large wp-image-79\" alt=\"IMG_9859\" src=\"https:\/\/i0.wp.com\/www.sastamalankylat.fi\/tapiola\/wp-content\/uploads\/sites\/5\/2013\/06\/IMG_9859.jpg?resize=625%2C416\" width=\"625\" height=\"416\" srcset=\"https:\/\/i0.wp.com\/www.sastamalankylat.fi\/tapiola\/wp-content\/uploads\/sites\/5\/2013\/06\/IMG_9859.jpg?resize=1024%2C682&amp;ssl=1 1024w, https:\/\/i0.wp.com\/www.sastamalankylat.fi\/tapiola\/wp-content\/uploads\/sites\/5\/2013\/06\/IMG_9859.jpg?resize=300%2C200&amp;ssl=1 300w, https:\/\/i0.wp.com\/www.sastamalankylat.fi\/tapiola\/wp-content\/uploads\/sites\/5\/2013\/06\/IMG_9859.jpg?resize=624%2C416&amp;ssl=1 624w, https:\/\/i0.wp.com\/www.sastamalankylat.fi\/tapiola\/wp-content\/uploads\/sites\/5\/2013\/06\/IMG_9859.jpg?w=1500&amp;ssl=1 1500w, https:\/\/i0.wp.com\/www.sastamalankylat.fi\/tapiola\/wp-content\/uploads\/sites\/5\/2013\/06\/IMG_9859.jpg?w=1250 1250w\" sizes=\"auto, (max-width: 625px) 100vw, 625px\" \/><\/a><br \/>\nTulva Houhaj\u00e4rvell\u00e4 6.6.2013 (Jani Hanhij\u00e4rvi).<\/p>\n<p><a href=\"https:\/\/i0.wp.com\/www.sastamalankylat.fi\/tapiola\/wp-content\/uploads\/sites\/5\/2013\/09\/IMG_0205.jpg\"><img data-recalc-dims=\"1\" loading=\"lazy\" decoding=\"async\" data-attachment-id=\"303\" data-permalink=\"https:\/\/www.sastamalankylat.fi\/tapiola\/sekalaisia-kuvia\/img_0205\/\" data-orig-file=\"https:\/\/i0.wp.com\/www.sastamalankylat.fi\/tapiola\/wp-content\/uploads\/sites\/5\/2013\/09\/IMG_0205.jpg?fit=1500%2C1000&amp;ssl=1\" data-orig-size=\"1500,1000\" data-comments-opened=\"1\" data-image-meta=\"{&quot;aperture&quot;:&quot;0&quot;,&quot;credit&quot;:&quot;&quot;,&quot;camera&quot;:&quot;&quot;,&quot;caption&quot;:&quot;&quot;,&quot;created_timestamp&quot;:&quot;0&quot;,&quot;copyright&quot;:&quot;&quot;,&quot;focal_length&quot;:&quot;0&quot;,&quot;iso&quot;:&quot;0&quot;,&quot;shutter_speed&quot;:&quot;0&quot;,&quot;title&quot;:&quot;&quot;}\" data-image-title=\"IMG_0205\" data-image-description=\"\" data-image-caption=\"\" data-large-file=\"https:\/\/i0.wp.com\/www.sastamalankylat.fi\/tapiola\/wp-content\/uploads\/sites\/5\/2013\/09\/IMG_0205.jpg?fit=625%2C416&amp;ssl=1\" class=\"alignnone size-large wp-image-303\" alt=\"IMG_0205\" src=\"https:\/\/i0.wp.com\/www.sastamalankylat.fi\/tapiola\/wp-content\/uploads\/sites\/5\/2013\/09\/IMG_0205.jpg?resize=625%2C416\" width=\"625\" height=\"416\" srcset=\"https:\/\/i0.wp.com\/www.sastamalankylat.fi\/tapiola\/wp-content\/uploads\/sites\/5\/2013\/09\/IMG_0205.jpg?resize=1024%2C682&amp;ssl=1 1024w, https:\/\/i0.wp.com\/www.sastamalankylat.fi\/tapiola\/wp-content\/uploads\/sites\/5\/2013\/09\/IMG_0205.jpg?resize=300%2C200&amp;ssl=1 300w, https:\/\/i0.wp.com\/www.sastamalankylat.fi\/tapiola\/wp-content\/uploads\/sites\/5\/2013\/09\/IMG_0205.jpg?resize=624%2C416&amp;ssl=1 624w, https:\/\/i0.wp.com\/www.sastamalankylat.fi\/tapiola\/wp-content\/uploads\/sites\/5\/2013\/09\/IMG_0205.jpg?w=1500&amp;ssl=1 1500w, https:\/\/i0.wp.com\/www.sastamalankylat.fi\/tapiola\/wp-content\/uploads\/sites\/5\/2013\/09\/IMG_0205.jpg?w=1250 1250w\" sizes=\"auto, (max-width: 625px) 100vw, 625px\" \/><\/a><br \/>\nM\u00e4ki-Laurilan Pentin lampaat talvipakkasessa (Jani Hanhij\u00e4rvi).<\/p>\n<p>&nbsp;<\/p>\n<!-- AddThis Advanced Settings generic via filter on the_content --><!-- AddThis Share Buttons generic via filter on the_content -->","protected":false},"excerpt":{"rendered":"<p>Alla sekalaisia kuvia eri puolilta Tapiolankyl\u00e4\u00e4. Keskistenj\u00e4rvi (Leena Myllyniemi). Juulia Salom\u00e4ki, Pirkko Salom\u00e4ki ja Eeva Nurmi krottimollikkakurssilla Monakon kyl\u00e4talolla 10.3.2005. Krottimollikat p\u00f6yd\u00e4ll\u00e4 ojennuksessa 10.3.2005. Heimo Kuukka, Matti Kuukka ja Sanna Mustalahti askartelemassa Monakon kyl\u00e4talolla joulukuussa 2004. Huutokauppa Tapiolan kent\u00e4ll\u00e4 kes\u00e4ll\u00e4 1994. Tapiolalaiset retkell\u00e4 Tervakosken Puuhamaassa kes\u00e4ll\u00e4 1988. Matalaj\u00e4rven aitta (Jani Hanhij\u00e4rvi). Tulva Houhaj\u00e4rvell\u00e4 6.6.2013 (Jani [&hellip;]<!-- AddThis Advanced Settings generic via filter on wp_trim_excerpt --><!-- AddThis Share Buttons generic via filter on wp_trim_excerpt --><\/p>\n","protected":false},"author":3,"featured_media":0,"parent":0,"menu_order":0,"comment_status":"closed","ping_status":"open","template":"","meta":{"jetpack_post_was_ever_published":false,"footnotes":""},"class_list":["post-235","page","type-page","status-publish","hentry"],"aioseo_notices":[],"jetpack_likes_enabled":true,"jetpack_sharing_enabled":true,"jetpack_shortlink":"https:\/\/wp.me\/P3DPvf-3N","_links":{"self":[{"href":"https:\/\/www.sastamalankylat.fi\/tapiola\/wp-json\/wp\/v2\/pages\/235","targetHints":{"allow":["GET"]}}],"collection":[{"href":"https:\/\/www.sastamalankylat.fi\/tapiola\/wp-json\/wp\/v2\/pages"}],"about":[{"href":"https:\/\/www.sastamalankylat.fi\/tapiola\/wp-json\/wp\/v2\/types\/page"}],"author":[{"embeddable":true,"href":"https:\/\/www.sastamalankylat.fi\/tapiola\/wp-json\/wp\/v2\/users\/3"}],"replies":[{"embeddable":true,"href":"https:\/\/www.sastamalankylat.fi\/tapiola\/wp-json\/wp\/v2\/comments?post=235"}],"version-history":[{"count":2,"href":"https:\/\/www.sastamalankylat.fi\/tapiola\/wp-json\/wp\/v2\/pages\/235\/revisions"}],"predecessor-version":[{"id":430,"href":"https:\/\/www.sastamalankylat.fi\/tapiola\/wp-json\/wp\/v2\/pages\/235\/revisions\/430"}],"wp:attachment":[{"href":"https:\/\/www.sastamalankylat.fi\/tapiola\/wp-json\/wp\/v2\/media?parent=235"}],"curies":[{"name":"wp","href":"https:\/\/api.w.org\/{rel}","templated":true}]}}