{"id":22,"date":"2013-06-05T22:26:03","date_gmt":"2013-06-05T19:26:03","guid":{"rendered":"http:\/\/www.sastamalankylat.fi\/tapiola\/?page_id=22"},"modified":"2020-05-21T00:50:01","modified_gmt":"2020-05-20T21:50:01","slug":"yhteystiedot","status":"publish","type":"page","link":"https:\/\/www.sastamalankylat.fi\/tapiola\/yhteystiedot\/","title":{"rendered":"Yhteystiedot"},"content":{"rendered":"<p><strong>Tapiolan kyl\u00e4yhdistyst\u00e4 koskevissa asioissa voitte ottaa yhteytt\u00e4 kyl\u00e4yhdistyksen s\u00e4hk\u00f6postiin: <span style=\"text-decoration: underline;\"><span style=\"color: #993366; text-decoration: underline;\">tapiolankyla (a) gmail.com<\/span><\/span>. My\u00f6s kyl\u00e4yhdistyksen pj. Seija Kuukka vastaa tiedusteluihin, puh. <span style=\"color: #993366;\">050 512 1608<\/span>.<\/strong><\/p>\n<p><strong>Tapiolan kyl\u00e4yhdistyksen kotisivuja koskevissa asioissa yhteytt\u00e4 kannattaa ottaa osoitteeseen: <span style=\"text-decoration: underline;\"><span style=\"color: #993366; text-decoration: underline;\">jani.hanhijarvi (a) gmail.com<\/span><\/span>.<\/strong><\/p>\n<!-- AddThis Advanced Settings generic via filter on the_content --><!-- AddThis Share Buttons generic via filter on the_content -->","protected":false},"excerpt":{"rendered":"<p>Tapiolan kyl\u00e4yhdistyst\u00e4 koskevissa asioissa voitte ottaa yhteytt\u00e4 kyl\u00e4yhdistyksen s\u00e4hk\u00f6postiin: tapiolankyla (a) gmail.com. My\u00f6s kyl\u00e4yhdistyksen pj. Seija Kuukka vastaa tiedusteluihin, puh. 050 512 1608. Tapiolan kyl\u00e4yhdistyksen kotisivuja koskevissa asioissa yhteytt\u00e4 kannattaa ottaa osoitteeseen: jani.hanhijarvi (a) gmail.com.<!-- AddThis Advanced Settings generic via filter on wp_trim_excerpt --><!-- AddThis Share Buttons generic via filter on wp_trim_excerpt --><\/p>\n","protected":false},"author":3,"featured_media":0,"parent":0,"menu_order":0,"comment_status":"closed","ping_status":"open","template":"","meta":{"jetpack_post_was_ever_published":false,"footnotes":""},"class_list":["post-22","page","type-page","status-publish","hentry"],"aioseo_notices":[],"jetpack_likes_enabled":true,"jetpack_sharing_enabled":true,"jetpack_shortlink":"https:\/\/wp.me\/P3DPvf-m","_links":{"self":[{"href":"https:\/\/www.sastamalankylat.fi\/tapiola\/wp-json\/wp\/v2\/pages\/22","targetHints":{"allow":["GET"]}}],"collection":[{"href":"https:\/\/www.sastamalankylat.fi\/tapiola\/wp-json\/wp\/v2\/pages"}],"about":[{"href":"https:\/\/www.sastamalankylat.fi\/tapiola\/wp-json\/wp\/v2\/types\/page"}],"author":[{"embeddable":true,"href":"https:\/\/www.sastamalankylat.fi\/tapiola\/wp-json\/wp\/v2\/users\/3"}],"replies":[{"embeddable":true,"href":"https:\/\/www.sastamalankylat.fi\/tapiola\/wp-json\/wp\/v2\/comments?post=22"}],"version-history":[{"count":3,"href":"https:\/\/www.sastamalankylat.fi\/tapiola\/wp-json\/wp\/v2\/pages\/22\/revisions"}],"predecessor-version":[{"id":1163,"href":"https:\/\/www.sastamalankylat.fi\/tapiola\/wp-json\/wp\/v2\/pages\/22\/revisions\/1163"}],"wp:attachment":[{"href":"https:\/\/www.sastamalankylat.fi\/tapiola\/wp-json\/wp\/v2\/media?parent=22"}],"curies":[{"name":"wp","href":"https:\/\/api.w.org\/{rel}","templated":true}]}}