{"id":20,"date":"2013-06-05T22:25:11","date_gmt":"2013-06-05T19:25:11","guid":{"rendered":"http:\/\/www.sastamalankylat.fi\/tapiola\/?page_id=20"},"modified":"2014-01-20T20:55:36","modified_gmt":"2014-01-20T18:55:36","slug":"kuvia","status":"publish","type":"page","link":"https:\/\/www.sastamalankylat.fi\/tapiola\/kuvia\/","title":{"rendered":"Kuvia"},"content":{"rendered":"<p><strong>Tapiolan kyl\u00e4yhdistyksell\u00e4 on vuosien kuluessa ollut monenlaisia<strong> tapahtumia. Seuraavassa niist\u00e4 valokuvia<\/strong>:<\/strong><\/p>\n<p><a href=\"http:\/\/www.sastamalankylat.fi\/tapiola\/sastamalan-kylamarkkinat-2013\/\" target=\"_blank\">Sastamalan Kyl\u00e4markkinat 2013<\/a><br \/>\n<a href=\"http:\/\/www.sastamalankylat.fi\/tapiola\/hameenkyron-retki-2013\/\" target=\"_blank\">H\u00e4meenkyr\u00f6n retki 2013<\/a><br \/>\n<a href=\"http:\/\/www.sastamalankylat.fi\/tapiola\/laskiaisrieha-2013\/\" target=\"_blank\">Laskiaisrieha 2013<\/a><br \/>\n<a href=\"http:\/\/www.sastamalankylat.fi\/tapiola\/kylayhdistyksen-10-vuotisjuhla-2012\/\" target=\"_blank\">Kyl\u00e4yhdistyksen 10 v. juhla 2012<\/a><br \/>\n<a href=\"http:\/\/www.sastamalankylat.fi\/tapiola\/sastamalan-kylamarkkinat-2012\/\" target=\"_blank\">Sastamalan Kyl\u00e4markkinat 2012<\/a><br \/>\n<a href=\"http:\/\/www.sastamalankylat.fi\/tapiola\/243-2\/\" target=\"_blank\">Monakon rompetori 2012<\/a><br \/>\n<a href=\"http:\/\/www.sastamalankylat.fi\/tapiola\/talvirieha-2012\/\" target=\"_blank\">Laskiaisrieha 2012<\/a><br \/>\n<a href=\"http:\/\/www.sastamalankylat.fi\/tapiola\/joulupuurot-2011\/\" target=\"_blank\">Joulun puurojuhla 2011<\/a><br \/>\n<a href=\"http:\/\/www.sastamalankylat.fi\/tapiola\/monakon-rompe-2011\/\" target=\"_blank\">Monakon rompetori 2011<\/a><br \/>\n<a href=\"http:\/\/www.sastamalankylat.fi\/tapiola\/laskiaisrieha-2011\/\" target=\"_blank\">Laskisrieha 2011<\/a><br \/>\n<a href=\"http:\/\/www.sastamalankylat.fi\/tapiola\/sekalaisia-kuvia\/\" target=\"_blank\">Sekalaisia kuvia<\/a><br \/>\n<a href=\"http:\/\/www.sastamalankylat.fi\/tapiola\/luontokuvia\/\" target=\"_blank\">Tosi sekalaisia kuvia<\/a><\/p>\n<p>&nbsp;<\/p>\n<!-- AddThis Advanced Settings generic via filter on the_content --><!-- AddThis Share Buttons generic via filter on the_content -->","protected":false},"excerpt":{"rendered":"<p>Tapiolan kyl\u00e4yhdistyksell\u00e4 on vuosien kuluessa ollut monenlaisia tapahtumia. Seuraavassa niist\u00e4 valokuvia: Sastamalan Kyl\u00e4markkinat 2013 H\u00e4meenkyr\u00f6n retki 2013 Laskiaisrieha 2013 Kyl\u00e4yhdistyksen 10 v. juhla 2012 Sastamalan Kyl\u00e4markkinat 2012 Monakon rompetori 2012 Laskiaisrieha 2012 Joulun puurojuhla 2011 Monakon rompetori 2011 Laskisrieha 2011 Sekalaisia kuvia Tosi sekalaisia kuvia &nbsp;<!-- AddThis Advanced Settings generic via filter on wp_trim_excerpt --><!-- AddThis Share Buttons generic via filter on wp_trim_excerpt --><\/p>\n","protected":false},"author":3,"featured_media":0,"parent":0,"menu_order":0,"comment_status":"closed","ping_status":"open","template":"","meta":{"jetpack_post_was_ever_published":false,"footnotes":""},"class_list":["post-20","page","type-page","status-publish","hentry"],"aioseo_notices":[],"jetpack_likes_enabled":true,"jetpack_sharing_enabled":true,"jetpack_shortlink":"https:\/\/wp.me\/P3DPvf-k","_links":{"self":[{"href":"https:\/\/www.sastamalankylat.fi\/tapiola\/wp-json\/wp\/v2\/pages\/20","targetHints":{"allow":["GET"]}}],"collection":[{"href":"https:\/\/www.sastamalankylat.fi\/tapiola\/wp-json\/wp\/v2\/pages"}],"about":[{"href":"https:\/\/www.sastamalankylat.fi\/tapiola\/wp-json\/wp\/v2\/types\/page"}],"author":[{"embeddable":true,"href":"https:\/\/www.sastamalankylat.fi\/tapiola\/wp-json\/wp\/v2\/users\/3"}],"replies":[{"embeddable":true,"href":"https:\/\/www.sastamalankylat.fi\/tapiola\/wp-json\/wp\/v2\/comments?post=20"}],"version-history":[{"count":2,"href":"https:\/\/www.sastamalankylat.fi\/tapiola\/wp-json\/wp\/v2\/pages\/20\/revisions"}],"predecessor-version":[{"id":553,"href":"https:\/\/www.sastamalankylat.fi\/tapiola\/wp-json\/wp\/v2\/pages\/20\/revisions\/553"}],"wp:attachment":[{"href":"https:\/\/www.sastamalankylat.fi\/tapiola\/wp-json\/wp\/v2\/media?parent=20"}],"curies":[{"name":"wp","href":"https:\/\/api.w.org\/{rel}","templated":true}]}}