{"id":19,"date":"2013-06-05T22:24:50","date_gmt":"2013-06-05T19:24:50","guid":{"rendered":"http:\/\/www.sastamalankylat.fi\/tapiola\/?page_id=19"},"modified":"2026-03-31T22:57:56","modified_gmt":"2026-03-31T19:57:56","slug":"hallitus-2026","status":"publish","type":"page","link":"https:\/\/www.sastamalankylat.fi\/tapiola\/hallitus-2026\/","title":{"rendered":"Hallitus 2026"},"content":{"rendered":"<p><strong>Tapiolan kyl\u00e4yhdistys ry:n hallitus vuonna 2026:<\/strong><\/p>\r\n<p>Kuukka Seija, puheenjohtaja<br \/>Hanhij\u00e4rvi Jani, sihteeri<br \/>Harjunp\u00e4\u00e4 Isto, laavuvastaava<br \/>Heinonen Kerttu, catering-vastaava<br \/>Isolauri Katriina, varapuheenjohtaja, catering-vastaava<br \/>Kurki Veikko, retkeilyvastaava<br \/>Lammi Anne, catering-vastaava<br \/>Myllyniemi Leena, tapahtumavastaava<br \/>M\u00e4ki-Laurila Sakari, laavuvastaava<br \/><br \/><\/p>\r\n<p><a href=\"https:\/\/i0.wp.com\/www.sastamalankylat.fi\/tapiola\/wp-content\/uploads\/sites\/5\/2015\/07\/Logo-2.jpg\"><img data-recalc-dims=\"1\" loading=\"lazy\" decoding=\"async\" data-attachment-id=\"807\" data-permalink=\"https:\/\/www.sastamalankylat.fi\/tapiola\/2016\/02\/23\/tapiolankylan-talvitiedote-2016\/logo-2\/\" data-orig-file=\"https:\/\/i0.wp.com\/www.sastamalankylat.fi\/tapiola\/wp-content\/uploads\/sites\/5\/2015\/07\/Logo-2.jpg?fit=611%2C554&amp;ssl=1\" data-orig-size=\"611,554\" data-comments-opened=\"0\" data-image-meta=\"{&quot;aperture&quot;:&quot;0&quot;,&quot;credit&quot;:&quot;&quot;,&quot;camera&quot;:&quot;&quot;,&quot;caption&quot;:&quot;&quot;,&quot;created_timestamp&quot;:&quot;0&quot;,&quot;copyright&quot;:&quot;&quot;,&quot;focal_length&quot;:&quot;0&quot;,&quot;iso&quot;:&quot;0&quot;,&quot;shutter_speed&quot;:&quot;0&quot;,&quot;title&quot;:&quot;&quot;,&quot;orientation&quot;:&quot;1&quot;}\" data-image-title=\"Logo 2\" data-image-description=\"\" data-image-caption=\"\" data-large-file=\"https:\/\/i0.wp.com\/www.sastamalankylat.fi\/tapiola\/wp-content\/uploads\/sites\/5\/2015\/07\/Logo-2.jpg?fit=611%2C554&amp;ssl=1\" class=\"alignnone  wp-image-807\" src=\"https:\/\/i0.wp.com\/www.sastamalankylat.fi\/tapiola\/wp-content\/uploads\/sites\/5\/2015\/07\/Logo-2.jpg?resize=461%2C418\" alt=\"\" width=\"461\" height=\"418\" srcset=\"https:\/\/i0.wp.com\/www.sastamalankylat.fi\/tapiola\/wp-content\/uploads\/sites\/5\/2015\/07\/Logo-2.jpg?w=611&amp;ssl=1 611w, https:\/\/i0.wp.com\/www.sastamalankylat.fi\/tapiola\/wp-content\/uploads\/sites\/5\/2015\/07\/Logo-2.jpg?resize=300%2C272&amp;ssl=1 300w\" sizes=\"auto, (max-width: 461px) 100vw, 461px\" \/><\/a><\/p>\r\n<!-- AddThis Advanced Settings generic via filter on the_content --><!-- AddThis Share Buttons generic via filter on the_content -->","protected":false},"excerpt":{"rendered":"<p>Tapiolan kyl\u00e4yhdistys ry:n hallitus vuonna 2026: Kuukka Seija, puheenjohtajaHanhij\u00e4rvi Jani, sihteeriHarjunp\u00e4\u00e4 Isto, laavuvastaavaHeinonen Kerttu, catering-vastaavaIsolauri Katriina, varapuheenjohtaja, catering-vastaavaKurki Veikko, retkeilyvastaavaLammi Anne, catering-vastaavaMyllyniemi Leena, tapahtumavastaavaM\u00e4ki-Laurila Sakari, laavuvastaava<!-- AddThis Advanced Settings generic via filter on wp_trim_excerpt --><!-- AddThis Share Buttons generic via filter on wp_trim_excerpt --><\/p>\n","protected":false},"author":3,"featured_media":0,"parent":0,"menu_order":0,"comment_status":"closed","ping_status":"open","template":"","meta":{"jetpack_post_was_ever_published":false,"footnotes":""},"class_list":["post-19","page","type-page","status-publish","hentry"],"aioseo_notices":[],"jetpack_likes_enabled":true,"jetpack_sharing_enabled":true,"jetpack_shortlink":"https:\/\/wp.me\/P3DPvf-j","_links":{"self":[{"href":"https:\/\/www.sastamalankylat.fi\/tapiola\/wp-json\/wp\/v2\/pages\/19","targetHints":{"allow":["GET"]}}],"collection":[{"href":"https:\/\/www.sastamalankylat.fi\/tapiola\/wp-json\/wp\/v2\/pages"}],"about":[{"href":"https:\/\/www.sastamalankylat.fi\/tapiola\/wp-json\/wp\/v2\/types\/page"}],"author":[{"embeddable":true,"href":"https:\/\/www.sastamalankylat.fi\/tapiola\/wp-json\/wp\/v2\/users\/3"}],"replies":[{"embeddable":true,"href":"https:\/\/www.sastamalankylat.fi\/tapiola\/wp-json\/wp\/v2\/comments?post=19"}],"version-history":[{"count":20,"href":"https:\/\/www.sastamalankylat.fi\/tapiola\/wp-json\/wp\/v2\/pages\/19\/revisions"}],"predecessor-version":[{"id":2602,"href":"https:\/\/www.sastamalankylat.fi\/tapiola\/wp-json\/wp\/v2\/pages\/19\/revisions\/2602"}],"wp:attachment":[{"href":"https:\/\/www.sastamalankylat.fi\/tapiola\/wp-json\/wp\/v2\/media?parent=19"}],"curies":[{"name":"wp","href":"https:\/\/api.w.org\/{rel}","templated":true}]}}