{"id":18,"date":"2013-06-05T22:24:32","date_gmt":"2013-06-05T19:24:32","guid":{"rendered":"http:\/\/www.sastamalankylat.fi\/tapiola\/?page_id=18"},"modified":"2013-09-11T22:25:39","modified_gmt":"2013-09-11T19:25:39","slug":"saannot","status":"publish","type":"page","link":"https:\/\/www.sastamalankylat.fi\/tapiola\/saannot\/","title":{"rendered":"S\u00e4\u00e4nn\u00f6t"},"content":{"rendered":"<h2><\/h2>\n<h2><b>Tapiolan kyl\u00e4yhdistys ry:n s\u00e4\u00e4nn\u00f6t<\/b><\/h2>\n<p>&nbsp;<\/p>\n<p><b>1 \u00a7 Nimi, kotipaikka ja toimialue<\/b><\/p>\n<p>Yhdistyksen nimi on Tapiolan kyl\u00e4yhdistys ry. Yhdistyksen kotipaikka on Sastamalan kaupunki. Yhdistyksen toimialueena on Tapiolan entiseen koulupiiriin kuulunut alue huolimatta siit\u00e4, mihin Sastamalan kaupungin kyl\u00e4\u00e4n asukkaat tilakohtaisesti kuuluvat.<\/p>\n<p>&nbsp;<\/p>\n<p><b>2 \u00a7 Tarkoitus ja perustavoite<\/b><\/p>\n<p>Yhdistyksen tarkoituksena on koota Tapiolankyl\u00e4n ihmiset yhteistoimintaan kyl\u00e4ns\u00e4 hyv\u00e4ksi, j\u00e4sentens\u00e4 aineellisen ja henkisen hyvinvoinnin edist\u00e4miseksi sek\u00e4 heid\u00e4n tietojensa ja taitojensa kehitt\u00e4miseksi. Perustavoite on Tapiolankyl\u00e4n elinvoimaisuuden s\u00e4ilytt\u00e4minen ja kyl\u00e4l\u00e4isten hyvinvoinnin ja yhteistoiminnan edist\u00e4minen. Yhdistys on puoluepoliittisesti sitoutumaton.<\/p>\n<p>&nbsp;<\/p>\n<p><b>3 \u00a7 Tarkoituksen ja perustavoitteen toteuttaminen<\/b><\/p>\n<p>Tarkoituksen ja perustavoitteen toteuttamiseksi yhdistys:<\/p>\n<ol>\n<li>Yll\u00e4pit\u00e4\u00e4 kyl\u00e4yhteis\u00f6n yhteenkuuluvuutta ja luo mahdollisuuksia ihmisten v\u00e4lisiin kanssak\u00e4ymisiin j\u00e4rjest\u00e4m\u00e4ll\u00e4 yhteist\u00e4 toimintaa, tapahtumia, retki\u00e4 sek\u00e4 kokous- ja opintotilaisuuksia.<\/li>\n<li>Yll\u00e4pit\u00e4\u00e4 ja kehitt\u00e4\u00e4 kyl\u00e4yhteis\u00f6n kulttuuriperinteit\u00e4 ja -palveluja omien resurssiensa rajoissa.<\/li>\n<li>Kannustaa j\u00e4seni\u00e4\u00e4n kehitt\u00e4m\u00e4\u00e4n itse\u00e4\u00e4n maaseudun elinkeinotoiminnassa, kotitaloudessa sek\u00e4 maiseman- ja ymp\u00e4rist\u00f6nhoidossa.<\/li>\n<li>Voi tehd\u00e4 j\u00e4senilleen omakustannushintaan yhteishankintoja tarpeitten ja mahdollisuuksien mukaan.<\/li>\n<li>Pyrkii yhteisty\u00f6h\u00f6n toimialueella sijaitsevien muiden yhdistysten kanssa.<\/li>\n<li>Pyrkii yhteisty\u00f6h\u00f6n Sastamalan muiden kyl\u00e4yhdistysten kanssa.<\/li>\n<li>Tekee aloitteita ja antaa lausuntoja, jotka liittyv\u00e4t Sastamalan kaupungin toimintaan tai yleisesti maaseudun kehitt\u00e4miseen.<\/li>\n<li>Osallistuu kyl\u00e4yhteis\u00f6\u00e4 kehitt\u00e4v\u00e4\u00e4n ja yhdistyksen tarkoitukseen liittyv\u00e4\u00e4n hanketoimintaan.<\/li>\n<li>Toimii parhaan kykyns\u00e4 mukaan kyl\u00e4yhteis\u00f6n taloudellisen ja henkisen toiminnan edist\u00e4miseksi, viihtyvyyden parantamiseksi, ja tunnettavuuden lis\u00e4\u00e4miseksi muualla Sastamalassa ja Suomessa.<\/li>\n<li>Voi perustaa rekister\u00f6im\u00e4tt\u00f6mi\u00e4 jaostoja erityistarpeiden toteuttamiseksi.<\/li>\n<\/ol>\n<p><b><br clear=\"all\" \/> <\/b><\/p>\n<p><b>4 \u00a7 Toiminnan tukeminen<\/b><\/p>\n<p>Toimintansa tukemiseksi yhdistys voi:<\/p>\n<ol start=\"1\">\n<li>Vastaanottaa lahjoituksia.<\/li>\n<li>Omistaa kiinteist\u00f6j\u00e4.<\/li>\n<li>J\u00e4rjest\u00e4\u00e4 arpajaisia, kirpputoreja, huutokauppoja ja muita vastaavia tilaisuuksia sek\u00e4 tansseja, n\u00e4ytelmi\u00e4 ja muita esityksi\u00e4.<\/li>\n<li>J\u00e4rjest\u00e4\u00e4 varojen ker\u00e4yksi\u00e4 muulla tavalla.<\/li>\n<li>Harjoittaa yhdess\u00e4 toimipaikassa majoitus-, kioski-, kahvila- ja ravintolatoimintaa. Tarvittaessa yhdistys hankkii t\u00e4llaiseen toimintaan asianmukaisen luvan.<\/li>\n<\/ol>\n<p>Yhdistyksen tarkoituksena ei ole tuottaa taloudellista ansiota siihen osallisille, eik\u00e4 sen toiminta muutenkaan saa muodostua p\u00e4\u00e4asiassa taloudelliseksi.<\/p>\n<p>&nbsp;<\/p>\n<p><b>5 \u00a7 J\u00e4senyys<\/b><\/p>\n<p>Yhdistyksen j\u00e4seneksi hallitus voi hyv\u00e4ksy\u00e4:<\/p>\n<ol start=\"1\">\n<li>Henkil\u00f6j\u00e4seneksi 15 vuotta t\u00e4ytt\u00e4neen henkil\u00f6n, joka haluaa edist\u00e4\u00e4 yhdistyksen tarkoitusperi\u00e4 ja toimintaa. Henkil\u00f6n ei tarvitse asua Tapiolankyl\u00e4n toimialueella.<\/li>\n<li>Yhteis\u00f6j\u00e4seneksi sellaisen rekister\u00f6idyn yhdistyksen tai muun oikeuskelpoisen yhteis\u00f6n, joka haluaa edist\u00e4\u00e4 yhdistyksen toimintaa.<\/li>\n<\/ol>\n<p>Kunniaj\u00e4seneksi voi yhdistyksen kokous hallituksen esityksest\u00e4 kutsua henkil\u00f6n, joka ansiokkaasti on edist\u00e4nyt yhdistyksen toimintaa.<\/p>\n<p>&nbsp;<\/p>\n<p><b>6 \u00a7 J\u00e4senen erottaminen ja eroaminen<\/b><\/p>\n<p>Hallitus voi erottaa henkil\u00f6- tai yhteis\u00f6j\u00e4senen yhdistyksest\u00e4, mik\u00e4li t\u00e4m\u00e4 on j\u00e4tt\u00e4nyt er\u00e4\u00e4ntyneen j\u00e4senmaksun maksamatta tai muuten j\u00e4tt\u00e4nyt t\u00e4ytt\u00e4m\u00e4tt\u00e4 ne velvoitteet, joihin h\u00e4n on yhdistykseen liittym\u00e4ll\u00e4 sitoutunut, tai on menettelyll\u00e4\u00e4n yhdistyksess\u00e4 tai sen ulkopuolella vahingoittanut yhdistyst\u00e4, tai ei en\u00e4\u00e4 t\u00e4yt\u00e4 laissa tai yhdistyksen s\u00e4\u00e4nn\u00f6iss\u00e4 mainittuja j\u00e4senyyden ehtoja. J\u00e4sen voi pyyt\u00e4\u00e4 yhdistyksen kokousta k\u00e4sittelem\u00e4\u00e4n hallituksen h\u00e4nt\u00e4 koskevaa erottamisp\u00e4\u00e4t\u00f6st\u00e4. Pyynt\u00f6 on teht\u00e4v\u00e4 kirjallisesti hallitukselle kolmenkymmenen (30) vuorokauden kuluessa siit\u00e4, kun tieto erottamisp\u00e4\u00e4t\u00f6ksest\u00e4 on saatu.<\/p>\n<p>Jos j\u00e4sen itse haluaa erota, h\u00e4n voi tehd\u00e4 siit\u00e4 kirjallisen ilmoituksen hallitukselle tai ilmoittaa eroamisestaan yhdistyksen kokouksessa. Eroaminen lasketaan tapahtuvaksi sen kalenterivuoden lopussa, jonka aikana eroamisilmoitus on tehty. J\u00e4sen on velvollinen maksamaan j\u00e4senmaksun eroamisp\u00e4iv\u00e4\u00e4n saakka.<\/p>\n<p><b><br clear=\"all\" \/> <\/b><\/p>\n<p><b>7 \u00a7 Liittymis- ja j\u00e4senmaksu<\/b><\/p>\n<p>Yhdistyksell\u00e4 ei ole liittymismaksua. J\u00e4senmaksusta erikseen henkil\u00f6- ja yhteis\u00f6j\u00e4senille p\u00e4\u00e4tt\u00e4\u00e4 varsinainen kokous vuodeksi kerrallaan. Kunniaj\u00e4sen on vuotuisesta j\u00e4senmaksusta vapaa.<\/p>\n<p>J\u00e4senell\u00e4, joka ei ole suorittanut er\u00e4\u00e4ntynytt\u00e4 j\u00e4senmaksuaan kuukauden kuluessa er\u00e4p\u00e4iv\u00e4st\u00e4, ei ole \u00e4\u00e4nioikeutta yhdistyksen kokouksessa, ennen kuin j\u00e4senmaksu on suoritettu.<\/p>\n<p>&nbsp;<\/p>\n<p><b>8 \u00a7 Yhdistyksen kokoukset<\/b><\/p>\n<p>Yhdistyksen p\u00e4\u00e4t\u00e4nt\u00e4valtaa k\u00e4ytt\u00e4\u00e4 yhdistyksen kokous. Yhdistyksen kokoukset ovat varsinainen kokous ja ylim\u00e4\u00e4r\u00e4inen kokous. Varsinainen kokous pidet\u00e4\u00e4n kalenterivuosittain maaliskuun loppuun menness\u00e4.<\/p>\n<p>Ylim\u00e4\u00e4r\u00e4inen kokous on kutsuttava koolle, jos yhdistyksen kokous niin p\u00e4\u00e4tt\u00e4\u00e4 tai hallitus katsoo sen tarpeelliseksi tai jos v\u00e4hint\u00e4\u00e4n yksi kymmenesosa (1\/10) yhdistyksen \u00e4\u00e4nioikeutetuista j\u00e4senist\u00e4 sit\u00e4 kirjallisesti hallitukselta pyyt\u00e4\u00e4 m\u00e4\u00e4r\u00e4tyn asian k\u00e4sittely\u00e4 varten. Ylim\u00e4\u00e4r\u00e4inen kokous on pidett\u00e4v\u00e4 30 vuorokauden kuluessa siit\u00e4, kun vaatimus sen pit\u00e4misest\u00e4 on esitetty hallitukselle.<\/p>\n<p>Kullakin henkil\u00f6j\u00e4senell\u00e4 ja yhteis\u00f6j\u00e4senell\u00e4 on yksi \u00e4\u00e4ni. My\u00f6s kunniaj\u00e4senell\u00e4 on yhdistyksen kokouksessa puhe- ja \u00e4\u00e4nioikeus. Muun kuin yhteis\u00f6j\u00e4senen \u00e4\u00e4nioikeutta ei voi k\u00e4ytt\u00e4\u00e4 asiamies eik\u00e4 edustaja. P\u00e4\u00e4t\u00f6kset tehd\u00e4\u00e4n yksinkertaisella enemmist\u00f6ll\u00e4, paitsi p\u00e4\u00e4tett\u00e4ess\u00e4 asioista, joista n\u00e4iden s\u00e4\u00e4nt\u00f6jen 17 \u00a7:ss\u00e4 tai yhdistyslaissa on toisin m\u00e4\u00e4r\u00e4tty. \u00c4\u00e4nten menness\u00e4 tasan ratkaisee puheenjohtajan \u00e4\u00e4ni, vaaleissa kuitenkin arpa. Vaaleissa on \u00e4\u00e4nestys vaadittaessa toimitettava suljetuin lipuin.<\/p>\n<p>Yhdistyksen kokouksen avaa hallituksen puheenjohtaja tai h\u00e4nen ollessaan estyneen\u00e4, joku muu hallituksen j\u00e4sen. Puhetta johtaa kokouksessa valittu puheenjohtaja.<\/p>\n<p>&nbsp;<\/p>\n<p><b>9 \u00a7 Yhdistyksen kokousten koollekutsuminen<\/b><\/p>\n<p>Kutsu yhdistyksen kokouksiin toimitetaan yhdistyksen j\u00e4senille v\u00e4hint\u00e4\u00e4n seitsem\u00e4n (7) p\u00e4iv\u00e4\u00e4 ennen kokousta yhdistyksen varsinaisen kokouksen p\u00e4\u00e4tt\u00e4m\u00e4ll\u00e4 tavalla joko kirjeitse, s\u00e4hk\u00f6postitse tai lehti-ilmoituksella paikallislehdess\u00e4.<\/p>\n<p>&nbsp;<\/p>\n<p><b>10 \u00a7 Varsinaiset kokoukset<\/b><\/p>\n<p>Varsinaisessa kokouksessa k\u00e4sitell\u00e4\u00e4n seuraavat asiat:<\/p>\n<ol>\n<li>Avataan kokous.<\/li>\n<li>Valitaan kokouksen puheenjohtaja, sihteeri, kaksi p\u00f6yt\u00e4kirjantarkastajaa ja tarvittaessa kaksi \u00e4\u00e4ntenlaskijaa.<\/li>\n<li>Todetaan kokouksen laillisuus ja p\u00e4\u00e4t\u00f6svaltaisuus.<\/li>\n<li>Hyv\u00e4ksyt\u00e4\u00e4n kokouksen ty\u00f6j\u00e4rjestys.<\/li>\n<li>K\u00e4sitell\u00e4\u00e4n edellisen vuoden toimintakertomus ja p\u00e4\u00e4tet\u00e4\u00e4n sen hyv\u00e4ksymisest\u00e4.<\/li>\n<li>K\u00e4sitell\u00e4\u00e4n edellisen vuoden tilinp\u00e4\u00e4t\u00f6s sek\u00e4 toiminnantarkastajien lausunto sek\u00e4 p\u00e4\u00e4tet\u00e4\u00e4n tilinp\u00e4\u00e4t\u00f6ksen vahvistamisesta ja vastuuvapauden my\u00f6nt\u00e4misest\u00e4 hallitukselle ja muille vastuuvelvollisille.<\/li>\n<li>Hyv\u00e4ksyt\u00e4\u00e4n kuluvan vuoden toimintasuunnitelma ja talousarvio.<\/li>\n<li>P\u00e4\u00e4tet\u00e4\u00e4n seuraavan vuoden j\u00e4senmaksujen suuruus.<\/li>\n<li>Valitaan hallituksen puheenjohtaja joka kolmas vuosi.<\/li>\n<li>P\u00e4\u00e4tet\u00e4\u00e4n hallituksen j\u00e4senm\u00e4\u00e4r\u00e4 ja valitaan j\u00e4senet hallitukseen erovuoroisten tilalle.<\/li>\n<li>Valitaan yksi tai kaksi toiminnantarkastajaa ja yksi tai kaksi varatoiminnantarkastajaa kaksivuotiskaudeksi.<\/li>\n<li>P\u00e4\u00e4tet\u00e4\u00e4n yhdistyksen kokousten koollekutsumistavasta 9 \u00a7 m\u00e4\u00e4r\u00e4\u00e4miss\u00e4 rajoissa.<\/li>\n<li>K\u00e4sitell\u00e4\u00e4n muut kokouskutsussa mainitut asiat.<\/li>\n<\/ol>\n<p>Mik\u00e4li yhdistyksen j\u00e4sen haluaa jonkin asian k\u00e4sitelt\u00e4v\u00e4ksi yhdistyksen kokouksessa, on esitys siit\u00e4 j\u00e4tett\u00e4v\u00e4 kirjallisesti hallituksen valmisteltavaksi niin hyviss\u00e4 ajoin, ett\u00e4 asia voidaan sis\u00e4llytt\u00e4\u00e4 kokouskutsuun.<\/p>\n<p>&nbsp;<\/p>\n<p><b>11 \u00a7 Hallitus<\/b><\/p>\n<p>Yhdistyksen asioita hoitaa ja edustaa yhdistyksen hallitus, johon varsinainen kokous valitsee kolmeksi (3) vuodeksi kerrallaan puheenjohtajan ja kuudesta kahteentoista (6-12) j\u00e4sent\u00e4. Hallitukseen ei valita varaj\u00e4seni\u00e4. J\u00e4senist\u00e4 on erovuorossa vuosittain kaksi (2), aluksi arvan mukaan ja sitten vuorottain. Hallituksen kokoonpanossa tulee huomioida tasa-arvo sukupuolen, ik\u00e4rakenteen ja asuinpaikan suhteen.<\/p>\n<p>Hallitus valitsee keskuudestaan varapuheenjohtajan. Hallitus voi valita sihteerin ja rahastonhoitajan sek\u00e4 muut tarvittavat toimihenkil\u00f6t ja kyl\u00e4yhdistyksen edustajat keskuudestaan tai hallituksen ulkopuolelta.<\/p>\n<p>Hallitus kokoontuu puheenjohtajan tai h\u00e4nen estyneen\u00e4 ollessaan varapuheenjohtajan kutsusta, kun he katsovat siihen olevan aihetta tai kun v\u00e4hint\u00e4\u00e4n puolet hallituksen j\u00e4senist\u00e4 sit\u00e4 puheenjohtajalta kirjallisesti vaatii. Hallituksen kokous on pidett\u00e4v\u00e4 30 vuorokauden kuluessa siit\u00e4, kun vaatimus sen pit\u00e4misest\u00e4 on esitetty. Hallituksen kokousten koollekutsumistavasta ja -ajasta p\u00e4\u00e4tt\u00e4\u00e4 hallitus ensimm\u00e4isess\u00e4 kokouksessaan.<\/p>\n<p>Hallitus on p\u00e4\u00e4t\u00f6svaltainen, kun v\u00e4hint\u00e4\u00e4n puolet sen j\u00e4senist\u00e4, puheenjohtaja tai varapuheenjohtaja mukaan luettuna, on l\u00e4sn\u00e4. \u00c4\u00e4nestykset ratkaistaan yksinkertaisella enemmist\u00f6ll\u00e4. \u00c4\u00e4nten menness\u00e4 tasan ratkaisee puheenjohtajan \u00e4\u00e4ni, vaaleissa kuitenkin arpa.<\/p>\n<p><b><br clear=\"all\" \/> <\/b><\/p>\n<p><b>12 \u00a7 Nimen kirjoittaminen<\/b><\/p>\n<p>Yhdistyksen nimen kirjoittavat puheenjohtaja tai varapuheenjohtaja jompikumpi yhdess\u00e4 sihteerin tai rahastonhoitajan kanssa.<\/p>\n<p>&nbsp;<\/p>\n<p><b>Luottamus- ja toimihenkil\u00f6t<\/b><\/p>\n<p><b>13 \u00a7 Puheenjohtaja<\/b><\/p>\n<ol start=\"1\">\n<li>Kutsuu hallituksen koolle ja toimii kokousten puheenjohtajana.<\/li>\n<li>Allekirjoittaa yhdess\u00e4 sihteerin kanssa hallituksen kokousten p\u00f6yt\u00e4kirjat.<\/li>\n<li>Valvoo, ett\u00e4 s\u00e4\u00e4nt\u00f6jen ja lain velvoittamat teht\u00e4v\u00e4t yhdistyksen puolesta hoidetaan.<\/li>\n<li>Huolehtii, ett\u00e4 yhdistyksen kokousten ja hallituksen p\u00e4\u00e4t\u00f6kset pannaan t\u00e4yt\u00e4nt\u00f6\u00f6n sek\u00e4 seuraa jaostojen ja toimihenkil\u00f6iden toimintaa.<\/li>\n<li>Valvoo, ett\u00e4 yhdistyksen kirjanpito hoidetaan hallituksen m\u00e4\u00e4r\u00e4\u00e4m\u00e4n j\u00e4rjestelm\u00e4n mukaisesti, ja ett\u00e4 yhdistyksen omaisuutta ja taloutta hoidetaan huolellisesti sek\u00e4 rahavarat pidet\u00e4\u00e4n talletettuina hallituksen p\u00e4\u00e4t\u00f6sten ja yhdistyksen edun mukaisella tavalla.<\/li>\n<li>Ellei hallitus toisin p\u00e4\u00e4t\u00e4, hyv\u00e4ksyy yhdistyksen laskut ja antaa maksum\u00e4\u00e4r\u00e4ykset. Puheenjohtajan ollessa estyneen\u00e4 huolehtii varapuheenjohtaja h\u00e4nen teht\u00e4vist\u00e4\u00e4n.<\/li>\n<\/ol>\n<p>&nbsp;<\/p>\n<p><b>14 \u00a7 Sihteeri<\/b><\/p>\n<p>Valmistelee yhdess\u00e4 puheenjohtajan kanssa hallituksen ja yhdistyksen kokouksissa esille tulevat asiat.<\/p>\n<ol start=\"1\">\n<li>Laatii kokousten p\u00f6yt\u00e4kirjat ja muut asiakirjat, kirjeet ja tiedonannot, allekirjoittaa ne yhdess\u00e4 puheenjohtajan kanssa sek\u00e4 hoitaa yhdistyksen kirjeenvaihdon.<\/li>\n<li>Laatii yhdess\u00e4 puheenjohtajan kanssa ehdotuksen yhdistyksen toimintakertomukseksi ja toimintasuunnitelmaksi.<\/li>\n<li>Vastaa yhdistyksen arkiston hoidosta sek\u00e4 j\u00e4senluettelon yll\u00e4pit\u00e4misest\u00e4.<\/li>\n<\/ol>\n<p>&nbsp;<\/p>\n<p><b>15 \u00a7 Rahastonhoitaja<\/b><\/p>\n<ol start=\"1\">\n<li>Taloudellisista asioista yhdistyksess\u00e4 m\u00e4\u00e4r\u00e4\u00e4 kirjanpitolaki ja kirjanpitoasetus.<\/li>\n<li>Valmistaa yhdess\u00e4 puheenjohtajan ja sihteerin kanssa hallitukselle talousarvioesityksen varsinaiselle kokoukselle esitett\u00e4v\u00e4ksi.<\/li>\n<li>Hoitaa ja pit\u00e4\u00e4 luetteloa yhdistyksen omaisuudesta.<\/li>\n<\/ol>\n<p>&nbsp;<\/p>\n<p><b>16 \u00a7 Tilikausi ja toiminnantarkastus<\/b><\/p>\n<p>Yhdistyksen tilikausi on kalenterivuosi. Tilinp\u00e4\u00e4t\u00f6s, toimintakertomus ja muut tarvittavat asiakirjat on hallituksen j\u00e4tett\u00e4v\u00e4 toiminnantarkastajille v\u00e4hint\u00e4\u00e4n kuukautta ennen varsinaista kokousta. Toiminnantarkastajien tulee antaa kirjallinen lausunto v\u00e4hint\u00e4\u00e4n kaksi (2) viikkoa ennen varsinaista kokousta hallitukselle.<\/p>\n<p>&nbsp;<\/p>\n<p><b>17 \u00a7 S\u00e4\u00e4nt\u00f6jen muuttaminen ja yhdistyksen purkaminen<\/b><\/p>\n<p>P\u00e4\u00e4t\u00f6s n\u00e4iden s\u00e4\u00e4nt\u00f6jen muuttamisesta tai yhdistyksen purkamisesta voidaan tehd\u00e4 yhdistyksen kahdessa per\u00e4kk\u00e4isess\u00e4, v\u00e4hint\u00e4\u00e4n kolmenkymmenen (30) vuorokauden v\u00e4liajoin pidetyiss\u00e4 kokouksissa, joista toisen tulee olla varsinainen kokous. S\u00e4\u00e4nt\u00f6muutoksen hyv\u00e4ksymist\u00e4 on molemmissa yhdistyksen kokouksissa kannatettava v\u00e4hint\u00e4\u00e4n kolme nelj\u00e4sosaa (3\/4) \u00e4\u00e4nestyksess\u00e4 annetuista \u00e4\u00e4nist\u00e4.<\/p>\n<p>Kokouskutsussa on mainittava s\u00e4\u00e4nt\u00f6jen muuttamisesta tai yhdistyksen purkamisesta. Yhdistyksen purkautuessa sen varat k\u00e4ytet\u00e4\u00e4n viimeisen kokouksen p\u00e4\u00e4tt\u00e4m\u00e4ll\u00e4 tavalla yhdistyksen tarkoitusta edist\u00e4v\u00e4\u00e4n toimintaan.<\/p>\n<p>&nbsp;<\/p>\n<p><b>18 \u00a7 Saavutetut j\u00e4senoikeudet<\/b><\/p>\n<p>Saavutetut j\u00e4senoikeudet s\u00e4ilyv\u00e4t s\u00e4\u00e4nt\u00f6jen muuttuessa.<\/p>\n<p>&nbsp;<\/p>\n<p><b>19 \u00a7 Yhdistyslain s\u00e4\u00e4nn\u00f6kset<\/b><\/p>\n<p>Muutoin noudatetaan yhdistyslain s\u00e4\u00e4nn\u00f6ksi\u00e4.<\/p>\n<p>&nbsp;<\/p>\n<!-- AddThis Advanced Settings generic via filter on the_content --><!-- AddThis Share Buttons generic via filter on the_content -->","protected":false},"excerpt":{"rendered":"<p>Tapiolan kyl\u00e4yhdistys ry:n s\u00e4\u00e4nn\u00f6t &nbsp; 1 \u00a7 Nimi, kotipaikka ja toimialue Yhdistyksen nimi on Tapiolan kyl\u00e4yhdistys ry. Yhdistyksen kotipaikka on Sastamalan kaupunki. Yhdistyksen toimialueena on Tapiolan entiseen koulupiiriin kuulunut alue huolimatta siit\u00e4, mihin Sastamalan kaupungin kyl\u00e4\u00e4n asukkaat tilakohtaisesti kuuluvat. &nbsp; 2 \u00a7 Tarkoitus ja perustavoite Yhdistyksen tarkoituksena on koota Tapiolankyl\u00e4n ihmiset yhteistoimintaan kyl\u00e4ns\u00e4 hyv\u00e4ksi, j\u00e4sentens\u00e4 [&hellip;]<!-- AddThis Advanced Settings generic via filter on wp_trim_excerpt --><!-- AddThis Share Buttons generic via filter on wp_trim_excerpt --><\/p>\n","protected":false},"author":3,"featured_media":0,"parent":0,"menu_order":0,"comment_status":"closed","ping_status":"open","template":"","meta":{"jetpack_post_was_ever_published":false,"footnotes":""},"class_list":["post-18","page","type-page","status-publish","hentry"],"aioseo_notices":[],"jetpack_likes_enabled":true,"jetpack_sharing_enabled":true,"jetpack_shortlink":"https:\/\/wp.me\/P3DPvf-i","_links":{"self":[{"href":"https:\/\/www.sastamalankylat.fi\/tapiola\/wp-json\/wp\/v2\/pages\/18","targetHints":{"allow":["GET"]}}],"collection":[{"href":"https:\/\/www.sastamalankylat.fi\/tapiola\/wp-json\/wp\/v2\/pages"}],"about":[{"href":"https:\/\/www.sastamalankylat.fi\/tapiola\/wp-json\/wp\/v2\/types\/page"}],"author":[{"embeddable":true,"href":"https:\/\/www.sastamalankylat.fi\/tapiola\/wp-json\/wp\/v2\/users\/3"}],"replies":[{"embeddable":true,"href":"https:\/\/www.sastamalankylat.fi\/tapiola\/wp-json\/wp\/v2\/comments?post=18"}],"version-history":[{"count":2,"href":"https:\/\/www.sastamalankylat.fi\/tapiola\/wp-json\/wp\/v2\/pages\/18\/revisions"}],"predecessor-version":[{"id":210,"href":"https:\/\/www.sastamalankylat.fi\/tapiola\/wp-json\/wp\/v2\/pages\/18\/revisions\/210"}],"wp:attachment":[{"href":"https:\/\/www.sastamalankylat.fi\/tapiola\/wp-json\/wp\/v2\/media?parent=18"}],"curies":[{"name":"wp","href":"https:\/\/api.w.org\/{rel}","templated":true}]}}