{"id":17,"date":"2013-06-05T22:24:17","date_gmt":"2013-06-05T19:24:17","guid":{"rendered":"http:\/\/www.sastamalankylat.fi\/tapiola\/?page_id=17"},"modified":"2015-07-06T21:43:52","modified_gmt":"2015-07-06T18:43:52","slug":"kylayhdistys","status":"publish","type":"page","link":"https:\/\/www.sastamalankylat.fi\/tapiola\/kylayhdistys\/","title":{"rendered":"Puheenjohtajan pulinat 17.11.2012"},"content":{"rendered":"<p><strong>Tapiolan kyl\u00e4yhdistys ry. teki vuoden 2012 syksyll\u00e4 juhlalehden 10-vuotisjuhliinsa. Alla lehden p\u00e4\u00e4kirjoitus eli Kuukan Seijan <span style=\"color: #993366;\"><em>Puheenjohtajan pulinat<\/em><\/span>:<\/strong><\/p>\n<p>Tapiolan Kyl\u00e4yhdistys ry. t\u00e4ytt\u00e4\u00e4 17. marraskuuta 2012 kymmenen vuotta. Kyl\u00e4toimintaa Tapiolassa on ollut jo 1980-luvun lopulta l\u00e4htien, mutta Tapiolan Kyl\u00e4yhdistys rekister\u00f6ityi tuolloin virallisesti, kirkkaana alkutalven p\u00e4iv\u00e4n\u00e4 Viia-Marinka ja Pasi Niemisen pirtiss\u00e4 Ylistenj\u00e4rven rannalla.<\/p>\n<p>Silloin 1980-luvun lopulla joukko Tapiolan innovatiivisia, innokkaita ihmisi\u00e4 kokoontui yhteen ja p\u00e4\u00e4tti aloittaa hauskanpidon tapiolalaisille lapsille. Mukana toiminnan alussa olivat Toivolan Arja, Lemmetyisen Jaakko, Kulmalan Arto ja Anne ja Kuukan Seija ja Heimo. Vammalan kaupungilta kysyttiin k\u00e4ytt\u00f6lupaa ns. Tapiolan kent\u00e4lle ja sinne vuokrattiin nuorisotoimelta talviteltta ja ryhdyttiin pit\u00e4m\u00e4\u00e4n kyl\u00e4n lapsille p\u00e4iv\u00e4toimintaa kolme kertaa viikossa, vet\u00e4jin\u00e4 Jaakko, Arja ja Seija vuorotellen. Lapsia oli kymmenkunta ja yhdess\u00e4 lasten kanssa leikittiin, pelattiin, retkeiltiin ja sy\u00f6tiin ev\u00e4it\u00e4 teltassa aina kolme tuntia kerrallaan.<\/p>\n<p>Toimintaa p\u00e4\u00e4tettiin laajentaa koskemaan koko kyl\u00e4\u00e4 ja aloitettiin hillit\u00f6n varainhankinta j\u00e4rjest\u00e4m\u00e4ll\u00e4 kahtena per\u00e4kk\u00e4isen\u00e4 vuotena huutokauppatapahtuma kent\u00e4ll\u00e4. Huutokaupattavaa tavaraa ker\u00e4ttiin Tapiolan taloista. Kulmalan Arto ja Kuukan Seija kiersiv\u00e4t talo talolta ja saivat tuota pikaa auton t\u00e4yteen ja toisenkin. Tapahtumat ker\u00e4siv\u00e4t runsaasti v\u00e4ke\u00e4 ja rahaa tuli mukavasti toiminnan k\u00e4ynnist\u00e4miseen.<\/p>\n<p>Teimme yhdess\u00e4 useana vuotena retki\u00e4 eri kohteisiin; Lauhamon linja-auto oli aina t\u00e4ynn\u00e4 ja Heinon Olli kyl\u00e4lt\u00e4 oli meill\u00e4 edullisena kuskina. K\u00e4vimme mm. Tervakosken Puuhamaassa useampana vuotena, Linnanm\u00e4ell\u00e4, Turun Linnassa ja Zoolandiassa sek\u00e4 H\u00e4meenlinnassa Aulangolla uimassa. Silloiset lapset; nyky\u00e4\u00e4n jo nuoret aikuiset, muistelevat viel\u00e4kin kiimaisen norsun huutoa, l\u00e4tynpaistoa ja iloista tunnelmaa. Vuosien mittaan; lasten varttuessa, toiminta hiljeni muuten, mutta Tapiolan kent\u00e4ll\u00e4 pelattiin lentopalloa aina maanantaisin kes\u00e4aikaan.<\/p>\n<p>2000-luvun alussa her\u00e4si j\u00e4lleen innostus. Silloin innovaattoreina toimivat Vesterbackan Kirsti, Nurmen Heli ja Kuukan Seija sek\u00e4 lukuisa joukko muita kyl\u00e4l\u00e4isi\u00e4 ja p\u00e4\u00e4tettiin oikein rekister\u00f6ity\u00e4, jotta saisimme kyl\u00e4koordinaattorin tekem\u00e4\u00e4n meille kyl\u00e4suunnitelmaa. N\u00e4in sitten tapahtuikin ja toiminta alkoi vauhdikkaasti; koottiin pieni\u00e4 ty\u00f6ryhmi\u00e4 tekem\u00e4\u00e4n selvityst\u00e4 kyl\u00e4l\u00e4isille suunnatun kyselyn perusteella.<\/p>\n<p>Ryhm\u00e4ty\u00f6n ansiosta ilmestyi v. 2003 lopulla kyl\u00e4suunnitelma nimelt\u00e4\u00e4n \u201dTapiola \u2013 kyl\u00e4 ennen ja nyt\u201d. Suunnitelman loppusanat kuuluvat seuraavasti: \u201d<i>Suunnitelman tavoitteena on saada kyl\u00e4 pysym\u00e4\u00e4n vire\u00e4n\u00e4 ja mukavana asuinpaikkana nyt ja tulevaisuudessa. Se onnistuu parhaiten puhaltamalla yhteen hiileen ja vartioimalla, ett\u00e4 liekki ei sammu.<\/i>\u201d<\/p>\n<p>Yhteiseen hiileen puhallettiinkin ja toimintaa oli laidasta laitaan; Vanha \u00c4itienp\u00e4iv\u00e4juhla perinne her\u00e4tettiin henkiin; useana vuotena vanhassa Taipaleen pirtiss\u00e4 tarjottiin kyl\u00e4l\u00e4isille \u00e4itienp\u00e4iv\u00e4n\u00e4 kakkukahvit ohjelman kera ja osallistujia oli vauvasta vaariin. 25.7.2003 pidettiin vanhanaikaiset vihtaseurat Rinteen Hannun suulissa; tehtiin vihtoja, tanssittiin Kaija Pietil\u00e4n orkesterin tahdissa, oli puffetti, arpajaiset ja lopuksi huutokaupattiin tehdyt vihdat.<\/p>\n<p>K\u00e4mm\u00e4k\u00e4ntien, Koivulantien ja Hiedanmaantien risteykseen saatiin anomuksesta j\u00e4tepiste ja Ylistenj\u00e4rvelle kaupungin virkistysalueelle rakennettiin laavu, joka on kaikkien sastamalalaisten k\u00e4yt\u00f6ss\u00e4. Laavua olivat rakentamassa mm. M\u00e4ki-Laurilan Sakari, Himbergin Hannu, Voittom\u00e4en Kari, Henttosen Veikko, Ylistenniemen Unto, Nurmin Taneli ja Kuukan Heimo. Laavu nousi vauhdikkaasti ja ilmassa oli tekemisen meininki\u00e4, moottorisahan p\u00e4rin\u00e4n lis\u00e4ksi. Kirsti ja Seija paistoivat makkaraa ja keittiv\u00e4t nokipannukahvia talkoolaisille.<\/p>\n<p>Vammalan autourheilijoiden karting-jaoston, Joutsenten Reitin ja ELY-keskuksen kanssa tehtiin yhteisty\u00f6t\u00e4 Monakon-autourheiluradalle nousseen huoltorakennuksen suhteen; saimme k\u00e4ytt\u00f6\u00f6mme ns. Kyl\u00e4talon talviaikaisiin tapahtumiin. Kyl\u00e4yhdistyksen toiminta hiipui taas v\u00e4hitellen ja hallitus p\u00e4\u00e4tti pist\u00e4\u00e4 yhdistyksen \u201duinumaan\u201d v. 2008.<\/p>\n<p>Vuonna 2009 innostuivat Kulmalan Seija ja Myllyniemen Leena puhaltamaan j\u00e4lleen henke\u00e4 vanhaan hiillokseen ja kyl\u00e4toiminta koki uuden alun syksyll\u00e4 2009. Toimintaa j\u00e4rjestettiin runsaasti; oli mm. puurojuhla, vihtatalkoot, seurakunnan hartaushetki laavulla samoin yhteislaulu-ilta ja kes\u00e4retki. Yhteen hiileen puhaltaminen kuitenkin kangerteli ja kesken toimintakauden valittiin uusi hallitus pit\u00e4m\u00e4\u00e4n liekki\u00e4 yll\u00e4.<\/p>\n<p>Nykyinen hallitus: Seija Kuukka pj., Kirsti Vesterbacka vpj., Jani Hanhij\u00e4rvi sihteeri, Pauli Nikkil\u00e4 rahastonhoitaja, Heli Nurmi j\u00e4sen, Leena Myllyniemi j\u00e4sen ja Sakari M\u00e4ki-Laurila j\u00e4sen. Kyl\u00e4yhdistyksen uudeksi toiminnaksi on muodostunut Rompetorin pit\u00e4minen Monakon JM-radalla. Vuosina 2011 ja 2012 on v\u00e4ke\u00e4 kokoontunut ymp\u00e4ri Etel\u00e4-Suomea myym\u00e4\u00e4n ja ostamaan ihan kaikenlaista tavaraa. Kyl\u00e4yhdistys on pit\u00e4nyt omaa myyntip\u00f6yt\u00e4\u00e4 ja puffettia.<\/p>\n<p>Kes\u00e4ll\u00e4 2012 kyl\u00e4yhdistys piti Kes\u00e4kahvilaa Vesterbackan Kirstin vanhassa kotitalossa viiten\u00e4 perjantaina juhannuksen j\u00e4lkeen; k\u00e4vij\u00f6it\u00e4 oli keskim\u00e4\u00e4rin 20\/kerta, kahvi ja pulla tekiv\u00e4t kauppansa.<\/p>\n<p>Kev\u00e4\u00e4ll\u00e4 2012 Tapiolan Kyl\u00e4yhdistys ry. liittyi v. 2011 perustettuun Sastamalan Kyl\u00e4t ry.:een. Siihen kuuluu Sastamalan 33 kyl\u00e4yhdistyksest\u00e4 jo 32 kyl\u00e4\u00e4 ja Tapiolan Kyl\u00e4yhdistys on hyvin edustettuna hallituksessa; sihteerin\u00e4 Jani Hanhij\u00e4rvi ja j\u00e4senin\u00e4 Seija Kuukka ja Heli Nurmi. Kes\u00e4ll\u00e4 2012 Sastamalan Kyl\u00e4t j\u00e4rjesti Kyl\u00e4markkinat torilla ja Tapiolan kyl\u00e4yhdistys j\u00e4rjesti kahvituksen n. 1000 ihmiselle hyv\u00e4ll\u00e4 menestyksell\u00e4.<\/p>\n<p>Partiolaisten nuotion sytytyssanat sopivat hyvin kyl\u00e4toimintaa kuvaamaan; \u201d<i>Syty nuotio, pala nuotio, l\u00e4mmit\u00e4 ja valaise meit\u00e4.<\/i>\u201d Kyl\u00e4yhdistyksess\u00e4 aktiivisesti toimivat ovat niit\u00e4 halkoja ja kyl\u00e4l\u00e4iset, tapahtumiin osallistujat puhaltavat sytytettyyn liekkiin voimaa, jolla jaksetaan jatkaa eteenp\u00e4in.<\/p>\n<p>Kiitos kaikille meille kyl\u00e4l\u00e4isille menneist\u00e4 vuosista ja innostus kyl\u00e4toimintaan vaan kasvakoon!<\/p>\n<p><i>Kuukan Seija<\/i><\/p>\n<p>&nbsp;<\/p>\n<!-- AddThis Advanced Settings generic via filter on the_content --><!-- AddThis Share Buttons generic via filter on the_content -->","protected":false},"excerpt":{"rendered":"<p>Tapiolan kyl\u00e4yhdistys ry. teki vuoden 2012 syksyll\u00e4 juhlalehden 10-vuotisjuhliinsa. Alla lehden p\u00e4\u00e4kirjoitus eli Kuukan Seijan Puheenjohtajan pulinat: Tapiolan Kyl\u00e4yhdistys ry. t\u00e4ytt\u00e4\u00e4 17. marraskuuta 2012 kymmenen vuotta. Kyl\u00e4toimintaa Tapiolassa on ollut jo 1980-luvun lopulta l\u00e4htien, mutta Tapiolan Kyl\u00e4yhdistys rekister\u00f6ityi tuolloin virallisesti, kirkkaana alkutalven p\u00e4iv\u00e4n\u00e4 Viia-Marinka ja Pasi Niemisen pirtiss\u00e4 Ylistenj\u00e4rven rannalla. Silloin 1980-luvun lopulla joukko Tapiolan [&hellip;]<!-- AddThis Advanced Settings generic via filter on wp_trim_excerpt --><!-- AddThis Share Buttons generic via filter on wp_trim_excerpt --><\/p>\n","protected":false},"author":3,"featured_media":0,"parent":0,"menu_order":0,"comment_status":"closed","ping_status":"open","template":"","meta":{"jetpack_post_was_ever_published":false,"footnotes":""},"class_list":["post-17","page","type-page","status-publish","hentry"],"aioseo_notices":[],"jetpack_likes_enabled":true,"jetpack_sharing_enabled":true,"jetpack_shortlink":"https:\/\/wp.me\/P3DPvf-h","_links":{"self":[{"href":"https:\/\/www.sastamalankylat.fi\/tapiola\/wp-json\/wp\/v2\/pages\/17","targetHints":{"allow":["GET"]}}],"collection":[{"href":"https:\/\/www.sastamalankylat.fi\/tapiola\/wp-json\/wp\/v2\/pages"}],"about":[{"href":"https:\/\/www.sastamalankylat.fi\/tapiola\/wp-json\/wp\/v2\/types\/page"}],"author":[{"embeddable":true,"href":"https:\/\/www.sastamalankylat.fi\/tapiola\/wp-json\/wp\/v2\/users\/3"}],"replies":[{"embeddable":true,"href":"https:\/\/www.sastamalankylat.fi\/tapiola\/wp-json\/wp\/v2\/comments?post=17"}],"version-history":[{"count":2,"href":"https:\/\/www.sastamalankylat.fi\/tapiola\/wp-json\/wp\/v2\/pages\/17\/revisions"}],"predecessor-version":[{"id":832,"href":"https:\/\/www.sastamalankylat.fi\/tapiola\/wp-json\/wp\/v2\/pages\/17\/revisions\/832"}],"wp:attachment":[{"href":"https:\/\/www.sastamalankylat.fi\/tapiola\/wp-json\/wp\/v2\/media?parent=17"}],"curies":[{"name":"wp","href":"https:\/\/api.w.org\/{rel}","templated":true}]}}