{"id":143,"date":"2013-06-07T03:23:47","date_gmt":"2013-06-07T00:23:47","guid":{"rendered":"http:\/\/www.sastamalankylat.fi\/tapiola\/?page_id=143"},"modified":"2013-09-11T22:24:10","modified_gmt":"2013-09-11T19:24:10","slug":"sastamalan-kylien-kehittamissuunnitelma","status":"publish","type":"page","link":"https:\/\/www.sastamalankylat.fi\/tapiola\/sastamalan-kylien-kehittamissuunnitelma\/","title":{"rendered":"Sastamalan kylien kehitt\u00e4missuunnitelma"},"content":{"rendered":"<p>Sastamalan kylien esiselvityshankkeessa 1.10.2012 &#8211; 31.3.2013 laadittiin Sastamalan kylien kehitt\u00e4missuunnitelma, joka on ladattavissa t\u00e4st\u00e4:<\/p>\n<p><a href=\"http:\/\/www.sastamalankylat.fi\/tapiola\/wp-content\/uploads\/sites\/5\/2013\/06\/Sastamalan-kylien-esiselvityshanke-KEHITT\u00c4MISSUUNNITELMA-VALMIS.pdf\">Sastamalan kylien esiselvityshanke &#8211; KEHITT\u00c4MISSUUNNITELMA<\/a><\/p>\n<p>&nbsp;<\/p>\n<!-- AddThis Advanced Settings generic via filter on the_content --><!-- AddThis Share Buttons generic via filter on the_content -->","protected":false},"excerpt":{"rendered":"<p>Sastamalan kylien esiselvityshankkeessa 1.10.2012 &#8211; 31.3.2013 laadittiin Sastamalan kylien kehitt\u00e4missuunnitelma, joka on ladattavissa t\u00e4st\u00e4: Sastamalan kylien esiselvityshanke &#8211; KEHITT\u00c4MISSUUNNITELMA &nbsp;<!-- AddThis Advanced Settings generic via filter on wp_trim_excerpt --><!-- AddThis Share Buttons generic via filter on wp_trim_excerpt --><\/p>\n","protected":false},"author":3,"featured_media":0,"parent":0,"menu_order":0,"comment_status":"closed","ping_status":"open","template":"","meta":{"jetpack_post_was_ever_published":false,"footnotes":""},"class_list":["post-143","page","type-page","status-publish","hentry"],"aioseo_notices":[],"jetpack_likes_enabled":true,"jetpack_sharing_enabled":true,"jetpack_shortlink":"https:\/\/wp.me\/P3DPvf-2j","_links":{"self":[{"href":"https:\/\/www.sastamalankylat.fi\/tapiola\/wp-json\/wp\/v2\/pages\/143","targetHints":{"allow":["GET"]}}],"collection":[{"href":"https:\/\/www.sastamalankylat.fi\/tapiola\/wp-json\/wp\/v2\/pages"}],"about":[{"href":"https:\/\/www.sastamalankylat.fi\/tapiola\/wp-json\/wp\/v2\/types\/page"}],"author":[{"embeddable":true,"href":"https:\/\/www.sastamalankylat.fi\/tapiola\/wp-json\/wp\/v2\/users\/3"}],"replies":[{"embeddable":true,"href":"https:\/\/www.sastamalankylat.fi\/tapiola\/wp-json\/wp\/v2\/comments?post=143"}],"version-history":[{"count":2,"href":"https:\/\/www.sastamalankylat.fi\/tapiola\/wp-json\/wp\/v2\/pages\/143\/revisions"}],"predecessor-version":[{"id":208,"href":"https:\/\/www.sastamalankylat.fi\/tapiola\/wp-json\/wp\/v2\/pages\/143\/revisions\/208"}],"wp:attachment":[{"href":"https:\/\/www.sastamalankylat.fi\/tapiola\/wp-json\/wp\/v2\/media?parent=143"}],"curies":[{"name":"wp","href":"https:\/\/api.w.org\/{rel}","templated":true}]}}