{"id":140,"date":"2013-06-07T03:19:48","date_gmt":"2013-06-07T00:19:48","guid":{"rendered":"http:\/\/www.sastamalankylat.fi\/tapiola\/?page_id=140"},"modified":"2014-01-20T20:53:34","modified_gmt":"2014-01-20T18:53:34","slug":"arkisto","status":"publish","type":"page","link":"https:\/\/www.sastamalankylat.fi\/tapiola\/arkisto\/","title":{"rendered":"Arkisto"},"content":{"rendered":"<p><strong>Tapiolan kyl\u00e4yhdistyksen arkistosta l\u00f6ytyv\u00e4t:<\/strong><\/p>\n<p><a href=\"http:\/\/www.sastamalankylat.fi\/tapiola\/tapiola-runo\" target=\"_blank\">Tapiola-runo<\/a><br \/>\n<a href=\"http:\/\/www.sastamalankylat.fi\/tapiola\/tapiolan-kylayhdistys-10-v-juhlalehti\/\" target=\"_blank\">Tapiolan kyl\u00e4yhdistys 10 v. juhlalehti<\/a><br \/>\n<a href=\"http:\/\/www.sastamalankylat.fi\/tapiola\/kesakahvila\/\" target=\"_blank\">Vesterbackan kes\u00e4kahvila<\/a><br \/>\n<a href=\"http:\/\/www.sastamalankylat.fi\/tapiola\/lehtileikkeita\/\" target=\"_blank\">Lehtileikkeit\u00e4 menneilt\u00e4 vuosilta<\/a><br \/>\n<a href=\"http:\/\/www.sastamalankylat.fi\/tapiola\/laskiaisriehojen-tietovisat\/\" target=\"_blank\">Laskiaisriehojen tietovisat<\/a><br \/>\n<a href=\"http:\/\/www.sastamalankylat.fi\/tapiola\/sastamalan-kylien-kehittamissuunnitelma\/\" target=\"_blank\">Sastamalan kylien kehitt\u00e4missuunnitelma<\/a><\/p>\n<p>&nbsp;<\/p>\n<!-- AddThis Advanced Settings generic via filter on the_content --><!-- AddThis Share Buttons generic via filter on the_content -->","protected":false},"excerpt":{"rendered":"<p>Tapiolan kyl\u00e4yhdistyksen arkistosta l\u00f6ytyv\u00e4t: Tapiola-runo Tapiolan kyl\u00e4yhdistys 10 v. juhlalehti Vesterbackan kes\u00e4kahvila Lehtileikkeit\u00e4 menneilt\u00e4 vuosilta Laskiaisriehojen tietovisat Sastamalan kylien kehitt\u00e4missuunnitelma &nbsp;<!-- AddThis Advanced Settings generic via filter on wp_trim_excerpt --><!-- AddThis Share Buttons generic via filter on wp_trim_excerpt --><\/p>\n","protected":false},"author":3,"featured_media":0,"parent":0,"menu_order":0,"comment_status":"closed","ping_status":"open","template":"","meta":{"jetpack_post_was_ever_published":false,"footnotes":""},"class_list":["post-140","page","type-page","status-publish","hentry"],"aioseo_notices":[],"jetpack_likes_enabled":true,"jetpack_sharing_enabled":true,"jetpack_shortlink":"https:\/\/wp.me\/P3DPvf-2g","_links":{"self":[{"href":"https:\/\/www.sastamalankylat.fi\/tapiola\/wp-json\/wp\/v2\/pages\/140","targetHints":{"allow":["GET"]}}],"collection":[{"href":"https:\/\/www.sastamalankylat.fi\/tapiola\/wp-json\/wp\/v2\/pages"}],"about":[{"href":"https:\/\/www.sastamalankylat.fi\/tapiola\/wp-json\/wp\/v2\/types\/page"}],"author":[{"embeddable":true,"href":"https:\/\/www.sastamalankylat.fi\/tapiola\/wp-json\/wp\/v2\/users\/3"}],"replies":[{"embeddable":true,"href":"https:\/\/www.sastamalankylat.fi\/tapiola\/wp-json\/wp\/v2\/comments?post=140"}],"version-history":[{"count":2,"href":"https:\/\/www.sastamalankylat.fi\/tapiola\/wp-json\/wp\/v2\/pages\/140\/revisions"}],"predecessor-version":[{"id":552,"href":"https:\/\/www.sastamalankylat.fi\/tapiola\/wp-json\/wp\/v2\/pages\/140\/revisions\/552"}],"wp:attachment":[{"href":"https:\/\/www.sastamalankylat.fi\/tapiola\/wp-json\/wp\/v2\/media?parent=140"}],"curies":[{"name":"wp","href":"https:\/\/api.w.org\/{rel}","templated":true}]}}