{"id":138,"date":"2013-06-07T03:18:54","date_gmt":"2013-06-07T00:18:54","guid":{"rendered":"http:\/\/www.sastamalankylat.fi\/tapiola\/?page_id=138"},"modified":"2014-01-20T20:51:18","modified_gmt":"2014-01-20T18:51:18","slug":"tapiola","status":"publish","type":"page","link":"https:\/\/www.sastamalankylat.fi\/tapiola\/tapiola\/","title":{"rendered":"Tapiola"},"content":{"rendered":"<p><strong>T\u00e4ll\u00e4 sivulla esitell\u00e4\u00e4n muutamin sanoin ja kuvin Tapiolaa:<\/strong><\/p>\n<p><a href=\"http:\/\/www.sastamalankylat.fi\/tapiola\/historia\/\" target=\"_blank\">Historia: Tapiolan kyl\u00e4n synty<\/a><br \/>\n<a href=\"http:\/\/www.sastamalankylat.fi\/tapiola\/kylan-esittely\/\" target=\"_blank\">Tapiolan kyl\u00e4kortti<\/a><br \/>\n<a href=\"http:\/\/www.sastamalankylat.fi\/tapiola\/yritykset\/\" target=\"_blank\">Tapiolalaisia yrityksi\u00e4<\/a><\/p>\n<p>&nbsp;<\/p>\n<!-- AddThis Advanced Settings generic via filter on the_content --><!-- AddThis Share Buttons generic via filter on the_content -->","protected":false},"excerpt":{"rendered":"<p>T\u00e4ll\u00e4 sivulla esitell\u00e4\u00e4n muutamin sanoin ja kuvin Tapiolaa: Historia: Tapiolan kyl\u00e4n synty Tapiolan kyl\u00e4kortti Tapiolalaisia yrityksi\u00e4 &nbsp;<!-- AddThis Advanced Settings generic via filter on wp_trim_excerpt --><!-- AddThis Share Buttons generic via filter on wp_trim_excerpt --><\/p>\n","protected":false},"author":3,"featured_media":0,"parent":0,"menu_order":0,"comment_status":"closed","ping_status":"open","template":"","meta":{"jetpack_post_was_ever_published":false,"footnotes":""},"class_list":["post-138","page","type-page","status-publish","hentry"],"aioseo_notices":[],"jetpack_likes_enabled":true,"jetpack_sharing_enabled":true,"jetpack_shortlink":"https:\/\/wp.me\/P3DPvf-2e","_links":{"self":[{"href":"https:\/\/www.sastamalankylat.fi\/tapiola\/wp-json\/wp\/v2\/pages\/138","targetHints":{"allow":["GET"]}}],"collection":[{"href":"https:\/\/www.sastamalankylat.fi\/tapiola\/wp-json\/wp\/v2\/pages"}],"about":[{"href":"https:\/\/www.sastamalankylat.fi\/tapiola\/wp-json\/wp\/v2\/types\/page"}],"author":[{"embeddable":true,"href":"https:\/\/www.sastamalankylat.fi\/tapiola\/wp-json\/wp\/v2\/users\/3"}],"replies":[{"embeddable":true,"href":"https:\/\/www.sastamalankylat.fi\/tapiola\/wp-json\/wp\/v2\/comments?post=138"}],"version-history":[{"count":2,"href":"https:\/\/www.sastamalankylat.fi\/tapiola\/wp-json\/wp\/v2\/pages\/138\/revisions"}],"predecessor-version":[{"id":550,"href":"https:\/\/www.sastamalankylat.fi\/tapiola\/wp-json\/wp\/v2\/pages\/138\/revisions\/550"}],"wp:attachment":[{"href":"https:\/\/www.sastamalankylat.fi\/tapiola\/wp-json\/wp\/v2\/media?parent=138"}],"curies":[{"name":"wp","href":"https:\/\/api.w.org\/{rel}","templated":true}]}}