{"id":121,"date":"2013-06-07T03:03:16","date_gmt":"2013-06-07T00:03:16","guid":{"rendered":"http:\/\/www.sastamalankylat.fi\/tapiola\/?page_id=121"},"modified":"2013-09-11T22:28:21","modified_gmt":"2013-09-11T19:28:21","slug":"varautuminen-hairioolosuhteisiin","status":"publish","type":"page","link":"https:\/\/www.sastamalankylat.fi\/tapiola\/varautuminen-hairioolosuhteisiin\/","title":{"rendered":"Varautuminen h\u00e4iri\u00f6olosuhteisiin"},"content":{"rendered":"<h3 style=\"text-align: left;\" align=\"center\"><span style=\"color: #993366;\"><b>Tapiolan kyl\u00e4yhdistyksen ja Sastamalan kaupungin yhteistoiminta<\/b><\/span><\/h3>\n<p>Tapiolan kyl\u00e4yhdistys on talvella 2012 sopinut 15 muun kyl\u00e4yhdistyksen tavoin Sastamalan kaupungin (Sotesin kotihoito) kanssa <span style=\"text-decoration: underline;\">yhteistoiminnasta alueen asukkaiden avuntarpeen tarkastamisesta h\u00e4iri\u00f6tilanteissa<\/span>. H\u00e4iri\u00f6tilanteella tarkoitetaan s\u00e4hk\u00f6katkoa (vrt. Tapanin myrsky) tai muuta tilannetta, joka pitkittyy ja vaikeuttaa alueen asukkaiden selviytymist\u00e4. Avuntarpeessa voivat olla esim. vanhukset ja vammaiset. Avuntarpeen tarkastamisen j\u00e4lkeen kyl\u00e4yhdistys on yhteydess\u00e4 Sotesin kotihoitoon ja sopii jatkotoimenpiteist\u00e4. Karttaan on rajattu Tapiolan vastuualue, jonka talouksiin asiasta on jaettu my\u00f6s tiedote.<\/p>\n<p>&nbsp;<\/p>\n<p><a href=\"https:\/\/i0.wp.com\/www.sastamalankylat.fi\/tapiola\/wp-content\/uploads\/sites\/5\/2013\/06\/Tapiolan-h%C3%A4iri%C3%B6olosuhdekartta.jpg\"><img data-recalc-dims=\"1\" loading=\"lazy\" decoding=\"async\" data-attachment-id=\"120\" data-permalink=\"https:\/\/www.sastamalankylat.fi\/tapiola\/varautuminen-hairioolosuhteisiin\/tapiolan-hairioolosuhdekartta\/\" data-orig-file=\"https:\/\/i0.wp.com\/www.sastamalankylat.fi\/tapiola\/wp-content\/uploads\/sites\/5\/2013\/06\/Tapiolan-h%C3%A4iri%C3%B6olosuhdekartta.jpg?fit=1149%2C1000&amp;ssl=1\" data-orig-size=\"1149,1000\" data-comments-opened=\"1\" data-image-meta=\"{&quot;aperture&quot;:&quot;0&quot;,&quot;credit&quot;:&quot;&quot;,&quot;camera&quot;:&quot;&quot;,&quot;caption&quot;:&quot;&quot;,&quot;created_timestamp&quot;:&quot;0&quot;,&quot;copyright&quot;:&quot;&quot;,&quot;focal_length&quot;:&quot;0&quot;,&quot;iso&quot;:&quot;0&quot;,&quot;shutter_speed&quot;:&quot;0&quot;,&quot;title&quot;:&quot;&quot;}\" data-image-title=\"Tapiolan h\u00e4iri\u00f6olosuhdekartta\" data-image-description=\"\" data-image-caption=\"\" data-large-file=\"https:\/\/i0.wp.com\/www.sastamalankylat.fi\/tapiola\/wp-content\/uploads\/sites\/5\/2013\/06\/Tapiolan-h%C3%A4iri%C3%B6olosuhdekartta.jpg?fit=625%2C544&amp;ssl=1\" class=\"alignnone size-large wp-image-120\" alt=\"Tapiolan h\u00e4iri\u00f6olosuhdekartta\" src=\"https:\/\/i0.wp.com\/www.sastamalankylat.fi\/tapiola\/wp-content\/uploads\/sites\/5\/2013\/06\/Tapiolan-h%C3%A4iri%C3%B6olosuhdekartta.jpg?resize=625%2C543\" width=\"625\" height=\"543\" srcset=\"https:\/\/i0.wp.com\/www.sastamalankylat.fi\/tapiola\/wp-content\/uploads\/sites\/5\/2013\/06\/Tapiolan-h%C3%A4iri%C3%B6olosuhdekartta.jpg?resize=1024%2C891&amp;ssl=1 1024w, https:\/\/i0.wp.com\/www.sastamalankylat.fi\/tapiola\/wp-content\/uploads\/sites\/5\/2013\/06\/Tapiolan-h%C3%A4iri%C3%B6olosuhdekartta.jpg?resize=300%2C261&amp;ssl=1 300w, https:\/\/i0.wp.com\/www.sastamalankylat.fi\/tapiola\/wp-content\/uploads\/sites\/5\/2013\/06\/Tapiolan-h%C3%A4iri%C3%B6olosuhdekartta.jpg?resize=624%2C543&amp;ssl=1 624w, https:\/\/i0.wp.com\/www.sastamalankylat.fi\/tapiola\/wp-content\/uploads\/sites\/5\/2013\/06\/Tapiolan-h%C3%A4iri%C3%B6olosuhdekartta.jpg?w=1149&amp;ssl=1 1149w\" sizes=\"auto, (max-width: 625px) 100vw, 625px\" \/><\/a><\/p>\n<!-- AddThis Advanced Settings generic via filter on the_content --><!-- AddThis Share Buttons generic via filter on the_content -->","protected":false},"excerpt":{"rendered":"<p>Tapiolan kyl\u00e4yhdistyksen ja Sastamalan kaupungin yhteistoiminta Tapiolan kyl\u00e4yhdistys on talvella 2012 sopinut 15 muun kyl\u00e4yhdistyksen tavoin Sastamalan kaupungin (Sotesin kotihoito) kanssa yhteistoiminnasta alueen asukkaiden avuntarpeen tarkastamisesta h\u00e4iri\u00f6tilanteissa. H\u00e4iri\u00f6tilanteella tarkoitetaan s\u00e4hk\u00f6katkoa (vrt. Tapanin myrsky) tai muuta tilannetta, joka pitkittyy ja vaikeuttaa alueen asukkaiden selviytymist\u00e4. Avuntarpeessa voivat olla esim. vanhukset ja vammaiset. Avuntarpeen tarkastamisen j\u00e4lkeen kyl\u00e4yhdistys on [&hellip;]<!-- AddThis Advanced Settings generic via filter on wp_trim_excerpt --><!-- AddThis Share Buttons generic via filter on wp_trim_excerpt --><\/p>\n","protected":false},"author":3,"featured_media":0,"parent":0,"menu_order":0,"comment_status":"closed","ping_status":"open","template":"","meta":{"jetpack_post_was_ever_published":false,"footnotes":""},"class_list":["post-121","page","type-page","status-publish","hentry"],"aioseo_notices":[],"jetpack_likes_enabled":true,"jetpack_sharing_enabled":true,"jetpack_shortlink":"https:\/\/wp.me\/P3DPvf-1X","_links":{"self":[{"href":"https:\/\/www.sastamalankylat.fi\/tapiola\/wp-json\/wp\/v2\/pages\/121","targetHints":{"allow":["GET"]}}],"collection":[{"href":"https:\/\/www.sastamalankylat.fi\/tapiola\/wp-json\/wp\/v2\/pages"}],"about":[{"href":"https:\/\/www.sastamalankylat.fi\/tapiola\/wp-json\/wp\/v2\/types\/page"}],"author":[{"embeddable":true,"href":"https:\/\/www.sastamalankylat.fi\/tapiola\/wp-json\/wp\/v2\/users\/3"}],"replies":[{"embeddable":true,"href":"https:\/\/www.sastamalankylat.fi\/tapiola\/wp-json\/wp\/v2\/comments?post=121"}],"version-history":[{"count":2,"href":"https:\/\/www.sastamalankylat.fi\/tapiola\/wp-json\/wp\/v2\/pages\/121\/revisions"}],"predecessor-version":[{"id":213,"href":"https:\/\/www.sastamalankylat.fi\/tapiola\/wp-json\/wp\/v2\/pages\/121\/revisions\/213"}],"wp:attachment":[{"href":"https:\/\/www.sastamalankylat.fi\/tapiola\/wp-json\/wp\/v2\/media?parent=121"}],"curies":[{"name":"wp","href":"https:\/\/api.w.org\/{rel}","templated":true}]}}