{"id":1026,"date":"2018-06-29T19:36:47","date_gmt":"2018-06-29T16:36:47","guid":{"rendered":"http:\/\/www.sastamalankylat.fi\/tapiola\/?page_id=1026"},"modified":"2018-06-29T19:36:47","modified_gmt":"2018-06-29T16:36:47","slug":"makkaravuoren-juurelta-10-6-2017","status":"publish","type":"page","link":"https:\/\/www.sastamalankylat.fi\/tapiola\/makkaravuoren-juurelta-10-6-2017\/","title":{"rendered":"Makkaravuoren juurelta 10.6.2017"},"content":{"rendered":"<p><strong>Tapiolan kyl\u00e4yhdistys ry. julkaisi 15-vuotisjuhlalehden valtakunnallisena Avoimet Kyl\u00e4t -p\u00e4iv\u00e4n\u00e4 10.6.2017. Alla lehden p\u00e4\u00e4kirjoitus eli Kuukan Seijan terveiset Makkaravuoren juurelta.<\/strong><\/p>\n<p><em>\u201dMets\u00e4n poika tahdon olla, sankar jylh\u00e4n kuusiston. Tapiolan vainiolla karhun kanssa painii ly\u00f6n ja maailma unholaan j\u00e4\u00e4k\u00f6\u00f6n\u201d<\/em> runoilee Aleksis Kivi Mets\u00e4miehen laulussaan. Totta joka sana, sill\u00e4 kyl\u00e4yhdistyksen toiminta on ollut n\u00e4in\u00e4 vuosina v\u00e4lill\u00e4 karhun painia, mutta enimm\u00e4kseen kuitenkin <em>\u201dViherj\u00e4isell lattialla, mis ei sein\u00e4t himmenn\u00e4, t\u00e4htiteltan korkeen alla k\u00e4yskelen ja laulelen ja kaiku ymp\u00e4r kiirii.\u201d<\/em><\/p>\n<p>Jo viisitoista vuotta on Tapiolan kyl\u00e4yhdistys toiminut rekister\u00f6ityn\u00e4 yhdistyksen\u00e4 ja t\u00e4ytyy sanoa, ett\u00e4 kyll\u00e4 aika on kulunut kuin siivill\u00e4. Toimintaa oli tosin jo kahdeksankymment\u00e4luvun alkupuolelta asti. Oli lasten leikkitoimintaa kent\u00e4ll\u00e4, j\u00e4\u00e4kiekkokaukalon rakentaminen, kes\u00e4isi\u00e4 bussiretki\u00e4 Puuhamaahan ja Korkeasaareen.<\/p>\n<p>Toiminta ja innostuminen asioista on ollut koko toiminnan ajan kantava voima. Aina on l\u00f6ytynyt innostuneita kyl\u00e4l\u00e4isi\u00e4 ja kuten <em>Hyv\u00e4n el\u00e4m\u00e4n Sastamala-lehdess\u00e4<\/em> mainitaan: <em>\u201dyhteinen tekeminen ei Tapiolassa ole ty\u00f6leirim\u00e4ist\u00e4 toimintaa, vaan ennen muuta mukavaa yhdess\u00e4oloa\u201d.<\/em><\/p>\n<p>Nauru, laulu ja toisista v\u00e4litt\u00e4minen on kantava voima kaikessa yhdistyksen toiminnassa.<\/p>\n<p>Runoilija Risto Rasa on kirjoittanut: <em>\u201dMets\u00e4n sein\u00e4 on vain vihre\u00e4 ovi josta valo ohjaa yst\u00e4v\u00e4ns\u00e4.\u201d<\/em><\/p>\n<p>Haluan esitt\u00e4\u00e4 n\u00f6yrimm\u00e4n kiitokseni ihan koko yhdistyksen hallitukselle ja kaikille kyl\u00e4l\u00e4isille. Kuten Valepan-lentopallojoukkueen slogan kuuluu <em>\u201dEi ole min\u00e4 vaan me\u201d<\/em>, samoin t\u00e4m\u00e4 sanonta sopii my\u00f6s Tapiolaan. Kyl\u00e4ll\u00e4 tunnetaan naapurit ja kannetaan yhteist\u00e4 huolta meist\u00e4 kaikista. Kyl\u00e4l\u00e4iset antavat palautetta toiminnasta rohkeasti ja rakentavasti. Ei ole asiaa, josta ei voitaisi puhua \u00e4\u00e4neen.<\/p>\n<p>Kyl\u00e4l\u00e4isten esimerkki\u00e4 noudattaen toimii my\u00f6s hallitus. Aina ei olla asioista samaa mielt\u00e4, mutta keskusteluyhteys on aina s\u00e4ilynyt ja innostuminen on ollut valtavaa. Sastamalan kaupunki on my\u00f6s kiitett\u00e4v\u00e4sti avustanut erilaisissa ongelmatilanteissa. Tulee mieleeni esimerkiksi Keskistenj\u00e4rven lintutornin katon korjaus; l\u00e4hes yhdell\u00e4 puhelinsoitolla katto saatiin kuntoon.<\/p>\n<p>Nyt kun t\u00e4t\u00e4 kirjoitan sataa lunta, on vappu vuonna 2017. Mutta kyll\u00e4 kes\u00e4 varmasti tulee ja taas saamme nauttia ihanasta auringonpaisteesta ja toistemme seurasta.<\/p>\n<p><strong><em>Seija Kuukka<\/em><\/strong> <strong><em>Tapiolasta, Kirjakaupungin Kirjakyl\u00e4st\u00e4<\/em><\/strong><\/p>\n<p>&nbsp;<\/p>\n<p><em>\u201dSuvi-illan vieno tuuli<\/em><br \/>\n<em>huokaa vuoren alta,<\/em><br \/>\n<em>hongikon polkua hopeoipi<\/em><br \/>\n<em>kuuhut taivahalta.<\/em><\/p>\n<p><em>Hiljaa huojuu korven honka,<\/em><br \/>\n<em>kaukana k\u00e4k\u00f6 kukkuu,<\/em><br \/>\n<em>vaieten astuvi vaeltaja,<\/em><br \/>\n<em>mielen murhe hukkuu.\u201d<\/em><\/p>\n<h6><strong>Eino Leino (1915): Suvi-illan vieno tuuli<\/strong><\/h6>\n<p>&nbsp;<\/p>\n<p><a href=\"https:\/\/i0.wp.com\/www.sastamalankylat.fi\/tapiola\/wp-content\/uploads\/sites\/5\/2018\/06\/untitled-2-copy.jpg\"><img data-recalc-dims=\"1\" loading=\"lazy\" decoding=\"async\" data-attachment-id=\"1027\" data-permalink=\"https:\/\/www.sastamalankylat.fi\/tapiola\/makkaravuoren-juurelta-10-6-2017\/untitled-2-copy-2\/\" data-orig-file=\"https:\/\/i0.wp.com\/www.sastamalankylat.fi\/tapiola\/wp-content\/uploads\/sites\/5\/2018\/06\/untitled-2-copy.jpg?fit=3223%2C1913&amp;ssl=1\" data-orig-size=\"3223,1913\" data-comments-opened=\"0\" data-image-meta=\"{&quot;aperture&quot;:&quot;0&quot;,&quot;credit&quot;:&quot;&quot;,&quot;camera&quot;:&quot;&quot;,&quot;caption&quot;:&quot;&quot;,&quot;created_timestamp&quot;:&quot;0&quot;,&quot;copyright&quot;:&quot;&quot;,&quot;focal_length&quot;:&quot;0&quot;,&quot;iso&quot;:&quot;0&quot;,&quot;shutter_speed&quot;:&quot;0&quot;,&quot;title&quot;:&quot;&quot;,&quot;orientation&quot;:&quot;0&quot;}\" data-image-title=\"Untitled-2 copy\" data-image-description=\"\" data-image-caption=\"\" data-large-file=\"https:\/\/i0.wp.com\/www.sastamalankylat.fi\/tapiola\/wp-content\/uploads\/sites\/5\/2018\/06\/untitled-2-copy.jpg?fit=625%2C371&amp;ssl=1\" class=\"alignnone size-full wp-image-1027\" src=\"https:\/\/i0.wp.com\/www.sastamalankylat.fi\/tapiola\/wp-content\/uploads\/sites\/5\/2018\/06\/untitled-2-copy.jpg?resize=625%2C371\" alt=\"\" width=\"625\" height=\"371\" srcset=\"https:\/\/i0.wp.com\/www.sastamalankylat.fi\/tapiola\/wp-content\/uploads\/sites\/5\/2018\/06\/untitled-2-copy.jpg?w=3223&amp;ssl=1 3223w, https:\/\/i0.wp.com\/www.sastamalankylat.fi\/tapiola\/wp-content\/uploads\/sites\/5\/2018\/06\/untitled-2-copy.jpg?resize=300%2C178&amp;ssl=1 300w, https:\/\/i0.wp.com\/www.sastamalankylat.fi\/tapiola\/wp-content\/uploads\/sites\/5\/2018\/06\/untitled-2-copy.jpg?resize=768%2C456&amp;ssl=1 768w, https:\/\/i0.wp.com\/www.sastamalankylat.fi\/tapiola\/wp-content\/uploads\/sites\/5\/2018\/06\/untitled-2-copy.jpg?resize=1024%2C608&amp;ssl=1 1024w, https:\/\/i0.wp.com\/www.sastamalankylat.fi\/tapiola\/wp-content\/uploads\/sites\/5\/2018\/06\/untitled-2-copy.jpg?resize=624%2C370&amp;ssl=1 624w, https:\/\/i0.wp.com\/www.sastamalankylat.fi\/tapiola\/wp-content\/uploads\/sites\/5\/2018\/06\/untitled-2-copy.jpg?w=1250 1250w, https:\/\/i0.wp.com\/www.sastamalankylat.fi\/tapiola\/wp-content\/uploads\/sites\/5\/2018\/06\/untitled-2-copy.jpg?w=1875 1875w\" sizes=\"auto, (max-width: 625px) 100vw, 625px\" \/><\/a><\/p>\n<p>&nbsp;<\/p>\n<!-- AddThis Advanced Settings generic via filter on the_content --><!-- AddThis Share Buttons generic via filter on the_content -->","protected":false},"excerpt":{"rendered":"<p>Tapiolan kyl\u00e4yhdistys ry. julkaisi 15-vuotisjuhlalehden valtakunnallisena Avoimet Kyl\u00e4t -p\u00e4iv\u00e4n\u00e4 10.6.2017. Alla lehden p\u00e4\u00e4kirjoitus eli Kuukan Seijan terveiset Makkaravuoren juurelta. \u201dMets\u00e4n poika tahdon olla, sankar jylh\u00e4n kuusiston. Tapiolan vainiolla karhun kanssa painii ly\u00f6n ja maailma unholaan j\u00e4\u00e4k\u00f6\u00f6n\u201d runoilee Aleksis Kivi Mets\u00e4miehen laulussaan. Totta joka sana, sill\u00e4 kyl\u00e4yhdistyksen toiminta on ollut n\u00e4in\u00e4 vuosina v\u00e4lill\u00e4 karhun painia, mutta [&hellip;]<!-- AddThis Advanced Settings generic via filter on wp_trim_excerpt --><!-- AddThis Share Buttons generic via filter on wp_trim_excerpt --><\/p>\n","protected":false},"author":3,"featured_media":0,"parent":0,"menu_order":0,"comment_status":"closed","ping_status":"closed","template":"","meta":{"jetpack_post_was_ever_published":false,"footnotes":""},"class_list":["post-1026","page","type-page","status-publish","hentry"],"aioseo_notices":[],"jetpack_likes_enabled":true,"jetpack_sharing_enabled":true,"jetpack_shortlink":"https:\/\/wp.me\/P3DPvf-gy","_links":{"self":[{"href":"https:\/\/www.sastamalankylat.fi\/tapiola\/wp-json\/wp\/v2\/pages\/1026","targetHints":{"allow":["GET"]}}],"collection":[{"href":"https:\/\/www.sastamalankylat.fi\/tapiola\/wp-json\/wp\/v2\/pages"}],"about":[{"href":"https:\/\/www.sastamalankylat.fi\/tapiola\/wp-json\/wp\/v2\/types\/page"}],"author":[{"embeddable":true,"href":"https:\/\/www.sastamalankylat.fi\/tapiola\/wp-json\/wp\/v2\/users\/3"}],"replies":[{"embeddable":true,"href":"https:\/\/www.sastamalankylat.fi\/tapiola\/wp-json\/wp\/v2\/comments?post=1026"}],"version-history":[{"count":1,"href":"https:\/\/www.sastamalankylat.fi\/tapiola\/wp-json\/wp\/v2\/pages\/1026\/revisions"}],"predecessor-version":[{"id":1028,"href":"https:\/\/www.sastamalankylat.fi\/tapiola\/wp-json\/wp\/v2\/pages\/1026\/revisions\/1028"}],"wp:attachment":[{"href":"https:\/\/www.sastamalankylat.fi\/tapiola\/wp-json\/wp\/v2\/media?parent=1026"}],"curies":[{"name":"wp","href":"https:\/\/api.w.org\/{rel}","templated":true}]}}