{"id":9,"date":"2015-04-06T18:25:30","date_gmt":"2015-04-06T18:25:30","guid":{"rendered":"http:\/\/www.sastamalankylat.fi\/savinpyrkija\/?page_id=9"},"modified":"2017-03-14T13:46:43","modified_gmt":"2017-03-14T13:46:43","slug":"yhdistys","status":"publish","type":"page","link":"https:\/\/www.sastamalankylat.fi\/savinpyrkija\/yhdistys\/","title":{"rendered":"Yhdistys"},"content":{"rendered":"<p>S\u00e4vin Pyrkij\u00e4 ry.\u00a0on Suodenniemen urheiluseuroista vanhin ja se on perustettu vuonna\u00a01932. Alun perin seura toimi Suodenniemen Pohjosen Maatalousseuran alaosastona urheilutoiminnan edist\u00e4miseksi. My\u00f6hemmin kentt\u00e4alueen hankinnan ja lavan rakentamisen my\u00f6t\u00e4 toiminta laajeni my\u00f6s n\u00e4ytt\u00e4m\u00f6toimintaan ja erilaisten huvitilaisuuksien j\u00e4rjest\u00e4miseen.<\/p>\n<p>S\u00e4vin Pyrkij\u00e4 ry. rekister\u00f6itiin uudelleen vuonna 2002 toimialueensa kyl\u00e4toimikunnaksi. Rekister\u00f6innin yhteydess\u00e4 S\u00e4vin Pyrkij\u00e4 ry. ja Suodenniemen Pohjoisen Maatalousseura mies- ja naisjaostoineen yhdistettiin. Seuran toimialueena on kunnan pohjoinen osa. Toiminta-ajatuksena on mm. kyl\u00e4yhteis\u00f6n yhteistoiminnan edist\u00e4minen ja yhteisen harrastustoiminnan lis\u00e4\u00e4minen.<\/p>\n<p>S\u00e4vin Pyrkij\u00e4 ry.<br \/>\n&#8211; J\u00e4rjest\u00e4\u00e4 erilaisia urheilu- ja liikuntatapahtumia, retki\u00e4, juhla- ja viiihdetilaisuuksia<br \/>\n&#8211; hankkii kyl\u00e4l\u00e4isten yhteisk\u00e4ytt\u00f6\u00f6n sopivia koneita ja laitteita<br \/>\n&#8211; valvoo kyl\u00e4yhteis\u00f6n etuja tarpeellisiksi katsomissaan asioissa<\/p>\n<p>Seuran toimipaikkana on kyl\u00e4n keskeisell\u00e4 paikalla sijaitseva S\u00e4vin lava ja kentt\u00e4.<\/p>\n<!-- AddThis Advanced Settings generic via filter on the_content --><!-- AddThis Share Buttons generic via filter on the_content -->","protected":false},"excerpt":{"rendered":"<p>S\u00e4vin Pyrkij\u00e4 ry.\u00a0on Suodenniemen urheiluseuroista vanhin ja se on perustettu vuonna\u00a01932. Alun perin seura toimi Suodenniemen Pohjosen Maatalousseuran alaosastona urheilutoiminnan edist\u00e4miseksi. My\u00f6hemmin kentt\u00e4alueen hankinnan ja lavan rakentamisen my\u00f6t\u00e4 toiminta laajeni my\u00f6s n\u00e4ytt\u00e4m\u00f6toimintaan ja erilaisten huvitilaisuuksien j\u00e4rjest\u00e4miseen. S\u00e4vin Pyrkij\u00e4 ry. rekister\u00f6itiin uudelleen vuonna 2002 toimialueensa kyl\u00e4toimikunnaksi. Rekister\u00f6innin yhteydess\u00e4 S\u00e4vin Pyrkij\u00e4 ry. ja Suodenniemen Pohjoisen Maatalousseura mies- [&hellip;]<!-- AddThis Advanced Settings generic via filter on wp_trim_excerpt --><!-- AddThis Share Buttons generic via filter on wp_trim_excerpt --><\/p>\n","protected":false},"author":28,"featured_media":0,"parent":0,"menu_order":0,"comment_status":"closed","ping_status":"closed","template":"","meta":{"jetpack_post_was_ever_published":false,"footnotes":""},"class_list":["post-9","page","type-page","status-publish","hentry"],"aioseo_notices":[],"jetpack_shortlink":"https:\/\/wp.me\/P7im36-9","jetpack_sharing_enabled":true,"_links":{"self":[{"href":"https:\/\/www.sastamalankylat.fi\/savinpyrkija\/wp-json\/wp\/v2\/pages\/9","targetHints":{"allow":["GET"]}}],"collection":[{"href":"https:\/\/www.sastamalankylat.fi\/savinpyrkija\/wp-json\/wp\/v2\/pages"}],"about":[{"href":"https:\/\/www.sastamalankylat.fi\/savinpyrkija\/wp-json\/wp\/v2\/types\/page"}],"author":[{"embeddable":true,"href":"https:\/\/www.sastamalankylat.fi\/savinpyrkija\/wp-json\/wp\/v2\/users\/28"}],"replies":[{"embeddable":true,"href":"https:\/\/www.sastamalankylat.fi\/savinpyrkija\/wp-json\/wp\/v2\/comments?post=9"}],"version-history":[{"count":4,"href":"https:\/\/www.sastamalankylat.fi\/savinpyrkija\/wp-json\/wp\/v2\/pages\/9\/revisions"}],"predecessor-version":[{"id":87,"href":"https:\/\/www.sastamalankylat.fi\/savinpyrkija\/wp-json\/wp\/v2\/pages\/9\/revisions\/87"}],"wp:attachment":[{"href":"https:\/\/www.sastamalankylat.fi\/savinpyrkija\/wp-json\/wp\/v2\/media?parent=9"}],"curies":[{"name":"wp","href":"https:\/\/api.w.org\/{rel}","templated":true}]}}