{"id":966,"date":"2015-07-15T19:12:49","date_gmt":"2015-07-15T16:12:49","guid":{"rendered":"http:\/\/www.sastamalankylat.fi\/leppalammitaipale\/?page_id=966"},"modified":"2015-07-26T01:17:00","modified_gmt":"2015-07-25T22:17:00","slug":"turun-reissu-5-6-2015","status":"publish","type":"page","link":"https:\/\/www.sastamalankylat.fi\/leppalammitaipale\/arkisto-6\/turun-reissu-5-6-2015\/","title":{"rendered":"Turun reissu 5.6.2015"},"content":{"rendered":"<p>T\u00e4m\u00e4n vuoden perinteinen kes\u00e4retki suuntautui Turun seudulle. Matkaan l\u00e4hdimme aamun koitteessa. Matka taittui sujuvasti ja aamukahville poikettiin Aurassa. Mielenkiintoisen efektin alkumatkalle antoi tieto juomaveden saastumisesta Maskun alueella, jonne olimme menossa lounaalle. Onneksemme kuitenkin Kiisan-Pirtin omistaja vakuutti tilanteen olevan hallinnassa, joten meid\u00e4n ei tarvinnut alkaa etsim\u00e4\u00e4n uutta lounaspaikkaa kesken reissun.<\/p>\n<p>Aamukahvien j\u00e4lkeen suuntasimme matkamme Aurasta Arabian tuotannosta poistuneisiin tuotteisiin erikoistuneeseen, Wanhat Kupit myym\u00e4l\u00e4\u00e4n, joka sijaitsee Turun Maariassa. Siell\u00e4 sit\u00e4 oli myyt\u00e4v\u00e4n\u00e4 kuppi poikineen Arabian antia 1800-luvulta 2000-luvulle. Myym\u00e4l\u00e4, joka toimii my\u00f6s verkkokauppana, oli uskomattoman hieno ostosparatiisi, varsinkin jos tiesi mit\u00e4 etsi\u00e4. Sielt\u00e4 kyll\u00e4 l\u00f6ysi helposti t\u00e4ydennyst\u00e4 omaan astiastoon, sill\u00e4 valikoima oli valtava.<\/p>\n<p>Kuppikaupasta matka jatkui Maskuun, Kiisan-Pirttiin, jossa saimme nauttia maittavan lounaan mielenkiintoisessa milj\u00f6\u00f6ss\u00e4. Yritys on toiminut jo 70-luvulta l\u00e4htien ja on tullut tunnetuksi erinomaisesta ruoasta ja hyv\u00e4st\u00e4 palvelusta. T\u00e4t\u00e4 ei k\u00e4ynyt kiist\u00e4minen, sill\u00e4 ruoka oli juuri sit\u00e4, mit\u00e4 oli ennalta luvattu.<\/p>\n<p>Maskusta jatkoimme sitten matkaa Turkuun. Turun linnassa meit\u00e4 odotti opas Elina, joka kierr\u00e4tti meit\u00e4 pitkin kapeita k\u00e4yt\u00e4vi\u00e4, erikoisia huoneita ja mahtavia saleja, kertoen samalla eritt\u00e4in mielenkiintoista historiaa linnan vaiheista, k\u00e4ytt\u00f6tarkoituksesta ja asukkaista eri aikakausilta.<\/p>\n<p>Linnasta l\u00e4hdettiin sitten bussilla oppaan kanssa kohti Luostarinm\u00e4en k\u00e4sity\u00f6l\u00e4ismuseota. Ulkoilmamuseo sijaitsee Turun keskustassa. Alue on arvokas kokonaisuus ja se on Turun ainoa yhten\u00e4inen puutaloalue, joka s\u00e4ilyi sijaintinsa ansiosta Turun palosta vuonna 1827. Museon alueella on 1700-luvun lopussa ja 1800-luvun alussa rakennettuja kortteleita, jotka koostuvat alkuper\u00e4isill\u00e4 paikoillaan s\u00e4ilyneist\u00e4 puutaloista. Elina kertoi meille alueen asukkaista ja k\u00e4sity\u00f6l\u00e4isten el\u00e4m\u00e4st\u00e4 alueella. Taloihin oli sisustettu kaupunkik\u00e4sity\u00f6l\u00e4isten verstaita ja koteja, joita saimme k\u00e4yd\u00e4 ihastelemassa ja tunnustelemassa entisajan el\u00e4m\u00e4nmenoa. Kohde oli todella mielenkiintoinen ja pisti miettim\u00e4\u00e4n miten paljon v\u00e4hemm\u00e4ll\u00e4 sit\u00e4 ovat ihmiset tulleet toimeen, verraten nykyp\u00e4iv\u00e4\u00e4n.<\/p>\n<p>Luostarinm\u00e4elt\u00e4 matkamme jatkui kohti Turun tuomiokirkkoa. Kirkon historia on eritt\u00e4in monivivahteinen ja ilman opastusta olisi kyll\u00e4 paljon tietoa j\u00e4\u00e4nyt pimentoon. Elina kertoi meille ansiokkaasti kaikista kirkon vaiheista ja siell\u00e4 sijaitsevista muistomerkeist\u00e4 ja hautakappeleista.<br \/>\nKokonaisuudessaan yli kolmen tunnin opastettu kierros n\u00e4iss\u00e4 kolmessa kohteessa oli todella mielenkiintoinen ja mieliinpainuva. Kiitos siit\u00e4 kuuluu ehdottomasti oppaallemme. Kirkolta suuntasimme matkamme viel\u00e4 Kauppakeskus Hansaan, jossa oli mahdollisuus tehd\u00e4 ostoksia ennen kotimatkalle l\u00e4ht\u00f6\u00e4.<\/p>\n<p>Kiitos viel\u00e4 Lepp\u00e4lammi- Taipaleen Kotiseutuyhdistyksen puolesta kaikille matkaan osallistuneille. Oli mukava reissata kanssanne. Ensikes\u00e4n\u00e4 menn\u00e4\u00e4n taas!<\/p>\n<p>Alla kuvatunnelmia reissusta.<\/p>\n<p class=\"jetpack-slideshow-noscript robots-nocontent\">Kuvaesitys vaatii JavaScriptin.<\/p><div id=\"gallery-966-1-slideshow\" class=\"jetpack-slideshow-window jetpack-slideshow jetpack-slideshow-black\" data-trans=\"fade\" data-autostart=\"1\" data-gallery=\"[{&quot;src&quot;:&quot;https:\\\/\\\/i0.wp.com\\\/www.sastamalankylat.fi\\\/leppalammitaipale\\\/wp-content\\\/uploads\\\/sites\\\/4\\\/2015\\\/07\\\/Turku-2015-7.jpg?fit=1024%2C575\\u0026ssl=1&quot;,&quot;id&quot;:&quot;956&quot;,&quot;title&quot;:&quot;Turku 2015 (7)&quot;,&quot;alt&quot;:&quot;&quot;,&quot;caption&quot;:&quot;&quot;,&quot;itemprop&quot;:&quot;image&quot;},{&quot;src&quot;:&quot;https:\\\/\\\/i0.wp.com\\\/www.sastamalankylat.fi\\\/leppalammitaipale\\\/wp-content\\\/uploads\\\/sites\\\/4\\\/2015\\\/07\\\/Turku-2015-6.jpg?fit=1024%2C575\\u0026ssl=1&quot;,&quot;id&quot;:&quot;955&quot;,&quot;title&quot;:&quot;Turku 2015 (6)&quot;,&quot;alt&quot;:&quot;&quot;,&quot;caption&quot;:&quot;&quot;,&quot;itemprop&quot;:&quot;image&quot;},{&quot;src&quot;:&quot;https:\\\/\\\/i0.wp.com\\\/www.sastamalankylat.fi\\\/leppalammitaipale\\\/wp-content\\\/uploads\\\/sites\\\/4\\\/2015\\\/07\\\/Turku-2015-5.jpg?fit=1024%2C575\\u0026ssl=1&quot;,&quot;id&quot;:&quot;954&quot;,&quot;title&quot;:&quot;Turku 2015 (5)&quot;,&quot;alt&quot;:&quot;&quot;,&quot;caption&quot;:&quot;&quot;,&quot;itemprop&quot;:&quot;image&quot;},{&quot;src&quot;:&quot;https:\\\/\\\/i0.wp.com\\\/www.sastamalankylat.fi\\\/leppalammitaipale\\\/wp-content\\\/uploads\\\/sites\\\/4\\\/2015\\\/07\\\/Turku-2015-4.jpg?fit=1024%2C575\\u0026ssl=1&quot;,&quot;id&quot;:&quot;953&quot;,&quot;title&quot;:&quot;Turku 2015 (4)&quot;,&quot;alt&quot;:&quot;&quot;,&quot;caption&quot;:&quot;&quot;,&quot;itemprop&quot;:&quot;image&quot;},{&quot;src&quot;:&quot;https:\\\/\\\/i0.wp.com\\\/www.sastamalankylat.fi\\\/leppalammitaipale\\\/wp-content\\\/uploads\\\/sites\\\/4\\\/2015\\\/07\\\/Turku-2015-3.jpg?fit=1024%2C575\\u0026ssl=1&quot;,&quot;id&quot;:&quot;952&quot;,&quot;title&quot;:&quot;Turku 2015 (3)&quot;,&quot;alt&quot;:&quot;&quot;,&quot;caption&quot;:&quot;&quot;,&quot;itemprop&quot;:&quot;image&quot;},{&quot;src&quot;:&quot;https:\\\/\\\/i0.wp.com\\\/www.sastamalankylat.fi\\\/leppalammitaipale\\\/wp-content\\\/uploads\\\/sites\\\/4\\\/2015\\\/07\\\/Turku-2015-21.jpg?fit=1024%2C575\\u0026ssl=1&quot;,&quot;id&quot;:&quot;951&quot;,&quot;title&quot;:&quot;Turku 2015 (2)&quot;,&quot;alt&quot;:&quot;&quot;,&quot;caption&quot;:&quot;&quot;,&quot;itemprop&quot;:&quot;image&quot;},{&quot;src&quot;:&quot;https:\\\/\\\/i0.wp.com\\\/www.sastamalankylat.fi\\\/leppalammitaipale\\\/wp-content\\\/uploads\\\/sites\\\/4\\\/2015\\\/07\\\/Turku-2015-2.jpg?fit=1024%2C575\\u0026ssl=1&quot;,&quot;id&quot;:&quot;950&quot;,&quot;title&quot;:&quot;Turku 2015 (2)&quot;,&quot;alt&quot;:&quot;&quot;,&quot;caption&quot;:&quot;&quot;,&quot;itemprop&quot;:&quot;image&quot;},{&quot;src&quot;:&quot;https:\\\/\\\/i0.wp.com\\\/www.sastamalankylat.fi\\\/leppalammitaipale\\\/wp-content\\\/uploads\\\/sites\\\/4\\\/2015\\\/07\\\/Turku-2015-1.jpg?fit=1024%2C575\\u0026ssl=1&quot;,&quot;id&quot;:&quot;949&quot;,&quot;title&quot;:&quot;Turku 2015 (1)&quot;,&quot;alt&quot;:&quot;&quot;,&quot;caption&quot;:&quot;&quot;,&quot;itemprop&quot;:&quot;image&quot;},{&quot;src&quot;:&quot;https:\\\/\\\/i0.wp.com\\\/www.sastamalankylat.fi\\\/leppalammitaipale\\\/wp-content\\\/uploads\\\/sites\\\/4\\\/2015\\\/07\\\/nettiin7.jpg?fit=1024%2C576\\u0026ssl=1&quot;,&quot;id&quot;:&quot;1185&quot;,&quot;title&quot;:&quot;nettiin7&quot;,&quot;alt&quot;:&quot;&quot;,&quot;caption&quot;:&quot;&quot;,&quot;itemprop&quot;:&quot;image&quot;},{&quot;src&quot;:&quot;https:\\\/\\\/i0.wp.com\\\/www.sastamalankylat.fi\\\/leppalammitaipale\\\/wp-content\\\/uploads\\\/sites\\\/4\\\/2015\\\/07\\\/nettiin6.jpg?fit=1024%2C576\\u0026ssl=1&quot;,&quot;id&quot;:&quot;1184&quot;,&quot;title&quot;:&quot;nettiin6&quot;,&quot;alt&quot;:&quot;&quot;,&quot;caption&quot;:&quot;&quot;,&quot;itemprop&quot;:&quot;image&quot;},{&quot;src&quot;:&quot;https:\\\/\\\/i0.wp.com\\\/www.sastamalankylat.fi\\\/leppalammitaipale\\\/wp-content\\\/uploads\\\/sites\\\/4\\\/2015\\\/07\\\/nettiin5.jpg?fit=1024%2C576\\u0026ssl=1&quot;,&quot;id&quot;:&quot;1183&quot;,&quot;title&quot;:&quot;nettiin5&quot;,&quot;alt&quot;:&quot;&quot;,&quot;caption&quot;:&quot;&quot;,&quot;itemprop&quot;:&quot;image&quot;},{&quot;src&quot;:&quot;https:\\\/\\\/i0.wp.com\\\/www.sastamalankylat.fi\\\/leppalammitaipale\\\/wp-content\\\/uploads\\\/sites\\\/4\\\/2015\\\/07\\\/nettiin4.jpg?fit=1024%2C576\\u0026ssl=1&quot;,&quot;id&quot;:&quot;1182&quot;,&quot;title&quot;:&quot;nettiin4&quot;,&quot;alt&quot;:&quot;&quot;,&quot;caption&quot;:&quot;&quot;,&quot;itemprop&quot;:&quot;image&quot;},{&quot;src&quot;:&quot;https:\\\/\\\/i0.wp.com\\\/www.sastamalankylat.fi\\\/leppalammitaipale\\\/wp-content\\\/uploads\\\/sites\\\/4\\\/2015\\\/07\\\/nettiin3.jpg?fit=1024%2C576\\u0026ssl=1&quot;,&quot;id&quot;:&quot;1181&quot;,&quot;title&quot;:&quot;nettiin3&quot;,&quot;alt&quot;:&quot;&quot;,&quot;caption&quot;:&quot;&quot;,&quot;itemprop&quot;:&quot;image&quot;},{&quot;src&quot;:&quot;https:\\\/\\\/i0.wp.com\\\/www.sastamalankylat.fi\\\/leppalammitaipale\\\/wp-content\\\/uploads\\\/sites\\\/4\\\/2015\\\/07\\\/nettiin2.jpg?fit=1024%2C576\\u0026ssl=1&quot;,&quot;id&quot;:&quot;1180&quot;,&quot;title&quot;:&quot;nettiin2&quot;,&quot;alt&quot;:&quot;&quot;,&quot;caption&quot;:&quot;&quot;,&quot;itemprop&quot;:&quot;image&quot;},{&quot;src&quot;:&quot;https:\\\/\\\/i0.wp.com\\\/www.sastamalankylat.fi\\\/leppalammitaipale\\\/wp-content\\\/uploads\\\/sites\\\/4\\\/2015\\\/07\\\/Nettiin1.jpg?fit=1024%2C576\\u0026ssl=1&quot;,&quot;id&quot;:&quot;1179&quot;,&quot;title&quot;:&quot;Nettiin1&quot;,&quot;alt&quot;:&quot;&quot;,&quot;caption&quot;:&quot;&quot;,&quot;itemprop&quot;:&quot;image&quot;}]\" itemscope itemtype=\"https:\/\/schema.org\/ImageGallery\"><\/div>\n<!-- AddThis Advanced Settings generic via filter on the_content --><!-- AddThis Share Buttons generic via filter on the_content -->","protected":false},"excerpt":{"rendered":"<p>T\u00e4m\u00e4n vuoden perinteinen kes\u00e4retki suuntautui Turun seudulle. Matkaan l\u00e4hdimme aamun koitteessa. Matka taittui sujuvasti ja aamukahville poikettiin Aurassa. Mielenkiintoisen efektin alkumatkalle antoi tieto juomaveden saastumisesta Maskun alueella, jonne olimme menossa lounaalle. Onneksemme kuitenkin Kiisan-Pirtin omistaja vakuutti tilanteen olevan hallinnassa, joten meid\u00e4n ei tarvinnut alkaa etsim\u00e4\u00e4n uutta lounaspaikkaa kesken reissun. Aamukahvien j\u00e4lkeen suuntasimme matkamme Aurasta Arabian [&hellip;]<!-- AddThis Advanced Settings generic via filter on wp_trim_excerpt --><!-- AddThis Share Buttons generic via filter on wp_trim_excerpt --><\/p>\n","protected":false},"author":7,"featured_media":0,"parent":128,"menu_order":0,"comment_status":"closed","ping_status":"closed","template":"","meta":{"jetpack_post_was_ever_published":false,"footnotes":""},"class_list":["post-966","page","type-page","status-publish","hentry"],"aioseo_notices":[],"jetpack_shortlink":"https:\/\/wp.me\/P3rkfc-fA","jetpack_sharing_enabled":true,"_links":{"self":[{"href":"https:\/\/www.sastamalankylat.fi\/leppalammitaipale\/wp-json\/wp\/v2\/pages\/966","targetHints":{"allow":["GET"]}}],"collection":[{"href":"https:\/\/www.sastamalankylat.fi\/leppalammitaipale\/wp-json\/wp\/v2\/pages"}],"about":[{"href":"https:\/\/www.sastamalankylat.fi\/leppalammitaipale\/wp-json\/wp\/v2\/types\/page"}],"author":[{"embeddable":true,"href":"https:\/\/www.sastamalankylat.fi\/leppalammitaipale\/wp-json\/wp\/v2\/users\/7"}],"replies":[{"embeddable":true,"href":"https:\/\/www.sastamalankylat.fi\/leppalammitaipale\/wp-json\/wp\/v2\/comments?post=966"}],"version-history":[{"count":2,"href":"https:\/\/www.sastamalankylat.fi\/leppalammitaipale\/wp-json\/wp\/v2\/pages\/966\/revisions"}],"predecessor-version":[{"id":1186,"href":"https:\/\/www.sastamalankylat.fi\/leppalammitaipale\/wp-json\/wp\/v2\/pages\/966\/revisions\/1186"}],"up":[{"embeddable":true,"href":"https:\/\/www.sastamalankylat.fi\/leppalammitaipale\/wp-json\/wp\/v2\/pages\/128"}],"wp:attachment":[{"href":"https:\/\/www.sastamalankylat.fi\/leppalammitaipale\/wp-json\/wp\/v2\/media?parent=966"}],"curies":[{"name":"wp","href":"https:\/\/api.w.org\/{rel}","templated":true}]}}