{"id":599,"date":"2013-10-07T19:45:27","date_gmt":"2013-10-07T16:45:27","guid":{"rendered":"http:\/\/www.sastamalankylat.fi\/leppalammitaipale\/?page_id=599"},"modified":"2023-04-02T10:18:24","modified_gmt":"2023-04-02T07:18:24","slug":"kylakirja-4","status":"publish","type":"page","link":"https:\/\/www.sastamalankylat.fi\/leppalammitaipale\/kylakirja-4\/","title":{"rendered":"Kyl\u00e4kirja"},"content":{"rendered":"\r\n<p><strong>PARISILTOJEN KAHTAPUOLEN<\/strong> -kirjoja on myynniss\u00e4 Tyrv\u00e4\u00e4n Kirjakaupassa, sek\u00e4 Taipaleessa Marja-Liisa puh: 050 3248 671, tai Johanna puh: 050 4117 461 tai Lepp\u00e4lammilla Jorma puh: 040 5194 678. Kirjan hinta 38 euroa.<\/p>\r\n\r\n\r\n\r\n<p>Kysy tarvittaessa my\u00f6s toimitusta postitse. Postikulut lis\u00e4t\u00e4\u00e4n hintaan.<\/p>\r\n\r\n\r\n\r\n<p>Kyl\u00e4kirjaamme luetaan jo nelj\u00e4ss\u00e4 eri maassa. Suomessa, Ruotsissa, Norjassa ja jopa Australiassa asti. Osta muistoksi tai lahjaksi, sill\u00e4 sinullekin tulee hetki\u00e4, jolloin haluat muistella menneit\u00e4 aikoja Lepp\u00e4lammilla ja Taipaleessa.<\/p>\r\n\r\n\r\n\r\n<p>Kirjan sis\u00e4llysluetteloon voit tutustua klikkaamalla viereist\u00e4 linkki\u00e4 \u2013&gt;<a href=\"http:\/\/www.sastamalankylat.fi\/leppalammitaipale\/wp-content\/uploads\/sites\/4\/2020\/02\/Parisiltojen-Kahtapuolen-sis%C3%A4llysluettelo.pdf\">Parisiltojen Kahtapuolen, sis\u00e4llysluettelo<\/a><\/p>\r\n<!-- AddThis Advanced Settings generic via filter on the_content --><!-- AddThis Share Buttons generic via filter on the_content -->","protected":false},"excerpt":{"rendered":"<p>PARISILTOJEN KAHTAPUOLEN -kirjoja on myynniss\u00e4 Tyrv\u00e4\u00e4n Kirjakaupassa, sek\u00e4 Taipaleessa Marja-Liisa puh: 050 3248 671, tai Johanna puh: 050 4117 461 tai Lepp\u00e4lammilla Jorma puh: 040 5194 678. Kirjan hinta 38 euroa. Kysy tarvittaessa my\u00f6s toimitusta postitse. Postikulut lis\u00e4t\u00e4\u00e4n hintaan. Kyl\u00e4kirjaamme luetaan jo nelj\u00e4ss\u00e4 eri maassa. Suomessa, Ruotsissa, Norjassa ja jopa Australiassa asti. Osta muistoksi tai [&hellip;]<!-- AddThis Advanced Settings generic via filter on wp_trim_excerpt --><!-- AddThis Share Buttons generic via filter on wp_trim_excerpt --><\/p>\n","protected":false},"author":6,"featured_media":1550,"parent":0,"menu_order":0,"comment_status":"closed","ping_status":"closed","template":"","meta":{"jetpack_post_was_ever_published":false,"footnotes":""},"class_list":["post-599","page","type-page","status-publish","has-post-thumbnail","hentry"],"aioseo_notices":[],"jetpack_shortlink":"https:\/\/wp.me\/P3rkfc-9F","jetpack_sharing_enabled":true,"_links":{"self":[{"href":"https:\/\/www.sastamalankylat.fi\/leppalammitaipale\/wp-json\/wp\/v2\/pages\/599","targetHints":{"allow":["GET"]}}],"collection":[{"href":"https:\/\/www.sastamalankylat.fi\/leppalammitaipale\/wp-json\/wp\/v2\/pages"}],"about":[{"href":"https:\/\/www.sastamalankylat.fi\/leppalammitaipale\/wp-json\/wp\/v2\/types\/page"}],"author":[{"embeddable":true,"href":"https:\/\/www.sastamalankylat.fi\/leppalammitaipale\/wp-json\/wp\/v2\/users\/6"}],"replies":[{"embeddable":true,"href":"https:\/\/www.sastamalankylat.fi\/leppalammitaipale\/wp-json\/wp\/v2\/comments?post=599"}],"version-history":[{"count":4,"href":"https:\/\/www.sastamalankylat.fi\/leppalammitaipale\/wp-json\/wp\/v2\/pages\/599\/revisions"}],"predecessor-version":[{"id":1766,"href":"https:\/\/www.sastamalankylat.fi\/leppalammitaipale\/wp-json\/wp\/v2\/pages\/599\/revisions\/1766"}],"wp:featuredmedia":[{"embeddable":true,"href":"https:\/\/www.sastamalankylat.fi\/leppalammitaipale\/wp-json\/wp\/v2\/media\/1550"}],"wp:attachment":[{"href":"https:\/\/www.sastamalankylat.fi\/leppalammitaipale\/wp-json\/wp\/v2\/media?parent=599"}],"curies":[{"name":"wp","href":"https:\/\/api.w.org\/{rel}","templated":true}]}}