{"id":504,"date":"2013-06-30T10:10:09","date_gmt":"2013-06-30T07:10:09","guid":{"rendered":"http:\/\/www.sastamalankylat.fi\/leppalammitaipale\/?page_id=504"},"modified":"2016-06-05T17:19:45","modified_gmt":"2016-06-05T14:19:45","slug":"sananlaskut","status":"publish","type":"page","link":"https:\/\/www.sastamalankylat.fi\/leppalammitaipale\/sananlaskut\/","title":{"rendered":"Sananparsia"},"content":{"rendered":"<p><a href=\"https:\/\/i0.wp.com\/www.sastamalankylat.fi\/leppalammitaipale\/wp-content\/uploads\/sites\/4\/2013\/06\/Jenny-sarkonen.jpg\"><img data-recalc-dims=\"1\" loading=\"lazy\" decoding=\"async\" class=\"alignnone size-medium wp-image-724\" style=\"width: 88px\" src=\"https:\/\/i0.wp.com\/www.sastamalankylat.fi\/leppalammitaipale\/wp-content\/uploads\/sites\/4\/2013\/06\/Jenny-sarkonen.jpg?resize=218%2C129\" alt=\"Jenny sarkonen\" width=\"218\" height=\"129\" \/><\/a><\/p>\n<p><span style=\"color: #0000ff\">P\u00e4\u00e4valikon alla &#8221;VIIKON VIISAUS&#8221;\u00a0on l\u00e4hinn\u00e4 vuodenaikaan liittyvi\u00e4 sanontoja. T\u00e4ss\u00e4\u00a0p\u00e4\u00e4valikossa &#8221;SANANPARSIA&#8221;\u00a0julkaistaan sananparsia jotka on kirjannut muistiin\u00a0opettajatar <strong>Jenny Sarkonen<\/strong>\u00a0(1883 &#8211;\u00a01971) vuonna 1966.<\/span><\/p>\n<p><em>Aamuhetki kullan kallis.<\/em><\/p>\n<p><em>Silloin sepp\u00e4 takoo kun rauta on kuuma.<\/em><\/p>\n<p><em>Hyv\u00e4 antaa v\u00e4h\u00e4st\u00e4ns\u00e4 paha ei paljostansakaan.<\/em><\/p>\n<p><em>Puhtaana on kevee olla, sano Heleniuksen pojat, kun jouluksi paitansa k\u00e4\u00e4nsi.<\/em><\/p>\n<p><em>Illan virkku, aamun torkku, se tapa talon h\u00e4vitt\u00e4\u00e4.<\/em><\/p>\n<p><em>Joka s\u00e4\u00e4st\u00e4\u00e4 saadessaan, sill\u00e4 on ottaa antaissaan.<\/em><\/p>\n<p><em>Puhtaus on puoli el\u00e4m\u00e4\u00e4.<\/em><\/p>\n<p><em>Mit\u00e4 useampi kokki, sit\u00e4 huonompi soppa.<\/em><\/p>\n<p><em>Ty\u00f6 ei lopu tekev\u00e4lt\u00e4, eik\u00e4 uni makaavalta.<\/em><\/p>\n<p><em>Odottavan aika on pitk\u00e4.<\/em><\/p>\n<p><em>Mink\u00e4 nuorena oppii sen vanhana taitaa (muistaa).<\/em><\/p>\n<p><em>Aamusta p\u00e4iv\u00e4 pisin.<\/em><\/p>\n<p><em>Ei se makaa, jolla mure on. (murhe)<\/em><\/p>\n<p><em>Tuttava sanoo tuttavalleen ja tuttava koko kyl\u00e4lle.<\/em><\/p>\n<p><em>Se on selv\u00e4\u00e4 laskua kun on 20 lammasta ja 40 jalkaa.<\/em><\/p>\n<p><em>Ei nimi miest\u00e4 pahenna, kun ei mies nime\u00e4.<\/em><\/p>\n<p><em>Joka tuulta kylv\u00e4\u00e4 se myrsky\u00e4 niitt\u00e4\u00e4.<\/em><\/p>\n<p><em>On paljon porua ja v\u00e4h\u00e4n villoja.<\/em><\/p>\n<p><em>Joka kuuseen kurkottaa, se katajaan kapsahtaa.<\/em><\/p>\n<p><em>Niin mets\u00e4 vastaa, kun sinne huudetaan.<\/em><\/p>\n<p><em>Ei niin pahaa likaa,\u00a0ettei pesten l\u00e4hde.<\/em><\/p>\n<p><em>On niin hyv\u00e4t p\u00e4iv\u00e4t kuin Ellun kanalla, ei tarvitse munia, ei muuta kun kotkottaa.<\/em><\/p>\n<p><em>Pysyk\u00e4\u00e4 j\u00e4rjestyksess\u00e4, sanoi Lemin lukkari, kun kananpoikia piiskasi.<\/em><\/p>\n<p><em>Kun lapsi saa mit\u00e4 h\u00e4n pyyt\u00e4\u00e4, on mieli hyv\u00e4.<\/em><\/p>\n<p><em>Joka pyyt\u00e4 pyyt\u00e4\u00e4, niin koppelo kotoa katoo.<\/em><\/p>\n<p><em>Mit\u00e4 takansa laskee, sen kerran edest\u00e4\u00e4n l\u00f6yt\u00e4\u00e4.<\/em><\/p>\n<p><em>Se kissaa kiitt\u00e4\u00e4, joka ei ole parempaa el\u00e4v\u00e4\u00e4 n\u00e4hnyt.<\/em><\/p>\n<p><em>Mink\u00e4s oksa puusta putoo, muuta kuin puun juurelle.<\/em><\/p>\n<p><em>\u00c4l\u00e4 ennen hypp\u00e4\u00e4 kuin oja tulee.<\/em><\/p>\n<p><em>Silt\u00e4 kohtaa yli menn\u00e4\u00e4n mist\u00e4 aita on matalin.<\/em><\/p>\n<p><em>\u00c4l\u00e4 yrit\u00e4 lent\u00e4\u00e4 korkeammalle kuin siivet kannattaa.<\/em><\/p>\n<p><em>Kyll\u00e4 maalla viisaita ollaan, kun merell\u00e4 vahinko tulee.<\/em><\/p>\n<p><em>Pieni\u00e4 on silakat joulukaloiksi.<\/em><\/p>\n<p><em>Mit\u00e4s muuta: Sano puotipoika (kauppa-apulainen) ja pisti taas sokeria suuhunsa.<\/em><\/p>\n<p><em>Maailma on kiper\u00e4 ja kapera kun pukin sarvi.<\/em><\/p>\n<p><em>Lyhyet on valheen j\u00e4ljet.<\/em><\/p>\n<p><em>\u00c4l\u00e4 nuolaise ennen kuin tipahtaa.<\/em><\/p>\n<p><em>\u00c4l\u00e4 tee toiselle sit\u00e4, mit\u00e4 et toivo itselle teht\u00e4v\u00e4n.<\/em><\/p>\n<p><em>Siit\u00e4s sait miks et muninu sano akka, kun kanalta kaulan katkas.<\/em><\/p>\n<p><em>Joka syytt\u00e4 suuttuu, se lahjoitta leppyy.<\/em><\/p>\n<p><em>K\u00e4vi \u00e4kki\u00e4, kun katin aivastus.<\/em><\/p>\n<p><em>Ei kaksi kovaa kive\u00e4 hyvi\u00e4 jauhoja tee.<\/em><\/p>\n<p><em>Sataa niin kuin vanhaan aikaan Harjunp\u00e4\u00e4ss\u00e4, ei saatu lakkaamaankaan, ennen kuin itsell\u00e4\u00e4n lakkasi.<\/em><\/p>\n<p><em>Ei niin hyv\u00e4\u00e4 ett\u00e4 kaikki kiitt\u00e4\u00e4, eik\u00e4 niin pahaa ett\u00e4 kaikki moittii.<\/em><\/p>\n<p><em>Is\u00e4ni oli aamu-uninen ja \u00e4iti ehtoouninen ja min\u00e4 vaivainen tulen molempiin.<\/em><\/p>\n<p><em>Ennen mies maansa myy, kuin sanansa sy\u00f6.<\/em><\/p>\n<p><em>Sanasta miest\u00e4 ja sarvesta h\u00e4rk\u00e4\u00e4.<\/em><\/p>\n<p><em>jatkuu&#8230;&#8230;&#8230;&#8230;&#8230;<\/em><\/p>\n<!-- AddThis Advanced Settings generic via filter on the_content --><!-- AddThis Share Buttons generic via filter on the_content -->","protected":false},"excerpt":{"rendered":"<p>P\u00e4\u00e4valikon alla &#8221;VIIKON VIISAUS&#8221;\u00a0on l\u00e4hinn\u00e4 vuodenaikaan liittyvi\u00e4 sanontoja. T\u00e4ss\u00e4\u00a0p\u00e4\u00e4valikossa &#8221;SANANPARSIA&#8221;\u00a0julkaistaan sananparsia jotka on kirjannut muistiin\u00a0opettajatar Jenny Sarkonen\u00a0(1883 &#8211;\u00a01971) vuonna 1966. Aamuhetki kullan kallis. Silloin sepp\u00e4 takoo kun rauta on kuuma. Hyv\u00e4 antaa v\u00e4h\u00e4st\u00e4ns\u00e4 paha ei paljostansakaan. Puhtaana on kevee olla, sano Heleniuksen pojat, kun jouluksi paitansa k\u00e4\u00e4nsi. Illan virkku, aamun torkku, se tapa talon h\u00e4vitt\u00e4\u00e4. [&hellip;]<!-- AddThis Advanced Settings generic via filter on wp_trim_excerpt --><!-- AddThis Share Buttons generic via filter on wp_trim_excerpt --><\/p>\n","protected":false},"author":6,"featured_media":0,"parent":0,"menu_order":0,"comment_status":"closed","ping_status":"closed","template":"","meta":{"jetpack_post_was_ever_published":false,"footnotes":""},"class_list":["post-504","page","type-page","status-publish","hentry"],"aioseo_notices":[],"jetpack_shortlink":"https:\/\/wp.me\/P3rkfc-88","jetpack_sharing_enabled":true,"_links":{"self":[{"href":"https:\/\/www.sastamalankylat.fi\/leppalammitaipale\/wp-json\/wp\/v2\/pages\/504","targetHints":{"allow":["GET"]}}],"collection":[{"href":"https:\/\/www.sastamalankylat.fi\/leppalammitaipale\/wp-json\/wp\/v2\/pages"}],"about":[{"href":"https:\/\/www.sastamalankylat.fi\/leppalammitaipale\/wp-json\/wp\/v2\/types\/page"}],"author":[{"embeddable":true,"href":"https:\/\/www.sastamalankylat.fi\/leppalammitaipale\/wp-json\/wp\/v2\/users\/6"}],"replies":[{"embeddable":true,"href":"https:\/\/www.sastamalankylat.fi\/leppalammitaipale\/wp-json\/wp\/v2\/comments?post=504"}],"version-history":[{"count":4,"href":"https:\/\/www.sastamalankylat.fi\/leppalammitaipale\/wp-json\/wp\/v2\/pages\/504\/revisions"}],"predecessor-version":[{"id":1266,"href":"https:\/\/www.sastamalankylat.fi\/leppalammitaipale\/wp-json\/wp\/v2\/pages\/504\/revisions\/1266"}],"wp:attachment":[{"href":"https:\/\/www.sastamalankylat.fi\/leppalammitaipale\/wp-json\/wp\/v2\/media?parent=504"}],"curies":[{"name":"wp","href":"https:\/\/api.w.org\/{rel}","templated":true}]}}