{"id":48,"date":"2013-04-22T18:12:09","date_gmt":"2013-04-22T15:12:09","guid":{"rendered":"http:\/\/www.sastamalankylat.fi\/leppalammitaipale\/?page_id=48"},"modified":"2013-05-10T17:06:22","modified_gmt":"2013-05-10T14:06:22","slug":"liity-jaseneksi","status":"publish","type":"page","link":"https:\/\/www.sastamalankylat.fi\/leppalammitaipale\/liity-jaseneksi\/","title":{"rendered":"Haluatko j\u00e4seneksi"},"content":{"rendered":"<p align=\"LEFT\">Yhdistyksen j\u00e4seneksi voidaan hyv\u00e4ksy\u00e4 jokainen, joka on kiinnostunut yhdistyksen toiminnasta ja hyv\u00e4ksyy sen toiminnan, tarkoituksen ja s\u00e4\u00e4nn\u00f6t. Yhdistyksen hallitus, josta k\u00e4ytet\u00e4\u00e4n nime\u00e4 TOIMIKUNTA, hyv\u00e4ksyy j\u00e4senet. Toimikunnan ei tarvitse perustella p\u00e4\u00e4t\u00f6st\u00e4\u00e4n eik\u00e4 siit\u00e4 voi valittaa. J\u00e4senyys alkaa, kun j\u00e4seneksi ilmoittautuminen on hyv\u00e4ksytty. J\u00e4sen on velvollinen suorittamaan yhdistyksen vuosikokouksen m\u00e4\u00e4r\u00e4\u00e4m\u00e4n liittymis- ja j\u00e4senmaksun. Toimikunta pit\u00e4\u00e4 yhdistyksen j\u00e4senist\u00e4 lainmukaista j\u00e4senluetteloa.<\/p>\n<p align=\"LEFT\">Mik\u00e4li kiinnostuit yhdistyksemme j\u00e4senyydest\u00e4, ota yhteytt\u00e4:<\/p>\n<p align=\"LEFT\">S\u00e4hk\u00f6postilla: <span style=\"color: #0000ff\">leppalammi.taipale(\u00e4t)gmail.com<\/span><\/p>\n<p align=\"LEFT\">Puhelimitse: Marita Isos\u00e4vi puh. 040 544 0491<\/p>\n<!-- AddThis Advanced Settings generic via filter on the_content --><!-- AddThis Share Buttons generic via filter on the_content -->","protected":false},"excerpt":{"rendered":"<p>Yhdistyksen j\u00e4seneksi voidaan hyv\u00e4ksy\u00e4 jokainen, joka on kiinnostunut yhdistyksen toiminnasta ja hyv\u00e4ksyy sen toiminnan, tarkoituksen ja s\u00e4\u00e4nn\u00f6t. Yhdistyksen hallitus, josta k\u00e4ytet\u00e4\u00e4n nime\u00e4 TOIMIKUNTA, hyv\u00e4ksyy j\u00e4senet. Toimikunnan ei tarvitse perustella p\u00e4\u00e4t\u00f6st\u00e4\u00e4n eik\u00e4 siit\u00e4 voi valittaa. J\u00e4senyys alkaa, kun j\u00e4seneksi ilmoittautuminen on hyv\u00e4ksytty. J\u00e4sen on velvollinen suorittamaan yhdistyksen vuosikokouksen m\u00e4\u00e4r\u00e4\u00e4m\u00e4n liittymis- ja j\u00e4senmaksun. Toimikunta pit\u00e4\u00e4 yhdistyksen j\u00e4senist\u00e4 [&hellip;]<!-- AddThis Advanced Settings generic via filter on wp_trim_excerpt --><!-- AddThis Share Buttons generic via filter on wp_trim_excerpt --><\/p>\n","protected":false},"author":1,"featured_media":0,"parent":0,"menu_order":0,"comment_status":"closed","ping_status":"closed","template":"","meta":{"jetpack_post_was_ever_published":false,"footnotes":""},"class_list":["post-48","page","type-page","status-publish","hentry"],"aioseo_notices":[],"jetpack_shortlink":"https:\/\/wp.me\/P3rkfc-M","jetpack_sharing_enabled":true,"_links":{"self":[{"href":"https:\/\/www.sastamalankylat.fi\/leppalammitaipale\/wp-json\/wp\/v2\/pages\/48","targetHints":{"allow":["GET"]}}],"collection":[{"href":"https:\/\/www.sastamalankylat.fi\/leppalammitaipale\/wp-json\/wp\/v2\/pages"}],"about":[{"href":"https:\/\/www.sastamalankylat.fi\/leppalammitaipale\/wp-json\/wp\/v2\/types\/page"}],"author":[{"embeddable":true,"href":"https:\/\/www.sastamalankylat.fi\/leppalammitaipale\/wp-json\/wp\/v2\/users\/1"}],"replies":[{"embeddable":true,"href":"https:\/\/www.sastamalankylat.fi\/leppalammitaipale\/wp-json\/wp\/v2\/comments?post=48"}],"version-history":[{"count":2,"href":"https:\/\/www.sastamalankylat.fi\/leppalammitaipale\/wp-json\/wp\/v2\/pages\/48\/revisions"}],"predecessor-version":[{"id":370,"href":"https:\/\/www.sastamalankylat.fi\/leppalammitaipale\/wp-json\/wp\/v2\/pages\/48\/revisions\/370"}],"wp:attachment":[{"href":"https:\/\/www.sastamalankylat.fi\/leppalammitaipale\/wp-json\/wp\/v2\/media?parent=48"}],"curies":[{"name":"wp","href":"https:\/\/api.w.org\/{rel}","templated":true}]}}