{"id":444,"date":"2013-06-14T08:21:33","date_gmt":"2013-06-14T05:21:33","guid":{"rendered":"http:\/\/www.sastamalankylat.fi\/leppalammitaipale\/?page_id=444"},"modified":"2013-06-15T09:11:36","modified_gmt":"2013-06-15T06:11:36","slug":"taipaleen-koski-ja-mylly","status":"publish","type":"page","link":"https:\/\/www.sastamalankylat.fi\/leppalammitaipale\/taipaleen-koski-ja-mylly\/","title":{"rendered":"Taipaleen koski ja mylly"},"content":{"rendered":"<div id=\"attachment_271\" style=\"width: 310px\" class=\"wp-caption alignnone\"><a href=\"https:\/\/i0.wp.com\/www.sastamalankylat.fi\/leppalammitaipale\/wp-content\/uploads\/sites\/4\/2013\/04\/Taipaleen-koski-1-e1366993797254.jpg\"><img data-recalc-dims=\"1\" loading=\"lazy\" decoding=\"async\" aria-describedby=\"caption-attachment-271\" class=\"size-medium wp-image-271\" alt=\"Taipaleen koski isonveden aikaan\" src=\"https:\/\/i0.wp.com\/www.sastamalankylat.fi\/leppalammitaipale\/wp-content\/uploads\/sites\/4\/2013\/04\/Taipaleen-koski-1.jpg?resize=300%2C210\" width=\"300\" height=\"210\" \/><\/a><p id=\"caption-attachment-271\" class=\"wp-caption-text\">Taipaleen kosken kuohut..<\/p><\/div>\n<p>&nbsp;<\/p>\n<div id=\"attachment_448\" style=\"width: 310px\" class=\"wp-caption alignnone\"><a href=\"https:\/\/i0.wp.com\/www.sastamalankylat.fi\/leppalammitaipale\/wp-content\/uploads\/sites\/4\/2013\/06\/Taipaleen-koski-4.jpg\"><img data-recalc-dims=\"1\" loading=\"lazy\" decoding=\"async\" aria-describedby=\"caption-attachment-448\" class=\"size-medium wp-image-448\" alt=\"Taipaleen koski voimanl\u00e4hteen\u00e4\" src=\"https:\/\/i0.wp.com\/www.sastamalankylat.fi\/leppalammitaipale\/wp-content\/uploads\/sites\/4\/2013\/06\/Taipaleen-koski-4.jpg?resize=300%2C193\" width=\"300\" height=\"193\" srcset=\"https:\/\/i0.wp.com\/www.sastamalankylat.fi\/leppalammitaipale\/wp-content\/uploads\/sites\/4\/2013\/06\/Taipaleen-koski-4.jpg?resize=300%2C193&amp;ssl=1 300w, https:\/\/i0.wp.com\/www.sastamalankylat.fi\/leppalammitaipale\/wp-content\/uploads\/sites\/4\/2013\/06\/Taipaleen-koski-4.jpg?resize=624%2C403&amp;ssl=1 624w, https:\/\/i0.wp.com\/www.sastamalankylat.fi\/leppalammitaipale\/wp-content\/uploads\/sites\/4\/2013\/06\/Taipaleen-koski-4.jpg?w=972&amp;ssl=1 972w\" sizes=\"auto, (max-width: 300px) 100vw, 300px\" \/><\/a><p id=\"caption-attachment-448\" class=\"wp-caption-text\">Taipaleen koski<\/p><\/div>\n<p>&nbsp;<\/p>\n<div id=\"attachment_450\" style=\"width: 310px\" class=\"wp-caption alignnone\"><a href=\"https:\/\/i0.wp.com\/www.sastamalankylat.fi\/leppalammitaipale\/wp-content\/uploads\/sites\/4\/2013\/06\/Taipaleen-koski-2.jpg\"><img data-recalc-dims=\"1\" loading=\"lazy\" decoding=\"async\" aria-describedby=\"caption-attachment-450\" class=\"size-medium wp-image-450\" alt=\"Taipaleen koski my\u00f6hemmin\" src=\"https:\/\/i0.wp.com\/www.sastamalankylat.fi\/leppalammitaipale\/wp-content\/uploads\/sites\/4\/2013\/06\/Taipaleen-koski-2.jpg?resize=300%2C197\" width=\"300\" height=\"197\" srcset=\"https:\/\/i0.wp.com\/www.sastamalankylat.fi\/leppalammitaipale\/wp-content\/uploads\/sites\/4\/2013\/06\/Taipaleen-koski-2.jpg?resize=300%2C197&amp;ssl=1 300w, https:\/\/i0.wp.com\/www.sastamalankylat.fi\/leppalammitaipale\/wp-content\/uploads\/sites\/4\/2013\/06\/Taipaleen-koski-2.jpg?resize=624%2C410&amp;ssl=1 624w, https:\/\/i0.wp.com\/www.sastamalankylat.fi\/leppalammitaipale\/wp-content\/uploads\/sites\/4\/2013\/06\/Taipaleen-koski-2.jpg?w=997&amp;ssl=1 997w\" sizes=\"auto, (max-width: 300px) 100vw, 300px\" \/><\/a><p id=\"caption-attachment-450\" class=\"wp-caption-text\">Taipaleen koski ja uusi pato &#8221;tammi&#8221;.<\/p><\/div>\n<p>&nbsp;<\/p>\n<div id=\"attachment_452\" style=\"width: 310px\" class=\"wp-caption alignnone\"><a href=\"https:\/\/i0.wp.com\/www.sastamalankylat.fi\/leppalammitaipale\/wp-content\/uploads\/sites\/4\/2013\/06\/Salon-mylly.jpg\"><img data-recalc-dims=\"1\" loading=\"lazy\" decoding=\"async\" aria-describedby=\"caption-attachment-452\" class=\"size-medium wp-image-452\" alt=\"Salon mylly toiminnassa, hevosia ja mylyss\u00e4k\u00e4vij\u00f6it\u00e4.\" src=\"https:\/\/i0.wp.com\/www.sastamalankylat.fi\/leppalammitaipale\/wp-content\/uploads\/sites\/4\/2013\/06\/Salon-mylly.jpg?resize=300%2C228\" width=\"300\" height=\"228\" srcset=\"https:\/\/i0.wp.com\/www.sastamalankylat.fi\/leppalammitaipale\/wp-content\/uploads\/sites\/4\/2013\/06\/Salon-mylly.jpg?resize=300%2C228&amp;ssl=1 300w, https:\/\/i0.wp.com\/www.sastamalankylat.fi\/leppalammitaipale\/wp-content\/uploads\/sites\/4\/2013\/06\/Salon-mylly.jpg?resize=624%2C475&amp;ssl=1 624w, https:\/\/i0.wp.com\/www.sastamalankylat.fi\/leppalammitaipale\/wp-content\/uploads\/sites\/4\/2013\/06\/Salon-mylly.jpg?w=881&amp;ssl=1 881w\" sizes=\"auto, (max-width: 300px) 100vw, 300px\" \/><\/a><p id=\"caption-attachment-452\" class=\"wp-caption-text\">Salon mylly toiminnassa, hevosia ja mylyss\u00e4k\u00e4vij\u00f6it\u00e4.<\/p><\/div>\n<!-- AddThis Advanced Settings generic via filter on the_content --><!-- AddThis Share Buttons generic via filter on the_content -->","protected":false},"excerpt":{"rendered":"<p>&nbsp; &nbsp; &nbsp;<!-- AddThis Advanced Settings generic via filter on wp_trim_excerpt --><!-- AddThis Share Buttons generic via filter on wp_trim_excerpt --><\/p>\n","protected":false},"author":6,"featured_media":0,"parent":0,"menu_order":0,"comment_status":"closed","ping_status":"closed","template":"","meta":{"jetpack_post_was_ever_published":false,"footnotes":""},"class_list":["post-444","page","type-page","status-publish","hentry"],"aioseo_notices":[],"jetpack_shortlink":"https:\/\/wp.me\/P3rkfc-7a","jetpack_sharing_enabled":true,"_links":{"self":[{"href":"https:\/\/www.sastamalankylat.fi\/leppalammitaipale\/wp-json\/wp\/v2\/pages\/444","targetHints":{"allow":["GET"]}}],"collection":[{"href":"https:\/\/www.sastamalankylat.fi\/leppalammitaipale\/wp-json\/wp\/v2\/pages"}],"about":[{"href":"https:\/\/www.sastamalankylat.fi\/leppalammitaipale\/wp-json\/wp\/v2\/types\/page"}],"author":[{"embeddable":true,"href":"https:\/\/www.sastamalankylat.fi\/leppalammitaipale\/wp-json\/wp\/v2\/users\/6"}],"replies":[{"embeddable":true,"href":"https:\/\/www.sastamalankylat.fi\/leppalammitaipale\/wp-json\/wp\/v2\/comments?post=444"}],"version-history":[{"count":2,"href":"https:\/\/www.sastamalankylat.fi\/leppalammitaipale\/wp-json\/wp\/v2\/pages\/444\/revisions"}],"predecessor-version":[{"id":460,"href":"https:\/\/www.sastamalankylat.fi\/leppalammitaipale\/wp-json\/wp\/v2\/pages\/444\/revisions\/460"}],"wp:attachment":[{"href":"https:\/\/www.sastamalankylat.fi\/leppalammitaipale\/wp-json\/wp\/v2\/media?parent=444"}],"curies":[{"name":"wp","href":"https:\/\/api.w.org\/{rel}","templated":true}]}}