{"id":319,"date":"2013-05-07T22:21:37","date_gmt":"2013-05-07T19:21:37","guid":{"rendered":"http:\/\/www.sastamalankylat.fi\/leppalammitaipale\/?page_id=319"},"modified":"2017-04-02T08:58:26","modified_gmt":"2017-04-02T05:58:26","slug":"hairioolosuhde-tiedote","status":"publish","type":"page","link":"https:\/\/www.sastamalankylat.fi\/leppalammitaipale\/hairioolosuhde-tiedote\/","title":{"rendered":"H\u00e4iri\u00f6olosuhde tiedote"},"content":{"rendered":"<p>Lepp\u00e4lammi-Taipaleen Kotiseutuyhdistys on sopinut 7.5.2013 Sastamalan kaupungin kanssa yhteistoiminnasta toiminta-alueensa asukkaiden avuntarpeen tarkistamisesta h\u00e4iri\u00f6tilanteissa. H\u00e4iri\u00f6tilanteella t\u00e4ss\u00e4 tapauksessa tarkoitetaan s\u00e4hk\u00f6katkoa tai muuta tilannetta, joka pitkittyy ja vaikeuttaa alueen asukkaiden selviytymist\u00e4. Pitkittyneen h\u00e4iri\u00f6tilanteen vaikutus alueen asukkaiden arkiselviytymiseen on sidonnainen vuoden- ja vuorokaudenaikaan esim. pimeys, s\u00e4\u00e4olosuhteet ja l\u00e4mp\u00f6tila. <strong>Yhdistyksemme aloittaa tarkastustoimintansa Sastamalan kaupungilta saamastaan toimeksiannosta.<\/strong><\/p>\n<p>Lis\u00e4tietoja asiasta antaa puheenjohtaja Marita Isos\u00e4vi p. 040 544 0491. Maritalle voit my\u00f6s ilmoittaa halukkuudestasi l\u00e4hte\u00e4 mukaan kyseiseen vapaaehtoistoimintaan.<\/p>\n<!-- AddThis Advanced Settings generic via filter on the_content --><!-- AddThis Share Buttons generic via filter on the_content -->","protected":false},"excerpt":{"rendered":"<p>Lepp\u00e4lammi-Taipaleen Kotiseutuyhdistys on sopinut 7.5.2013 Sastamalan kaupungin kanssa yhteistoiminnasta toiminta-alueensa asukkaiden avuntarpeen tarkistamisesta h\u00e4iri\u00f6tilanteissa. H\u00e4iri\u00f6tilanteella t\u00e4ss\u00e4 tapauksessa tarkoitetaan s\u00e4hk\u00f6katkoa tai muuta tilannetta, joka pitkittyy ja vaikeuttaa alueen asukkaiden selviytymist\u00e4. Pitkittyneen h\u00e4iri\u00f6tilanteen vaikutus alueen asukkaiden arkiselviytymiseen on sidonnainen vuoden- ja vuorokaudenaikaan esim. pimeys, s\u00e4\u00e4olosuhteet ja l\u00e4mp\u00f6tila. Yhdistyksemme aloittaa tarkastustoimintansa Sastamalan kaupungilta saamastaan toimeksiannosta. Lis\u00e4tietoja asiasta antaa [&hellip;]<!-- AddThis Advanced Settings generic via filter on wp_trim_excerpt --><!-- AddThis Share Buttons generic via filter on wp_trim_excerpt --><\/p>\n","protected":false},"author":6,"featured_media":0,"parent":0,"menu_order":0,"comment_status":"closed","ping_status":"closed","template":"","meta":{"jetpack_post_was_ever_published":false,"footnotes":""},"class_list":["post-319","page","type-page","status-publish","hentry"],"aioseo_notices":[],"jetpack_shortlink":"https:\/\/wp.me\/P3rkfc-59","jetpack_sharing_enabled":true,"_links":{"self":[{"href":"https:\/\/www.sastamalankylat.fi\/leppalammitaipale\/wp-json\/wp\/v2\/pages\/319","targetHints":{"allow":["GET"]}}],"collection":[{"href":"https:\/\/www.sastamalankylat.fi\/leppalammitaipale\/wp-json\/wp\/v2\/pages"}],"about":[{"href":"https:\/\/www.sastamalankylat.fi\/leppalammitaipale\/wp-json\/wp\/v2\/types\/page"}],"author":[{"embeddable":true,"href":"https:\/\/www.sastamalankylat.fi\/leppalammitaipale\/wp-json\/wp\/v2\/users\/6"}],"replies":[{"embeddable":true,"href":"https:\/\/www.sastamalankylat.fi\/leppalammitaipale\/wp-json\/wp\/v2\/comments?post=319"}],"version-history":[{"count":4,"href":"https:\/\/www.sastamalankylat.fi\/leppalammitaipale\/wp-json\/wp\/v2\/pages\/319\/revisions"}],"predecessor-version":[{"id":1321,"href":"https:\/\/www.sastamalankylat.fi\/leppalammitaipale\/wp-json\/wp\/v2\/pages\/319\/revisions\/1321"}],"wp:attachment":[{"href":"https:\/\/www.sastamalankylat.fi\/leppalammitaipale\/wp-json\/wp\/v2\/media?parent=319"}],"curies":[{"name":"wp","href":"https:\/\/api.w.org\/{rel}","templated":true}]}}