{"id":300,"date":"2013-05-07T16:48:29","date_gmt":"2013-05-07T13:48:29","guid":{"rendered":"http:\/\/www.sastamalankylat.fi\/leppalammitaipale\/?page_id=300"},"modified":"2014-05-12T21:13:33","modified_gmt":"2014-05-12T18:13:33","slug":"viikon-viisaus","status":"publish","type":"page","link":"https:\/\/www.sastamalankylat.fi\/leppalammitaipale\/viikon-viisaus\/","title":{"rendered":"Viikon viisaus"},"content":{"rendered":"<h4><strong><em>Viikko\u00a020 \/ 2014<\/em><\/strong><\/h4>\n<p><em>Erkin p\u00e4iv\u00e4n\u00e4 18.5\u00a0tehtiin ennusteita tulevan kes\u00e4n oloista.<\/em><\/p>\n<p><em>K\u00e4ki jos\u00a0kukkuu hankeen (jos viel\u00e4 lunta), tulee halloja. Jos taas lehti on jo puihin tulossa k\u00e4en alkaessa ensi kertaa kukkumaan, tulee hyv\u00e4 viljasato. Sammakonpoika jos\u00a0Erkkin\u00e4 el\u00e4\u00e4, niin Jaakkona (25.7.) ruis\u00a0hel\u00e4\u00e4. Kylm\u00e4 Erkin p\u00e4iv\u00e4 ennustaa l\u00e4mmint\u00e4 kes\u00e4\u00e4. Sanottiin ett\u00e4\u00a0Erkki turjus turkki p\u00e4\u00e4ll\u00e4, Urpaanus (25.5.) liinapaitasillaan. Erkin vilu kes\u00e4n ilo.<\/em><\/p>\n<h2><em>\u00c4ITIENP\u00c4IV\u00c4<\/em><\/h2>\n<p><em>\u00c4itienp\u00e4iv\u00e4n vietto on per\u00e4isin Amerikasta. Philadelphiassa el\u00e4nyt opettaja Anna Marie Jarvis sai ajatuksen vuonna 1907 kaikkien \u00e4itien yleisest\u00e4 muistop\u00e4iv\u00e4st\u00e4. H\u00e4n esitti juhlap\u00e4iv\u00e4ksi toukokuun toista sunnuntaita kaksi vuotta aikaisemmin kuolleen \u00e4itins\u00e4 muistoksi. Vuonna 1914 Yhdysvaltain kongressi julisti sen viralliseksi juhlap\u00e4iv\u00e4ksi. Suomessa \u00e4itienp\u00e4iv\u00e4\u00e4 vietettiin ensimm\u00e4isen kerran vuonna 1918. Sen vietto on vakiintunut my\u00f6s meill\u00e4 toukokuun toiseen sunnuntaihin.<\/em><\/p>\n<p><em><strong>Viikko 19 \/ 2014<\/strong><\/em><\/p>\n<p><em>Talonpoikaisel\u00e4m\u00e4\u00e4n on oleellisesti vaikuttanut my\u00f6s suomen kielen kehittyminen. Mielenkiintoisia yksityiskohtia liittyy huhtikuun yhdeks\u00e4nteen p\u00e4iv\u00e4\u00e4n. Ensimm\u00e4inen, joka kehitti pohjan suomen kirjakielelle, oli Mikael Agricola. H\u00e4n oli Turun piispa, uskonpuhdistaja ja innokas kansanperinteen tutkija, joka kuoli Ven\u00e4j\u00e4lle suuntautuneen rauhanneuvottelujen paluumatkalla 9.4.1557.<\/em><\/p>\n<p><em>Elias L\u00f6nnrot, jota pidet\u00e4\u00e4n suomen kirjakielen toisena is\u00e4n\u00e4, syntyi 9.4.1802. H\u00e4n oli l\u00e4\u00e4k\u00e4ri, kielentutkija ja kansanrunojen ker\u00e4\u00e4j\u00e4. Runoista h\u00e4n kokosi kansalliseepoksemme Kantelettaren, joka ilmestyi vuonna 1828 ja Kalevalan, joka puolestaan ilmestyi nykymuodossaan vuonna 1849. H\u00e4n kuoli 19.3.1884.<\/em><\/p>\n<p><strong><em>Viikko 16 \/ 2014<\/em><\/strong><\/p>\n<p><em>Jokaisen suviy\u00f6n s\u00e4\u00e4t\u00e4 seuraa seitsem\u00e4n seuraavaa samanlaista y\u00f6t\u00e4. Jos siis kaikkina n\u00e4in\u00e4 \u00f6in\u00e4 on kylm\u00e4\u00e4, siit\u00e4 seuraa 27 kylm\u00e4\u00e4 y\u00f6t\u00e4 yht\u00e4jaksoisesti. Kaikista suvi\u00f6ist\u00e4 Julius edustaa marja-, Yrj\u00f6 hein\u00e4- ja Markku viljavuotta.<\/em><\/p>\n<p><em>El\u00e4inkunnalle ensimm\u00e4inen suvip\u00e4iv\u00e4 on ollut my\u00f6s t\u00e4rke\u00e4 merkkip\u00e4iv\u00e4, sill\u00e4 silloin l\u00e4htev\u00e4t kalat liikkeelle, kurjet tulevat, v\u00e4st\u00e4r\u00e4kki saapuu kurjen siiven p\u00e4\u00e4ll\u00e4 ja varis munii ensimm\u00e4isen munansa.<\/em><\/p>\n<p><strong><em>Viikko 15 \/ 2014<\/em><\/strong><\/p>\n<p><em>Aikoinaan vuosi jaettiin kahteen puoliskoon, suveen ja talveen. Huhtikuun 14. p\u00e4iv\u00e4n\u00e4 ovat puut ylenevin oksin, mutta vastaavasti lokakuun 14. p\u00e4iv\u00e4n\u00e4 alenevin oksin. N\u00e4m\u00e4 puoliskot jaettiin viel\u00e4 nelj\u00e4nneksiin, jotka olivat 13 viikon mittaiset. Siten ensimm\u00e4inen suvip\u00e4iv\u00e4 on 14. huhtikuuta, keskikes\u00e4 13. hein\u00e4kuuta, ensimm\u00e4inen talvip\u00e4iv\u00e4 14. lokakuuta ja syd\u00e4ntalvi 13. tammikuuta. <\/em><\/p>\n<p><em>Ennen puhuttiin kolmesta suviy\u00f6st\u00e4 12.\u201314.4., Juliuksen (Julianus), Tellervon (Justinus) ja Taiton (Tibertius) vastaisista \u00f6ist\u00e4. Niist\u00e4 t\u00e4rkein oli viimeinen, jonka kohdalle oli painettu almanakkaan Suwi-P\u00e4iw\u00e4. Siit\u00e4 laskettiin kes\u00e4ajan alkavan. Vanha kansa puhui my\u00f6s vanhoista suvi\u00f6ist\u00e4. Ne olivat 11 p\u00e4iv\u00e4\u00e4 my\u00f6hemmin eli huhtikuun 23.\u201325., Yrj\u00f6n, Pertin ja Markun p\u00e4ivin\u00e4. N\u00e4ist\u00e4 suvi\u00f6ist\u00e4 on ennustettu my\u00f6s s\u00e4\u00e4t\u00e4; kylm\u00e4 ilma on t\u00e4ll\u00f6in paha ja suoja hyv\u00e4 enne.<\/em><\/p>\n<p><em><strong>Viikko 11 \/ 2014<\/strong><\/em><\/p>\n<p><em>Lumet ovat melkein kaikki poissa olleet viikko tolkulla. T\u00e4n\u00e4\u00e4nkin + 10 C l\u00e4mmint\u00e4 ja aurinko paistaa, tuuli puhaltaa navakasti l\u00e4nnelt\u00e4.<\/em><\/p>\n<p><em><strong>Viikko 2 \/ 2014<\/strong><\/em><\/p>\n<p><em>Loppiaisesta alkavat \u201dh\u00e4rk\u00e4viikot\u201d. Siis moniviikkoinen juhlaton ja ankeakin syd\u00e4ntalven aika. T\u00e4h\u00e4n aikaan oltiin ennen paljon mm. mets\u00e4t\u00f6iss\u00e4.<\/em><\/p>\n<p><em><strong>Viikko 1 \/ 2014<\/strong><\/em><\/p>\n<p><em>Uuden Vuoden kynnyksell\u00e4&#8230; Edess\u00e4 on sata ovea ja\u00a0tuhat tiet\u00e4.<\/em><\/p>\n<p><em><strong>Viikko 52 \/ 2013<\/strong><\/em><\/p>\n<p><em>Maanantaita vasten y\u00f6t\u00e4 tuuli oli puuskittaista ja s\u00e4hk\u00f6t katkeili. Lumet jota oli noin 10 cm on sulanut jo viikko sitten. Vett\u00e4 on sadellut p\u00e4ivitt\u00e4in jopa runsaasti jo viikon verran. L\u00e4mp\u00f6asteet nousevat koko ajan. Nyt joulup\u00e4iv\u00e4n aamuna on 7 astetta l\u00e4mmint\u00e4. On hanget korkeat nietokset\u2026\u2026\u2026\u2026.. Eiv\u00e4t toteutuneet t\u00e4n\u00e4 Jouluna.<\/em><\/p>\n<p><em><strong>Viikko 51 \/ 2013<\/strong><\/em><\/p>\n<p><em>Kinkkua on k\u00e4\u00e4nnelty suolavedess\u00e4 ja uuni on l\u00e4mmitetty p\u00e4ivitt\u00e4in, sill\u00e4 leipomiset ja kaikki muu jouluun liittyv\u00e4 pit\u00e4\u00e4 em\u00e4nn\u00e4t kiireisin\u00e4. Ennen vanhaan jouluna oli p\u00e4\u00e4s\u00e4\u00e4nt\u00f6isesti lumi maassa, viime vuosikymmenin\u00e4 on\u00a0arvuuteltu onko lunta maassa vai tuleeko &#8221;musta&#8221; joulu.<\/em><\/p>\n<p><strong><em>Viikko 50 \/ 2013<\/em><\/strong><\/p>\n<p><em>Jos joulukuusta ei ole tullut jo syksyll\u00e4 katsotuksi ja merkatuksi mets\u00e4ss\u00e4, niin nyt on aika heti kun mets\u00e4 on puhdasta katsoa joulukkuusi valmiiksi. Ennen kuului jouluperinteisiin ett\u00e4 kuusi haettiin aatto aamuna\u00a0mets\u00e4st\u00e4 ja vietiin sulamaan l\u00e4mpim\u00e4\u00e4n paikkaan, sitten kuusi laitettiin jalkaansa ja tuotiin sis\u00e4lle. Mink\u00e4 j\u00e4lkeen lapset koristeli kuusen.<\/em><\/p>\n<p><em><strong>Viikko 49 \/ 2013<\/strong> <\/em><\/p>\n<p><em>Joulukuun s\u00e4ill\u00e4 ei ole ollut kovin\u00a0merkitt\u00e4vi\u00e4 ennustearvoja.<\/em><\/p>\n<p><em>Jos pikkulintu nokkii ikkunaan, tai tiaiset tiukuttavat, tai punatulkut tulee pihapuihin,\u00a0niin pian tulee tuisku.<\/em><\/p>\n<p><strong><em>Viikko 48 \/ 2013<\/em><\/strong><\/p>\n<p><em>Kaisan p\u00e4iv\u00e4n\u00e4 (25.11.) kerittiin lampaat. Silloin saatiin paras villa. T\u00e4h\u00e4n aikaan lampaat ovat my\u00f6s kiimassa.\u00a0\u00a0\u00a0\u00a0\u00a0\u00a0\u00a0\u00a0\u00a0\u00a0\u00a0\u00a0\u00a0\u00a0\u00a0\u00a0\u00a0\u00a0\u00a0\u00a0\u00a0\u00a0\u00a0\u00a0\u00a0\u00a0\u00a0\u00a0\u00a0\u00a0\u00a0\u00a0\u00a0\u00a0\u00a0\u00a0\u00a0\u00a0\u00a0\u00a0\u00a0\u00a0\u00a0\u00a0\u00a0\u00a0\u00a0\u00a0\u00a0\u00a0\u00a0\u00a0\u00a0\u00a0\u00a0\u00a0\u00a0\u00a0\u00a0\u00a0\u00a0\u00a0\u00a0\u00a0\u00a0\u00a0\u00a0\u00a0\u00a0\u00a0\u00a0\u00a0\u00a0\u00a0\u00a0\u00a0\u00a0\u00a0\u00a0\u00a0\u00a0\u00a0\u00a0\u00a0\u00a0\u00a0\u00a0\u00a0\u00a0\u00a0\u00a0\u00a0\u00a0\u00a0\u00a0\u00a0\u00a0\u00a0\u00a0\u00a0\u00a0\u00a0\u00a0\u00a0\u00a0\u00a0\u00a0\u00a0\u00a0\u00a0\u00a0\u00a0\u00a0\u00a0\u00a0\u00a0\u00a0\u00a0\u00a0\u00a0\u00a0\u00a0\u00a0\u00a0\u00a0\u00a0\u00a0\u00a0\u00a0\u00a0\u00a0\u00a0\u00a0\u00a0\u00a0\u00a0\u00a0\u00a0\u00a0\u00a0\u00a0\u00a0\u00a0\u00a0\u00a0\u00a0\u00a0\u00a0\u00a0\u00a0\u00a0 <\/em><em>\u00a0Jos Antti :na\u00a0(30.11.) lotisee, niin joulu komeilee. Tai p\u00e4invastoin jos Antin p\u00e4iv\u00e4n\u00e4 on lauhaa, sateista, on jouluna hyv\u00e4 s\u00e4\u00e4. &#8221;Antti aisoilla ajaa&#8221; (rekikeli viimeist\u00e4\u00e4n n\u00e4ihin aikoihin)<\/em><\/p>\n<p><strong><em>Viikko 47 \/ 2013<\/em><\/strong><\/p>\n<p><em>Liisan (19.11.) liukkaat ja Kaisan (25.11.) kaljamat sulattavat lumet usein\u00a0v\u00e4hiin. Jolloin tiet k\u00e4yv\u00e4t hyvin liukaaksi.<\/em><\/p>\n<p><strong><em>Viikko 46 \/ 2013<\/em><\/strong><\/p>\n<p><em>Oravan mets\u00e4stys sai alkaa, kun oravan karva oli t\u00e4ysin harmaa. P\u00e4iv\u00e4m\u00e4\u00e4r\u00e4 oli tarkoin m\u00e4\u00e4r\u00e4tty, mutta vaihteli alueittain.<\/em><\/p>\n<p><strong><em>Viikko 45 \/ 2013<\/em><\/strong><\/p>\n<p><em>Marraskuussa kaadettua\u00a0puuta on pidetty lujana lahoamista vastaan. Rakennushirret\u00a0piti kaataa\u00a0marraskuussa. <\/em><\/p>\n<p><strong><em>Viikko 44 \/ 2013<\/em><\/strong><\/p>\n<p><em>Vanhaan aikaan talvikausi alkoi lokakuun 14. p\u00e4iv\u00e4. Silloin viimeist\u00e4\u00e4n piti ulkona kaikkien maataloust\u00f6iden olla p\u00e4\u00e4t\u00f6ksess\u00e4\u00e4n, ja sis\u00e4ty\u00f6t alkoivat.<\/em><\/p>\n<p><strong><em>Viikko 43 \/ 2013<\/em><\/strong><\/p>\n<p><em>Jos pihlajassa on lokakuussa paljon marjoja, tulee sateinen syksy ja v\u00e4h\u00e4luminen talvi (pihlaja ei kanna kahta taakkaa).<\/em><\/p>\n<p><strong><em>Viikko 42 \/ 2013<\/em><\/strong><\/p>\n<p><em><span style=\"color: #000000\">Min\u00e4 p\u00e4iv\u00e4n\u00e4 mets\u00e4 on\u00a0kuurassa lokakuussa, sin\u00e4 p\u00e4iv\u00e4n\u00e4 toukokuussa lehti vihert\u00e4\u00e4.<\/span><\/em><\/p>\n<p><em><strong>Viikko 41 \/ 2013<\/strong><\/em><\/p>\n<p><em>Jos lokakuussa akkunat ovat j\u00e4\u00e4ss\u00e4, niin tammikuussa vett\u00e4 sataa.<\/em><\/p>\n<p><strong><em>Viikko 40 \/ 2013<\/em><\/strong><\/p>\n<p><em>Mikon p\u00e4iv\u00e4 (29.9.) on talven portti, Vapun p\u00e4iv\u00e4 kes\u00e4n portti.<\/em><\/p>\n<p><strong><em>Viikko 39 \/ 2013<\/em><\/strong><\/p>\n<p><em>Syys-Matin p\u00e4iv\u00e4st\u00e4 (21.9.) l\u00e4htien karhu k\u00e4y talvilevolle &#8211;<span style=\"color: #0000ff\"> (kuka tiet\u00e4\u00e4 mihin oma kotikyl\u00e4mme karhu itsens\u00e4 kellist\u00e4\u00e4)<\/span>\u00a0Ihmisetkin nukkuvat enemm\u00e4n kuin kes\u00e4aikaan. My\u00f6s k\u00e4\u00e4rmeet vet\u00e4ytyv\u00e4t talvikoloihinsa.<\/em><\/p>\n<p><strong><em>Viikko 38 \/ 2013<\/em><\/strong><\/p>\n<p><em>Palok\u00e4\u00e4rjen huuto tiet\u00e4\u00e4 syysp\u00e4iv\u00e4nseisauksen ja kev\u00e4tp\u00e4iv\u00e4nseisauksen v\u00e4lisen\u00e4 aikana (siis talviaikaan) hyvi\u00e4 ilmoja, kes\u00e4puolella se ennustaa pohjatuulia ja sateita.<\/em><\/p>\n<p><strong><em>Viikko 37 \/ 2013<\/em><\/strong><\/p>\n<p><em>Elonkorjuu\u00a0kun alkaa\u00a0viimeist\u00e4\u00e4n syyskuun alussa, jos vilja ei silloin ole kyps\u00e4, ei se kypsy my\u00f6hemmink\u00e4\u00e4n.\u00a0\u00a0\u00a0\u00a0\u00a0\u00a0\u00a0\u00a0\u00a0\u00a0\u00a0\u00a0\u00a0\u00a0\u00a0\u00a0\u00a0\u00a0\u00a0\u00a0\u00a0\u00a0\u00a0\u00a0\u00a0\u00a0\u00a0\u00a0\u00a0\u00a0\u00a0\u00a0\u00a0\u00a0\u00a0\u00a0\u00a0\u00a0\u00a0\u00a0\u00a0\u00a0\u00a0\u00a0\u00a0\u00a0\u00a0\u00a0\u00a0\u00a0\u00a0\u00a0\u00a0\u00a0\u00a0\u00a0\u00a0\u00a0\u00a0\u00a0\u00a0\u00a0\u00a0\u00a0\u00a0\u00a0\u00a0\u00a0\u00a0\u00a0\u00a0\u00a0\u00a0\u00a0\u00a0\u00a0\u00a0\u00a0\u00a0\u00a0\u00a0\u00a0\u00a0\u00a0\u00a0\u00a0\u00a0\u00a0\u00a0\u00a0\u00a0\u00a0\u00a0\u00a0\u00a0\u00a0\u00a0\u00a0\u00a0\u00a0\u00a0\u00a0\u00a0\u00a0\u00a0\u00a0\u00a0\u00a0\u00a0\u00a0\u00a0\u00a0\u00a0\u00a0\u00a0\u00a0\u00a0\u00a0\u00a0\u00a0\u00a0\u00a0\u00a0\u00a0\u00a0\u00a0\u00a0\u00a0\u00a0\u00a0\u00a0\u00a0\u00a0\u00a0\u00a0\u00a0\u00a0 <em>Jos teeri kuhertaa jo elokuun lopulla tai syyskuun alussa, tulee varhainen talvi.\u00a0<\/em><\/em><\/p>\n<p><strong><em>Viikko 36 \/ 2013<\/em><\/strong><\/p>\n<p><em>Syyskuun ensimm\u00e4inen p\u00e4iv\u00e4 (jos ei ollut sunnuntai) koululaiset aloittivat koulunk\u00e4ynnin kyl\u00e4kouluissa. Niin my\u00f6s Taipaleen kansakoulussa, aikoinaan.<\/em><\/p>\n<p><em><strong>Viikko 35 \/ 2013<\/strong><\/em><\/p>\n<p><em>Perttuilina saatiin jo uutisleip\u00e4\u00e4 ja -puuroa. Kuitenkin perunan, lantun, nauriin ja kaalin odotettiin viel\u00e4 kasvavan.<\/em><\/p>\n<p><em><strong>Viikko 34 \/ 2013<\/strong><\/em><\/p>\n<p><em>Ei siki\u00e4 siipilintu Perttulin (24.8)\u00a0per\u00e4st\u00e4, vaan muuttolinnut alkavat l\u00e4hte\u00e4: \u201dKes\u00e4linnut Perttu ker\u00e4\u00e4, p\u00e4\u00e4skyset Perttu per\u00e4ti vie\u201d. Teeren ensimm\u00e4isest\u00e4 kukerruksesta ennen P\u00e4rttyli\u00e4 on yhdeks\u00e4n viikkoa ensilumeen.\u00a0\u00a0\u00a0\u00a0\u00a0\u00a0\u00a0\u00a0\u00a0\u00a0\u00a0\u00a0\u00a0\u00a0\u00a0\u00a0\u00a0\u00a0\u00a0\u00a0\u00a0\u00a0\u00a0\u00a0\u00a0\u00a0\u00a0\u00a0\u00a0\u00a0\u00a0\u00a0\u00a0\u00a0\u00a0\u00a0\u00a0\u00a0\u00a0\u00a0\u00a0\u00a0\u00a0\u00a0\u00a0\u00a0\u00a0\u00a0\u00a0\u00a0\u00a0\u00a0\u00a0\u00a0\u00a0\u00a0\u00a0\u00a0\u00a0\u00a0\u00a0\u00a0\u00a0\u00a0\u00a0\u00a0\u00a0\u00a0\u00a0\u00a0\u00a0\u00a0\u00a0\u00a0\u00a0\u00a0\u00a0\u00a0\u00a0\u00a0\u00a0\u00a0\u00a0\u00a0\u00a0\u00a0\u00a0\u00a0\u00a0\u00a0\u00a0\u00a0\u00a0\u00a0\u00a0\u00a0\u00a0\u00a0\u00a0\u00a0\u00a0\u00a0\u00a0\u00a0\u00a0\u00a0\u00a0\u00a0\u00a0\u00a0\u00a0\u00a0\u00a0\u00a0\u00a0\u00a0\u00a0\u00a0\u00a0\u00a0\u00a0\u00a0\u00a0\u00a0\u00a0\u00a0\u00a0\u00a0\u00a0\u00a0\u00a0\u00a0\u00a0\u00a0\u00a0\u00a0\u00a0 <\/em><em>Rakennusten tilkint\u00e4\u00e4n k\u00e4ytetyt sammalet oli ker\u00e4tt\u00e4v\u00e4 Perttuun (P\u00e4rttyliin) meness\u00e4.<\/em><\/p>\n<p><strong><em>Viikko 33 \/ 2013<\/em><\/strong><\/p>\n<p><em>Jos Laurina on kaunista, niin sit\u00e4 piisaa Perttuliin (24.8.). ja tulee hyv\u00e4 syksy.P\u00e4\u00e4skyset, kurjet ja villihanhet kokoontuvat Laurina laumaan.Lampaiden kes\u00e4villa kerittiin (leikattiin) Laurina.<\/em><\/p>\n<p><strong><em>Viikko 32 \/2013<\/em><\/strong><\/p>\n<p><em>Laurin p\u00e4iv\u00e4\u00e4n (10.8.) tultaessa piti hein\u00e4nteon olla lopussa: \u201dLauri ladot lukkoon panee, kuhilaat ja kokkoset pellolle pystytt\u00e4\u00e4<\/em>\u201d.<\/p>\n<p><strong><em>Viikko 31 \/ 2013<\/em><\/strong><\/p>\n<p><em>M\u00e4t\u00e4kuun aikana (23.7. &#8211; 23.8.) tapahtuu pikemminkin kuivumista ja kuolemista kuin m\u00e4t\u00e4nemist\u00e4: Jos silloin hakkaa kasken, niin se ei ota vesoja. Samoin pajukoiden tai rantaniittyjen perkaus onnistuu hyvin &#8211; uusia vesoja ei synny. Kun tarvepuut kaataa ja ker\u00e4\u00e4\u00a0m\u00e4t\u00e4kuussa ne eiv\u00e4t halkeile. Ollin p\u00e4iv\u00e4n\u00e4 (29.7) sanotaan ett\u00e4\u00a0&#8221;kala lakkaa sy\u00f6m\u00e4st\u00e4&#8221;. Monivuotisia kasveja ei kannata istuttaa m\u00e4t\u00e4kuun aikana.<\/em><\/p>\n<p><strong><em>Viikko 30 \/ 2013<\/em><\/strong><\/p>\n<p><em>Jos on poudat, niin varokaa sitten naistenviikkoa,\u00a0silloin sataa p\u00e4ivitt\u00e4in (naistenviikko\u00a0on 18.-24.7.). Riikka, Sari, Marketta, Johanna, Leena, Olga ja\u00a0Tiina. Sitten on 25.7.\u00a0Jaakon p\u00e4iv\u00e4. (Jaakko taas heitt\u00e4\u00e4 kylm\u00e4nkiven j\u00e4rviin)<\/em><\/p>\n<p><strong><em>Viikko 29 \/ 2013<\/em><\/strong><\/p>\n<p><em>Tulee sade, jos aurinko laskee pilveen, jos taivas lientelee, jos taivaalla on pitki\u00e4 pilviviiruja (reen jalaksia). Ennen sadetta tuoksuu vastaniitetty hein\u00e4 iltasella, mets\u00e4 n\u00e4ytt\u00e4\u00e4 tavallista tummemmalta, savu laskeutuu maahan, \u00e4\u00e4ni kuuluu tavallista kauempaa, aamusella ruskottaa, aamusumu nousee yl\u00f6sp\u00e4in, iltataivas on harmaa, tuuli kiihtyy, reumaattisen ihmisen j\u00e4seni\u00e4 kolottaa. Sade tulee my\u00f6s, jos p\u00e4\u00e4skyset lentelev\u00e4t liki veden pintaa, palok\u00e4rki \u2019tillaa\u2019, koira sy\u00f6 ruohoa, kissa pesee itse\u00e4\u00e4n,\u00a0h\u00e4m\u00e4h\u00e4kit pysyttelev\u00e4t suojuksissaan, ravut nousevat vedest\u00e4 maalle, kalat hyppiv\u00e4t vedess\u00e4, siipimuurahaisia ilmestyy alakiville.<\/em><\/p>\n<p><em><strong>Viikko 28 \/ 2013<\/strong><\/em><\/p>\n<p><em>Hein\u00e4nteon voi aloittaa, kun k\u00e4ki on lopettanut kukunnan tai angervo ja apila kukkivat yleisesti.<\/em><\/p>\n<p><em><span style=\"color: #000000\">&#8221;K\u00e4ki lopettaa kukunnan, kun se on nielaissut ohran vihneen&#8221;<\/span><\/em><\/p>\n<p><strong><em>Viikko 27 \/ 2013<\/em><\/strong><\/p>\n<p><em>Jos k\u00e4ki kukkuu pitk\u00e4\u00e4n viel\u00e4 hein\u00e4kuussa, tulee pitk\u00e4 l\u00e4mmin syksy.<\/em><\/p>\n<p><em><strong>Viikko 26 \/ 2013<\/strong><\/em><\/p>\n<p><em>Pietarin p\u00e4iv\u00e4n (29.6) aikoihin alettiin ennen vanhaan rukiinkylv\u00f6 kaskimaille. Siemen kylvettiin hyvin harvaan, jotta laiho ehti hyvin versoa.<\/em><\/p>\n<p><em>My\u00f6s saunanvihtojen teko kuului monin paikoin Pietarin p\u00e4iv\u00e4n tapahtumiin.<\/em><\/p>\n<p><strong><em>Viikko 25 \/ 2013<\/em><\/strong><\/p>\n<p><em>Viile\u00e4 kes\u00e4kuu on ollut kasvulle yleens\u00e4 hyv\u00e4ksi (ilman pahoja halloja) &#8221;vilu se on mik\u00e4 viljan kasvattaa, mutta l\u00e4mmin ter\u00e4n tekee&#8221;<\/em><\/p>\n<p><strong><em>Viikko 24 \/ 2013<\/em><\/strong><\/p>\n<p><em>Kaikki mit\u00e4 on satanut kylv\u00f6jen j\u00e4lkeen\u00a0ennen juhannusta, sataa suoraan laariin (eli tulee hyv\u00e4 viljasato).<\/em><\/p>\n<p><strong><em>Viikko 23 \/ 2013<\/em><\/strong><\/p>\n<p><em>Kes\u00e4kuun 6 p\u00e4iv\u00e4 on Kustaanp\u00e4iv\u00e4 ja perinteinen viimeinen perunan istutusp\u00e4iv\u00e4. Silloin maa on jo l\u00e4mmint\u00e4 ja peruna tulee taimelle nopeasti.<\/em><\/p>\n<p><strong><em>Viikko 22 \/ 2013<\/em><\/strong><\/p>\n<p><em>Kaksi on kaunista kes\u00e4ll\u00e4: Lehti puussa, ruoho maassa ja tuomenkukka kolmantena.<\/em><\/p>\n<p><strong><em>Viikko 21 \/ 2013<\/em><\/strong><\/p>\n<p><em>Erkin p\u00e4iv\u00e4\u00e4n saakka sai karja ennen liikkua vapaasti <\/em><em>niityill\u00e4 ja ahoilla,\u00a0\u00a0\u00a0\u00a0\u00a0\u00a0\u00a0\u00a0\u00a0\u00a0\u00a0\u00a0\u00a0\u00a0\u00a0\u00a0\u00a0\u00a0\u00a0\u00a0\u00a0\u00a0\u00a0\u00a0\u00a0\u00a0\u00a0\u00a0\u00a0\u00a0\u00a0\u00a0\u00a0\u00a0\u00a0\u00a0\u00a0\u00a0\u00a0 mutta Erkilt\u00e4 kyl\u00e4n paimen aloitti ty\u00f6ns\u00e4 ja johti karjan <\/em><em>mets\u00e4laitumille.<\/em><\/p>\n<p><em><strong>Viikko 20 \/ 2013<\/strong><\/em><\/p>\n<p><em>&#8221;Vanha kansa&#8221; teki Erkin p\u00e4iv\u00e4n\u00e4 (18.5) ennusteita tulevan kes\u00e4n oloista:<\/em><\/p>\n<p><em>\u00a0Jos k\u00e4ki kukkuu hankeen (jos viel\u00e4 lunta), tulee halloja, jos taas lehti on jo puihin tulossa k\u00e4en alkaessa ensi kertaa kukkumaan, tulee hyv\u00e4 viljasato.<\/em><\/p>\n<p><em>\u00a0Jos sammakonpoika Erkkin\u00e4 el\u00e4\u00e4, niin ruis Jaakkona (25.7.) hele\u00e4\u00e4. <\/em><\/p>\n<p><em>Kylm\u00e4 Erkin p\u00e4iv\u00e4 ennustaa l\u00e4mmint\u00e4 kes\u00e4\u00e4: Erkin vilu kes\u00e4n ilo.<\/em><\/p>\n<p><em><strong>Viikko 19 \/ 2013<\/strong>\u00a0\u00a0\u00a0\u00a0 <em>Hyvin suunniteltu on kuin\u00a0puoliksi tehty.<\/em><\/em><\/p>\n<!-- AddThis Advanced Settings generic via filter on the_content --><!-- AddThis Share Buttons generic via filter on the_content -->","protected":false},"excerpt":{"rendered":"<p>Viikko\u00a020 \/ 2014 Erkin p\u00e4iv\u00e4n\u00e4 18.5\u00a0tehtiin ennusteita tulevan kes\u00e4n oloista. K\u00e4ki jos\u00a0kukkuu hankeen (jos viel\u00e4 lunta), tulee halloja. Jos taas lehti on jo puihin tulossa k\u00e4en alkaessa ensi kertaa kukkumaan, tulee hyv\u00e4 viljasato. Sammakonpoika jos\u00a0Erkkin\u00e4 el\u00e4\u00e4, niin Jaakkona (25.7.) ruis\u00a0hel\u00e4\u00e4. Kylm\u00e4 Erkin p\u00e4iv\u00e4 ennustaa l\u00e4mmint\u00e4 kes\u00e4\u00e4. Sanottiin ett\u00e4\u00a0Erkki turjus turkki p\u00e4\u00e4ll\u00e4, Urpaanus (25.5.) liinapaitasillaan. Erkin [&hellip;]<!-- AddThis Advanced Settings generic via filter on wp_trim_excerpt --><!-- AddThis Share Buttons generic via filter on wp_trim_excerpt --><\/p>\n","protected":false},"author":6,"featured_media":0,"parent":0,"menu_order":0,"comment_status":"closed","ping_status":"closed","template":"","meta":{"jetpack_post_was_ever_published":false,"footnotes":""},"class_list":["post-300","page","type-page","status-publish","hentry"],"aioseo_notices":[],"jetpack_shortlink":"https:\/\/wp.me\/P3rkfc-4Q","jetpack_sharing_enabled":true,"_links":{"self":[{"href":"https:\/\/www.sastamalankylat.fi\/leppalammitaipale\/wp-json\/wp\/v2\/pages\/300","targetHints":{"allow":["GET"]}}],"collection":[{"href":"https:\/\/www.sastamalankylat.fi\/leppalammitaipale\/wp-json\/wp\/v2\/pages"}],"about":[{"href":"https:\/\/www.sastamalankylat.fi\/leppalammitaipale\/wp-json\/wp\/v2\/types\/page"}],"author":[{"embeddable":true,"href":"https:\/\/www.sastamalankylat.fi\/leppalammitaipale\/wp-json\/wp\/v2\/users\/6"}],"replies":[{"embeddable":true,"href":"https:\/\/www.sastamalankylat.fi\/leppalammitaipale\/wp-json\/wp\/v2\/comments?post=300"}],"version-history":[{"count":2,"href":"https:\/\/www.sastamalankylat.fi\/leppalammitaipale\/wp-json\/wp\/v2\/pages\/300\/revisions"}],"predecessor-version":[{"id":810,"href":"https:\/\/www.sastamalankylat.fi\/leppalammitaipale\/wp-json\/wp\/v2\/pages\/300\/revisions\/810"}],"wp:attachment":[{"href":"https:\/\/www.sastamalankylat.fi\/leppalammitaipale\/wp-json\/wp\/v2\/media?parent=300"}],"curies":[{"name":"wp","href":"https:\/\/api.w.org\/{rel}","templated":true}]}}