{"id":207,"date":"2013-04-24T18:12:06","date_gmt":"2013-04-24T15:12:06","guid":{"rendered":"http:\/\/www.sastamalankylat.fi\/leppalammitaipale\/?page_id=207"},"modified":"2024-06-21T20:09:06","modified_gmt":"2024-06-21T17:09:06","slug":"toimikunta","status":"publish","type":"page","link":"https:\/\/www.sastamalankylat.fi\/leppalammitaipale\/toimikunta\/","title":{"rendered":"Toimikunta \/ yhteystiedot"},"content":{"rendered":"<h2><b>Lepp\u00e4lammi- Taipaleen Kotiseutuyhdistys ry<\/b><\/h2>\n<p><span style=\"color: #0000ff\"><span style=\"color: #000000\">S\u00e4hk\u00f6postiosoite:<\/span>\u00a0leppalammi.taipale(\u00e4t)gmail.com<\/span><\/p>\n<p><b>TOIMIKUNNAN J\u00c4SENET v. 2024<\/b><\/p>\n<p>MARITA ISOS\u00c4VI, puheenjohtaja, puh: 040 544 0491<\/p>\n<p>JARI NIEMI, sihteeri<\/p>\n<p>MAIJA-LEENA PRUSI, varapuheenjohtaja<\/p>\n<p>JOHANNA HUHTALA, j\u00e4sen\/rahastonhoitaja<\/p>\n<p>MARJA-LIISA NIEMI, j\u00e4sen<\/p>\n<p>MIKAEL ISOS\u00c4VI, j\u00e4sen<\/p>\n<p>SINIKKA HAKALA, j\u00e4sen<\/p>\n<p>MIRKKA HAKALA, j\u00e4sen<\/p>\n<p>JORMA VILJANEN, j\u00e4sen<\/p>\n<p>ERJA AHONEN, j\u00e4sen<\/p>\n<p>SUSANNA SEPP\u00c4, j\u00e4sen<\/p>\n<!-- AddThis Advanced Settings generic via filter on the_content --><!-- AddThis Share Buttons generic via filter on the_content -->","protected":false},"excerpt":{"rendered":"<p>Lepp\u00e4lammi- Taipaleen Kotiseutuyhdistys ry S\u00e4hk\u00f6postiosoite:\u00a0leppalammi.taipale(\u00e4t)gmail.com TOIMIKUNNAN J\u00c4SENET v. 2024 MARITA ISOS\u00c4VI, puheenjohtaja, puh: 040 544 0491 JARI NIEMI, sihteeri MAIJA-LEENA PRUSI, varapuheenjohtaja JOHANNA HUHTALA, j\u00e4sen\/rahastonhoitaja MARJA-LIISA NIEMI, j\u00e4sen MIKAEL ISOS\u00c4VI, j\u00e4sen SINIKKA HAKALA, j\u00e4sen MIRKKA HAKALA, j\u00e4sen JORMA VILJANEN, j\u00e4sen ERJA AHONEN, j\u00e4sen SUSANNA SEPP\u00c4, j\u00e4sen<!-- AddThis Advanced Settings generic via filter on wp_trim_excerpt --><!-- AddThis Share Buttons generic via filter on wp_trim_excerpt --><\/p>\n","protected":false},"author":6,"featured_media":0,"parent":0,"menu_order":0,"comment_status":"closed","ping_status":"closed","template":"","meta":{"jetpack_post_was_ever_published":false,"footnotes":""},"class_list":["post-207","page","type-page","status-publish","hentry"],"aioseo_notices":[],"jetpack_shortlink":"https:\/\/wp.me\/P3rkfc-3l","jetpack_sharing_enabled":false,"_links":{"self":[{"href":"https:\/\/www.sastamalankylat.fi\/leppalammitaipale\/wp-json\/wp\/v2\/pages\/207","targetHints":{"allow":["GET"]}}],"collection":[{"href":"https:\/\/www.sastamalankylat.fi\/leppalammitaipale\/wp-json\/wp\/v2\/pages"}],"about":[{"href":"https:\/\/www.sastamalankylat.fi\/leppalammitaipale\/wp-json\/wp\/v2\/types\/page"}],"author":[{"embeddable":true,"href":"https:\/\/www.sastamalankylat.fi\/leppalammitaipale\/wp-json\/wp\/v2\/users\/6"}],"replies":[{"embeddable":true,"href":"https:\/\/www.sastamalankylat.fi\/leppalammitaipale\/wp-json\/wp\/v2\/comments?post=207"}],"version-history":[{"count":13,"href":"https:\/\/www.sastamalankylat.fi\/leppalammitaipale\/wp-json\/wp\/v2\/pages\/207\/revisions"}],"predecessor-version":[{"id":1775,"href":"https:\/\/www.sastamalankylat.fi\/leppalammitaipale\/wp-json\/wp\/v2\/pages\/207\/revisions\/1775"}],"wp:attachment":[{"href":"https:\/\/www.sastamalankylat.fi\/leppalammitaipale\/wp-json\/wp\/v2\/media?parent=207"}],"curies":[{"name":"wp","href":"https:\/\/api.w.org\/{rel}","templated":true}]}}