{"id":184,"date":"2013-04-23T20:55:06","date_gmt":"2013-04-23T17:55:06","guid":{"rendered":"http:\/\/www.sastamalankylat.fi\/leppalammitaipale\/?page_id=184"},"modified":"2015-03-02T19:06:23","modified_gmt":"2015-03-02T17:06:23","slug":"yhdistyksen-perustamiskokous-2006","status":"publish","type":"page","link":"https:\/\/www.sastamalankylat.fi\/leppalammitaipale\/yhdistyksen-perustamiskokous-2006\/","title":{"rendered":"Yhdistyksen perustamiskokous 2006"},"content":{"rendered":"<p>Kuvia Lepp\u00e4lammi- Taipaleen Kotiseutuyhdistyksen perustamiskokouksesta<\/p>\n<div id=\"attachment_35\" style=\"width: 310px\" class=\"wp-caption alignnone\"><a href=\"https:\/\/i0.wp.com\/www.sastamalankylat.fi\/leppalammitaipale\/wp-content\/uploads\/sites\/4\/2013\/04\/Kotiseutuyhdistyksen-perustaminen-26.11.2006-010.jpg\"><img data-recalc-dims=\"1\" loading=\"lazy\" decoding=\"async\" aria-describedby=\"caption-attachment-35\" class=\"size-medium wp-image-35\" src=\"https:\/\/i0.wp.com\/www.sastamalankylat.fi\/leppalammitaipale\/wp-content\/uploads\/sites\/4\/2013\/04\/Kotiseutuyhdistyksen-perustaminen-26.11.2006-010.jpg?resize=300%2C225\" alt=\"Kotiseutuyhdistyksen perustaminen 26.11.2006 \" width=\"300\" height=\"225\" srcset=\"https:\/\/i0.wp.com\/www.sastamalankylat.fi\/leppalammitaipale\/wp-content\/uploads\/sites\/4\/2013\/04\/Kotiseutuyhdistyksen-perustaminen-26.11.2006-010.jpg?resize=300%2C225&amp;ssl=1 300w, https:\/\/i0.wp.com\/www.sastamalankylat.fi\/leppalammitaipale\/wp-content\/uploads\/sites\/4\/2013\/04\/Kotiseutuyhdistyksen-perustaminen-26.11.2006-010.jpg?w=600&amp;ssl=1 600w\" sizes=\"auto, (max-width: 300px) 100vw, 300px\" \/><\/a><p id=\"caption-attachment-35\" class=\"wp-caption-text\">Kotiseutuyhdistyksen perustaminen 26.11.2006<\/p><\/div>\n<div id=\"attachment_902\" style=\"width: 222px\" class=\"wp-caption alignnone\"><a href=\"https:\/\/i0.wp.com\/www.sastamalankylat.fi\/leppalammitaipale\/wp-content\/uploads\/sites\/4\/2015\/03\/Nettisuvulle-2007.jpg\"><img data-recalc-dims=\"1\" loading=\"lazy\" decoding=\"async\" aria-describedby=\"caption-attachment-902\" class=\"wp-image-902 size-medium\" src=\"https:\/\/i0.wp.com\/www.sastamalankylat.fi\/leppalammitaipale\/wp-content\/uploads\/sites\/4\/2015\/03\/Nettisuvulle-2007.jpg?resize=212%2C300\" alt=\"\" width=\"212\" height=\"300\" srcset=\"https:\/\/i0.wp.com\/www.sastamalankylat.fi\/leppalammitaipale\/wp-content\/uploads\/sites\/4\/2015\/03\/Nettisuvulle-2007.jpg?resize=212%2C300&amp;ssl=1 212w, https:\/\/i0.wp.com\/www.sastamalankylat.fi\/leppalammitaipale\/wp-content\/uploads\/sites\/4\/2015\/03\/Nettisuvulle-2007.jpg?w=453&amp;ssl=1 453w\" sizes=\"auto, (max-width: 212px) 100vw, 212px\" \/><\/a><p id=\"caption-attachment-902\" class=\"wp-caption-text\">Ensimm\u00e4isi\u00e4 kutsuja ulkoilup\u00e4iv\u00e4\u00e4n. T\u00e4m\u00e4 vuodelta 2007<\/p><\/div>\n<p>&nbsp;<\/p>\n<p>&nbsp;<\/p>\n<!-- AddThis Advanced Settings generic via filter on the_content --><!-- AddThis Share Buttons generic via filter on the_content -->","protected":false},"excerpt":{"rendered":"<p>Kuvia Lepp\u00e4lammi- Taipaleen Kotiseutuyhdistyksen perustamiskokouksesta &nbsp; &nbsp;<!-- AddThis Advanced Settings generic via filter on wp_trim_excerpt --><!-- AddThis Share Buttons generic via filter on wp_trim_excerpt --><\/p>\n","protected":false},"author":6,"featured_media":0,"parent":0,"menu_order":0,"comment_status":"closed","ping_status":"closed","template":"","meta":{"jetpack_post_was_ever_published":false,"footnotes":""},"class_list":["post-184","page","type-page","status-publish","hentry"],"aioseo_notices":[],"jetpack_shortlink":"https:\/\/wp.me\/P3rkfc-2Y","jetpack_sharing_enabled":true,"_links":{"self":[{"href":"https:\/\/www.sastamalankylat.fi\/leppalammitaipale\/wp-json\/wp\/v2\/pages\/184","targetHints":{"allow":["GET"]}}],"collection":[{"href":"https:\/\/www.sastamalankylat.fi\/leppalammitaipale\/wp-json\/wp\/v2\/pages"}],"about":[{"href":"https:\/\/www.sastamalankylat.fi\/leppalammitaipale\/wp-json\/wp\/v2\/types\/page"}],"author":[{"embeddable":true,"href":"https:\/\/www.sastamalankylat.fi\/leppalammitaipale\/wp-json\/wp\/v2\/users\/6"}],"replies":[{"embeddable":true,"href":"https:\/\/www.sastamalankylat.fi\/leppalammitaipale\/wp-json\/wp\/v2\/comments?post=184"}],"version-history":[{"count":2,"href":"https:\/\/www.sastamalankylat.fi\/leppalammitaipale\/wp-json\/wp\/v2\/pages\/184\/revisions"}],"predecessor-version":[{"id":904,"href":"https:\/\/www.sastamalankylat.fi\/leppalammitaipale\/wp-json\/wp\/v2\/pages\/184\/revisions\/904"}],"wp:attachment":[{"href":"https:\/\/www.sastamalankylat.fi\/leppalammitaipale\/wp-json\/wp\/v2\/media?parent=184"}],"curies":[{"name":"wp","href":"https:\/\/api.w.org\/{rel}","templated":true}]}}