{"id":166,"date":"2013-04-23T20:18:37","date_gmt":"2013-04-23T17:18:37","guid":{"rendered":"http:\/\/www.sastamalankylat.fi\/leppalammitaipale\/?page_id=166"},"modified":"2023-04-02T11:52:06","modified_gmt":"2023-04-02T08:52:06","slug":"pankkiyteystiedot","status":"publish","type":"page","link":"https:\/\/www.sastamalankylat.fi\/leppalammitaipale\/pankkiyteystiedot\/","title":{"rendered":"Pankkiyteystiedot"},"content":{"rendered":"<p>J\u00e4senmaksu vuodelta 2023 on 5 \u20ac \/ henkil\u00f6 (yli 15 v) TAI perhemaksu 15\u20ac.<b>\u00a0\u00a0<\/b>J\u00e4senmaksu suoritetaan yhdistyksen tilille Oma S\u00e4\u00e4stopankkiin IBAN: FI17 4480 1020 0198 80\u00a0 BIC: ITELFIHH. Muista kirjoittaa tilisiirtoon j\u00e4senmaksun maksaneiden henkil\u00f6iden nimet seliteosaan.<\/p>\n<!-- AddThis Advanced Settings generic via filter on the_content --><!-- AddThis Share Buttons generic via filter on the_content -->","protected":false},"excerpt":{"rendered":"<p>J\u00e4senmaksu vuodelta 2023 on 5 \u20ac \/ henkil\u00f6 (yli 15 v) TAI perhemaksu 15\u20ac.\u00a0\u00a0J\u00e4senmaksu suoritetaan yhdistyksen tilille Oma S\u00e4\u00e4stopankkiin IBAN: FI17 4480 1020 0198 80\u00a0 BIC: ITELFIHH. Muista kirjoittaa tilisiirtoon j\u00e4senmaksun maksaneiden henkil\u00f6iden nimet seliteosaan.<!-- AddThis Advanced Settings generic via filter on wp_trim_excerpt --><!-- AddThis Share Buttons generic via filter on wp_trim_excerpt --><\/p>\n","protected":false},"author":6,"featured_media":0,"parent":0,"menu_order":0,"comment_status":"closed","ping_status":"closed","template":"","meta":{"jetpack_post_was_ever_published":false,"footnotes":""},"class_list":["post-166","page","type-page","status-publish","hentry"],"aioseo_notices":[],"jetpack_shortlink":"https:\/\/wp.me\/P3rkfc-2G","jetpack_sharing_enabled":true,"_links":{"self":[{"href":"https:\/\/www.sastamalankylat.fi\/leppalammitaipale\/wp-json\/wp\/v2\/pages\/166","targetHints":{"allow":["GET"]}}],"collection":[{"href":"https:\/\/www.sastamalankylat.fi\/leppalammitaipale\/wp-json\/wp\/v2\/pages"}],"about":[{"href":"https:\/\/www.sastamalankylat.fi\/leppalammitaipale\/wp-json\/wp\/v2\/types\/page"}],"author":[{"embeddable":true,"href":"https:\/\/www.sastamalankylat.fi\/leppalammitaipale\/wp-json\/wp\/v2\/users\/6"}],"replies":[{"embeddable":true,"href":"https:\/\/www.sastamalankylat.fi\/leppalammitaipale\/wp-json\/wp\/v2\/comments?post=166"}],"version-history":[{"count":5,"href":"https:\/\/www.sastamalankylat.fi\/leppalammitaipale\/wp-json\/wp\/v2\/pages\/166\/revisions"}],"predecessor-version":[{"id":1768,"href":"https:\/\/www.sastamalankylat.fi\/leppalammitaipale\/wp-json\/wp\/v2\/pages\/166\/revisions\/1768"}],"wp:attachment":[{"href":"https:\/\/www.sastamalankylat.fi\/leppalammitaipale\/wp-json\/wp\/v2\/media?parent=166"}],"curies":[{"name":"wp","href":"https:\/\/api.w.org\/{rel}","templated":true}]}}