{"id":155,"date":"2013-04-25T20:30:07","date_gmt":"2013-04-25T17:30:07","guid":{"rendered":"http:\/\/www.sastamalankylat.fi\/leppalammitaipale\/?page_id=155"},"modified":"2013-04-25T20:30:07","modified_gmt":"2013-04-25T17:30:07","slug":"toiminta-ajatus","status":"publish","type":"page","link":"https:\/\/www.sastamalankylat.fi\/leppalammitaipale\/toiminta-ajatus\/","title":{"rendered":"Toiminta-ajatus"},"content":{"rendered":"<p align=\"LEFT\">Yhdistyksen tarkoituksena on edist\u00e4\u00e4 kylien asukkaiden yhteisty\u00f6t\u00e4 sek\u00e4 toimia yleisten ja yhteisten etujen valvojana, pyrki\u00e4 edist\u00e4m\u00e4\u00e4n kylien- ja vapaa-ajan asukkaiden viihtyvyytt\u00e4, harrastus- ja kulttuuritoimintaa, sek\u00e4 edist\u00e4\u00e4 palvelujen s\u00e4ilymist\u00e4 alueella.<\/p>\n<!-- AddThis Advanced Settings generic via filter on the_content --><!-- AddThis Share Buttons generic via filter on the_content -->","protected":false},"excerpt":{"rendered":"<p>Yhdistyksen tarkoituksena on edist\u00e4\u00e4 kylien asukkaiden yhteisty\u00f6t\u00e4 sek\u00e4 toimia yleisten ja yhteisten etujen valvojana, pyrki\u00e4 edist\u00e4m\u00e4\u00e4n kylien- ja vapaa-ajan asukkaiden viihtyvyytt\u00e4, harrastus- ja kulttuuritoimintaa, sek\u00e4 edist\u00e4\u00e4 palvelujen s\u00e4ilymist\u00e4 alueella.<!-- AddThis Advanced Settings generic via filter on wp_trim_excerpt --><!-- AddThis Share Buttons generic via filter on wp_trim_excerpt --><\/p>\n","protected":false},"author":6,"featured_media":0,"parent":0,"menu_order":0,"comment_status":"closed","ping_status":"closed","template":"","meta":{"jetpack_post_was_ever_published":false,"footnotes":""},"class_list":["post-155","page","type-page","status-publish","hentry"],"aioseo_notices":[],"jetpack_shortlink":"https:\/\/wp.me\/P3rkfc-2v","jetpack_sharing_enabled":true,"_links":{"self":[{"href":"https:\/\/www.sastamalankylat.fi\/leppalammitaipale\/wp-json\/wp\/v2\/pages\/155","targetHints":{"allow":["GET"]}}],"collection":[{"href":"https:\/\/www.sastamalankylat.fi\/leppalammitaipale\/wp-json\/wp\/v2\/pages"}],"about":[{"href":"https:\/\/www.sastamalankylat.fi\/leppalammitaipale\/wp-json\/wp\/v2\/types\/page"}],"author":[{"embeddable":true,"href":"https:\/\/www.sastamalankylat.fi\/leppalammitaipale\/wp-json\/wp\/v2\/users\/6"}],"replies":[{"embeddable":true,"href":"https:\/\/www.sastamalankylat.fi\/leppalammitaipale\/wp-json\/wp\/v2\/comments?post=155"}],"version-history":[{"count":2,"href":"https:\/\/www.sastamalankylat.fi\/leppalammitaipale\/wp-json\/wp\/v2\/pages\/155\/revisions"}],"predecessor-version":[{"id":232,"href":"https:\/\/www.sastamalankylat.fi\/leppalammitaipale\/wp-json\/wp\/v2\/pages\/155\/revisions\/232"}],"wp:attachment":[{"href":"https:\/\/www.sastamalankylat.fi\/leppalammitaipale\/wp-json\/wp\/v2\/media?parent=155"}],"curies":[{"name":"wp","href":"https:\/\/api.w.org\/{rel}","templated":true}]}}