{"id":150,"date":"2013-04-25T21:51:45","date_gmt":"2013-04-25T18:51:45","guid":{"rendered":"http:\/\/www.sastamalankylat.fi\/leppalammitaipale\/?page_id=150"},"modified":"2023-04-02T12:00:28","modified_gmt":"2023-04-02T09:00:28","slug":"jasenkirje","status":"publish","type":"page","link":"https:\/\/www.sastamalankylat.fi\/leppalammitaipale\/jasenkirje\/","title":{"rendered":"J\u00e4senkirje"},"content":{"rendered":"<p>Lue viimeisin j\u00e4senkirje t\u00e4st\u00e4 &gt;\u00a0<a href=\"http:\/\/www.sastamalankylat.fi\/leppalammitaipale\/wp-content\/uploads\/sites\/4\/2023\/03\/LeTa-jasenkirje-20231176.pdf\">J\u00e4senkirje 2023<\/a><\/p>\n<p><a href=\"http:\/\/www.sastamalankylat.fi\/leppalammitaipale\/wp-content\/uploads\/sites\/4\/2022\/03\/LeTa-jasenkirje-2022.docx_.pdf\">J\u00e4senkirje 2022<\/a><\/p>\n<p><a href=\"http:\/\/www.sastamalankylat.fi\/leppalammitaipale\/wp-content\/uploads\/sites\/4\/2021\/04\/LeTa-jasenkirje-2021.docx-2.pdf\">J\u00e4senkirje 2021<\/a><\/p>\n<p><a href=\"http:\/\/www.sastamalankylat.fi\/leppalammitaipale\/wp-content\/uploads\/sites\/4\/2020\/03\/J\u00e4senkirje-2020.pdf\">J\u00e4senkirje 2020<\/a><\/p>\n<p><a href=\"http:\/\/www.sastamalankylat.fi\/leppalammitaipale\/wp-content\/uploads\/sites\/4\/2019\/03\/j\u00e4senkirje-2019.pdf\">J\u00e4senkirje 2019<\/a><\/p>\n<p><a href=\"http:\/\/www.sastamalankylat.fi\/leppalammitaipale\/wp-content\/uploads\/sites\/4\/2018\/10\/J\u00e4senkirje-nro-1-2018.pdf\">J\u00e4senkirje 2018<\/a><\/p>\n<p><a href=\"http:\/\/www.sastamalankylat.fi\/leppalammitaipale\/wp-content\/uploads\/sites\/4\/2017\/03\/J\u00e4senkirje-2017.pdf\">J\u00e4senkirje 2017<\/a><\/p>\n<p><a href=\"http:\/\/www.sastamalankylat.fi\/leppalammitaipale\/wp-content\/uploads\/sites\/4\/2013\/04\/J\u00e4senkirje-2016.pdf\">J\u00e4senkirje 2016<\/a><\/p>\n<p><a href=\"http:\/\/www.sastamalankylat.fi\/leppalammitaipale\/wp-content\/uploads\/sites\/4\/2015\/03\/J\u00e4senkirje-2015.pdf\">J\u00e4senkirje 2015<\/a><\/p>\n<p><a href=\"http:\/\/www.sastamalankylat.fi\/leppalammitaipale\/wp-content\/uploads\/sites\/4\/2014\/03\/J\u00e4senkirje-2014.pdf\">J\u00e4senkirje 2014<\/a><\/p>\n<p><a href=\"http:\/\/www.sastamalankylat.fi\/leppalammitaipale\/wp-content\/uploads\/sites\/4\/2013\/04\/J\u00e4senkirje-2013.pdf\">J\u00e4senkirje 2013<\/a><\/p>\n<!-- AddThis Advanced Settings generic via filter on the_content --><!-- AddThis Share Buttons generic via filter on the_content -->","protected":false},"excerpt":{"rendered":"<p>Lue viimeisin j\u00e4senkirje t\u00e4st\u00e4 &gt;\u00a0J\u00e4senkirje 2023 J\u00e4senkirje 2022 J\u00e4senkirje 2021 J\u00e4senkirje 2020 J\u00e4senkirje 2019 J\u00e4senkirje 2018 J\u00e4senkirje 2017 J\u00e4senkirje 2016 J\u00e4senkirje 2015 J\u00e4senkirje 2014 J\u00e4senkirje 2013<!-- AddThis Advanced Settings generic via filter on wp_trim_excerpt --><!-- AddThis Share Buttons generic via filter on wp_trim_excerpt --><\/p>\n","protected":false},"author":6,"featured_media":0,"parent":0,"menu_order":0,"comment_status":"closed","ping_status":"closed","template":"","meta":{"jetpack_post_was_ever_published":false,"footnotes":""},"class_list":["post-150","page","type-page","status-publish","hentry"],"aioseo_notices":[],"jetpack_shortlink":"https:\/\/wp.me\/P3rkfc-2q","jetpack_sharing_enabled":true,"_links":{"self":[{"href":"https:\/\/www.sastamalankylat.fi\/leppalammitaipale\/wp-json\/wp\/v2\/pages\/150","targetHints":{"allow":["GET"]}}],"collection":[{"href":"https:\/\/www.sastamalankylat.fi\/leppalammitaipale\/wp-json\/wp\/v2\/pages"}],"about":[{"href":"https:\/\/www.sastamalankylat.fi\/leppalammitaipale\/wp-json\/wp\/v2\/types\/page"}],"author":[{"embeddable":true,"href":"https:\/\/www.sastamalankylat.fi\/leppalammitaipale\/wp-json\/wp\/v2\/users\/6"}],"replies":[{"embeddable":true,"href":"https:\/\/www.sastamalankylat.fi\/leppalammitaipale\/wp-json\/wp\/v2\/comments?post=150"}],"version-history":[{"count":10,"href":"https:\/\/www.sastamalankylat.fi\/leppalammitaipale\/wp-json\/wp\/v2\/pages\/150\/revisions"}],"predecessor-version":[{"id":1770,"href":"https:\/\/www.sastamalankylat.fi\/leppalammitaipale\/wp-json\/wp\/v2\/pages\/150\/revisions\/1770"}],"wp:attachment":[{"href":"https:\/\/www.sastamalankylat.fi\/leppalammitaipale\/wp-json\/wp\/v2\/media?parent=150"}],"curies":[{"name":"wp","href":"https:\/\/api.w.org\/{rel}","templated":true}]}}