{"id":118,"date":"2013-04-23T20:22:47","date_gmt":"2013-04-23T17:22:47","guid":{"rendered":"http:\/\/www.sastamalankylat.fi\/leppalammitaipale\/?page_id=118"},"modified":"2020-06-10T23:01:58","modified_gmt":"2020-06-10T20:01:58","slug":"leppalammi","status":"publish","type":"page","link":"https:\/\/www.sastamalankylat.fi\/leppalammitaipale\/leppalammi\/","title":{"rendered":"Lepp\u00e4lammi"},"content":{"rendered":"<p><!-- [if gte mso 9]&gt;--><\/p>\n<p>Lepp\u00e4lammin kyl\u00e4 sijaitsee entisen Suodenniemen kunnan alueella Sastamalan pohjoisosassa, Lepp\u00e4lammen ja Leppijoen l\u00e4nsipuolella. Alueelta on viitisen kilometri\u00e4 Suodenniemen keskustaan. Sastamalan keskustaan matkaa kertyy vajaa 40 km ja Tampereelle noin 60 km. Lepp\u00e4lammin- ja kuten my\u00f6s Taipaleen kyl\u00e4 ovat todenn\u00e4k\u00f6isesti pit\u00e4j\u00e4n vanhinta kiinte\u00e4\u00e4 asutusta, kylien arvellaan syntyneen jo 1200 luvulla. Merkkej\u00e4 kivikautisista esineist\u00e4 ja n\u00e4in ollen asutuksesta on l\u00f6ytynyt Lepp\u00e4lammin- ja Torisevantien varsilta. Torisevanojan alajuoksulla ennen Lepp\u00e4lammia on Sikkaoja, koski jossa on ollut Lepp\u00e4lammin talojen mylly. Taipaleenjoki ja S\u00e4vijoki yhtyv\u00e4t Lepp\u00e4lammin j\u00e4lkeen Leppijoeksi, joka laskee edelleen Koivuniemenj\u00e4rveen. Lepp\u00e4lammia halkoo kolme eri l\u00e4piajo tiet\u00e4, Lepp\u00e4lammintie josta erkanee Torisevantie ja Hykkyrintie, n\u00e4m\u00e4&nbsp;molemmat yhtyv\u00e4t Taipaleentiehen. Torisevantie mainitaan vanhoissa&nbsp;asiakirjoissa Lavia tien\u00e4.&nbsp;Nykyinen Taipaleentie onkin rakennettu tieksi vasta 1910 loppupuolella (1919).<\/p>\n<p>My\u00f6s Taipaleen koulu on rakennettu (1910- 1972)&nbsp;Lepp\u00e4lammin kyl\u00e4\u00e4n, Raatsin tilalle. Koulu aloitti vuokratiloissa 1906 Raatsi tilan p\u00e4\u00e4rakennuksessa.&nbsp;Tarinan mukaan koulu oli ensin tarkoitus rakentaa Taipaleen kyl\u00e4\u00e4n, Taipaleessa&nbsp;her\u00e4si kuitenkin&nbsp;ep\u00e4ilyj\u00e4, ett\u00e4 koulun toiminta aiheuttaa h\u00e4iri\u00f6tekij\u00f6it\u00e4 Taipaleen talojen asukkaille.<\/p>\n<p>Alueen mielenkiintoisin n\u00e4ht\u00e4vyys on Koskelan museotorppa, joka on idyllinen museomilj\u00f6\u00f6 1660-luvun rippikoulutupineen. Torpan erikoisuutena on 15 hengen savusauna vuodelta 1906.<\/p>\n<p>Lepp\u00e4lammi- Taipaleen kotiseutuyhdistys, jonka toimialueeseen kuuluu Lepp\u00e4lammin, Taipaleen ja Koivuniemen kyl\u00e4t, on perustettu vuonna 2006.<\/p>\n<p style=\"text-align: left\"><!-- [if gte mso 9]&gt;--><\/p>\n<p><!-- [if gte mso 10]&gt;--><\/p>\n<!-- AddThis Advanced Settings generic via filter on the_content --><!-- AddThis Share Buttons generic via filter on the_content -->","protected":false},"excerpt":{"rendered":"<p>Lepp\u00e4lammin kyl\u00e4 sijaitsee entisen Suodenniemen kunnan alueella Sastamalan pohjoisosassa, Lepp\u00e4lammen ja Leppijoen l\u00e4nsipuolella. Alueelta on viitisen kilometri\u00e4 Suodenniemen keskustaan. Sastamalan keskustaan matkaa kertyy vajaa 40 km ja Tampereelle noin 60 km. Lepp\u00e4lammin- ja kuten my\u00f6s Taipaleen kyl\u00e4 ovat todenn\u00e4k\u00f6isesti pit\u00e4j\u00e4n vanhinta kiinte\u00e4\u00e4 asutusta, kylien arvellaan syntyneen jo 1200 luvulla. Merkkej\u00e4 kivikautisista esineist\u00e4 ja n\u00e4in ollen [&hellip;]<!-- AddThis Advanced Settings generic via filter on wp_trim_excerpt --><!-- AddThis Share Buttons generic via filter on wp_trim_excerpt --><\/p>\n","protected":false},"author":6,"featured_media":1652,"parent":0,"menu_order":0,"comment_status":"closed","ping_status":"closed","template":"","meta":{"jetpack_post_was_ever_published":false,"footnotes":""},"class_list":["post-118","page","type-page","status-publish","has-post-thumbnail","hentry"],"aioseo_notices":[],"jetpack_shortlink":"https:\/\/wp.me\/P3rkfc-1U","jetpack_sharing_enabled":true,"_links":{"self":[{"href":"https:\/\/www.sastamalankylat.fi\/leppalammitaipale\/wp-json\/wp\/v2\/pages\/118","targetHints":{"allow":["GET"]}}],"collection":[{"href":"https:\/\/www.sastamalankylat.fi\/leppalammitaipale\/wp-json\/wp\/v2\/pages"}],"about":[{"href":"https:\/\/www.sastamalankylat.fi\/leppalammitaipale\/wp-json\/wp\/v2\/types\/page"}],"author":[{"embeddable":true,"href":"https:\/\/www.sastamalankylat.fi\/leppalammitaipale\/wp-json\/wp\/v2\/users\/6"}],"replies":[{"embeddable":true,"href":"https:\/\/www.sastamalankylat.fi\/leppalammitaipale\/wp-json\/wp\/v2\/comments?post=118"}],"version-history":[{"count":2,"href":"https:\/\/www.sastamalankylat.fi\/leppalammitaipale\/wp-json\/wp\/v2\/pages\/118\/revisions"}],"predecessor-version":[{"id":1653,"href":"https:\/\/www.sastamalankylat.fi\/leppalammitaipale\/wp-json\/wp\/v2\/pages\/118\/revisions\/1653"}],"wp:featuredmedia":[{"embeddable":true,"href":"https:\/\/www.sastamalankylat.fi\/leppalammitaipale\/wp-json\/wp\/v2\/media\/1652"}],"wp:attachment":[{"href":"https:\/\/www.sastamalankylat.fi\/leppalammitaipale\/wp-json\/wp\/v2\/media?parent=118"}],"curies":[{"name":"wp","href":"https:\/\/api.w.org\/{rel}","templated":true}]}}