{"id":116,"date":"2013-04-25T21:49:12","date_gmt":"2013-04-25T18:49:12","guid":{"rendered":"http:\/\/www.sastamalankylat.fi\/leppalammitaipale\/?page_id=116"},"modified":"2020-06-10T22:47:57","modified_gmt":"2020-06-10T19:47:57","slug":"koivuniemi","status":"publish","type":"page","link":"https:\/\/www.sastamalankylat.fi\/leppalammitaipale\/koivuniemi\/","title":{"rendered":"Koivuniemi"},"content":{"rendered":"<p>Koivuniemenkyl\u00e4 sijaitsee Taipaleen- ja Lepp\u00e4lamminkylien etel\u00e4puolella, alkaen entisen Suodenniemen kunnan Pohjakyl\u00e4st\u00e4 l\u00e4helt\u00e4 keskustaa. Kyl\u00e4 on muodostunut Lepp\u00e4lammin- ja Taipaleenkyl\u00e4n tavoin kolmen talon ryhm\u00e4st\u00e4 n.1300- 1400 luvuilla.<\/p>\n<p>Koivuniemen \u201daukeella\u201d huomion kiinnitt\u00e4\u00e4 edellisiin kyliin verraten ehk\u00e4 laajemmat viljavat vainiot sek\u00e4 kaunis vesist\u00f6. Leppijoki, Koivuniemen-, Kirkko- ja Kouraj\u00e4rvi muodostavat yhdess\u00e4 noin 260 hehtaarin kokoisen vesist\u00f6kokonaisuuden. Koivuniemenj\u00e4rvi on matalahko ja polvekkeinen ja sit\u00e4 ymp\u00e4r\u00f6iv\u00e4t pellot. Varsinkin kev\u00e4isin j\u00e4rvelle ker\u00e4\u00e4ntyy muuttomatkalla pys\u00e4htelevi\u00e4 lintuja runsaasti, erityisesti joutsenia, hanhia ja sorsia. Lintuharrastajien keskuudessa Koivuniemenj\u00e4rvi on nykyisin eritt\u00e4in suosittu muuttolintujen \u201dbongauspaikka\u201d. Lepp\u00e4lammista Koivuniemenj\u00e4rveen laskevan joen ylitt\u00e4v\u00e4 silta on ollut alkujaan\u00a0kaksiarkkuinen, joten vedenkululle on ollut kolme eri aukkoa. Koivuniemenjokeen sillan rakentaminen ja my\u00f6s sillan yll\u00e4pitokustannukset ovat olleet esill\u00e4 ja k\u00e4sittelyss\u00e4 ainakin vuonna 1819, kertoo Turun maakunta-arkisto.<\/p>\n<p>Heikkil\u00e4n maatila, mik\u00e4 on aiemmin ollut Pukka niminen talo, on ajan saatossa kokenut monia muutoksia. Heikkil\u00e4n pihapiiriin alettiin vuonna 1939 rakentaa \u201dkunnalliskotia\u201d eli vanhainkotia vanhusten hoitopaikaksi. Maatamme kohdanneet sodat pitkittiv\u00e4t rakentamista mutta rakennus saatiin silti vesikattoon vuonna 1940. Vallineista oloista huolimatta vanhainkoti vihittiin k\u00e4ytt\u00f6\u00f6n jo vuonna 1943.<\/p>\n<p>Koivuniemen kyl\u00e4ss\u00e4 kauniissa maalaismaisemassa vanhainkoti jatkoi toimintaansa aina vuoteen 2011, mink\u00e4 j\u00e4lkeen sen toiminta valitettavasti loppui. Monien mielest\u00e4 p\u00e4\u00e4t\u00f6s oli eritt\u00e4in valitettava, sill\u00e4 Heikkil\u00e4n Toimintakeskus oli merkitt\u00e4v\u00e4 ty\u00f6nantaja ja ty\u00f6llisti paikkakunta- ja naapurikuntalaisia l\u00e4hes kuusikymmenvuotisen toimintansa ajan. Nyt paikka odottaa uutta omistajaa ja samalla laajoihin tiloihinsa uutta toimintaa. Aika n\u00e4ytt\u00e4\u00e4 onko tehdyt p\u00e4\u00e4t\u00f6kset ollut oikeita.<\/p>\n<p>Koskelan museotorppakin sijaitsee Koivuniemen kyl\u00e4ss\u00e4, Lepp\u00e4lamminkyl\u00e4n Torisevaj\u00e4rven rannalla, mutta aivan Koivuniemenkyl\u00e4n pohjoisk\u00e4rjess\u00e4.<\/p>\n<p>Lepp\u00e4lammi- Taipaleen Kotiseutuyhdistys, jonka toiminta-alueeseen kuuluu\u00a0Lepp\u00e4lammin, Taipaleen ja Koivuniemen kyl\u00e4t, on perustettu vuonna 2006.<\/p>\n\n\n<p><\/p>\n<!-- AddThis Advanced Settings generic via filter on the_content --><!-- AddThis Share Buttons generic via filter on the_content -->","protected":false},"excerpt":{"rendered":"<p>Koivuniemenkyl\u00e4 sijaitsee Taipaleen- ja Lepp\u00e4lamminkylien etel\u00e4puolella, alkaen entisen Suodenniemen kunnan Pohjakyl\u00e4st\u00e4 l\u00e4helt\u00e4 keskustaa. Kyl\u00e4 on muodostunut Lepp\u00e4lammin- ja Taipaleenkyl\u00e4n tavoin kolmen talon ryhm\u00e4st\u00e4 n.1300- 1400 luvuilla. Koivuniemen \u201daukeella\u201d huomion kiinnitt\u00e4\u00e4 edellisiin kyliin verraten ehk\u00e4 laajemmat viljavat vainiot sek\u00e4 kaunis vesist\u00f6. Leppijoki, Koivuniemen-, Kirkko- ja Kouraj\u00e4rvi muodostavat yhdess\u00e4 noin 260 hehtaarin kokoisen vesist\u00f6kokonaisuuden. Koivuniemenj\u00e4rvi on matalahko [&hellip;]<!-- AddThis Advanced Settings generic via filter on wp_trim_excerpt --><!-- AddThis Share Buttons generic via filter on wp_trim_excerpt --><\/p>\n","protected":false},"author":6,"featured_media":1648,"parent":0,"menu_order":0,"comment_status":"closed","ping_status":"closed","template":"","meta":{"jetpack_post_was_ever_published":false,"footnotes":""},"class_list":["post-116","page","type-page","status-publish","has-post-thumbnail","hentry"],"aioseo_notices":[],"jetpack_shortlink":"https:\/\/wp.me\/P3rkfc-1S","jetpack_sharing_enabled":true,"_links":{"self":[{"href":"https:\/\/www.sastamalankylat.fi\/leppalammitaipale\/wp-json\/wp\/v2\/pages\/116","targetHints":{"allow":["GET"]}}],"collection":[{"href":"https:\/\/www.sastamalankylat.fi\/leppalammitaipale\/wp-json\/wp\/v2\/pages"}],"about":[{"href":"https:\/\/www.sastamalankylat.fi\/leppalammitaipale\/wp-json\/wp\/v2\/types\/page"}],"author":[{"embeddable":true,"href":"https:\/\/www.sastamalankylat.fi\/leppalammitaipale\/wp-json\/wp\/v2\/users\/6"}],"replies":[{"embeddable":true,"href":"https:\/\/www.sastamalankylat.fi\/leppalammitaipale\/wp-json\/wp\/v2\/comments?post=116"}],"version-history":[{"count":4,"href":"https:\/\/www.sastamalankylat.fi\/leppalammitaipale\/wp-json\/wp\/v2\/pages\/116\/revisions"}],"predecessor-version":[{"id":1650,"href":"https:\/\/www.sastamalankylat.fi\/leppalammitaipale\/wp-json\/wp\/v2\/pages\/116\/revisions\/1650"}],"wp:featuredmedia":[{"embeddable":true,"href":"https:\/\/www.sastamalankylat.fi\/leppalammitaipale\/wp-json\/wp\/v2\/media\/1648"}],"wp:attachment":[{"href":"https:\/\/www.sastamalankylat.fi\/leppalammitaipale\/wp-json\/wp\/v2\/media?parent=116"}],"curies":[{"name":"wp","href":"https:\/\/api.w.org\/{rel}","templated":true}]}}