{"id":1155,"date":"2015-07-15T21:44:45","date_gmt":"2015-07-15T18:44:45","guid":{"rendered":"http:\/\/www.sastamalankylat.fi\/leppalammitaipale\/?page_id=1155"},"modified":"2015-07-15T21:51:13","modified_gmt":"2015-07-15T18:51:13","slug":"toimikunnan-vihtatalkoot-8-7-2015","status":"publish","type":"page","link":"https:\/\/www.sastamalankylat.fi\/leppalammitaipale\/arkisto-6\/toimikunnan-vihtatalkoot-8-7-2015\/","title":{"rendered":"Toimikunnan vihtatalkoot 8.7.2015"},"content":{"rendered":"<p>Lepp\u00e4lammi- Taipaleen Kotiseutuyhdistys j\u00e4rjesti toimikunnan kesken vihtatalkoot Riston m\u00f6kill\u00e4, keskiviikkona 8.7.2015<\/p>\n<p>Toimikunta on\u00a0muutamana vuonna pit\u00e4nyt kes\u00e4ll\u00e4 vihtatalkoot, jossa olemme illan aikana tehneet vihtoja joulumyyj\u00e4isiin myyt\u00e4v\u00e4ksi. Niin siis t\u00e4n\u00e4kin vuonna kokoonnuimme apujoukkoinemme\u00a0koivunoksien keskelle. Siin\u00e4 vihdakset ja vitsit viuhuivat, kun yhdistyksemme puheenjohtaja\u00a0Jorma\u00a0opetti sihteeri Maritalle miten tehd\u00e4\u00e4n vihta niin, kuinka se on t\u00e4\u00e4ll\u00e4p\u00e4in aina ollut tapana tehd\u00e4.\u00a0Mahtavia vihtoja talkoolaiset saivat aikaiseksi.\u00a0Kelpaa niill\u00e4 sitten joulusaunassa vihtoa. Kiitos kaikille osallistujille!<\/p>\n<p>Talkoiden j\u00e4lkeen oli viel\u00e4 mahdollisuus saunoa ja uida ja olipa\u00a0Sevi keitt\u00e4nyt viel\u00e4 oikein\u00a0makoisat\u00a0kahvit. Mahtoi siin\u00e4 j\u00e4rven joutsenpariskunta poikasineen olla ihmeiss\u00e4\u00e4n, kun muksut melskasivat rannassa. Saimme illan aikana kuulla my\u00f6s musisointia, sill\u00e4 Marja-Liisa oli ottanut harmonikan mukaan ja soitteli meille sulosointuja kes\u00e4illassa. Leppoisa oli meininki, kuten aina yhdistyksemme tapahtumissa.<\/p>\n<p>T\u00e4ss\u00e4 viel\u00e4 kuvatunnelmia vihtatalkoista<\/p>\n<p class=\"jetpack-slideshow-noscript robots-nocontent\">Kuvaesitys vaatii JavaScriptin.<\/p><div id=\"gallery-1155-1-slideshow\" class=\"jetpack-slideshow-window jetpack-slideshow jetpack-slideshow-black\" data-trans=\"fade\" data-autostart=\"1\" data-gallery=\"[{&quot;src&quot;:&quot;https:\\\/\\\/i0.wp.com\\\/www.sastamalankylat.fi\\\/leppalammitaipale\\\/wp-content\\\/uploads\\\/sites\\\/4\\\/2015\\\/07\\\/Le-Ta-1.jpg?fit=3905%2C2637\\u0026ssl=1&quot;,&quot;id&quot;:&quot;1158&quot;,&quot;title&quot;:&quot;Le-Ta 1&quot;,&quot;alt&quot;:&quot;&quot;,&quot;caption&quot;:&quot;Jorma, Reska, Risto ja Marja-Liisa&quot;,&quot;itemprop&quot;:&quot;image&quot;},{&quot;src&quot;:&quot;https:\\\/\\\/i0.wp.com\\\/www.sastamalankylat.fi\\\/leppalammitaipale\\\/wp-content\\\/uploads\\\/sites\\\/4\\\/2015\\\/07\\\/Le-Ta-2.jpg?fit=2305%2C2201\\u0026ssl=1&quot;,&quot;id&quot;:&quot;1159&quot;,&quot;title&quot;:&quot;Le-Ta 2&quot;,&quot;alt&quot;:&quot;&quot;,&quot;caption&quot;:&quot;Vihdat&quot;,&quot;itemprop&quot;:&quot;image&quot;},{&quot;src&quot;:&quot;https:\\\/\\\/i0.wp.com\\\/www.sastamalankylat.fi\\\/leppalammitaipale\\\/wp-content\\\/uploads\\\/sites\\\/4\\\/2015\\\/07\\\/Le-Ta-3.jpg?fit=3953%2C2409\\u0026ssl=1&quot;,&quot;id&quot;:&quot;1160&quot;,&quot;title&quot;:&quot;Le-Ta 3&quot;,&quot;alt&quot;:&quot;&quot;,&quot;caption&quot;:&quot;Kes\\u00e4illassa&quot;,&quot;itemprop&quot;:&quot;image&quot;},{&quot;src&quot;:&quot;https:\\\/\\\/i0.wp.com\\\/www.sastamalankylat.fi\\\/leppalammitaipale\\\/wp-content\\\/uploads\\\/sites\\\/4\\\/2015\\\/07\\\/Le-Ta-4.jpg?fit=3945%2C2441\\u0026ssl=1&quot;,&quot;id&quot;:&quot;1161&quot;,&quot;title&quot;:&quot;Le-Ta 4&quot;,&quot;alt&quot;:&quot;&quot;,&quot;caption&quot;:&quot;J\\u00e4rvell\\u00e4&quot;,&quot;itemprop&quot;:&quot;image&quot;},{&quot;src&quot;:&quot;https:\\\/\\\/i0.wp.com\\\/www.sastamalankylat.fi\\\/leppalammitaipale\\\/wp-content\\\/uploads\\\/sites\\\/4\\\/2015\\\/07\\\/Le-Ta-5.jpg?fit=3497%2C1893\\u0026ssl=1&quot;,&quot;id&quot;:&quot;1162&quot;,&quot;title&quot;:&quot;Le-Ta 5&quot;,&quot;alt&quot;:&quot;&quot;,&quot;caption&quot;:&quot;Joutsenet&quot;,&quot;itemprop&quot;:&quot;image&quot;},{&quot;src&quot;:&quot;https:\\\/\\\/i0.wp.com\\\/www.sastamalankylat.fi\\\/leppalammitaipale\\\/wp-content\\\/uploads\\\/sites\\\/4\\\/2015\\\/07\\\/Le-Ta-6.jpg?fit=2983%2C3537\\u0026ssl=1&quot;,&quot;id&quot;:&quot;1163&quot;,&quot;title&quot;:&quot;Le-Ta 6&quot;,&quot;alt&quot;:&quot;&quot;,&quot;caption&quot;:&quot;&quot;,&quot;itemprop&quot;:&quot;image&quot;},{&quot;src&quot;:&quot;https:\\\/\\\/i0.wp.com\\\/www.sastamalankylat.fi\\\/leppalammitaipale\\\/wp-content\\\/uploads\\\/sites\\\/4\\\/2015\\\/07\\\/Le-Ta-7.jpg?fit=2921%2C3937\\u0026ssl=1&quot;,&quot;id&quot;:&quot;1164&quot;,&quot;title&quot;:&quot;Le-Ta 7&quot;,&quot;alt&quot;:&quot;&quot;,&quot;caption&quot;:&quot;&quot;,&quot;itemprop&quot;:&quot;image&quot;},{&quot;src&quot;:&quot;https:\\\/\\\/i0.wp.com\\\/www.sastamalankylat.fi\\\/leppalammitaipale\\\/wp-content\\\/uploads\\\/sites\\\/4\\\/2015\\\/07\\\/Le-Ta-8.jpg?fit=2261%2C1941\\u0026ssl=1&quot;,&quot;id&quot;:&quot;1165&quot;,&quot;title&quot;:&quot;Le-Ta 8&quot;,&quot;alt&quot;:&quot;&quot;,&quot;caption&quot;:&quot;Leppoisaa tunnelmaa&quot;,&quot;itemprop&quot;:&quot;image&quot;},{&quot;src&quot;:&quot;https:\\\/\\\/i0.wp.com\\\/www.sastamalankylat.fi\\\/leppalammitaipale\\\/wp-content\\\/uploads\\\/sites\\\/4\\\/2015\\\/07\\\/Le-Ta-9.jpg?fit=3081%2C2389\\u0026ssl=1&quot;,&quot;id&quot;:&quot;1166&quot;,&quot;title&quot;:&quot;Le-Ta 9&quot;,&quot;alt&quot;:&quot;&quot;,&quot;caption&quot;:&quot;&quot;,&quot;itemprop&quot;:&quot;image&quot;},{&quot;src&quot;:&quot;https:\\\/\\\/i0.wp.com\\\/www.sastamalankylat.fi\\\/leppalammitaipale\\\/wp-content\\\/uploads\\\/sites\\\/4\\\/2015\\\/07\\\/Le-Ta-10.jpg?fit=1625%2C973\\u0026ssl=1&quot;,&quot;id&quot;:&quot;1167&quot;,&quot;title&quot;:&quot;Le-Ta 10&quot;,&quot;alt&quot;:&quot;&quot;,&quot;caption&quot;:&quot;&quot;,&quot;itemprop&quot;:&quot;image&quot;},{&quot;src&quot;:&quot;https:\\\/\\\/i0.wp.com\\\/www.sastamalankylat.fi\\\/leppalammitaipale\\\/wp-content\\\/uploads\\\/sites\\\/4\\\/2015\\\/07\\\/Le-Ta-11.jpg?fit=2889%2C2965\\u0026ssl=1&quot;,&quot;id&quot;:&quot;1168&quot;,&quot;title&quot;:&quot;Le-Ta 11&quot;,&quot;alt&quot;:&quot;&quot;,&quot;caption&quot;:&quot;Musikantti Marja-Liisa&quot;,&quot;itemprop&quot;:&quot;image&quot;},{&quot;src&quot;:&quot;https:\\\/\\\/i0.wp.com\\\/www.sastamalankylat.fi\\\/leppalammitaipale\\\/wp-content\\\/uploads\\\/sites\\\/4\\\/2015\\\/07\\\/Le-Ta-12.jpg?fit=4000%2C3000\\u0026ssl=1&quot;,&quot;id&quot;:&quot;1169&quot;,&quot;title&quot;:&quot;Le-Ta 12&quot;,&quot;alt&quot;:&quot;&quot;,&quot;caption&quot;:&quot;Vihdakset viuhuu&quot;,&quot;itemprop&quot;:&quot;image&quot;}]\" itemscope itemtype=\"https:\/\/schema.org\/ImageGallery\"><\/div>\n<p>&nbsp;<\/p>\n<!-- AddThis Advanced Settings generic via filter on the_content --><!-- AddThis Share Buttons generic via filter on the_content -->","protected":false},"excerpt":{"rendered":"<p>Lepp\u00e4lammi- Taipaleen Kotiseutuyhdistys j\u00e4rjesti toimikunnan kesken vihtatalkoot Riston m\u00f6kill\u00e4, keskiviikkona 8.7.2015 Toimikunta on\u00a0muutamana vuonna pit\u00e4nyt kes\u00e4ll\u00e4 vihtatalkoot, jossa olemme illan aikana tehneet vihtoja joulumyyj\u00e4isiin myyt\u00e4v\u00e4ksi. Niin siis t\u00e4n\u00e4kin vuonna kokoonnuimme apujoukkoinemme\u00a0koivunoksien keskelle. Siin\u00e4 vihdakset ja vitsit viuhuivat, kun yhdistyksemme puheenjohtaja\u00a0Jorma\u00a0opetti sihteeri Maritalle miten tehd\u00e4\u00e4n vihta niin, kuinka se on t\u00e4\u00e4ll\u00e4p\u00e4in aina ollut tapana tehd\u00e4.\u00a0Mahtavia vihtoja [&hellip;]<!-- AddThis Advanced Settings generic via filter on wp_trim_excerpt --><!-- AddThis Share Buttons generic via filter on wp_trim_excerpt --><\/p>\n","protected":false},"author":7,"featured_media":0,"parent":128,"menu_order":4,"comment_status":"closed","ping_status":"closed","template":"","meta":{"jetpack_post_was_ever_published":false,"footnotes":""},"class_list":["post-1155","page","type-page","status-publish","hentry"],"aioseo_notices":[],"jetpack_shortlink":"https:\/\/wp.me\/P3rkfc-iD","jetpack_sharing_enabled":true,"_links":{"self":[{"href":"https:\/\/www.sastamalankylat.fi\/leppalammitaipale\/wp-json\/wp\/v2\/pages\/1155","targetHints":{"allow":["GET"]}}],"collection":[{"href":"https:\/\/www.sastamalankylat.fi\/leppalammitaipale\/wp-json\/wp\/v2\/pages"}],"about":[{"href":"https:\/\/www.sastamalankylat.fi\/leppalammitaipale\/wp-json\/wp\/v2\/types\/page"}],"author":[{"embeddable":true,"href":"https:\/\/www.sastamalankylat.fi\/leppalammitaipale\/wp-json\/wp\/v2\/users\/7"}],"replies":[{"embeddable":true,"href":"https:\/\/www.sastamalankylat.fi\/leppalammitaipale\/wp-json\/wp\/v2\/comments?post=1155"}],"version-history":[{"count":2,"href":"https:\/\/www.sastamalankylat.fi\/leppalammitaipale\/wp-json\/wp\/v2\/pages\/1155\/revisions"}],"predecessor-version":[{"id":1173,"href":"https:\/\/www.sastamalankylat.fi\/leppalammitaipale\/wp-json\/wp\/v2\/pages\/1155\/revisions\/1173"}],"up":[{"embeddable":true,"href":"https:\/\/www.sastamalankylat.fi\/leppalammitaipale\/wp-json\/wp\/v2\/pages\/128"}],"wp:attachment":[{"href":"https:\/\/www.sastamalankylat.fi\/leppalammitaipale\/wp-json\/wp\/v2\/media?parent=1155"}],"curies":[{"name":"wp","href":"https:\/\/api.w.org\/{rel}","templated":true}]}}