{"id":1148,"date":"2015-07-15T20:39:37","date_gmt":"2015-07-15T17:39:37","guid":{"rendered":"http:\/\/www.sastamalankylat.fi\/leppalammitaipale\/?page_id=1148"},"modified":"2015-07-15T22:03:34","modified_gmt":"2015-07-15T19:03:34","slug":"tapahtumat","status":"publish","type":"page","link":"https:\/\/www.sastamalankylat.fi\/leppalammitaipale\/arkisto-6\/tapahtumat\/","title":{"rendered":"Tapahtumat"},"content":{"rendered":"<p>T\u00e4\u00e4lt\u00e4 voit lukea ja katsella tunnelmia menneist\u00e4 tapahtumista.<\/p>\n<p><a href=\"http:\/\/www.sastamalankylat.fi\/leppalammitaipale\/arkisto-6\/toimikunnan-vihtatalkoot-8-7-2015\/\">Toimikunnan vihtatalkoot 8.7.2015<\/a><\/p>\n<p><a href=\"http:\/\/www.sastamalankylat.fi\/leppalammitaipale\/arkisto-6\/turun-reissu-5-6-2015\/\">Turun reissu 5.6.2015<\/a><\/p>\n<p>&nbsp;<\/p>\n<!-- AddThis Advanced Settings generic via filter on the_content --><!-- AddThis Share Buttons generic via filter on the_content -->","protected":false},"excerpt":{"rendered":"<p>T\u00e4\u00e4lt\u00e4 voit lukea ja katsella tunnelmia menneist\u00e4 tapahtumista. Toimikunnan vihtatalkoot 8.7.2015 Turun reissu 5.6.2015 &nbsp;<!-- AddThis Advanced Settings generic via filter on wp_trim_excerpt --><!-- AddThis Share Buttons generic via filter on wp_trim_excerpt --><\/p>\n","protected":false},"author":7,"featured_media":0,"parent":128,"menu_order":3,"comment_status":"closed","ping_status":"closed","template":"","meta":{"jetpack_post_was_ever_published":false,"footnotes":""},"class_list":["post-1148","page","type-page","status-publish","hentry"],"aioseo_notices":[],"jetpack_shortlink":"https:\/\/wp.me\/P3rkfc-iw","jetpack_sharing_enabled":true,"_links":{"self":[{"href":"https:\/\/www.sastamalankylat.fi\/leppalammitaipale\/wp-json\/wp\/v2\/pages\/1148","targetHints":{"allow":["GET"]}}],"collection":[{"href":"https:\/\/www.sastamalankylat.fi\/leppalammitaipale\/wp-json\/wp\/v2\/pages"}],"about":[{"href":"https:\/\/www.sastamalankylat.fi\/leppalammitaipale\/wp-json\/wp\/v2\/types\/page"}],"author":[{"embeddable":true,"href":"https:\/\/www.sastamalankylat.fi\/leppalammitaipale\/wp-json\/wp\/v2\/users\/7"}],"replies":[{"embeddable":true,"href":"https:\/\/www.sastamalankylat.fi\/leppalammitaipale\/wp-json\/wp\/v2\/comments?post=1148"}],"version-history":[{"count":2,"href":"https:\/\/www.sastamalankylat.fi\/leppalammitaipale\/wp-json\/wp\/v2\/pages\/1148\/revisions"}],"predecessor-version":[{"id":1176,"href":"https:\/\/www.sastamalankylat.fi\/leppalammitaipale\/wp-json\/wp\/v2\/pages\/1148\/revisions\/1176"}],"up":[{"embeddable":true,"href":"https:\/\/www.sastamalankylat.fi\/leppalammitaipale\/wp-json\/wp\/v2\/pages\/128"}],"wp:attachment":[{"href":"https:\/\/www.sastamalankylat.fi\/leppalammitaipale\/wp-json\/wp\/v2\/media?parent=1148"}],"curies":[{"name":"wp","href":"https:\/\/api.w.org\/{rel}","templated":true}]}}