{"id":559,"date":"2026-04-12T10:30:19","date_gmt":"2026-04-12T07:30:19","guid":{"rendered":"https:\/\/www.sastamalankylat.fi\/lahdenpera\/?page_id=559"},"modified":"2026-04-12T12:10:39","modified_gmt":"2026-04-12T09:10:39","slug":"kesakeskiviikkosauna","status":"publish","type":"page","link":"https:\/\/www.sastamalankylat.fi\/lahdenpera\/kesakeskiviikkosauna\/","title":{"rendered":"Kes\u00e4keskiviikkosauna"},"content":{"rendered":"<p><a href=\"http:\/\/www.sastamalankylat.fi\/lahdenpera\/wp-content\/uploads\/sites\/18\/2026\/04\/sauna-gemiini-333-scaled.png\"><img loading=\"lazy\" decoding=\"async\" class=\" wp-image-581 aligncenter\" src=\"http:\/\/www.sastamalankylat.fi\/lahdenpera\/wp-content\/uploads\/sites\/18\/2026\/04\/sauna-gemiini-333-300x164.png\" alt=\"L\u00f6ylyn lauteilla kolme ihmist\u00e4\" width=\"675\" height=\"369\" srcset=\"https:\/\/www.sastamalankylat.fi\/lahdenpera\/wp-content\/uploads\/sites\/18\/2026\/04\/sauna-gemiini-333-300x164.png 300w, https:\/\/www.sastamalankylat.fi\/lahdenpera\/wp-content\/uploads\/sites\/18\/2026\/04\/sauna-gemiini-333-1024x559.png 1024w, https:\/\/www.sastamalankylat.fi\/lahdenpera\/wp-content\/uploads\/sites\/18\/2026\/04\/sauna-gemiini-333-768x419.png 768w, https:\/\/www.sastamalankylat.fi\/lahdenpera\/wp-content\/uploads\/sites\/18\/2026\/04\/sauna-gemiini-333-1536x838.png 1536w, https:\/\/www.sastamalankylat.fi\/lahdenpera\/wp-content\/uploads\/sites\/18\/2026\/04\/sauna-gemiini-333-2048x1117.png 2048w, https:\/\/www.sastamalankylat.fi\/lahdenpera\/wp-content\/uploads\/sites\/18\/2026\/04\/sauna-gemiini-333-624x340.png 624w\" sizes=\"auto, (max-width: 675px) 100vw, 675px\" \/><\/a>Kes\u00e4keskiviikkoisin (kes\u00e4kuun alusta syyskuun loppuun) Rantatuvan sauna l\u00e4mpi\u00e4\u00e4 kyl\u00e4l\u00e4isten ja muualta tulevien Lahdenper\u00e4n yst\u00e4vien k\u00e4ytt\u00f6\u00f6n klo 18-20. Lahdenper\u00e4n Kyl\u00e4yhdistyksen j\u00e4senet l\u00f6ylyttelev\u00e4t saunatiloissa kuluitta ja muilta saunojilta veloitetaan saunakerrasta 2 \u20ac \/ pylly.<\/p>\n<!-- AddThis Advanced Settings generic via filter on the_content --><!-- AddThis Share Buttons generic via filter on the_content -->","protected":false},"excerpt":{"rendered":"<p>Kes\u00e4keskiviikkoisin (kes\u00e4kuun alusta syyskuun loppuun) Rantatuvan sauna l\u00e4mpi\u00e4\u00e4 kyl\u00e4l\u00e4isten ja muualta tulevien Lahdenper\u00e4n yst\u00e4vien k\u00e4ytt\u00f6\u00f6n klo 18-20. Lahdenper\u00e4n Kyl\u00e4yhdistyksen j\u00e4senet l\u00f6ylyttelev\u00e4t saunatiloissa kuluitta ja muilta saunojilta veloitetaan saunakerrasta 2 \u20ac \/ pylly.<!-- AddThis Advanced Settings generic via filter on wp_trim_excerpt --><!-- AddThis Share Buttons generic via filter on wp_trim_excerpt --><\/p>\n","protected":false},"author":50,"featured_media":0,"parent":0,"menu_order":0,"comment_status":"closed","ping_status":"closed","template":"page-templates\/full-width.php","meta":{"jetpack_post_was_ever_published":false,"footnotes":""},"class_list":["post-559","page","type-page","status-publish","hentry"],"aioseo_notices":[],"jetpack_shortlink":"https:\/\/wp.me\/P9LdTQ-91","jetpack_sharing_enabled":true,"_links":{"self":[{"href":"https:\/\/www.sastamalankylat.fi\/lahdenpera\/wp-json\/wp\/v2\/pages\/559","targetHints":{"allow":["GET"]}}],"collection":[{"href":"https:\/\/www.sastamalankylat.fi\/lahdenpera\/wp-json\/wp\/v2\/pages"}],"about":[{"href":"https:\/\/www.sastamalankylat.fi\/lahdenpera\/wp-json\/wp\/v2\/types\/page"}],"author":[{"embeddable":true,"href":"https:\/\/www.sastamalankylat.fi\/lahdenpera\/wp-json\/wp\/v2\/users\/50"}],"replies":[{"embeddable":true,"href":"https:\/\/www.sastamalankylat.fi\/lahdenpera\/wp-json\/wp\/v2\/comments?post=559"}],"version-history":[{"count":3,"href":"https:\/\/www.sastamalankylat.fi\/lahdenpera\/wp-json\/wp\/v2\/pages\/559\/revisions"}],"predecessor-version":[{"id":583,"href":"https:\/\/www.sastamalankylat.fi\/lahdenpera\/wp-json\/wp\/v2\/pages\/559\/revisions\/583"}],"wp:attachment":[{"href":"https:\/\/www.sastamalankylat.fi\/lahdenpera\/wp-json\/wp\/v2\/media?parent=559"}],"curies":[{"name":"wp","href":"https:\/\/api.w.org\/{rel}","templated":true}]}}