{"id":557,"date":"2026-04-12T10:26:35","date_gmt":"2026-04-12T07:26:35","guid":{"rendered":"https:\/\/www.sastamalankylat.fi\/lahdenpera\/?page_id=557"},"modified":"2026-04-12T12:19:38","modified_gmt":"2026-04-12T09:19:38","slug":"perjantaipulinat-klo-15-18","status":"publish","type":"page","link":"https:\/\/www.sastamalankylat.fi\/lahdenpera\/perjantaipulinat-klo-15-18\/","title":{"rendered":"PerjantaiPulinat klo 15-18"},"content":{"rendered":"<p><strong>Rantatuvalla kokoonnutaan vapaamuotoisesti JOKA perjantai klo 15-18. <\/strong><\/p>\n<p>Rantatupa toimii kyl\u00e4l\u00e4isten yhteisen\u00e4 olohuoneena ja kohtaamispaikkana. Voit tulla Rantatuvalle juuri niin\u00e4 perjantaip\u00e4ivin\u00e4, joina ajankohta itsellesi sopii. Voit saapua mihin tahansa aikaan klo 15 ja 18 v\u00e4lill\u00e4. Ideana on, ett\u00e4 pikku hiljaa PerjantaiPulinoihin aktiivisimmin osallistuvat sopivat jatkossa kesken\u00e4\u00e4n, kuka hoitaa kulloinkin kahvituksen, mit\u00e4 nyyttikestihenkisesti tuodaan kahvin kaverina nautittavaksi, kuka rient\u00e4\u00e4 paikalle ensimm\u00e4isen\u00e4 avaamaan ovet ja miten hoidetaan tapaamisen p\u00e4\u00e4tteeksi omien j\u00e4lkien siivoaminen.<\/p>\n<p>Rantatuvalle voit ottaa mukaasi kutimet, seurapelin tai vaikka v\u00e4rityskirjan \u2013 mik\u00e4 tahansa yhteis\u00f6llist\u00e4 tekemist\u00e4 tukeva ja rupattelua est\u00e4m\u00e4t\u00f6n toiminta on sallittua.<\/p>\n<h3>Tervetuloa!<\/h3>\n<p><a href=\"http:\/\/www.sastamalankylat.fi\/lahdenpera\/wp-content\/uploads\/sites\/18\/2026\/04\/juttelevat-matala-scaled.jpg\"><img loading=\"lazy\" decoding=\"async\" class=\"alignnone wp-image-589\" src=\"http:\/\/www.sastamalankylat.fi\/lahdenpera\/wp-content\/uploads\/sites\/18\/2026\/04\/juttelevat-matala-300x150.jpg\" alt=\"Piirroskuva naisesta ja nuoresta miehest\u00e4 juttelemassa sohvalla\" width=\"757\" height=\"379\" srcset=\"https:\/\/www.sastamalankylat.fi\/lahdenpera\/wp-content\/uploads\/sites\/18\/2026\/04\/juttelevat-matala-300x150.jpg 300w, https:\/\/www.sastamalankylat.fi\/lahdenpera\/wp-content\/uploads\/sites\/18\/2026\/04\/juttelevat-matala-1024x513.jpg 1024w, https:\/\/www.sastamalankylat.fi\/lahdenpera\/wp-content\/uploads\/sites\/18\/2026\/04\/juttelevat-matala-768x384.jpg 768w, https:\/\/www.sastamalankylat.fi\/lahdenpera\/wp-content\/uploads\/sites\/18\/2026\/04\/juttelevat-matala-1536x769.jpg 1536w, https:\/\/www.sastamalankylat.fi\/lahdenpera\/wp-content\/uploads\/sites\/18\/2026\/04\/juttelevat-matala-2048x1025.jpg 2048w, https:\/\/www.sastamalankylat.fi\/lahdenpera\/wp-content\/uploads\/sites\/18\/2026\/04\/juttelevat-matala-624x312.jpg 624w\" sizes=\"auto, (max-width: 757px) 100vw, 757px\" \/><\/a><\/p>\n<!-- AddThis Advanced Settings generic via filter on the_content --><!-- AddThis Share Buttons generic via filter on the_content -->","protected":false},"excerpt":{"rendered":"<p>Rantatuvalla kokoonnutaan vapaamuotoisesti JOKA perjantai klo 15-18. Rantatupa toimii kyl\u00e4l\u00e4isten yhteisen\u00e4 olohuoneena ja kohtaamispaikkana. Voit tulla Rantatuvalle juuri niin\u00e4 perjantaip\u00e4ivin\u00e4, joina ajankohta itsellesi sopii. Voit saapua mihin tahansa aikaan klo 15 ja 18 v\u00e4lill\u00e4. Ideana on, ett\u00e4 pikku hiljaa PerjantaiPulinoihin aktiivisimmin osallistuvat sopivat jatkossa kesken\u00e4\u00e4n, kuka hoitaa kulloinkin kahvituksen, mit\u00e4 nyyttikestihenkisesti tuodaan kahvin kaverina nautittavaksi, [&hellip;]<!-- AddThis Advanced Settings generic via filter on wp_trim_excerpt --><!-- AddThis Share Buttons generic via filter on wp_trim_excerpt --><\/p>\n","protected":false},"author":50,"featured_media":0,"parent":0,"menu_order":0,"comment_status":"closed","ping_status":"closed","template":"page-templates\/full-width.php","meta":{"jetpack_post_was_ever_published":false,"footnotes":""},"class_list":["post-557","page","type-page","status-publish","hentry"],"aioseo_notices":[],"jetpack_shortlink":"https:\/\/wp.me\/P9LdTQ-8Z","jetpack_sharing_enabled":true,"_links":{"self":[{"href":"https:\/\/www.sastamalankylat.fi\/lahdenpera\/wp-json\/wp\/v2\/pages\/557","targetHints":{"allow":["GET"]}}],"collection":[{"href":"https:\/\/www.sastamalankylat.fi\/lahdenpera\/wp-json\/wp\/v2\/pages"}],"about":[{"href":"https:\/\/www.sastamalankylat.fi\/lahdenpera\/wp-json\/wp\/v2\/types\/page"}],"author":[{"embeddable":true,"href":"https:\/\/www.sastamalankylat.fi\/lahdenpera\/wp-json\/wp\/v2\/users\/50"}],"replies":[{"embeddable":true,"href":"https:\/\/www.sastamalankylat.fi\/lahdenpera\/wp-json\/wp\/v2\/comments?post=557"}],"version-history":[{"count":4,"href":"https:\/\/www.sastamalankylat.fi\/lahdenpera\/wp-json\/wp\/v2\/pages\/557\/revisions"}],"predecessor-version":[{"id":592,"href":"https:\/\/www.sastamalankylat.fi\/lahdenpera\/wp-json\/wp\/v2\/pages\/557\/revisions\/592"}],"wp:attachment":[{"href":"https:\/\/www.sastamalankylat.fi\/lahdenpera\/wp-json\/wp\/v2\/media?parent=557"}],"curies":[{"name":"wp","href":"https:\/\/api.w.org\/{rel}","templated":true}]}}