{"id":538,"date":"2026-04-12T09:29:48","date_gmt":"2026-04-12T06:29:48","guid":{"rendered":"https:\/\/www.sastamalankylat.fi\/lahdenpera\/?page_id=538"},"modified":"2026-04-12T13:57:16","modified_gmt":"2026-04-12T10:57:16","slug":"pihakirppissuunnistus-18-19-7-2026","status":"publish","type":"page","link":"https:\/\/www.sastamalankylat.fi\/lahdenpera\/pihakirppissuunnistus-18-19-7-2026\/","title":{"rendered":"Pihakirppissuunnistus 18.\u201319.7.2026"},"content":{"rendered":"<p><a href=\"http:\/\/www.sastamalankylat.fi\/lahdenpera\/wp-content\/uploads\/sites\/18\/2026\/04\/kirppis-nettisivuille.png\"><img loading=\"lazy\" decoding=\"async\" class=\" wp-image-578 aligncenter\" src=\"http:\/\/www.sastamalankylat.fi\/lahdenpera\/wp-content\/uploads\/sites\/18\/2026\/04\/kirppis-nettisivuille-300x105.png\" alt=\"piirros kyl\u00e4tien varressa olevasta pihakirssismyyntipisteest\u00e4, jossa esill\u00e4 mm. pehmonalle ja kirjoja\" width=\"646\" height=\"226\" srcset=\"https:\/\/www.sastamalankylat.fi\/lahdenpera\/wp-content\/uploads\/sites\/18\/2026\/04\/kirppis-nettisivuille-300x105.png 300w, https:\/\/www.sastamalankylat.fi\/lahdenpera\/wp-content\/uploads\/sites\/18\/2026\/04\/kirppis-nettisivuille-1024x359.png 1024w, https:\/\/www.sastamalankylat.fi\/lahdenpera\/wp-content\/uploads\/sites\/18\/2026\/04\/kirppis-nettisivuille-768x269.png 768w, https:\/\/www.sastamalankylat.fi\/lahdenpera\/wp-content\/uploads\/sites\/18\/2026\/04\/kirppis-nettisivuille-624x219.png 624w, https:\/\/www.sastamalankylat.fi\/lahdenpera\/wp-content\/uploads\/sites\/18\/2026\/04\/kirppis-nettisivuille.png 1536w\" sizes=\"auto, (max-width: 646px) 100vw, 646px\" \/><\/a><\/p>\n<p>Lahdenper\u00e4n Pihakirppissuunnistus toteutuu jo 5. kerran \u2013 t\u00e4n\u00e4 vuonna laajemmalla alueella kuin aikaisemmin. Nyt mukana on myyji\u00e4 koko S\u00e4vintielt\u00e4 poikkeavan Lahdenper\u00e4n \u201dmutkan\u201d matkalta. Viime vuonna saadun palautteen pohjalta tehd\u00e4\u00e4n korjauksia my\u00f6s j\u00e4rjestelyihin, jotta tapahtuma olisi sek\u00e4 myyjille ett\u00e4 kirppistelij\u00f6ille mahdollisimman mieluisa. Alueesta laadittava kartta tulostetaan kaikkien saataville alueen sis\u00e4\u00e4ntuloreiteille sek\u00e4 nettiin. My\u00f6s myyntipisteiden merkint\u00f6j\u00e4 parannetaan.<\/p>\n<p><em><strong><span style=\"color: #008000\">Pihakirppissuunnistaja \u2013<\/span><\/strong><span style=\"color: #008000\">\u00a0t\u00e4sm\u00e4llisempi info, kuten karttojen jakopisteet julkaistaan t\u00e4\u00e4ll\u00e4 kes\u00e4kuun loppuun menness\u00e4. Kartta itsess\u00e4\u00e4n vahvistuu vasta muutamaa p\u00e4iv\u00e4\u00e4 ennen suunnistuksen ajankohtaa. Voit ennalta tilata sen s\u00e4hk\u00f6postiisi<\/span><strong><span style=\"color: #008000\"> <a style=\"color: #008000\" href=\"mailto:lahdenperankyla@gmail.com?subject=Pihakirppissuunnistuksen%20kartta%20s\u00e4hk\u00f6postiin\"><span style=\"color: #0000ff\">t\u00e4st\u00e4<\/span><\/a>.\u00a0<\/span><\/strong><\/em><\/p>\n<p><strong>LAHDENPER\u00c4L\u00c4INEN \u2013 TULE MUKAAN MYYJ\u00c4KSI!<\/strong><br \/>\nIdeana on, ett\u00e4 halukkaat alueen vaki- ja vapaa-ajan asukkaat pystytt\u00e4v\u00e4t kukin kirpputorihengess\u00e4 omaan pihapiiriins\u00e4 myyntipisteen, jossa myyv\u00e4t itselleen tarpeetonta tavaraa laidasta laitaan. Osallistuminen ei maksa mit\u00e4\u00e4n \u2013 p\u00e4invastoin: jos myyntiin laittamasi tavara osoittautuu halutuksi, saatat tehd\u00e4 itsellesi tapahtuman kuluessa muhkean tilin!<\/p>\n<p><strong>Miten myyj\u00e4ksi ilmoittaudutaan?<br \/>\n<\/strong>Ilmoita huolellisesti kiinteist\u00f6si, jossa aiot myyntipistett\u00e4 pit\u00e4\u00e4, osoite ja jos tarpeen, my\u00f6s kuvakaappaus karttaotteelta, johon olet merkannut myyntipaikkasi. Ellet halua pit\u00e4\u00e4 myyntipistett\u00e4si omalla kiinteist\u00f6ll\u00e4si, voit pystytt\u00e4\u00e4 sen halutessasi Rantatuvan pihapiiriin, kunhan ilmoitat siit\u00e4. Jos kiinteist\u00f6ll\u00e4si on useampi myyj\u00e4, ilmoita kustakin myyj\u00e4st\u00e4 tiedot erikseen.<\/p>\n<p>Jotta <strong>yhteydenpito ja tiedottaminen<\/strong> sujuisi mutkattomasti, tarvitsemme v\u00e4ltt\u00e4m\u00e4tt\u00f6m\u00e4n\u00e4 tietona joko <strong>s\u00e4hk\u00f6postiosoitteesi tai puhelinnumerosi \u2013<\/strong> <em><strong>mieluiten kummatkin<\/strong><\/em>. T\u00e4m\u00e4n lis\u00e4ksi tarvitsemme tiedon <strong>hyv\u00e4ksymist\u00e4si maksuv\u00e4lineist\u00e4<\/strong> (k\u00e4teinen, pankkikortti, MobilePay, Siirto, muu; mik\u00e4?) ja <strong>myyntipisteesi aukioloajan<\/strong>. Halutessasi voit m\u00e4\u00e4ritell\u00e4 omalle myyntipisteellesi omat <strong>aukioloajat<\/strong> kummallekin p\u00e4iv\u00e4lle. Myyntipisteen pit\u00e4minen vain toisena p\u00e4iv\u00e4n\u00e4 on my\u00f6s mahdollista. Jotta myyntipaikallasi ei ramppaa v\u00e4ke\u00e4 silloin, kun pisteesi ei ole auki, ilmoita t\u00e4sm\u00e4llisesti, miten pisteesi on auki, esim. &#8221;la 11-18 ja su 10-15&#8221;. Jos kiinteist\u00f6ll\u00e4si on <strong>wc<\/strong>, jota asiakkaat voivat k\u00e4ytt\u00e4\u00e4, sen mainitseminen voi olla jopa <strong>vetovoimatekij\u00e4<\/strong>.<\/p>\n<!-- AddThis Advanced Settings generic via filter on the_content --><!-- AddThis Share Buttons generic via filter on the_content -->","protected":false},"excerpt":{"rendered":"<p>Lahdenper\u00e4n Pihakirppissuunnistus toteutuu jo 5. kerran \u2013 t\u00e4n\u00e4 vuonna laajemmalla alueella kuin aikaisemmin. Nyt mukana on myyji\u00e4 koko S\u00e4vintielt\u00e4 poikkeavan Lahdenper\u00e4n \u201dmutkan\u201d matkalta. Viime vuonna saadun palautteen pohjalta tehd\u00e4\u00e4n korjauksia my\u00f6s j\u00e4rjestelyihin, jotta tapahtuma olisi sek\u00e4 myyjille ett\u00e4 kirppistelij\u00f6ille mahdollisimman mieluisa. Alueesta laadittava kartta tulostetaan kaikkien saataville alueen sis\u00e4\u00e4ntuloreiteille sek\u00e4 nettiin. My\u00f6s myyntipisteiden merkint\u00f6j\u00e4 parannetaan. [&hellip;]<!-- AddThis Advanced Settings generic via filter on wp_trim_excerpt --><!-- AddThis Share Buttons generic via filter on wp_trim_excerpt --><\/p>\n","protected":false},"author":50,"featured_media":0,"parent":0,"menu_order":0,"comment_status":"closed","ping_status":"closed","template":"page-templates\/full-width.php","meta":{"jetpack_post_was_ever_published":false,"footnotes":""},"class_list":["post-538","page","type-page","status-publish","hentry"],"aioseo_notices":[],"jetpack_shortlink":"https:\/\/wp.me\/P9LdTQ-8G","jetpack_sharing_enabled":true,"_links":{"self":[{"href":"https:\/\/www.sastamalankylat.fi\/lahdenpera\/wp-json\/wp\/v2\/pages\/538","targetHints":{"allow":["GET"]}}],"collection":[{"href":"https:\/\/www.sastamalankylat.fi\/lahdenpera\/wp-json\/wp\/v2\/pages"}],"about":[{"href":"https:\/\/www.sastamalankylat.fi\/lahdenpera\/wp-json\/wp\/v2\/types\/page"}],"author":[{"embeddable":true,"href":"https:\/\/www.sastamalankylat.fi\/lahdenpera\/wp-json\/wp\/v2\/users\/50"}],"replies":[{"embeddable":true,"href":"https:\/\/www.sastamalankylat.fi\/lahdenpera\/wp-json\/wp\/v2\/comments?post=538"}],"version-history":[{"count":10,"href":"https:\/\/www.sastamalankylat.fi\/lahdenpera\/wp-json\/wp\/v2\/pages\/538\/revisions"}],"predecessor-version":[{"id":607,"href":"https:\/\/www.sastamalankylat.fi\/lahdenpera\/wp-json\/wp\/v2\/pages\/538\/revisions\/607"}],"wp:attachment":[{"href":"https:\/\/www.sastamalankylat.fi\/lahdenpera\/wp-json\/wp\/v2\/media?parent=538"}],"curies":[{"name":"wp","href":"https:\/\/api.w.org\/{rel}","templated":true}]}}