{"id":533,"date":"2026-04-12T09:28:06","date_gmt":"2026-04-12T06:28:06","guid":{"rendered":"https:\/\/www.sastamalankylat.fi\/lahdenpera\/?page_id=533"},"modified":"2026-04-12T10:36:07","modified_gmt":"2026-04-12T07:36:07","slug":"tapahtumat","status":"publish","type":"page","link":"https:\/\/www.sastamalankylat.fi\/lahdenpera\/tapahtumat\/","title":{"rendered":"Tapahtumat"},"content":{"rendered":"<p>Lahdenper\u00e4n Rantatuvalla j\u00e4rjestet\u00e4\u00e4n tapahtumia ymp\u00e4ri vuoden. Tapahtumat ovat avoimia kaikille lahdenper\u00e4l\u00e4isille ja p\u00e4\u00e4osin my\u00f6s et\u00e4\u00e4mm\u00e4lt\u00e4 tuleville Lahdenper\u00e4n yst\u00e4ville. \u2764\ufe0f<\/p>\n<p>Tutustu tapahtumiin:<\/p>\n<ul>\n<li><a href=\"https:\/\/www.sastamalankylat.fi\/lahdenpera\/tulevat-tapahtumat\/\">Vuoden 2026 tapahtumakalenteri<\/a><\/li>\n<li><a href=\"https:\/\/www.sastamalankylat.fi\/lahdenpera\/perjantaipulinat-klo-15-18\/\">PerjantaiPulinat<\/a><\/li>\n<li><a href=\"https:\/\/www.sastamalankylat.fi\/lahdenpera\/kesakeskiviikkosauna\/\">Kes\u00e4keskiviikkosauna<\/a><\/li>\n<li><a href=\"https:\/\/www.sastamalankylat.fi\/lahdenpera\/pihakirppissuunnistus-18-19-7-2026\/\">Pihakirppissuunnistus<\/a><\/li>\n<li><a href=\"https:\/\/www.sastamalankylat.fi\/lahdenpera\/hujulahden-suulitanssit-la-11-7-2026\/\">Hujulahden suulitanssit<\/a><\/li>\n<li><a href=\"https:\/\/www.sastamalankylat.fi\/lahdenpera\/avantouinti-talvikaudella-2026-2027\/\">Avantouinti talvikaudella 2026-2027<\/a><\/li>\n<li><a href=\"https:\/\/www.sastamalankylat.fi\/lahdenpera\/menneet-tapahtumat\/\">Vuoden 2025 tapahtumayhteenveto<\/a><\/li>\n<\/ul>\n<!-- AddThis Advanced Settings generic via filter on the_content --><!-- AddThis Share Buttons generic via filter on the_content -->","protected":false},"excerpt":{"rendered":"<p>Lahdenper\u00e4n Rantatuvalla j\u00e4rjestet\u00e4\u00e4n tapahtumia ymp\u00e4ri vuoden. Tapahtumat ovat avoimia kaikille lahdenper\u00e4l\u00e4isille ja p\u00e4\u00e4osin my\u00f6s et\u00e4\u00e4mm\u00e4lt\u00e4 tuleville Lahdenper\u00e4n yst\u00e4ville. \u2764\ufe0f Tutustu tapahtumiin: Vuoden 2026 tapahtumakalenteri PerjantaiPulinat Kes\u00e4keskiviikkosauna Pihakirppissuunnistus Hujulahden suulitanssit Avantouinti talvikaudella 2026-2027 Vuoden 2025 tapahtumayhteenveto<!-- AddThis Advanced Settings generic via filter on wp_trim_excerpt --><!-- AddThis Share Buttons generic via filter on wp_trim_excerpt --><\/p>\n","protected":false},"author":50,"featured_media":0,"parent":0,"menu_order":0,"comment_status":"closed","ping_status":"closed","template":"","meta":{"jetpack_post_was_ever_published":false,"footnotes":""},"class_list":["post-533","page","type-page","status-publish","hentry"],"aioseo_notices":[],"jetpack_shortlink":"https:\/\/wp.me\/P9LdTQ-8B","jetpack_sharing_enabled":true,"_links":{"self":[{"href":"https:\/\/www.sastamalankylat.fi\/lahdenpera\/wp-json\/wp\/v2\/pages\/533","targetHints":{"allow":["GET"]}}],"collection":[{"href":"https:\/\/www.sastamalankylat.fi\/lahdenpera\/wp-json\/wp\/v2\/pages"}],"about":[{"href":"https:\/\/www.sastamalankylat.fi\/lahdenpera\/wp-json\/wp\/v2\/types\/page"}],"author":[{"embeddable":true,"href":"https:\/\/www.sastamalankylat.fi\/lahdenpera\/wp-json\/wp\/v2\/users\/50"}],"replies":[{"embeddable":true,"href":"https:\/\/www.sastamalankylat.fi\/lahdenpera\/wp-json\/wp\/v2\/comments?post=533"}],"version-history":[{"count":5,"href":"https:\/\/www.sastamalankylat.fi\/lahdenpera\/wp-json\/wp\/v2\/pages\/533\/revisions"}],"predecessor-version":[{"id":564,"href":"https:\/\/www.sastamalankylat.fi\/lahdenpera\/wp-json\/wp\/v2\/pages\/533\/revisions\/564"}],"wp:attachment":[{"href":"https:\/\/www.sastamalankylat.fi\/lahdenpera\/wp-json\/wp\/v2\/media?parent=533"}],"curies":[{"name":"wp","href":"https:\/\/api.w.org\/{rel}","templated":true}]}}