{"id":526,"date":"2026-04-12T07:14:15","date_gmt":"2026-04-12T04:14:15","guid":{"rendered":"https:\/\/www.sastamalankylat.fi\/lahdenpera\/?page_id=526"},"modified":"2026-04-13T07:04:23","modified_gmt":"2026-04-13T04:04:23","slug":"lahdenpera","status":"publish","type":"page","link":"https:\/\/www.sastamalankylat.fi\/lahdenpera\/","title":{"rendered":"Lahdenper\u00e4"},"content":{"rendered":"<p><a href=\"http:\/\/www.sastamalankylat.fi\/lahdenpera\/wp-content\/uploads\/sites\/18\/2026\/04\/banneri-etusivulle.jpg\"><img loading=\"lazy\" decoding=\"async\" class=\" wp-image-576 aligncenter\" src=\"http:\/\/www.sastamalankylat.fi\/lahdenpera\/wp-content\/uploads\/sites\/18\/2026\/04\/banneri-etusivulle-300x83.jpg\" alt=\"Laituri pienen j\u00e4rven rannassa\" width=\"824\" height=\"228\" srcset=\"https:\/\/www.sastamalankylat.fi\/lahdenpera\/wp-content\/uploads\/sites\/18\/2026\/04\/banneri-etusivulle-300x83.jpg 300w, https:\/\/www.sastamalankylat.fi\/lahdenpera\/wp-content\/uploads\/sites\/18\/2026\/04\/banneri-etusivulle-1024x284.jpg 1024w, https:\/\/www.sastamalankylat.fi\/lahdenpera\/wp-content\/uploads\/sites\/18\/2026\/04\/banneri-etusivulle-768x213.jpg 768w, https:\/\/www.sastamalankylat.fi\/lahdenpera\/wp-content\/uploads\/sites\/18\/2026\/04\/banneri-etusivulle-624x173.jpg 624w, https:\/\/www.sastamalankylat.fi\/lahdenpera\/wp-content\/uploads\/sites\/18\/2026\/04\/banneri-etusivulle.jpg 1441w\" sizes=\"auto, (max-width: 824px) 100vw, 824px\" \/><\/a><\/p>\n<p>Lahdenper\u00e4n kyl\u00e4 sijaitsee Sastamalan pohjoisosassa, entisen Suodenniemen kunnan alueella. Vakituisia asukkaita kyl\u00e4ss\u00e4 on noin 100, mutta kes\u00e4isin m\u00e4\u00e4r\u00e4 kaksinkertaistuu vapaa-ajan asukkaiden my\u00f6t\u00e4. Kyl\u00e4n syd\u00e4n on on Rantatupa M\u00e4rk\u00e4j\u00e4rven Makkossel\u00e4n rannalla.<\/p>\n<p>Vaikka Lahdenper\u00e4 onkin rauhallinen ja luonnonl\u00e4heinen maalaiskyl\u00e4, se sijaitsee saavutettavan matkan p\u00e4\u00e4ss\u00e4 l\u00e4hialueen kunnista ja kaupungeista: sinne on matkaa H\u00e4meenkyr\u00f6st\u00e4 25 km, Ikaalisista 35 km, Kankaanp\u00e4\u00e4st\u00e4 40 km, Sastamalan keskustasta 45 km ja Tampereelta 65 km ja Porista 70 km.<\/p>\n<p><strong>Lahdenper\u00e4n kyl\u00e4yhdistyksen vaiheita<\/strong><\/p>\n<p>Lahdenper\u00e4n kyl\u00e4yhdistys aloitti toimintansa kyl\u00e4toimikuntana vuonna 1989, jona Suodenniemen kunnan omistamalle maalle Makkossel\u00e4n rannalla rakentui rantam\u00f6kki. Vuosien saatossa toimintaa on kehitetty ja kyl\u00e4yhdistyksen vastuut ovat lis\u00e4\u00e4ntyneet. 2000-luvun alussa kolmivuotinen <strong>Leader Joutsenten reitti ry<\/strong>:n osittain rahoittama hanke teki mahdolliseksi uusia laiturin, perustaa matonpesupaikan, rakentaa laavun ja niitt\u00e4\u00e4 ranta-alueelta koneellisesti kortteita. Saman hankkeen mahdollistamana perustettiin Lahdenper\u00e4n maastoltaan vaihteleva luontopolku, pystytettiin Lahdenper\u00e4ntielle maitolaiturit ja ker\u00e4ttiin Lahdenper\u00e4n historiaa kyl\u00e4kirjaa varten. Kirjaa painatettiin omalla kustannuksella yhteens\u00e4 350 kappaletta. Hankkeen aikoina kyl\u00e4toimikunta p\u00e4\u00e4tettiin muuttaa kyl\u00e4yhdistykseksi.<\/p>\n<p>Kun kuntaliitos vuoden 2006 p\u00e4\u00e4ttyess\u00e4 toteutui, oli siihen liittyvi\u00e4 &#8221;porkkanarahoja&#8221; jaossa. Lahdenper\u00e4 sai niist\u00e4 osuutensa. N\u00e4ill\u00e4 rahoilla Rantatupaa laajennettiin. Laajennus mahdollisti Rantatuvan monipuolisemman k\u00e4yt\u00f6n tupatilojen kolminkertaistuttua. Vuonna 2017 kyl\u00e4yhdistys osti Rantatuvan kaupungilta. Tupa sijaitsee kaupungin vuokramaalla.<\/p>\n<p>Vuoden 2024 lopulla <strong>Suodenniemen S\u00e4\u00e4st\u00f6pankkis\u00e4\u00e4ti\u00f6<\/strong>n my\u00f6nt\u00e4m\u00e4n avustuksen mahdollistamana Rantatuvalla toteutettiin remontti, joka mahdollisti Rantatuvan ymp\u00e4rivuotisen k\u00e4yt\u00f6n vuoden 2025 alusta. Vuoden 2026 alkaessa Rantatuvalla alettiin kokoontua vapaamuotoisesti kyl\u00e4l\u00e4isten kesken joka perjantai, ja Rantatuvan Perjantaipulinoiksi nimetty kokoontuminen l\u00f6ysikin hienosti paikkansa kyl\u00e4l\u00e4isten yhteisen\u00e4 olohuoneena.<\/p>\n<h3>Lahdenper\u00e4n kyl\u00e4lehti on ilmestynyt!<\/h3>\n<p>\ud83d\udc49 Lue <a href=\"http:\/\/www.sastamalankylat.fi\/lahdenpera\/wp-content\/uploads\/sites\/18\/2026\/04\/Lahdenperan-Viesti-2026.pdf\" target=\"_blank\" rel=\"noopener\">Lahdenper\u00e4n Viesti 2026<\/a><\/p>\n<div id=\"attachment_63\" class=\"wp-caption aligncenter\"><\/div>\n<!-- AddThis Advanced Settings generic via filter on the_content --><!-- AddThis Share Buttons generic via filter on the_content -->","protected":false},"excerpt":{"rendered":"<p>Lahdenper\u00e4n kyl\u00e4 sijaitsee Sastamalan pohjoisosassa, entisen Suodenniemen kunnan alueella. Vakituisia asukkaita kyl\u00e4ss\u00e4 on noin 100, mutta kes\u00e4isin m\u00e4\u00e4r\u00e4 kaksinkertaistuu vapaa-ajan asukkaiden my\u00f6t\u00e4. Kyl\u00e4n syd\u00e4n on on Rantatupa M\u00e4rk\u00e4j\u00e4rven Makkossel\u00e4n rannalla. Vaikka Lahdenper\u00e4 onkin rauhallinen ja luonnonl\u00e4heinen maalaiskyl\u00e4, se sijaitsee saavutettavan matkan p\u00e4\u00e4ss\u00e4 l\u00e4hialueen kunnista ja kaupungeista: sinne on matkaa H\u00e4meenkyr\u00f6st\u00e4 25 km, Ikaalisista 35 km, [&hellip;]<!-- AddThis Advanced Settings generic via filter on wp_trim_excerpt --><!-- AddThis Share Buttons generic via filter on wp_trim_excerpt --><\/p>\n","protected":false},"author":50,"featured_media":0,"parent":0,"menu_order":0,"comment_status":"closed","ping_status":"closed","template":"page-templates\/full-width.php","meta":{"jetpack_post_was_ever_published":false,"footnotes":""},"class_list":["post-526","page","type-page","status-publish","hentry"],"aioseo_notices":[],"jetpack_shortlink":"https:\/\/wp.me\/P9LdTQ-8u","jetpack_sharing_enabled":true,"_links":{"self":[{"href":"https:\/\/www.sastamalankylat.fi\/lahdenpera\/wp-json\/wp\/v2\/pages\/526","targetHints":{"allow":["GET"]}}],"collection":[{"href":"https:\/\/www.sastamalankylat.fi\/lahdenpera\/wp-json\/wp\/v2\/pages"}],"about":[{"href":"https:\/\/www.sastamalankylat.fi\/lahdenpera\/wp-json\/wp\/v2\/types\/page"}],"author":[{"embeddable":true,"href":"https:\/\/www.sastamalankylat.fi\/lahdenpera\/wp-json\/wp\/v2\/users\/50"}],"replies":[{"embeddable":true,"href":"https:\/\/www.sastamalankylat.fi\/lahdenpera\/wp-json\/wp\/v2\/comments?post=526"}],"version-history":[{"count":10,"href":"https:\/\/www.sastamalankylat.fi\/lahdenpera\/wp-json\/wp\/v2\/pages\/526\/revisions"}],"predecessor-version":[{"id":628,"href":"https:\/\/www.sastamalankylat.fi\/lahdenpera\/wp-json\/wp\/v2\/pages\/526\/revisions\/628"}],"wp:attachment":[{"href":"https:\/\/www.sastamalankylat.fi\/lahdenpera\/wp-json\/wp\/v2\/media?parent=526"}],"curies":[{"name":"wp","href":"https:\/\/api.w.org\/{rel}","templated":true}]}}