{"id":487,"date":"2025-11-24T18:23:29","date_gmt":"2025-11-24T16:23:29","guid":{"rendered":"http:\/\/www.sastamalankylat.fi\/lahdenpera\/?page_id=487"},"modified":"2026-04-13T07:28:21","modified_gmt":"2026-04-13T04:28:21","slug":"yhteystiedot","status":"publish","type":"page","link":"https:\/\/www.sastamalankylat.fi\/lahdenpera\/yhteystiedot\/","title":{"rendered":"Yhteystiedot"},"content":{"rendered":"<p><a href=\"http:\/\/www.sastamalankylat.fi\/lahdenpera\/wp-content\/uploads\/sites\/18\/2026\/04\/aa11.jpg\"><img loading=\"lazy\" decoding=\"async\" class=\" wp-image-608\" src=\"http:\/\/www.sastamalankylat.fi\/lahdenpera\/wp-content\/uploads\/sites\/18\/2026\/04\/aa11-300x69.jpg\" alt=\"\" width=\"809\" height=\"186\" srcset=\"https:\/\/www.sastamalankylat.fi\/lahdenpera\/wp-content\/uploads\/sites\/18\/2026\/04\/aa11-300x69.jpg 300w, https:\/\/www.sastamalankylat.fi\/lahdenpera\/wp-content\/uploads\/sites\/18\/2026\/04\/aa11-768x177.jpg 768w, https:\/\/www.sastamalankylat.fi\/lahdenpera\/wp-content\/uploads\/sites\/18\/2026\/04\/aa11-624x143.jpg 624w, https:\/\/www.sastamalankylat.fi\/lahdenpera\/wp-content\/uploads\/sites\/18\/2026\/04\/aa11.jpg 996w\" sizes=\"auto, (max-width: 809px) 100vw, 809px\" \/><\/a><\/p>\n<h2><b>Lahdenper\u00e4n Kyl\u00e4yhdistys ry <\/b><\/h2>\n<p>Rantatuvan osoite: <strong>Lahdenper\u00e4ntie 1041, Sastamala<br \/>\n<\/strong>Facebook: Lahdenper\u00e4n Kyl\u00e4yhdistys ry<br \/>\ns\u00e4hk\u00f6posti: <a href=\"mailto:lahdenperankyla@gmail.com?subject=Yhteydenotto%20Lahdenper\u00e4n%20Kyl\u00e4yhdistykseen\">lahdenperankyla@gmail.com<\/a><br \/>\npuhelin: +358 50 5433 161<\/p>\n<h2>J\u00e4sen- ja osallistumismaksut:<\/h2>\n<p><em><strong>J\u00e4senmaksu vuonna 2026 on 15 \u20ac \/ henkil\u00f6<\/strong><\/em>. Maksaessasi j\u00e4senmaksua useamman henkil\u00f6n osalta mainitse viestikent\u00e4ss\u00e4 kaikkien niiden nimet, joiden j\u00e4senmaksun suoritat.<br \/>\nTiliyhteys:<br \/>\nIBAN Osuuspankki<br \/>\n<b>FI86 5273 0520 0462 43<\/b><\/p>\n<h1><span style=\"color: #275317\">Tervetuloa\u00a0mukaan toimintaan!<\/span><\/h1>\n<p>Voit seurata meit\u00e4 my\u00f6s <a href=\"https:\/\/www.facebook.com\/lahdenperankylayhdistys\">Facebookissa<\/a>!<br \/>\n<a href=\"https:\/\/www.facebook.com\/lahdenperankylayhdistys\"><img loading=\"lazy\" decoding=\"async\" class=\"alignnone size-full wp-image-619\" src=\"http:\/\/www.sastamalankylat.fi\/lahdenpera\/wp-content\/uploads\/sites\/18\/2026\/04\/f1.png\" alt=\"Facebookin logo1\" width=\"72\" height=\"76\" \/><\/a><\/p>\n<p>&nbsp;<\/p>\n<p>&nbsp;<\/p>\n<!-- AddThis Advanced Settings generic via filter on the_content --><!-- AddThis Share Buttons generic via filter on the_content -->","protected":false},"excerpt":{"rendered":"<p>Lahdenper\u00e4n Kyl\u00e4yhdistys ry Rantatuvan osoite: Lahdenper\u00e4ntie 1041, Sastamala Facebook: Lahdenper\u00e4n Kyl\u00e4yhdistys ry s\u00e4hk\u00f6posti: lahdenperankyla@gmail.com puhelin: +358 50 5433 161 J\u00e4sen- ja osallistumismaksut: J\u00e4senmaksu vuonna 2026 on 15 \u20ac \/ henkil\u00f6. Maksaessasi j\u00e4senmaksua useamman henkil\u00f6n osalta mainitse viestikent\u00e4ss\u00e4 kaikkien niiden nimet, joiden j\u00e4senmaksun suoritat. Tiliyhteys: IBAN Osuuspankki FI86 5273 0520 0462 43 Tervetuloa\u00a0mukaan toimintaan! Voit seurata [&hellip;]<!-- AddThis Advanced Settings generic via filter on wp_trim_excerpt --><!-- AddThis Share Buttons generic via filter on wp_trim_excerpt --><\/p>\n","protected":false},"author":50,"featured_media":0,"parent":0,"menu_order":0,"comment_status":"closed","ping_status":"closed","template":"page-templates\/full-width.php","meta":{"jetpack_post_was_ever_published":false,"footnotes":""},"class_list":["post-487","page","type-page","status-publish","hentry"],"aioseo_notices":[],"jetpack_shortlink":"https:\/\/wp.me\/P9LdTQ-7R","jetpack_sharing_enabled":true,"_links":{"self":[{"href":"https:\/\/www.sastamalankylat.fi\/lahdenpera\/wp-json\/wp\/v2\/pages\/487","targetHints":{"allow":["GET"]}}],"collection":[{"href":"https:\/\/www.sastamalankylat.fi\/lahdenpera\/wp-json\/wp\/v2\/pages"}],"about":[{"href":"https:\/\/www.sastamalankylat.fi\/lahdenpera\/wp-json\/wp\/v2\/types\/page"}],"author":[{"embeddable":true,"href":"https:\/\/www.sastamalankylat.fi\/lahdenpera\/wp-json\/wp\/v2\/users\/50"}],"replies":[{"embeddable":true,"href":"https:\/\/www.sastamalankylat.fi\/lahdenpera\/wp-json\/wp\/v2\/comments?post=487"}],"version-history":[{"count":17,"href":"https:\/\/www.sastamalankylat.fi\/lahdenpera\/wp-json\/wp\/v2\/pages\/487\/revisions"}],"predecessor-version":[{"id":633,"href":"https:\/\/www.sastamalankylat.fi\/lahdenpera\/wp-json\/wp\/v2\/pages\/487\/revisions\/633"}],"wp:attachment":[{"href":"https:\/\/www.sastamalankylat.fi\/lahdenpera\/wp-json\/wp\/v2\/media?parent=487"}],"curies":[{"name":"wp","href":"https:\/\/api.w.org\/{rel}","templated":true}]}}