{"id":481,"date":"2025-11-24T18:20:55","date_gmt":"2025-11-24T16:20:55","guid":{"rendered":"http:\/\/www.sastamalankylat.fi\/lahdenpera\/?page_id=481"},"modified":"2026-04-19T20:36:49","modified_gmt":"2026-04-19T17:36:49","slug":"tulevat-tapahtumat","status":"publish","type":"page","link":"https:\/\/www.sastamalankylat.fi\/lahdenpera\/tulevat-tapahtumat\/","title":{"rendered":"Vuosi 2026"},"content":{"rendered":"<h1>Kuluvalle vuodelle suunniteltu toiminta:<\/h1>\n<h3><b>huhtikuu<\/b><\/h3>\n<ul>\n<li>perjantaisin<b>\u00a0 <\/b><b>Perjantaipulinat<\/b> Rantatuvalla klo 15-18<b>\u00a0 <\/b><\/li>\n<li>su 19.4.\u00a0 <b>PuffettiBingo<\/b> Rantatuvalla klo 13<\/li>\n<li>su 19.4. \u00a0 Lahdenper\u00e4n Kyl\u00e4yhdistys ry:n <b>vuosikokous<\/b> klo 15<br \/>\n<span style=\"color: #008000\"><b style=\"font-size: 1rem\"><i>Pihatalkoot <\/i><\/b><i style=\"font-size: 1rem\">Rantatuvalla huhti-toukokuulla<\/i><\/span><\/li>\n<\/ul>\n<hr \/>\n<h3><b>toukokuu<\/b><\/h3>\n<ul>\n<li>perjantaisin\u00a0 <b>Perjantaipulinat <\/b>Rantatuvalla klo 15-18<\/li>\n<li>pe 8.5.\u00a0 <b>\u00c4itienp\u00e4iv\u00e4juhla<\/b> Rantatuvalla klo 18<\/li>\n<li>su 24.5.\u00a0 <b>PuffettiBingo<\/b> Rantatuvalla klo 13<br \/>\n<span style=\"color: #008000\"><b style=\"font-size: 1rem\"><i>Luontoretki l\u00e4hiluontoon <\/i><\/b><i style=\"font-size: 1rem\">(ajankohta ja paikka ilmoitetaan my\u00f6hemmin)<\/i><\/span><\/li>\n<\/ul>\n<hr \/>\n<h3><b>kes\u00e4kuu<\/b><\/h3>\n<ul>\n<li>keskiviikkoisin\u00a0 Joka <b>keskiviikkoinen kes\u00e4sauna<\/b> Rantatuvalla starttaa 3.6. klo 18 \u00a0 J\u00e4senet kuluitta lauteille, maksu muilta 2 \u20ac\/pylly.<\/li>\n<li>perjantaisin\u00a0 <b>Perjantaipulinat<\/b> Rantatuvalla klo 15-18<\/li>\n<li>pe 12.6.\u00a0 <b>Vihdantekokurssi<\/b> Rantatuvan pihapiiriss\u00e4 klo 17<\/li>\n<li>pe 19.6.\u00a0 <b>Juhannusaaton<\/b> vapaamuotoinen<b> kokoontuminen <\/b>klo 18-<br \/>\n<i>HUOM! kokko poltetaan s\u00e4\u00e4varauksella<\/i><\/li>\n<li>su 28.6.\u00a0 Kes\u00e4n <b>PuffettiBingo<\/b> Rantatuvalla klo 13<br \/>\n<span style=\"color: #008000\"><i style=\"font-size: 1rem\">Suodenniemi-viikolla <\/i><b style=\"font-size: 1rem\"><i>joka p\u00e4iv\u00e4 <\/i><\/b><i style=\"font-size: 1rem\">(26.6.\u20135.7.) <\/i><b style=\"font-size: 1rem\"><i>Taidekahvila Rantatuvalla \u00a0 <\/i><\/b><i style=\"font-size: 1rem\">klo 11-15. Esill\u00e4 ITE-taiteilija <\/i><b style=\"font-size: 1rem\"><i>Tapio Jaakolan <\/i><\/b><i style=\"font-size: 1rem\">teoksia<\/i><\/span><\/li>\n<\/ul>\n<hr \/>\n<h3><b>hein\u00e4kuu<\/b><\/h3>\n<ul>\n<li>keskiviikkoisin\u00a0 Keskiviikkoinen <b>kes\u00e4sauna<\/b> Rantatuvalla klo 18<\/li>\n<li>perjantaisin\u00a0 <b>Perjantaipulinat<\/b> Rantatuvalla klo 15-18<\/li>\n<li>pe 3.7.\u00a0 <b>Kes\u00e4kisa <\/b>Rantatuvan pihapiiriss\u00e4 Vesaj\u00e4rven v\u00e4en kanssa klo 18<\/li>\n<li>la 11.7.\u00a0 <b>Hujulahden <\/b><b>suulitanssit<\/b> klo 19-24, tanssittaa<\/li>\n<li>\u00a0 <b>tanssiorkesteri Veikko Nieminen<\/b>, liput 20 \u20ac<\/li>\n<li>la 18.7.\u00a0 <b>Pihakirppissuunnistus<\/b> Lahdenper\u00e4ss\u00e4 klo 10-16<\/li>\n<li>su 19.7.\u00a0 <b>Pihakirppissuunnistus <\/b>Lahdenper\u00e4ss\u00e4 klo 10-16<\/li>\n<li>ma 20.7.\u00a0 <b>L\u00e4hetyksen lauluilta <\/b>klo 18<\/li>\n<li>to 23.7.\u00a0 <b>Teatteriretki Katri-musikaaliin <\/b>Valkeakoskelle, liput 60 \u20ac, <i>ilmoittautumiset ja lis\u00e4tiedot: Auli p. 050 360 3298<\/i><\/li>\n<\/ul>\n<hr \/>\n<h3><b>elokuu-syyskuu<\/b><\/h3>\n<ul>\n<li>keskiviikkoisin\u00a0 Keskiviikkoinen <b>kes\u00e4sauna<\/b> Rantatuvalla klo 18<\/li>\n<li>perjantaisin\u00a0 <b>Perjantaipulinat<\/b> Rantatuvalla klo 15-18<\/li>\n<\/ul>\n<hr \/>\n<h3><b>lokakuu\u2013joulukuu<\/b><\/h3>\n<ul>\n<li>perjantaisin\u00a0 <b>Perjantaipulinat<\/b> Rantatuvalla klo 15-18<\/li>\n<li>lauantaisin\u00a0 <b>Avantosauna<\/b> Rantatuvalla joka viikko klo 14-17<\/li>\n<li>lokakuun <strong>PuffettiBingo<\/strong> Rantatuvalla su 18.10. klo 13<\/li>\n<li>marraskuun <strong>PuffettiBingo<\/strong> Rantatuvalla su 15.11. klo 13<\/li>\n<li>joulukuun <strong>PuffettiBingo<\/strong> Rantatuvalla su 20.12. klo 13<br \/>\n<span style=\"color: #008000\"><b style=\"font-size: 1rem\"><i>Pikkujoulujen<\/i><\/b><i style=\"font-size: 1rem\">\u00a0ja <\/i><b style=\"font-size: 1rem\"><i>Kauneimmat joululaulut <\/i><\/b><i style=\"font-size: 1rem\">\u2013lauluillan ajankohdat t\u00e4smentyv\u00e4t ja ilmoitetaan my\u00f6hemmin<\/i><\/span><\/li>\n<\/ul>\n<!-- AddThis Advanced Settings generic via filter on the_content --><!-- AddThis Share Buttons generic via filter on the_content -->","protected":false},"excerpt":{"rendered":"<p>Kuluvalle vuodelle suunniteltu toiminta: huhtikuu perjantaisin\u00a0 Perjantaipulinat Rantatuvalla klo 15-18\u00a0 su 19.4.\u00a0 PuffettiBingo Rantatuvalla klo 13 su 19.4. \u00a0 Lahdenper\u00e4n Kyl\u00e4yhdistys ry:n vuosikokous klo 15 Pihatalkoot Rantatuvalla huhti-toukokuulla toukokuu perjantaisin\u00a0 Perjantaipulinat Rantatuvalla klo 15-18 pe 8.5.\u00a0 \u00c4itienp\u00e4iv\u00e4juhla Rantatuvalla klo 18 su 24.5.\u00a0 PuffettiBingo Rantatuvalla klo 13 Luontoretki l\u00e4hiluontoon (ajankohta ja paikka ilmoitetaan my\u00f6hemmin) kes\u00e4kuu keskiviikkoisin\u00a0 [&hellip;]<!-- AddThis Advanced Settings generic via filter on wp_trim_excerpt --><!-- AddThis Share Buttons generic via filter on wp_trim_excerpt --><\/p>\n","protected":false},"author":50,"featured_media":0,"parent":0,"menu_order":0,"comment_status":"closed","ping_status":"closed","template":"page-templates\/full-width.php","meta":{"jetpack_post_was_ever_published":false,"footnotes":""},"class_list":["post-481","page","type-page","status-publish","hentry"],"aioseo_notices":[],"jetpack_shortlink":"https:\/\/wp.me\/P9LdTQ-7L","jetpack_sharing_enabled":true,"_links":{"self":[{"href":"https:\/\/www.sastamalankylat.fi\/lahdenpera\/wp-json\/wp\/v2\/pages\/481","targetHints":{"allow":["GET"]}}],"collection":[{"href":"https:\/\/www.sastamalankylat.fi\/lahdenpera\/wp-json\/wp\/v2\/pages"}],"about":[{"href":"https:\/\/www.sastamalankylat.fi\/lahdenpera\/wp-json\/wp\/v2\/types\/page"}],"author":[{"embeddable":true,"href":"https:\/\/www.sastamalankylat.fi\/lahdenpera\/wp-json\/wp\/v2\/users\/50"}],"replies":[{"embeddable":true,"href":"https:\/\/www.sastamalankylat.fi\/lahdenpera\/wp-json\/wp\/v2\/comments?post=481"}],"version-history":[{"count":9,"href":"https:\/\/www.sastamalankylat.fi\/lahdenpera\/wp-json\/wp\/v2\/pages\/481\/revisions"}],"predecessor-version":[{"id":638,"href":"https:\/\/www.sastamalankylat.fi\/lahdenpera\/wp-json\/wp\/v2\/pages\/481\/revisions\/638"}],"wp:attachment":[{"href":"https:\/\/www.sastamalankylat.fi\/lahdenpera\/wp-json\/wp\/v2\/media?parent=481"}],"curies":[{"name":"wp","href":"https:\/\/api.w.org\/{rel}","templated":true}]}}