{"id":58,"date":"2019-01-20T16:17:54","date_gmt":"2019-01-20T14:17:54","guid":{"rendered":"http:\/\/www.sastamalankylat.fi\/koluskoskenseutu\/?page_id=58"},"modified":"2023-03-25T19:44:59","modified_gmt":"2023-03-25T17:44:59","slug":"liity-jaseneksi","status":"publish","type":"page","link":"https:\/\/www.sastamalankylat.fi\/koluskoskenseutu\/liity-jaseneksi\/","title":{"rendered":"LIITY J\u00c4SENEKSI"},"content":{"rendered":"<p>TERVETULOA Koluskosken seudun kyl\u00e4yhdistys ry:n j\u00e4seneksi!<\/p>\n<p>Kyl\u00e4yhdistys on Niemenmaan- ja Hongistonmaan asukkaille ja kes\u00e4asukkaille sek\u00e4 my\u00f6s kaikille muille toiminnasta kiinnostuneille tarkoitettu yhdistys.<\/p>\n<p>J\u00e4senmaksu 2023 <strong>uusilta\u00a0<\/strong>j\u00e4senilt\u00e4 on; liittymismaksu 2\u20ac\/hl\u00f6 tai perhe ja j\u00e4senmaksu<strong>\u00a0<\/strong>10\u20ac\/hl\u00f6 tai 20\u20ac\/perhe.<\/p>\n<p><strong>Vanhat\u00a0<\/strong>j\u00e4senet j\u00e4senmaksu 2023 on 10\u20ac\/hl\u00f6 tai 20\u20ac\/perhe. Laskuja ei l\u00e4hetet\u00e4 erikseen, maksutiedot alla.<\/p>\n<p>Koluskosken seudun kyl\u00e4yhdistys ry:n tilin:o on <strong>FI62 5146 0920 0129 98.\u00a0<\/strong><\/p>\n<p>Laittakaa vuosiluku laskuun. Perhemaksua maksaessanne merkitk\u00e4\u00e4 perheen j\u00e4senten nimet my\u00f6s lis\u00e4tietoja kohtaan.<\/p>\n<p>Tervetuloa mukaan toimintaamme! \ud83d\ude42<\/p>\n<p>Tarvittaessa tiedustelut pj. Tuomo Nieminen puh. 0400674845 tai siht. Kirsi Virtanen puh. 044-5727555.<\/p>\n<!-- AddThis Advanced Settings generic via filter on the_content --><!-- AddThis Share Buttons generic via filter on the_content -->","protected":false},"excerpt":{"rendered":"<p>TERVETULOA Koluskosken seudun kyl\u00e4yhdistys ry:n j\u00e4seneksi! Kyl\u00e4yhdistys on Niemenmaan- ja Hongistonmaan asukkaille ja kes\u00e4asukkaille sek\u00e4 my\u00f6s kaikille muille toiminnasta kiinnostuneille tarkoitettu yhdistys. J\u00e4senmaksu 2023 uusilta\u00a0j\u00e4senilt\u00e4 on; liittymismaksu 2\u20ac\/hl\u00f6 tai perhe ja j\u00e4senmaksu\u00a010\u20ac\/hl\u00f6 tai 20\u20ac\/perhe. Vanhat\u00a0j\u00e4senet j\u00e4senmaksu 2023 on 10\u20ac\/hl\u00f6 tai 20\u20ac\/perhe. Laskuja ei l\u00e4hetet\u00e4 erikseen, maksutiedot alla. Koluskosken seudun kyl\u00e4yhdistys ry:n tilin:o on FI62 5146 [&hellip;]<!-- AddThis Advanced Settings generic via filter on wp_trim_excerpt --><!-- AddThis Share Buttons generic via filter on wp_trim_excerpt --><\/p>\n","protected":false},"author":13,"featured_media":0,"parent":0,"menu_order":0,"comment_status":"closed","ping_status":"open","template":"","meta":{"jetpack_post_was_ever_published":false,"footnotes":""},"class_list":["post-58","page","type-page","status-publish","hentry"],"aioseo_notices":[],"jetpack_likes_enabled":true,"jetpack_sharing_enabled":true,"jetpack_shortlink":"https:\/\/wp.me\/P3WIMC-W","_links":{"self":[{"href":"https:\/\/www.sastamalankylat.fi\/koluskoskenseutu\/wp-json\/wp\/v2\/pages\/58","targetHints":{"allow":["GET"]}}],"collection":[{"href":"https:\/\/www.sastamalankylat.fi\/koluskoskenseutu\/wp-json\/wp\/v2\/pages"}],"about":[{"href":"https:\/\/www.sastamalankylat.fi\/koluskoskenseutu\/wp-json\/wp\/v2\/types\/page"}],"author":[{"embeddable":true,"href":"https:\/\/www.sastamalankylat.fi\/koluskoskenseutu\/wp-json\/wp\/v2\/users\/13"}],"replies":[{"embeddable":true,"href":"https:\/\/www.sastamalankylat.fi\/koluskoskenseutu\/wp-json\/wp\/v2\/comments?post=58"}],"version-history":[{"count":11,"href":"https:\/\/www.sastamalankylat.fi\/koluskoskenseutu\/wp-json\/wp\/v2\/pages\/58\/revisions"}],"predecessor-version":[{"id":617,"href":"https:\/\/www.sastamalankylat.fi\/koluskoskenseutu\/wp-json\/wp\/v2\/pages\/58\/revisions\/617"}],"wp:attachment":[{"href":"https:\/\/www.sastamalankylat.fi\/koluskoskenseutu\/wp-json\/wp\/v2\/media?parent=58"}],"curies":[{"name":"wp","href":"https:\/\/api.w.org\/{rel}","templated":true}]}}