{"id":29,"date":"2013-09-11T19:28:21","date_gmt":"2013-09-11T16:28:21","guid":{"rendered":"http:\/\/www.sastamalankylat.fi\/koluskoskenseutu\/?page_id=29"},"modified":"2018-05-07T22:44:55","modified_gmt":"2018-05-07T19:44:55","slug":"kartta","status":"publish","type":"page","link":"https:\/\/www.sastamalankylat.fi\/koluskoskenseutu\/kartta\/","title":{"rendered":"KARTTA"},"content":{"rendered":"<div id=\"wpgmza_map\" class=\"wpgmza_map\" data-settings='{\"id\":\"1\",\"map_title\":\"New Map\",\"map_width\":\"600\",\"map_height\":\"400\",\"map_start_lat\":\"61.450030\",\"map_start_lng\":\"22.631118\",\"map_start_location\":\"61.45003036927839,22.631117848510687\",\"map_start_zoom\":\"12\",\"default_marker\":\"0\",\"type\":\"1\",\"alignment\":\"1\",\"directions_enabled\":\"2\",\"styling_enabled\":\"0\",\"styling_json\":\"\",\"active\":\"0\",\"kml\":\"\",\"bicycle\":\"0\",\"traffic\":\"0\",\"dbox\":\"1\",\"dbox_width\":\"500\",\"listmarkers\":\"0\",\"listmarkers_advanced\":\"0\",\"filterbycat\":\"0\",\"ugm_enabled\":\"0\",\"fusion\":\"\",\"map_width_type\":\"px\",\"map_height_type\":\"px\",\"mass_marker_support\":\"0\",\"ugm_access\":\"0\",\"order_markers_by\":\"0\",\"order_markers_choice\":\"0\",\"show_user_location\":\"0\",\"ugm_category_enabled\":\"0\",\"default_to\":\"\",\"other_settings\":{\"transport_layer\":null}}' data-map-id='1' Data-maps-engine='' data-shortcode-attributes='{\"id\":\"1\"}' style=\"display:block; overflow:auto; width:600px; height:400px; float:left;\"><\/div>\n<p>&nbsp;<\/p>\n<p>&nbsp;<\/p>\n<p>&nbsp;<\/p>\n<p>&nbsp;<\/p>\n<p>&nbsp;<\/p>\n<p>&nbsp;<\/p>\n<p>&nbsp;<\/p>\n<p>&nbsp;<\/p>\n<p>&nbsp;<\/p>\n<p>T\u00e4\u00e4ll\u00e4 Koluskoskelaisten oma ajanviettopaikka, Kaunisrannan kiinteist\u00f6ll\u00e4,<br \/>\nosoitteessa Niemenmaantie 436, 38360 Sastamala. \ud83d\ude42<\/p>\n<!-- AddThis Advanced Settings generic via filter on the_content --><!-- AddThis Share Buttons generic via filter on the_content -->","protected":false},"excerpt":{"rendered":"<p>&nbsp; &nbsp; &nbsp; &nbsp; &nbsp; &nbsp; &nbsp; &nbsp; &nbsp; T\u00e4\u00e4ll\u00e4 Koluskoskelaisten oma ajanviettopaikka, Kaunisrannan kiinteist\u00f6ll\u00e4, osoitteessa Niemenmaantie 436, 38360 Sastamala. \ud83d\ude42<!-- AddThis Advanced Settings generic via filter on wp_trim_excerpt --><!-- AddThis Share Buttons generic via filter on wp_trim_excerpt --><\/p>\n","protected":false},"author":13,"featured_media":0,"parent":0,"menu_order":0,"comment_status":"closed","ping_status":"open","template":"","meta":{"jetpack_post_was_ever_published":false,"footnotes":""},"class_list":["post-29","page","type-page","status-publish","hentry"],"aioseo_notices":[],"jetpack_likes_enabled":true,"jetpack_sharing_enabled":true,"jetpack_shortlink":"https:\/\/wp.me\/P3WIMC-t","_links":{"self":[{"href":"https:\/\/www.sastamalankylat.fi\/koluskoskenseutu\/wp-json\/wp\/v2\/pages\/29","targetHints":{"allow":["GET"]}}],"collection":[{"href":"https:\/\/www.sastamalankylat.fi\/koluskoskenseutu\/wp-json\/wp\/v2\/pages"}],"about":[{"href":"https:\/\/www.sastamalankylat.fi\/koluskoskenseutu\/wp-json\/wp\/v2\/types\/page"}],"author":[{"embeddable":true,"href":"https:\/\/www.sastamalankylat.fi\/koluskoskenseutu\/wp-json\/wp\/v2\/users\/13"}],"replies":[{"embeddable":true,"href":"https:\/\/www.sastamalankylat.fi\/koluskoskenseutu\/wp-json\/wp\/v2\/comments?post=29"}],"version-history":[{"count":7,"href":"https:\/\/www.sastamalankylat.fi\/koluskoskenseutu\/wp-json\/wp\/v2\/pages\/29\/revisions"}],"predecessor-version":[{"id":521,"href":"https:\/\/www.sastamalankylat.fi\/koluskoskenseutu\/wp-json\/wp\/v2\/pages\/29\/revisions\/521"}],"wp:attachment":[{"href":"https:\/\/www.sastamalankylat.fi\/koluskoskenseutu\/wp-json\/wp\/v2\/media?parent=29"}],"curies":[{"name":"wp","href":"https:\/\/api.w.org\/{rel}","templated":true}]}}