{"id":2,"date":"2013-09-10T16:36:55","date_gmt":"2013-09-10T16:36:55","guid":{"rendered":"http:\/\/www.sastamalankylat.fi\/koluskoskenseutu\/?page_id=2"},"modified":"2023-03-25T19:17:49","modified_gmt":"2023-03-25T17:17:49","slug":"esimerkkisivu","status":"publish","type":"page","link":"https:\/\/www.sastamalankylat.fi\/koluskoskenseutu\/esimerkkisivu\/","title":{"rendered":"TAPAHTUMAT"},"content":{"rendered":"<p><strong>VUOSI 2022<\/strong><\/p>\n<p>Kyl\u00e4yhdistyksen latu kunnostettiin taas vuodenvaihteessa ja hiiht\u00e4ji\u00e4 riitti koko kev\u00e4\u00e4n.<\/p>\n<p>Kyl\u00e4yhdistys k\u00e4vi Kangasalatalolla katsomassa JarkkoTamminen show:ta la 26.3.2022. Meit\u00e4 oli reissussa linja-autollinen kyl\u00e4l\u00e4isi\u00e4. Viikinkiravintola Haraldissa k\u00e4vimme sy\u00f6m\u00e4ss\u00e4 sen j\u00e4lkeen.<\/p>\n<p>Pe 22.7.2022 Kyl\u00e4yhdistyksemme hoiti Kiikoisten torilla torip\u00e4iv\u00e4n ker\u00e4ten torimaksut ja huolehtien yleisest\u00e4 siisteydest\u00e4 ja toiminnasta. Kyl\u00e4yhdistyksemme naiset pitiv\u00e4t kahvioita ja miehet paistoivat lettuja.<\/p>\n<p>Talkoita pidettiin Kaunisrannassa hein\u00e4kuulla viikolla 30 useampana p\u00e4iv\u00e4n\u00e4. Joenrantaan teimme uuden jykev\u00e4n laiturin ja hienot portaat, jotka johtavat laiturille. Laiturin avajaiset j\u00e4iv\u00e4t pit\u00e4m\u00e4tt\u00e4 syksyll\u00e4 monien yhteensattumien vuoksi. Laiturin avajaiset ja ns. Grammaritanssit laiturilla pidet\u00e4\u00e4n kev\u00e4\u00e4ll\u00e4 2023.<\/p>\n<p>La 6.8.2022 k\u00e4vimme Helsingiss\u00e4 ensin Tamminiemeen tutustumassa ja ruokailimme Cafe Adjutantissa herkullisella V\u00e4limeren kalakeitolla. Loppup\u00e4iv\u00e4n vietimme Seurasaaressa seikkaillen ja opasta kuunnellen. P\u00e4iv\u00e4kahvit\u00a0 Antin Kaffeliiteriss\u00e4. Retkeilty\u00e4mme saaressa, ruokailimme viel\u00e4 Seurasaaren Kruunu ravintolassa. P\u00e4\u00e4nvaivaa retkeilij\u00f6ille tuotti Seurasaaren erikoinen Wc, \ud83d\ude42 t\u00e4st\u00e4 riitti naurua viel\u00e4 my\u00f6hemminkin.<\/p>\n<p>Vuosikokous oli 15.10.2022 Kaunisrannassa.<\/p>\n<p>&nbsp;<\/p>\n<p><strong>VUOSI 2019<\/strong><\/p>\n<p>Hallituksen kokous pe 11.1.2019 klo 19 Koskisella.<\/p>\n<p>Hohtokeilaus matka Huittisten keila-ja pelihalliin 15.2.2019, keilaus alkaa klo 19. Matka sis\u00e4lt\u00e4\u00e4 bussikuljetuksen, keilauksen kenkineen ja ruokaisan salaatin keilauksen j\u00e4lkeen.<\/p>\n<p>Hallituksen kokous 8.3.2019 klo 19 Koskisella.<\/p>\n<p>S\u00e4\u00e4nt\u00f6m\u00e4\u00e4r\u00e4inen KEV\u00c4TKOKOUS la 20.4.2019 klo 14 Kaunisrannassa. Tervetuloa! \ud83d\ude42<\/p>\n<p>Reissu Tampereen Komediateatteriin la 27.4.2019 katsomaan &#8221;Hirmuj\u00e4tk\u00e4\u00e4&#8221;, jossa meit\u00e4 viihdytt\u00e4\u00e4 Allu Tuppurainen. Bussi l\u00e4htee ABC:lta klo 12.30, n\u00e4yt\u00f6s alkaa klo 14. N\u00e4yt\u00f6ksen j\u00e4lkeen menemme sy\u00f6m\u00e4\u00e4n Ravintola Plevnaan Paronin noutop\u00f6yd\u00e4st\u00e4 vatsamme t\u00e4yteen. L\u00e4htij\u00f6it\u00e4 27 henke\u00e4.<\/p>\n<p>Retki Parkanoon la 13.7.2019. L\u00e4hto ABC:lta klo 10.30. Menn\u00e4\u00e4n K\u00e4enkoskikeskukseen, josta l\u00e4hdet\u00e4\u00e4n risteilylle kohti mets\u00e4museota. Mets\u00e4museossa ollaan 1 tunti, risteily kest\u00e4\u00e4 3h. ;enomatkalla saamme Lohikeittoa Saaristolaisleiv\u00e4n kera ja paluumatkalla pullakahvit. Parkanosta suuntaamme kohti Karviaa ja Annen Kahvilaa, jossa munkkikahvit ja Taiden\u00e4yttely ym. mukavaa. L\u00e4htij\u00f6it\u00e4 oli 25 henke\u00e4.<\/p>\n<p>Retki Valkeakosken kes\u00e4teatteriin la 10.8.2019. L\u00e4ht\u00f6aika tarkentuu my\u00f6hemmin. Ruokailu kes\u00e4teatterissa Paviljonki Apiassa ennen n\u00e4yt\u00f6st\u00e4, joka alkaa klo 14.<\/p>\n<p><strong>VUOSI 2018<\/strong><\/p>\n<p>Latujen valmistelua Helmi- Maaliskuulla.<\/p>\n<p>TALVIRIEHA La 10.3.2018 Kaunisrannassa. Hiihtoa Koluskosken laduilla, monen mittaista latua l\u00f6ytyy.\u00a0 L\u00e4mmikkeeksi on tarjolla lohikeittoa ja kaffeeta nisun kera. (Paikalla 32 henke\u00e4.)<\/p>\n<p>P\u00c4\u00c4SI\u00c4ISVALKIAT ma2.4.2018 klo 13 Selk\u00e4saaressa. Pilkit\u00e4\u00e4n ja nautitaan P\u00e4\u00e4si\u00e4isen nuotiovalkiasta k\u00e4ristetyn makkaran kera. Tarjolla my\u00f6s l\u00e4mmint\u00e4 mehua, kahvia ja nisua seurustelun lomassa.<\/p>\n<p>Hallituksen kokous su 29.4.2018 klo12 Kaunisrannassa.<\/p>\n<p>KEV\u00c4TKOKOUS LA 12.5.2018 KLO12 Kaunisrannassa!<\/p>\n<p>Viikinsaaren Kes\u00e4teatteri-retki &#8221;Aatamin puvussa ja v\u00e4h\u00e4n Eevankin&#8221; la 14.7.2018, l\u00e4ht\u00f6 klo 11. P\u00e4iv\u00e4llinen seisovasta p\u00f6yd\u00e4st\u00e4 Viikisaaressa.<\/p>\n<p>Osallistutaan Kyl\u00e4markkinoille klo14-18 Kiikosten torilla. Tuokaa p\u00f6yt\u00e4\u00e4n omia valmistamianne tuotteita myyt\u00e4v\u00e4ksi.<\/p>\n<p>SYYSKOKOUS ja PIKKUJOULUJUHLA la 8.12.2018 klo 18 alkaen. Tarjolla perinteinen Joulupuuro ja kaffeella suolasta ja makkeeta.<\/p>\n<p>Hiihtoladun pohjat\u00f6iden tekoa ja risusavottaa talkoovoimin, Joulukuulla v\u00e4lip\u00e4ivin\u00e4.<\/p>\n<p><strong>VUOSI 2017<\/strong><\/p>\n<p>Talvitapahtuma Selk\u00e4saaressa la 4.2.2017 klo 13 alkaen. Ulkoilua, hiihtoa, nuotitulista nauttimista k\u00e4ristetyn makkaran ja muun vatsant\u00e4ytteen kera.<\/p>\n<p>Torivuoro 4.8.2017.<\/p>\n<p>Kirpputori Koluskoskella sunnuntaina 20.9.2017 klo 13-18. Makkaran grillausta ja kahvia ja pullaa tarjolla kaikille k\u00e4vij\u00f6ille.<\/p>\n<p>Suomi100-juhla\u00a0 seurantalolla 27.9.2017. Osallistuttiin kuluihin muiden yhdistysten kanssa.<\/p>\n<p>Ruskaretki Lassyn m\u00f6kille lauantaina 23.9.2017 klo 16 alkaen. Tervetuloa kaikki istumaan iltaa\u00a0 kahvituksen, jutustelun ja musiikin kera sek\u00e4 my\u00f6hemmin illalla suolapalaakin saadaan. M\u00f6kki l\u00f6ytyy Tuohiniementien p\u00e4\u00e4st\u00e4.<\/p>\n<p>SYYSKOKOUS pe 17.11.2017 klo 18 Kirsi ja Aimo Koskisella. Suunnitellaan vuoden 2018 toimintaa.<\/p>\n<p>JOULUJUHLA SU 10.12.2017 klo18 alkaen Kiikoisten Rantasaunalla. Herkutellaan Joulupuurolla sek\u00e4 Joulupullalla kahvien kera. Pikkupaketti mukaan, Joulupukkikin paikalle saapunee, jos vaan ollaan oltu kilttej\u00e4. \ud83d\ude42<\/p>\n<p><strong>VUOSI 2016<\/strong><\/p>\n<p>Hiihtolatujen kunnostamista 1-2\/2016.<\/p>\n<p>Talvitapahtuma Selk\u00e4saaressa 12.3.2016 klo 13. Hiihtelimme j\u00e4rvell\u00e4, lapset saivat pillki\u00e4 ja nautimme nuotiohetkest\u00e4 grillaten ja kahvitellen. Osallistujia oli 21 henke\u00e4.<\/p>\n<p>Hallituksen kokous 18.3.2016 klo 18 Sirkka ja Jorma Koivuniemess\u00e4.<\/p>\n<p>Kev\u00e4tkokous to 31.3.2016 klo 18 Sirkka ja Jorma Koivuniemess\u00e4.<\/p>\n<p>Hallituksen kokous 30.5.2016 Kaunisrannassa.<\/p>\n<p>Rallipalaveri 9.6.2016 klo 18.<\/p>\n<p>RALLIT 11.6.2016,yhdistyksell\u00e4 lipun myynti sek\u00e4 makkarateltta. Kes\u00e4kahvila Kaunisrannassa klo 13.30-21.<\/p>\n<p>Py\u00f6r\u00e4ilyretki la 18.6 tutustumaan paikalliseen Sahtibaariin. L\u00e4ht\u00f6 Kaunisrannasta klo 17.<\/p>\n<p>Teatterimatka to 7.7.2016 Valkeakosken kes\u00e4teatteriin katsomaan Kirka-musikaalia. L\u00e4ht\u00f6 klo 16 ABC:lta.<\/p>\n<p>Hallituksen kokous 25.9.2016 klo 15 Koskisella.<\/p>\n<p>Marjaj\u00e4rvi Grand Prix la 15.10.2016 klo 14! Kierret\u00e4\u00e4n Marjaj\u00e4rvi juosten, k\u00e4vellen tai py\u00f6r\u00e4illen. Matka 2km, 4km tai koko kierros 7km. Lenkin p\u00e4\u00e4lle hernekeittoa, makkaraa ja pullakahvit. Kaunisrannassa pelailaan my\u00f6s m\u00f6lkky, krokettia sek\u00e4 otetaan tikkakisaa.<\/p>\n<p>Syyskokous pe 11.11.2016 klo 17 Kirkkotuvalla, sauna klo 17 ja kokous alkaa klo 18. Paikalla oli 11 kyl\u00e4l\u00e4ist\u00e4.<\/p>\n<p>Hallituksen kokous pe 25.11.2016 Koskisella.<\/p>\n<p>Pikkujoulu Rantasaunalla pe 2.12.2016 klo 17 alkaen. Sauna l\u00e4mpim\u00e4n\u00e4. Joulupuuroa ja kahvia ym. herkutteluun. Pikkupaketti mukaan&#8230;.pukkikin voi saapua paikalle.<\/p>\n<p><strong>VUOSI 2015<\/strong><\/p>\n<p>HIIHTOLADUT KUNNOSSA HIIHTELYYN Helmikuussa!<\/p>\n<p>Koluskosken seudun kyl\u00e4yhdistys ry:n hallituksen kokous 7.3.2015 klo 14 Kirsi ja Aimo Koskisella.<\/p>\n<p>Koluskosken kyl\u00e4yhdistys ry:n hallituksen kokous 27.3.2015 klo 18 Sirkka ja Jorma Koivuniemess\u00e4.<\/p>\n<p>Koluskosken seudun kyl\u00e4ydistys ry:n s\u00e4\u00e4nt\u00f6m\u00e4\u00e4r\u00e4inen KEV\u00c4TKOKOUS \u00a019.4.2015 klo 18 Lea ja Tuomo Niemisell\u00e4.<\/p>\n<p>Kiikoisten torilla 8.5.2015 torivalvojina sek\u00e4 torikahvilan pito ja lettujen sek\u00e4 makkaran myynti.<\/p>\n<p>Uusi yritys; Koluskosken seudun kyl\u00e4yhdistys ry:n s\u00e4\u00e4nt\u00f6m\u00e4\u00e4r\u00e4inen KEV\u00c4TKOKOUS 22.5.2015 klo 19 Lea ja Tuomo Niemisell\u00e4.<\/p>\n<p>Saunailta pe 3.7.2015 klo 17 Arja ja Jorma Jalosen Puraslahden m\u00f6kill\u00e4. Saimme saunoa ja uida ja nauttia Arjan ja Jorman vieraan varaisuudesta.<\/p>\n<p>Talkoot Kaunisrannan tontilla pe 14.8.2015 klo 18. WC\/varaston rakentamista ja mukavaa yhdess\u00e4 oloa.<\/p>\n<p>Syksyinen illanvietto pe 25.9.2015 klo 18 Kaunisrannassa kynttil\u00f6iden tuikkeessa.<\/p>\n<p>Pikkujoulu 11.12.2015 klo 18 Kirkkotuvalla, joulupuuron ja kahvin kera.<\/p>\n<p><strong>VUOSI 2014<\/strong><\/p>\n<p>14.3.2014 Teatterimatka Porin teatteriin \u00a0n\u00e4yt\u00f6seen &#8221;S\u00e4rkel\u00e4 itte&#8221;. Ks.etusivu ja ilmoittaudu! \ud83d\ude42<\/p>\n<p>1.12.2013 Pikkujoulu ja syyskokous Kirkkotuvalla klo16 alkaen. Sauna, joulupuuroa ja kaffeet ja mukavaa yhdess\u00e4oloa kynttil\u00f6iden tuikkeessa. \ud83d\ude42 Tervetuloa!<\/p>\n<p>10.9.2013 latupohjan suunnittelupalaveri Korvenper\u00e4ss\u00e4 klo 18.00.<\/p>\n<p>13.9.2013 Kiikosten torilla myymme l\u00e4ttyj\u00e4 ja grillimakkaraa klo 14.00-18.00.<\/p>\n<p>29.11.2013 olemme Torivalvojina Kiikosten torilla pikkujoulutunnelmissa klo 14.00-18.00.<\/p>\n<!-- AddThis Advanced Settings generic via filter on the_content --><!-- AddThis Share Buttons generic via filter on the_content -->","protected":false},"excerpt":{"rendered":"<p>VUOSI 2022 Kyl\u00e4yhdistyksen latu kunnostettiin taas vuodenvaihteessa ja hiiht\u00e4ji\u00e4 riitti koko kev\u00e4\u00e4n. Kyl\u00e4yhdistys k\u00e4vi Kangasalatalolla katsomassa JarkkoTamminen show:ta la 26.3.2022. Meit\u00e4 oli reissussa linja-autollinen kyl\u00e4l\u00e4isi\u00e4. Viikinkiravintola Haraldissa k\u00e4vimme sy\u00f6m\u00e4ss\u00e4 sen j\u00e4lkeen. Pe 22.7.2022 Kyl\u00e4yhdistyksemme hoiti Kiikoisten torilla torip\u00e4iv\u00e4n ker\u00e4ten torimaksut ja huolehtien yleisest\u00e4 siisteydest\u00e4 ja toiminnasta. Kyl\u00e4yhdistyksemme naiset pitiv\u00e4t kahvioita ja miehet paistoivat lettuja. Talkoita [&hellip;]<!-- AddThis Advanced Settings generic via filter on wp_trim_excerpt --><!-- AddThis Share Buttons generic via filter on wp_trim_excerpt --><\/p>\n","protected":false},"author":13,"featured_media":0,"parent":0,"menu_order":0,"comment_status":"closed","ping_status":"open","template":"","meta":{"jetpack_post_was_ever_published":false,"footnotes":""},"class_list":["post-2","page","type-page","status-publish","hentry"],"aioseo_notices":[],"jetpack_likes_enabled":true,"jetpack_sharing_enabled":true,"jetpack_shortlink":"https:\/\/wp.me\/P3WIMC-2","_links":{"self":[{"href":"https:\/\/www.sastamalankylat.fi\/koluskoskenseutu\/wp-json\/wp\/v2\/pages\/2","targetHints":{"allow":["GET"]}}],"collection":[{"href":"https:\/\/www.sastamalankylat.fi\/koluskoskenseutu\/wp-json\/wp\/v2\/pages"}],"about":[{"href":"https:\/\/www.sastamalankylat.fi\/koluskoskenseutu\/wp-json\/wp\/v2\/types\/page"}],"author":[{"embeddable":true,"href":"https:\/\/www.sastamalankylat.fi\/koluskoskenseutu\/wp-json\/wp\/v2\/users\/13"}],"replies":[{"embeddable":true,"href":"https:\/\/www.sastamalankylat.fi\/koluskoskenseutu\/wp-json\/wp\/v2\/comments?post=2"}],"version-history":[{"count":24,"href":"https:\/\/www.sastamalankylat.fi\/koluskoskenseutu\/wp-json\/wp\/v2\/pages\/2\/revisions"}],"predecessor-version":[{"id":609,"href":"https:\/\/www.sastamalankylat.fi\/koluskoskenseutu\/wp-json\/wp\/v2\/pages\/2\/revisions\/609"}],"wp:attachment":[{"href":"https:\/\/www.sastamalankylat.fi\/koluskoskenseutu\/wp-json\/wp\/v2\/media?parent=2"}],"curies":[{"name":"wp","href":"https:\/\/api.w.org\/{rel}","templated":true}]}}